{"id":192,"date":"2017-12-12T14:09:33","date_gmt":"2017-12-12T14:09:33","guid":{"rendered":"https:\/\/webs.uab.cat\/greal\/marta-calaf-vinals\/"},"modified":"2022-07-26T17:21:54","modified_gmt":"2022-07-26T17:21:54","slug":"marta-calaf-vinals","status":"publish","type":"page","link":"https:\/\/webs.uab.cat\/greal\/marta-calaf-vinals\/","title":{"rendered":"Marta Calaf Vi\u00f1als"},"content":{"rendered":"<p class=\"rtejustify\"><img loading=\"lazy\" decoding=\"async\" class=\" size-full wp-image-189\" alt=\"marta_calaf-foto_1.jpg\" src=\"https:\/\/webs.uab.cat\/greal\/wp-content\/uploads\/sites\/69\/2017\/12\/marta_calaf-foto_1.jpg\" style=\"width:184px; height:184px; float:left\" width=\"184\" height=\"184\" srcset=\"https:\/\/webs.uab.cat\/greal\/wp-content\/uploads\/sites\/69\/2017\/12\/marta_calaf-foto_1.jpg 184w, https:\/\/webs.uab.cat\/greal\/wp-content\/uploads\/sites\/69\/2017\/12\/marta_calaf-foto_1-150x150.jpg 150w\" sizes=\"auto, (max-width: 184px) 100vw, 184px\" \/>Professora de Secund\u00e0ria a l&#8217;IES Isaac Alb\u00e9niz<\/p>\n<p class=\"rtejustify\">Adre\u00e7a electr\u00f2nica: mcalaf1@xtec.cat<br \/>\nLlicenciada en Filologia Catalana per la Universitat Aut\u00f2noma de Barcelona (1996), mestra (de l\u2019antiga Diplomatura de Professorat d\u2019Educaci\u00f3 General B\u00e0sica) per la UAB (1993). Tot i que als inicis va treballar com a mestra a infantil i a prim\u00e0ria, de seguida va exercir de professora a secund\u00e0ria, sempre pel Departament d\u2019Educaci\u00f3 de la Generalitat: durant molts anys com a substituta, interina, fet que li ha perm\u00e8s con\u00e8ixer moltes realitats educatives del nostre pa\u00eds, i des del 2007 com a funcion\u00e0ria. Tamb\u00e9 va iniciar les actuals aules d\u2019acollida quan encara eren un projecte amb els Tallers de Llengua (2003-2004).<\/p>\n<p class=\"rtejustify\">Ha participat en jornades i seminaris sobre ensenyament de la llengua i la literatura a l\u2019escolaritat obligat\u00f2ria.<\/p>\n<p class=\"rtejustify\">Es va iniciar en la formaci\u00f3 del professorat en llengua catalana, tot i que ho va haver de deixar per no poder-ho compaginar amb la doc\u00e8ncia.<\/p>\n","protected":false},"excerpt":{"rendered":"<p>Professora de Secund\u00e0ria a l&#8217;IES Isaac Alb\u00e9niz Adre\u00e7a electr\u00f2nica: mcalaf1@xtec.cat Llicenciada en Filologia Catalana per la Universitat Aut\u00f2noma de Barcelona (1996), mestra (de l\u2019antiga Diplomatura de Professorat d\u2019Educaci\u00f3 General B\u00e0sica) per la UAB (1993). Tot i que als inicis va treballar com a mestra a infantil i a prim\u00e0ria, de seguida va exercir de professora [&hellip;]<\/p>\n","protected":false},"author":20,"featured_media":0,"parent":0,"menu_order":0,"comment_status":"closed","ping_status":"closed","template":"","meta":{"footnotes":""},"class_list":["post-192","page","type-page","status-publish","hentry"],"_links":{"self":[{"href":"https:\/\/webs.uab.cat\/greal\/wp-json\/wp\/v2\/pages\/192","targetHints":{"allow":["GET"]}}],"collection":[{"href":"https:\/\/webs.uab.cat\/greal\/wp-json\/wp\/v2\/pages"}],"about":[{"href":"https:\/\/webs.uab.cat\/greal\/wp-json\/wp\/v2\/types\/page"}],"author":[{"embeddable":true,"href":"https:\/\/webs.uab.cat\/greal\/wp-json\/wp\/v2\/users\/20"}],"replies":[{"embeddable":true,"href":"https:\/\/webs.uab.cat\/greal\/wp-json\/wp\/v2\/comments?post=192"}],"version-history":[{"count":1,"href":"https:\/\/webs.uab.cat\/greal\/wp-json\/wp\/v2\/pages\/192\/revisions"}],"predecessor-version":[{"id":313,"href":"https:\/\/webs.uab.cat\/greal\/wp-json\/wp\/v2\/pages\/192\/revisions\/313"}],"wp:attachment":[{"href":"https:\/\/webs.uab.cat\/greal\/wp-json\/wp\/v2\/media?parent=192"}],"curies":[{"name":"wp","href":"https:\/\/api.w.org\/{rel}","templated":true}]}}