{"id":203,"date":"2017-12-12T14:19:09","date_gmt":"2017-12-12T14:19:09","guid":{"rendered":"https:\/\/webs.uab.cat\/greal\/publicacions-pilar-adell-i-gutierrez\/"},"modified":"2017-12-12T14:19:09","modified_gmt":"2017-12-12T14:19:09","slug":"publicacions-pilar-adell-i-gutierrez","status":"publish","type":"page","link":"https:\/\/webs.uab.cat\/greal\/publicacions-pilar-adell-i-gutierrez\/","title":{"rendered":"Publicacions Pilar Adell i Guti\u00e9rrez"},"content":{"rendered":"<p class=\"rtejustify\">MARGALLO, A; &nbsp;ADELL, P. (2010) Els llibres de text formen escriptors? Articles de Did\u00e0ctica de la Llengua i la Literatura, 50, 10.<br \/>\nADELL, P. (2009) La correcci\u00f3 i avaluaci\u00f3 dels escrits segons la veu del professorat. Articles de Did\u00e0ctica de la Llengua i la Literatura, 47.<br \/>\nADELL, P.; S\u00c1NCHEZ-ENCISO, J. (2001) \u201cDe peus a terra\u201d. Articles de Did\u00e0ctica de la Llengua i de la Literatura, 25, 75-86. [ISSN: 1133-9845]<\/p>\n","protected":false},"excerpt":{"rendered":"<p>MARGALLO, A; &nbsp;ADELL, P. (2010) Els llibres de text formen escriptors? Articles de Did\u00e0ctica de la Llengua i la Literatura, 50, 10. ADELL, P. (2009) La correcci\u00f3 i avaluaci\u00f3 dels escrits segons la veu del professorat. Articles de Did\u00e0ctica de la Llengua i la Literatura, 47. ADELL, P.; S\u00c1NCHEZ-ENCISO, J. (2001) \u201cDe peus a terra\u201d. [&hellip;]<\/p>\n","protected":false},"author":20,"featured_media":0,"parent":0,"menu_order":0,"comment_status":"closed","ping_status":"closed","template":"","meta":{"footnotes":""},"class_list":["post-203","page","type-page","status-publish","hentry"],"_links":{"self":[{"href":"https:\/\/webs.uab.cat\/greal\/wp-json\/wp\/v2\/pages\/203","targetHints":{"allow":["GET"]}}],"collection":[{"href":"https:\/\/webs.uab.cat\/greal\/wp-json\/wp\/v2\/pages"}],"about":[{"href":"https:\/\/webs.uab.cat\/greal\/wp-json\/wp\/v2\/types\/page"}],"author":[{"embeddable":true,"href":"https:\/\/webs.uab.cat\/greal\/wp-json\/wp\/v2\/users\/20"}],"replies":[{"embeddable":true,"href":"https:\/\/webs.uab.cat\/greal\/wp-json\/wp\/v2\/comments?post=203"}],"version-history":[{"count":0,"href":"https:\/\/webs.uab.cat\/greal\/wp-json\/wp\/v2\/pages\/203\/revisions"}],"wp:attachment":[{"href":"https:\/\/webs.uab.cat\/greal\/wp-json\/wp\/v2\/media?parent=203"}],"curies":[{"name":"wp","href":"https:\/\/api.w.org\/{rel}","templated":true}]}}