{"id":212,"date":"2017-12-15T13:25:45","date_gmt":"2017-12-15T13:25:45","guid":{"rendered":"https:\/\/webs.uab.cat\/greal\/montserrat-garrell-pons\/"},"modified":"2022-07-26T17:22:38","modified_gmt":"2022-07-26T17:22:38","slug":"montserrat-garrell-pons","status":"publish","type":"page","link":"https:\/\/webs.uab.cat\/greal\/montserrat-garrell-pons\/","title":{"rendered":"Montserrat Garrell Pons"},"content":{"rendered":"<p class=\"rtejustify\"><img loading=\"lazy\" decoding=\"async\" class=\" size-full wp-image-209\" alt=\"montse_garrell_2_1.jpg\" src=\"https:\/\/webs.uab.cat\/greal\/wp-content\/uploads\/sites\/69\/2017\/12\/montse_garrell_2_1.jpg\" style=\"float:left\" width=\"184\" height=\"184\" srcset=\"https:\/\/webs.uab.cat\/greal\/wp-content\/uploads\/sites\/69\/2017\/12\/montse_garrell_2_1.jpg 184w, https:\/\/webs.uab.cat\/greal\/wp-content\/uploads\/sites\/69\/2017\/12\/montse_garrell_2_1-150x150.jpg 150w\" sizes=\"auto, (max-width: 184px) 100vw, 184px\" \/>Professora de Secund\u00e0ria del Centre de Formaci\u00f3 d&#8217;Adults L&#8217;Alzina de Cerdanyola del Vall\u00e8s<\/p>\n<p class=\"rtejustify\">Adre\u00e7a electr\u00f2nica: mgarrell@xtec.cat<br \/>\nMontserrat Garrell \u00e9s mestra d\u2019educaci\u00f3 prim\u00e0ria. Ha exercit al llarg de molts anys la doc\u00e8ncia en aquesta etapa i ha estat aix\u00ed mateix membre d\u2019equips directius durant uns quants cursos. En aquest darrer temps treballa en un Centre de Formaci\u00f3 d\u2019Adults.<\/p>\n<p class=\"rtejustify\">T\u00e9 els t\u00edtols de mestra i de Filologia Catalana per la Universitat de Barcelona, i a la Universitat Aut\u00f2noma ha realitzat un postgrau de\u201d T\u00e8cnica d\u2019organitzaci\u00f3 i gesti\u00f3 de centres educatius\u201d i els cursos del programa de doctorat en Did\u00e0ctica de la Llengua i la Literatura, en el qual va llegir el seu treball de recerca \u201cLa composici\u00f3 escrita al Cicle Superior de Prim\u00e0ria. Entrevistes a mestres i observacions a l\u2019aula\u201d el curs 2007-08, dirigit per la Dra. Teresa Ribas i Seix.<\/p>\n","protected":false},"excerpt":{"rendered":"<p>Professora de Secund\u00e0ria del Centre de Formaci\u00f3 d&#8217;Adults L&#8217;Alzina de Cerdanyola del Vall\u00e8s Adre\u00e7a electr\u00f2nica: mgarrell@xtec.cat Montserrat Garrell \u00e9s mestra d\u2019educaci\u00f3 prim\u00e0ria. Ha exercit al llarg de molts anys la doc\u00e8ncia en aquesta etapa i ha estat aix\u00ed mateix membre d\u2019equips directius durant uns quants cursos. En aquest darrer temps treballa en un Centre de [&hellip;]<\/p>\n","protected":false},"author":20,"featured_media":0,"parent":0,"menu_order":0,"comment_status":"closed","ping_status":"closed","template":"","meta":{"footnotes":""},"class_list":["post-212","page","type-page","status-publish","hentry"],"_links":{"self":[{"href":"https:\/\/webs.uab.cat\/greal\/wp-json\/wp\/v2\/pages\/212","targetHints":{"allow":["GET"]}}],"collection":[{"href":"https:\/\/webs.uab.cat\/greal\/wp-json\/wp\/v2\/pages"}],"about":[{"href":"https:\/\/webs.uab.cat\/greal\/wp-json\/wp\/v2\/types\/page"}],"author":[{"embeddable":true,"href":"https:\/\/webs.uab.cat\/greal\/wp-json\/wp\/v2\/users\/20"}],"replies":[{"embeddable":true,"href":"https:\/\/webs.uab.cat\/greal\/wp-json\/wp\/v2\/comments?post=212"}],"version-history":[{"count":1,"href":"https:\/\/webs.uab.cat\/greal\/wp-json\/wp\/v2\/pages\/212\/revisions"}],"predecessor-version":[{"id":317,"href":"https:\/\/webs.uab.cat\/greal\/wp-json\/wp\/v2\/pages\/212\/revisions\/317"}],"wp:attachment":[{"href":"https:\/\/webs.uab.cat\/greal\/wp-json\/wp\/v2\/media?parent=212"}],"curies":[{"name":"wp","href":"https:\/\/api.w.org\/{rel}","templated":true}]}}