{"id":216,"date":"2017-12-15T13:28:26","date_gmt":"2017-12-15T13:28:26","guid":{"rendered":"https:\/\/webs.uab.cat\/greal\/carles-ill-garcia\/"},"modified":"2022-07-26T17:22:48","modified_gmt":"2022-07-26T17:22:48","slug":"carles-ill-garcia","status":"publish","type":"page","link":"https:\/\/webs.uab.cat\/greal\/carles-ill-garcia\/","title":{"rendered":"Carles Ill Garcia"},"content":{"rendered":"<p class=\"rtejustify\"><img loading=\"lazy\" decoding=\"async\" class=\" size-full wp-image-213\" alt=\"carles_ill_0_0.jpg\" src=\"https:\/\/webs.uab.cat\/greal\/wp-content\/uploads\/sites\/69\/2017\/12\/carles_ill_0_0.jpg\" style=\"width:184px; height:184px; float:left\" width=\"184\" height=\"184\" srcset=\"https:\/\/webs.uab.cat\/greal\/wp-content\/uploads\/sites\/69\/2017\/12\/carles_ill_0_0.jpg 184w, https:\/\/webs.uab.cat\/greal\/wp-content\/uploads\/sites\/69\/2017\/12\/carles_ill_0_0-150x150.jpg 150w\" sizes=\"auto, (max-width: 184px) 100vw, 184px\" \/>Professor de l&#8217;ESMUC<\/p>\n<p class=\"rtejustify\">Adre\u00e7a electr\u00f2nica: carles.ill@gmail.com<br \/>\n\u00c9s professor de l&#8217;assignatura Llengua i comunicaci\u00f3 I de l&#8217;Escola Superior de M\u00fasica de Catalunya (ESMUC). La seva tasca docent consisteix a donar eines b\u00e0siques per a l&#8217;expressi\u00f3 oral i escrita als futurs professionals de la m\u00fasica. Ha estat tamb\u00e9 professor de catal\u00e0 per a adults del Consorci per a la Normalitzaci\u00f3 Ling\u00fc\u00edstica de la Generalitat de Catalunya.<\/p>\n<p class=\"rtejustify\">Al seu treball de recerca del Doctorat de Did\u00e0ctica de la Llengua i de la Literatura de la UAB, ha analitzat la relaci\u00f3 entre les interaccions orals dels estudiants produ\u00efdes en la situaci\u00f3 d&#8217;haver de resoldre problemes de cohesi\u00f3 dels seus textos i la voluntat del professor de sistematitzar uns determinats coneixements gramaticals per mitj\u00e0 d&#8217;un metallenguatge i d&#8217;unes pr\u00e0ctiques determinades a l&#8217;aula.&nbsp;<\/p>\n<p class=\"rtejustify\">&nbsp;<\/p>\n<p class=\"rtejustify\"><img loading=\"lazy\" decoding=\"async\" class=\" size-full wp-image-115\" alt=\"llibret.fw__1.png\" src=\"https:\/\/webs.uab.cat\/greal\/wp-content\/uploads\/sites\/69\/2017\/12\/llibret.fw__1.png\" style=\"width:50px;height:50px;\" width=\"50\" height=\"50\"><a href=\"http:\/\/grupsderecerca.uab.cat\/greal\/ca\/content\/publicacions-carles-ill-garcia\">Publicacions<\/a><\/p>\n","protected":false},"excerpt":{"rendered":"<p>Professor de l&#8217;ESMUC Adre\u00e7a electr\u00f2nica: carles.ill@gmail.com \u00c9s professor de l&#8217;assignatura Llengua i comunicaci\u00f3 I de l&#8217;Escola Superior de M\u00fasica de Catalunya (ESMUC). La seva tasca docent consisteix a donar eines b\u00e0siques per a l&#8217;expressi\u00f3 oral i escrita als futurs professionals de la m\u00fasica. Ha estat tamb\u00e9 professor de catal\u00e0 per a adults del Consorci per [&hellip;]<\/p>\n","protected":false},"author":20,"featured_media":0,"parent":0,"menu_order":0,"comment_status":"closed","ping_status":"closed","template":"","meta":{"footnotes":""},"class_list":["post-216","page","type-page","status-publish","hentry"],"_links":{"self":[{"href":"https:\/\/webs.uab.cat\/greal\/wp-json\/wp\/v2\/pages\/216","targetHints":{"allow":["GET"]}}],"collection":[{"href":"https:\/\/webs.uab.cat\/greal\/wp-json\/wp\/v2\/pages"}],"about":[{"href":"https:\/\/webs.uab.cat\/greal\/wp-json\/wp\/v2\/types\/page"}],"author":[{"embeddable":true,"href":"https:\/\/webs.uab.cat\/greal\/wp-json\/wp\/v2\/users\/20"}],"replies":[{"embeddable":true,"href":"https:\/\/webs.uab.cat\/greal\/wp-json\/wp\/v2\/comments?post=216"}],"version-history":[{"count":1,"href":"https:\/\/webs.uab.cat\/greal\/wp-json\/wp\/v2\/pages\/216\/revisions"}],"predecessor-version":[{"id":318,"href":"https:\/\/webs.uab.cat\/greal\/wp-json\/wp\/v2\/pages\/216\/revisions\/318"}],"wp:attachment":[{"href":"https:\/\/webs.uab.cat\/greal\/wp-json\/wp\/v2\/media?parent=216"}],"curies":[{"name":"wp","href":"https:\/\/api.w.org\/{rel}","templated":true}]}}