{"id":221,"date":"2017-12-15T13:31:24","date_gmt":"2017-12-15T13:31:24","guid":{"rendered":"https:\/\/webs.uab.cat\/greal\/pedro-jimeno-capilla\/"},"modified":"2022-07-26T17:22:57","modified_gmt":"2022-07-26T17:22:57","slug":"pedro-jimeno-capilla","status":"publish","type":"page","link":"https:\/\/webs.uab.cat\/greal\/pedro-jimeno-capilla\/","title":{"rendered":"Pedro Jimeno Capilla"},"content":{"rendered":"<p class=\"rtejustify\"><img loading=\"lazy\" decoding=\"async\" class=\" size-full wp-image-218\" alt=\"pedro_jimeno.jpg\" src=\"https:\/\/webs.uab.cat\/greal\/wp-content\/uploads\/sites\/69\/2017\/12\/pedro_jimeno.jpg\" style=\"width:184px; height:184px; float:left\" width=\"184\" height=\"184\" srcset=\"https:\/\/webs.uab.cat\/greal\/wp-content\/uploads\/sites\/69\/2017\/12\/pedro_jimeno.jpg 184w, https:\/\/webs.uab.cat\/greal\/wp-content\/uploads\/sites\/69\/2017\/12\/pedro_jimeno-150x150.jpg 150w\" sizes=\"auto, (max-width: 184px) 100vw, 184px\" \/>Professor de la Universidad P\u00fablica de Navarra.<\/p>\n<p class=\"rtejustify\">Adre\u00e7a electr\u00f2nica: pjimenoc@gmail.com<\/p>\n<p class=\"rtejustify\">Twitter: @briasero<br \/>\nLlicenciat en Filologia Rom\u00e0nica per la Universidad de Navarra. Catedr\u00e0tic d&#8217;Educaci\u00f3 Secund\u00e0ria, ha impartit classes de llengua i literatura des de 1978 a l&#8217;I.E.S. Navarra Villoslada de Pamplona. Professor al M\u00e0ster d&#8217;Educaci\u00f3 Secund\u00e0ria de la Universidad P\u00fablica de Navarra entre 2009 i 2013.&nbsp;<\/p>\n<p class=\"rtejustify\">Va ser responsable de l&#8217;equip redactor del curr\u00edculum de Llengua Castellana i Literatura, al Departament d&#8217;Educaci\u00f3 del Govern de Navarra, on van treballar diversos anys com a assessor de formaci\u00f3 del professorat.&nbsp;<\/p>\n<p class=\"rtejustify\">Autor de diverses publicacions i ponent en cursos de formaci\u00f3 del professorat en q\u00fcestions de did\u00e0ctica de la llengua i la literatura, especialment en relaci\u00f3 amb la comunicaci\u00f3 escrita. Membre del consell assessor de la revista Textos de Did\u00e0ctica de la Lengua y la Literatura.<\/p>\n<p class=\"rtejustify\">Les seves l\u00ednies de treball s\u00f3n la comunicaci\u00f3 escrita i l&#8217;ensenyament de la reflexi\u00f3 sobre la llengua.<\/p>\n","protected":false},"excerpt":{"rendered":"<p>Professor de la Universidad P\u00fablica de Navarra. Adre\u00e7a electr\u00f2nica: pjimenoc@gmail.com Twitter: @briasero Llicenciat en Filologia Rom\u00e0nica per la Universidad de Navarra. Catedr\u00e0tic d&#8217;Educaci\u00f3 Secund\u00e0ria, ha impartit classes de llengua i literatura des de 1978 a l&#8217;I.E.S. Navarra Villoslada de Pamplona. Professor al M\u00e0ster d&#8217;Educaci\u00f3 Secund\u00e0ria de la Universidad P\u00fablica de Navarra entre 2009 i 2013.&nbsp; [&hellip;]<\/p>\n","protected":false},"author":20,"featured_media":0,"parent":0,"menu_order":0,"comment_status":"closed","ping_status":"closed","template":"","meta":{"footnotes":""},"class_list":["post-221","page","type-page","status-publish","hentry"],"_links":{"self":[{"href":"https:\/\/webs.uab.cat\/greal\/wp-json\/wp\/v2\/pages\/221","targetHints":{"allow":["GET"]}}],"collection":[{"href":"https:\/\/webs.uab.cat\/greal\/wp-json\/wp\/v2\/pages"}],"about":[{"href":"https:\/\/webs.uab.cat\/greal\/wp-json\/wp\/v2\/types\/page"}],"author":[{"embeddable":true,"href":"https:\/\/webs.uab.cat\/greal\/wp-json\/wp\/v2\/users\/20"}],"replies":[{"embeddable":true,"href":"https:\/\/webs.uab.cat\/greal\/wp-json\/wp\/v2\/comments?post=221"}],"version-history":[{"count":1,"href":"https:\/\/webs.uab.cat\/greal\/wp-json\/wp\/v2\/pages\/221\/revisions"}],"predecessor-version":[{"id":319,"href":"https:\/\/webs.uab.cat\/greal\/wp-json\/wp\/v2\/pages\/221\/revisions\/319"}],"wp:attachment":[{"href":"https:\/\/webs.uab.cat\/greal\/wp-json\/wp\/v2\/media?parent=221"}],"curies":[{"name":"wp","href":"https:\/\/api.w.org\/{rel}","templated":true}]}}