{"id":229,"date":"2017-12-15T13:36:15","date_gmt":"2017-12-15T13:36:15","guid":{"rendered":"https:\/\/webs.uab.cat\/greal\/inmaculada-lopez-perez\/"},"modified":"2022-07-26T17:23:17","modified_gmt":"2022-07-26T17:23:17","slug":"inmaculada-lopez-perez","status":"publish","type":"page","link":"https:\/\/webs.uab.cat\/greal\/inmaculada-lopez-perez\/","title":{"rendered":"Inmaculada L\u00f3pez P\u00e9rez"},"content":{"rendered":"<p class=\"rtejustify\"><img loading=\"lazy\" decoding=\"async\" class=\" size-full wp-image-226\" alt=\"inma_lopez_0.jpg\" src=\"https:\/\/webs.uab.cat\/greal\/wp-content\/uploads\/sites\/69\/2017\/12\/inma_lopez_0.jpg\" style=\"width:184px; height:184px; float:left\" width=\"184\" height=\"184\" srcset=\"https:\/\/webs.uab.cat\/greal\/wp-content\/uploads\/sites\/69\/2017\/12\/inma_lopez_0.jpg 184w, https:\/\/webs.uab.cat\/greal\/wp-content\/uploads\/sites\/69\/2017\/12\/inma_lopez_0-150x150.jpg 150w\" sizes=\"auto, (max-width: 184px) 100vw, 184px\" \/>Professora de Secund\u00e0ria de l&#8217;IES Dami\u00e0 Campeny<\/p>\n<p class=\"rtejustify\">Adre\u00e7a electr\u00f2nica: ilopez62@gmail.com<br \/>\n\u00c9s professora de Llengua i Literatura Castellanes en Educaci\u00f3 Secund\u00e0ria i ha exercit algun c\u00e0rrec directiu en el seu centre. Combina la seva tasca docent a les aules amb la formaci\u00f3 del professorat i l\u2019assessorament extern a centres d\u2019ensenyament, dins de l\u2019ICE de la UAB. Col\u00b7labora &nbsp;des de fa uns anys amb el Servei de Formaci\u00f3 del Personal Docentdel Departament d\u2019Educaci\u00f3 com a membre del Grup T\u00e8cnic de la Pr\u00e0ctica Reflexiva, centrat en el treball i la programaci\u00f3 per compet\u00e8ncies.<\/p>\n<p class=\"rtejustify\">Actualment est\u00e0 cursant el M\u00e0ster en Recerca de Did\u00e0ctica de la Llengua i la Literatura de la UAB.<\/p>\n<p class=\"rtejustify\">&nbsp;<\/p>\n<p class=\"rtejustify\"><img loading=\"lazy\" decoding=\"async\" class=\" size-full wp-image-148\" alt=\"llibret.fw__0.png\" src=\"https:\/\/webs.uab.cat\/greal\/wp-content\/uploads\/sites\/69\/2017\/12\/llibret.fw__0.png\" style=\"width:50px;height:50px;\" width=\"50\" height=\"50\"><a href=\"http:\/\/grupsderecerca.uab.cat\/greal\/ca\/content\/publicacions-inmaculada-l%C3%B3pez-p%C3%A9rez\">Publicacions<\/a><\/p>\n","protected":false},"excerpt":{"rendered":"<p>Professora de Secund\u00e0ria de l&#8217;IES Dami\u00e0 Campeny Adre\u00e7a electr\u00f2nica: ilopez62@gmail.com \u00c9s professora de Llengua i Literatura Castellanes en Educaci\u00f3 Secund\u00e0ria i ha exercit algun c\u00e0rrec directiu en el seu centre. Combina la seva tasca docent a les aules amb la formaci\u00f3 del professorat i l\u2019assessorament extern a centres d\u2019ensenyament, dins de l\u2019ICE de la UAB. [&hellip;]<\/p>\n","protected":false},"author":20,"featured_media":0,"parent":0,"menu_order":0,"comment_status":"closed","ping_status":"closed","template":"","meta":{"footnotes":""},"class_list":["post-229","page","type-page","status-publish","hentry"],"_links":{"self":[{"href":"https:\/\/webs.uab.cat\/greal\/wp-json\/wp\/v2\/pages\/229","targetHints":{"allow":["GET"]}}],"collection":[{"href":"https:\/\/webs.uab.cat\/greal\/wp-json\/wp\/v2\/pages"}],"about":[{"href":"https:\/\/webs.uab.cat\/greal\/wp-json\/wp\/v2\/types\/page"}],"author":[{"embeddable":true,"href":"https:\/\/webs.uab.cat\/greal\/wp-json\/wp\/v2\/users\/20"}],"replies":[{"embeddable":true,"href":"https:\/\/webs.uab.cat\/greal\/wp-json\/wp\/v2\/comments?post=229"}],"version-history":[{"count":1,"href":"https:\/\/webs.uab.cat\/greal\/wp-json\/wp\/v2\/pages\/229\/revisions"}],"predecessor-version":[{"id":321,"href":"https:\/\/webs.uab.cat\/greal\/wp-json\/wp\/v2\/pages\/229\/revisions\/321"}],"wp:attachment":[{"href":"https:\/\/webs.uab.cat\/greal\/wp-json\/wp\/v2\/media?parent=229"}],"curies":[{"name":"wp","href":"https:\/\/api.w.org\/{rel}","templated":true}]}}