{"id":238,"date":"2017-12-15T13:41:25","date_gmt":"2017-12-15T13:41:25","guid":{"rendered":"https:\/\/webs.uab.cat\/greal\/jordi-perez-badenes\/"},"modified":"2022-07-26T17:23:36","modified_gmt":"2022-07-26T17:23:36","slug":"jordi-perez-badenes","status":"publish","type":"page","link":"https:\/\/webs.uab.cat\/greal\/jordi-perez-badenes\/","title":{"rendered":"Jordi P\u00e9rez Badenes"},"content":{"rendered":"<p class=\"rtejustify\"><img loading=\"lazy\" decoding=\"async\" class=\" size-full wp-image-235\" alt=\"jordi_badenes_0_1.jpg\" src=\"https:\/\/webs.uab.cat\/greal\/wp-content\/uploads\/sites\/69\/2017\/12\/jordi_badenes_0_1.jpg\" style=\"width:184px; height:184px; float:left\" width=\"184\" height=\"184\" srcset=\"https:\/\/webs.uab.cat\/greal\/wp-content\/uploads\/sites\/69\/2017\/12\/jordi_badenes_0_1.jpg 184w, https:\/\/webs.uab.cat\/greal\/wp-content\/uploads\/sites\/69\/2017\/12\/jordi_badenes_0_1-150x150.jpg 150w\" sizes=\"auto, (max-width: 184px) 100vw, 184px\" \/>Professor de Secund\u00e0ria<\/p>\n<p class=\"rtejustify\">Adre\u00e7a electr\u00f2nica: jpere242@xtec.cat<br \/>\n\u00c9s professor de Secund\u00e0ria de Llengua Catalana i Literatura del Departament d\u2019Educaci\u00f3. En els darrers anys, ha estat en comissi\u00f3 de serveis al CAR de Sant Cugat i ha realitzat una llic\u00e8ncia d&#8217;estudis retribu\u00efda modalitat A sobre les categories gramaticals.<\/p>\n<p class=\"rtejustify\">Ha treballat com a professor en diferents centres d\u2019ensenyament secundari, ha exercit de professor de viol\u00ed i ha donat cursos de catal\u00e0 a diferents nivells. Tamb\u00e9 ha treballat com a docent a la Universitat Par\u00eds IV-Sorbonne durant un curs acad\u00e8mic (2003-2004).<\/p>\n<p>&nbsp;<\/p>\n<p><img loading=\"lazy\" decoding=\"async\" class=\" size-full wp-image-91\" alt=\"llibret.fw_.png\" src=\"https:\/\/webs.uab.cat\/greal\/wp-content\/uploads\/sites\/69\/2017\/12\/llibret.fw_.png\" style=\"width:50px;height:50px;\" width=\"50\" height=\"50\"><a href=\"http:\/\/grupsderecerca.uab.cat\/greal\/ca\/content\/publicacions-jordi-p%C3%A9rez-badenes\">Publicacions<\/a><\/p>\n<p>&nbsp;<\/p>\n","protected":false},"excerpt":{"rendered":"<p>Professor de Secund\u00e0ria Adre\u00e7a electr\u00f2nica: jpere242@xtec.cat \u00c9s professor de Secund\u00e0ria de Llengua Catalana i Literatura del Departament d\u2019Educaci\u00f3. En els darrers anys, ha estat en comissi\u00f3 de serveis al CAR de Sant Cugat i ha realitzat una llic\u00e8ncia d&#8217;estudis retribu\u00efda modalitat A sobre les categories gramaticals. Ha treballat com a professor en diferents centres d\u2019ensenyament [&hellip;]<\/p>\n","protected":false},"author":20,"featured_media":0,"parent":0,"menu_order":0,"comment_status":"closed","ping_status":"closed","template":"","meta":{"footnotes":""},"class_list":["post-238","page","type-page","status-publish","hentry"],"_links":{"self":[{"href":"https:\/\/webs.uab.cat\/greal\/wp-json\/wp\/v2\/pages\/238","targetHints":{"allow":["GET"]}}],"collection":[{"href":"https:\/\/webs.uab.cat\/greal\/wp-json\/wp\/v2\/pages"}],"about":[{"href":"https:\/\/webs.uab.cat\/greal\/wp-json\/wp\/v2\/types\/page"}],"author":[{"embeddable":true,"href":"https:\/\/webs.uab.cat\/greal\/wp-json\/wp\/v2\/users\/20"}],"replies":[{"embeddable":true,"href":"https:\/\/webs.uab.cat\/greal\/wp-json\/wp\/v2\/comments?post=238"}],"version-history":[{"count":1,"href":"https:\/\/webs.uab.cat\/greal\/wp-json\/wp\/v2\/pages\/238\/revisions"}],"predecessor-version":[{"id":323,"href":"https:\/\/webs.uab.cat\/greal\/wp-json\/wp\/v2\/pages\/238\/revisions\/323"}],"wp:attachment":[{"href":"https:\/\/webs.uab.cat\/greal\/wp-json\/wp\/v2\/media?parent=238"}],"curies":[{"name":"wp","href":"https:\/\/api.w.org\/{rel}","templated":true}]}}