{"id":249,"date":"2017-12-15T13:48:34","date_gmt":"2017-12-15T13:48:34","guid":{"rendered":"https:\/\/webs.uab.cat\/greal\/uri-ruiz-bikandi\/"},"modified":"2022-07-26T17:24:03","modified_gmt":"2022-07-26T17:24:03","slug":"uri-ruiz-bikandi","status":"publish","type":"page","link":"https:\/\/webs.uab.cat\/greal\/uri-ruiz-bikandi\/","title":{"rendered":"Uri Ruiz Bikandi"},"content":{"rendered":"<p class=\"rtejustify\"><img loading=\"lazy\" decoding=\"async\" class=\" size-full wp-image-246\" alt=\"uri_ruiz_1.jpg\" src=\"https:\/\/webs.uab.cat\/greal\/wp-content\/uploads\/sites\/69\/2017\/12\/uri_ruiz_1.jpg\" style=\"width:184px; height:184px; float:left\" width=\"184\" height=\"184\" srcset=\"https:\/\/webs.uab.cat\/greal\/wp-content\/uploads\/sites\/69\/2017\/12\/uri_ruiz_1.jpg 184w, https:\/\/webs.uab.cat\/greal\/wp-content\/uploads\/sites\/69\/2017\/12\/uri_ruiz_1-150x150.jpg 150w\" sizes=\"auto, (max-width: 184px) 100vw, 184px\" \/>Professora de la Universitat del Pa\u00eds Vasc-Euskal Herriko Unibertsitatea<\/p>\n<p class=\"rtejustify\">Adre\u00e7a electr\u00f2nica: uriruizbikandi@ehu.es<br \/>\nProfessora de Did\u00e0ctica de la Llengua i la Literatura a la UPB-EHU. Fil\u00f2loga, Doctora en Pedagogia. Codirectora des de la seva creaci\u00f3 de la revista Textos de Did\u00e1ctica de la Lengua y la Literatura.&nbsp;<\/p>\n<p class=\"rtejustify\">Va contribuir des dels seus inicis a la construcci\u00f3 del sistema educatiu biling\u00fce al Pa\u00eds Basc en la formaci\u00f3 del professorat i l\u2019elaboraci\u00f3 de material did\u00e0ctics, aix\u00ed com en el disseny de curr\u00edculums de lleng\u00fces.<\/p>\n<p class=\"rtejustify\">Ha investigat sobre l\u2019adquisici\u00f3 i l\u2019ensenyament de segones lleng\u00fces i sobre la formaci\u00f3 del professorat de programes biling\u00fces, temes sobre els quals ha escrit en diversos mitjans. \u00c9s editora i coautora de Did\u00e1ctica de una Segunda Lengua en Educaci\u00f3n Infantil y Primaria (2000, Ed. S\u00edntesis). Actualment investiga sobre la consci\u00e8ncia metaling\u00fc\u00edstica en escolars d\u2019entorns pluriling\u00fces.<\/p>\n<p>&nbsp;<\/p>\n<p><img loading=\"lazy\" decoding=\"async\" class=\" size-full wp-image-91\" alt=\"llibret.fw_.png\" src=\"https:\/\/webs.uab.cat\/greal\/wp-content\/uploads\/sites\/69\/2017\/12\/llibret.fw_.png\" style=\"width:50px;height:50px;\" width=\"50\" height=\"50\"><a href=\"http:\/\/grupsderecerca.uab.cat\/greal\/ca\/content\/publicacions-uri-ruiz-bikandi\">Publicacions<\/a><\/p>\n","protected":false},"excerpt":{"rendered":"<p>Professora de la Universitat del Pa\u00eds Vasc-Euskal Herriko Unibertsitatea Adre\u00e7a electr\u00f2nica: uriruizbikandi@ehu.es Professora de Did\u00e0ctica de la Llengua i la Literatura a la UPB-EHU. Fil\u00f2loga, Doctora en Pedagogia. Codirectora des de la seva creaci\u00f3 de la revista Textos de Did\u00e1ctica de la Lengua y la Literatura.&nbsp; Va contribuir des dels seus inicis a la construcci\u00f3 [&hellip;]<\/p>\n","protected":false},"author":20,"featured_media":0,"parent":0,"menu_order":0,"comment_status":"closed","ping_status":"closed","template":"","meta":{"footnotes":""},"class_list":["post-249","page","type-page","status-publish","hentry"],"_links":{"self":[{"href":"https:\/\/webs.uab.cat\/greal\/wp-json\/wp\/v2\/pages\/249","targetHints":{"allow":["GET"]}}],"collection":[{"href":"https:\/\/webs.uab.cat\/greal\/wp-json\/wp\/v2\/pages"}],"about":[{"href":"https:\/\/webs.uab.cat\/greal\/wp-json\/wp\/v2\/types\/page"}],"author":[{"embeddable":true,"href":"https:\/\/webs.uab.cat\/greal\/wp-json\/wp\/v2\/users\/20"}],"replies":[{"embeddable":true,"href":"https:\/\/webs.uab.cat\/greal\/wp-json\/wp\/v2\/comments?post=249"}],"version-history":[{"count":1,"href":"https:\/\/webs.uab.cat\/greal\/wp-json\/wp\/v2\/pages\/249\/revisions"}],"predecessor-version":[{"id":325,"href":"https:\/\/webs.uab.cat\/greal\/wp-json\/wp\/v2\/pages\/249\/revisions\/325"}],"wp:attachment":[{"href":"https:\/\/webs.uab.cat\/greal\/wp-json\/wp\/v2\/media?parent=249"}],"curies":[{"name":"wp","href":"https:\/\/api.w.org\/{rel}","templated":true}]}}