{"id":265,"date":"2019-02-22T12:52:30","date_gmt":"2019-02-22T12:52:30","guid":{"rendered":"https:\/\/webs.uab.cat\/greal\/25anysrecerca\/"},"modified":"2022-07-26T17:38:27","modified_gmt":"2022-07-26T17:38:27","slug":"25anysrecerca","status":"publish","type":"page","link":"https:\/\/webs.uab.cat\/greal\/25anysrecerca\/","title":{"rendered":"25 Anys de Recerca"},"content":{"rendered":"\n<p><a href=\"https:\/\/webs.uab.cat\/greal\/wp-content\/uploads\/sites\/69\/2022\/07\/catala0.pdf\" data-type=\"attachment\" data-id=\"368\" target=\"_blank\" rel=\"noreferrer noopener\">GREAL, un itinerari de recerca<\/a><\/p>\n\n\n\n<p><a href=\"https:\/\/webs.uab.cat\/greal\/wp-content\/uploads\/sites\/69\/2022\/07\/catala1.pdf\" data-type=\"attachment\" data-id=\"365\" target=\"_blank\" rel=\"noreferrer noopener\">1. Seq\u00fc\u00e8ncies did\u00e0ctiques per aprendre a escriure<\/a><\/p>\n\n\n\n<p><a href=\"https:\/\/webs.uab.cat\/greal\/wp-content\/uploads\/sites\/69\/2022\/07\/catala2_0.pdf\" data-type=\"attachment\" data-id=\"362\" target=\"_blank\" rel=\"noreferrer noopener\">2. Avaluaci\u00f3 formativa<\/a><\/p>\n\n\n\n<p><a href=\"https:\/\/webs.uab.cat\/greal\/wp-content\/uploads\/sites\/69\/2022\/07\/catala2.pdf\" data-type=\"attachment\" data-id=\"359\" target=\"_blank\" rel=\"noreferrer noopener\">3. Activitat metaling\u00fc\u00edstica<\/a><\/p>\n\n\n\n<p><a href=\"https:\/\/webs.uab.cat\/greal\/wp-content\/uploads\/sites\/69\/2022\/07\/catala4.pdf\" data-type=\"attachment\" data-id=\"356\" target=\"_blank\" rel=\"noreferrer noopener\">4. Conceptes gramaticals dels alumnes<\/a><\/p>\n\n\n\n<p><a href=\"https:\/\/webs.uab.cat\/greal\/wp-content\/uploads\/sites\/69\/2022\/07\/catala5.pdf\" data-type=\"attachment\" data-id=\"353\" target=\"_blank\" rel=\"noreferrer noopener\">5. Seq\u00fc\u00e8ncies did\u00e0ctiques per aprendre gram\u00e0tica<\/a><\/p>\n\n\n\n<p><a href=\"https:\/\/webs.uab.cat\/greal\/wp-content\/uploads\/sites\/69\/2022\/07\/catala6.pdf\" data-type=\"attachment\" data-id=\"350\" target=\"_blank\" rel=\"noreferrer noopener\">6. Els Conceptes dels docents: un eix clau per a la gram\u00e0tica a l&#8217;\u00e0ula<\/a><\/p>\n\n\n\n<p><strong><a href=\"http:\/\/webs.uab.cat\/greal\/en\/25-years-research\"><span style=\"color: #993300; font-family: georgia,times new roman,times,serif;\">Versi\u00f3 en angl\u00e8s<\/span><\/a><\/strong><\/p>\n","protected":false},"excerpt":{"rendered":"<p>GREAL, un itinerari de recerca 1. Seq\u00fc\u00e8ncies did\u00e0ctiques per aprendre a escriure 2. Avaluaci\u00f3 formativa 3. Activitat metaling\u00fc\u00edstica 4. Conceptes gramaticals dels alumnes 5. Seq\u00fc\u00e8ncies did\u00e0ctiques per aprendre gram\u00e0tica 6. Els Conceptes dels docents: un eix clau per a la gram\u00e0tica a l&#8217;\u00e0ula Versi\u00f3 en angl\u00e8s<\/p>\n","protected":false},"author":20,"featured_media":0,"parent":0,"menu_order":0,"comment_status":"closed","ping_status":"closed","template":"","meta":{"footnotes":""},"class_list":["post-265","page","type-page","status-publish","hentry"],"_links":{"self":[{"href":"https:\/\/webs.uab.cat\/greal\/wp-json\/wp\/v2\/pages\/265","targetHints":{"allow":["GET"]}}],"collection":[{"href":"https:\/\/webs.uab.cat\/greal\/wp-json\/wp\/v2\/pages"}],"about":[{"href":"https:\/\/webs.uab.cat\/greal\/wp-json\/wp\/v2\/types\/page"}],"author":[{"embeddable":true,"href":"https:\/\/webs.uab.cat\/greal\/wp-json\/wp\/v2\/users\/20"}],"replies":[{"embeddable":true,"href":"https:\/\/webs.uab.cat\/greal\/wp-json\/wp\/v2\/comments?post=265"}],"version-history":[{"count":1,"href":"https:\/\/webs.uab.cat\/greal\/wp-json\/wp\/v2\/pages\/265\/revisions"}],"predecessor-version":[{"id":371,"href":"https:\/\/webs.uab.cat\/greal\/wp-json\/wp\/v2\/pages\/265\/revisions\/371"}],"wp:attachment":[{"href":"https:\/\/webs.uab.cat\/greal\/wp-json\/wp\/v2\/media?parent=265"}],"curies":[{"name":"wp","href":"https:\/\/api.w.org\/{rel}","templated":true}]}}