{"id":79,"date":"2017-11-30T14:17:45","date_gmt":"2017-11-30T14:17:45","guid":{"rendered":"https:\/\/webs.uab.cat\/greal\/recerca\/"},"modified":"2017-11-30T14:17:45","modified_gmt":"2017-11-30T14:17:45","slug":"recerca","status":"publish","type":"page","link":"https:\/\/webs.uab.cat\/greal\/recerca\/","title":{"rendered":"Recerca"},"content":{"rendered":"<p class=\"rtejustify\"><strong>La incidencia de la reflexi\u00f3n sobre la lengua en la construcci\u00f3n de la competencia escrita<\/strong><br \/>\nEntitat finan\u00e7adora: Mineco<\/p>\n<p class=\"rtejustify\">Durada: 01-01-2012 \/ 30-06-2015<\/p>\n<p class=\"rtejustify\">Quantitat de la subvenci\u00f3: 65.945 \u20ac<\/p>\n<p class=\"rtejustify\">Investigadora responsable: Teresa Ribas Seix<\/p>\n<hr \/>\n<p class=\"rtejustify\"><strong>Xarxa Incentivadora de Recerca Educativa: Educaci\u00f3 ling\u00fc\u00edstica i liter\u00e0ria en entorns de pluriling\u00fcisme (Xarxa Llera) (2006XIRE-00001) (2008XIRE-00003)<\/strong><br \/>\nEntitat finan\u00e7adora: DURSI \/ Departament d\u2019Educaci\u00f3 (Generalitat de Catalunya).<\/p>\n<p class=\"rtejustify\">&nbsp;<\/p>\n<p class=\"rtejustify\">Durada: 27-06-2006 \/ 31-12-2007<\/p>\n<p class=\"rtejustify\">Quantitat de la subvenci\u00f3: 160.000 \u20ac<\/p>\n<p class=\"rtejustify\">Investigadora responsable: Anna Camps Mund\u00f3.<\/p>\n<p class=\"rtejustify\">Durada: 01-01-2008 \/ 31-12-2009<\/p>\n<p class=\"rtejustify\">Quantitat &nbsp;de la subvenci\u00f3: 90.000 \u20ac<\/p>\n<p class=\"rtejustify\">Investigadora responsable: Oriol Guasch Boy\u00e9.<\/p>\n<hr \/>\n<p class=\"rtejustify\"><strong>La actividad metaling\u00fc\u00edstica en situaciones pluriling\u00fces<\/strong><br \/>\nEntitat finan\u00e7adora: Direcci\u00f3n General de Investigaci\u00f3n. Ministerio de Educaci\u00f3n y Ciencia (SEJ2006-10417).<\/p>\n<p class=\"rtejustify\">&nbsp;<\/p>\n<p class=\"rtejustify\">Durada: 01-10-2006 \/ 30-09-2009.<\/p>\n<p class=\"rtejustify\">Quantitat de la subvenci\u00f3: 32.012,76 \u20ac<\/p>\n<p class=\"rtejustify\">Investigador\/a responsable: Anna Camps Mund\u00f3.<\/p>\n<hr \/>\n<p class=\"rtejustify\"><strong>El raonament metaling\u00fc\u00edstic: el pont entre l\u2019\u00fas i el coneixement sistem\u00e0tic de la llengua<\/strong><br \/>\nEntitat finan\u00e7adora: &nbsp;Ag\u00e8ncia de Gesti\u00f3 d\u2019Ajuts Universitaris i de Recerca (2005ARIE-10047).<\/p>\n<p class=\"rtejustify\">&nbsp;<\/p>\n<p class=\"rtejustify\">Durada: 07-03-2006 \/ 06-03-2007.<\/p>\n<p class=\"rtejustify\">Quantitat &nbsp;de la subvenci\u00f3: 7.800 \u20ac<\/p>\n<p class=\"rtejustify\">Investigador\/a responsable: Anna Camps Mund\u00f3.<\/p>\n<p class=\"rtejustify\">Noms dels investigadors\/es: Marta Milian, Teresa Ribas, Oriol Guasch, Montserrat Bigas, Ros Gil, Xavier Fontich, Lola Ribelles, Juan S\u00e1nchez-Enciso, Teresa Verdaguer, Carmen Gracia.<\/p>\n<hr \/>\n<p class=\"rtejustify\"><strong>Xarxa tem\u00e0tica &#8220;L\u2019educaci\u00f3 ling\u00fc\u00edstica i la formaci\u00f3 d\u2019ensenyants en situacions multiculturals i multiling\u00fces&#8221;<\/strong><br \/>\nEntidad financiadora: Generalitat de Catalunya. CIRIT (2000XT 00036) (2002XT 00041) (2004XT 00041).<\/p>\n<hr \/>\n<p class=\"rtejustify\"><strong>Educaci\u00f3 Pluriling\u00fce<\/strong><br \/>\nEntitat finan\u00e7adora: &nbsp;Universitat Aut\u00f2noma de Barcelona (Projecte d\u2019Innovaci\u00f3 Docent 210070).<\/p>\n<p class=\"rtejustify\">&nbsp;<\/p>\n<p class=\"rtejustify\">Durada: 01-09-2004 \/ 01-07-2005.<\/p>\n<p class=\"rtejustify\">Quantitat &nbsp;de la subvenci\u00f3: 3.000 \u20ac<\/p>\n<p class=\"rtejustify\">Investigador\/a responsable: Teresa Ribas Seix.<\/p>\n<p class=\"rtejustify\">Noms dels Investigador\/es: Oriol Guasch, Marta Milian, Montserrat Bigas, Conxita M\u00e0rquez, Josep Bonil.<\/p>\n<hr \/>\n<p class=\"rtejustify\"><strong>El razonamiento metaling\u00fc\u00edstico de los escolares (RAME)<\/strong><br \/>\nEntitat finan\u00e7adora: Ministerio de Ciencia y Tecnolog\u00eda: DGI (BSO2001-1911).<\/p>\n<p class=\"rtejustify\">&nbsp;<\/p>\n<p class=\"rtejustify\">Durada: 28-12-2001 \/ 27-12-2004. &nbsp;<\/p>\n<p class=\"rtejustify\">Quantitat de la subvenci\u00f3: 27.646,55 \u20ac<\/p>\n<p class=\"rtejustify\">Investigador\/a responsable: Anna Camps Mund\u00f3 (UAB).<\/p>\n<hr \/>\n<p class=\"rtejustify\"><strong>La formaci\u00f3 de mestres per a una educaci\u00f3 pluriling\u00fce<\/strong><br \/>\nEntitat finan\u00e7adora: Comissi\u00f3 Interdepartamental d&#8217;Investigaci\u00f3 i Innovaci\u00f3 Tecnol\u00f2gica (CIRIT), Generalitat de Catalunya. Referencia del projecte: 171 MQD 2002.<\/p>\n<p class=\"rtejustify\">&nbsp;<\/p>\n<p class=\"rtejustify\">Durada: 2002 \/ 2003.<\/p>\n<p class=\"rtejustify\">Quantitat &nbsp;de la subvenci\u00f3: 5.000 \u20ac<\/p>\n<p class=\"rtejustify\">Investigador\/a responsable: Teresa Ribas.<\/p>\n<p class=\"rtejustify\">Nombre d\u2019investigadors\/es participants: 4.<\/p>\n<hr \/>\n<p class=\"rtejustify\"><strong>LINGUA: Task Based School Organisation for the Acquisition of Language in Europe (TABASCO)<\/strong><br \/>\nEntitat finan\u00e7adora: Programa S\u00f3crates \u2013 Lengua \u2013 Comunidad Econ\u00f3mica Europea (87228-CP-1-2000-1-BE-LINGUA-LA).<\/p>\n<p class=\"rtejustify\">&nbsp;<\/p>\n<p class=\"rtejustify\">Entitats participants: Universitat d\u2019 Amsterdam, Universitat d\u2019 Oxford Brookes, Universitat de Montpellier 3, Universitat Aut\u00f2noma de Barcelona, Ufficio Scolastico di Bergamo (Italia), Vlaams Secretariaat van het Katholiek Onderwijs (VSKO, Belgium).<\/p>\n<p class=\"rtejustify\">Durada: 2001 \/ 2003.<\/p>\n<p class=\"rtejustify\">Quantitat &nbsp;de la subvenci\u00f3: 300.000 \u20ac<\/p>\n<hr \/>\n<p class=\"rtejustify\"><strong>Coneixement, llenguatge i discurs especialitzat<\/strong><br \/>\nEntitat finan\u00e7adora: Generalitat de Catalunya CIRIT (1999XT 00036).<\/p>\n<p class=\"rtejustify\">&nbsp;<\/p>\n<p class=\"rtejustify\">Entitats participants: Universitat Pompeu Fabra, Universitat de Barcelona, Universidad de Valencia, Universidad de Alicante, Universitat Aut\u00f2noma de Barcelona, Universidad de Buenos Aires.<\/p>\n<p class=\"rtejustify\">Durada: 2000 \/ 2002.<\/p>\n<p class=\"rtejustify\">Quantitat &nbsp;de la subvenci\u00f3: 1.400.000 ptes.<\/p>\n<p class=\"rtejustify\">Investigador\/a responsable: Teresa Cabr\u00e9 Castellv\u00ed (Universitat Pompeu Fabra).<\/p>\n<hr \/>\n<p class=\"rtejustify\"><strong>Xarxa tem\u00e0tica &#8220;Estudis del Discurs&#8221;<\/strong><br \/>\nEntitat &nbsp;finan\u00e7adora: Generalitat de Catalunya. CIRIT (2000XT-00062).<\/p>\n<p class=\"rtejustify\">&nbsp;<\/p>\n<p class=\"rtejustify\">Entitats participants: Universitat Pompeu Fabra, Universitat Aut\u00f2noma de Barcelona, Universitat de Lleida, Universitat de Barcelona.<\/p>\n<p class=\"rtejustify\">Durada: 1996 \/ 2001.<\/p>\n<p class=\"rtejustify\">Quantitat &nbsp;de la subvenci\u00f3: 600.000 ptes.<\/p>\n<p class=\"rtejustify\">Investigador\/a responsable: Helena CALSAMIGLIA (Universitat Pompeu Fabra).<\/p>\n<p class=\"rtejustify\">Nombre de grups participants: 6 grups de recerca.<\/p>\n<hr \/>\n<p class=\"rtejustify\"><strong>Xarxa tem\u00e0tica &#8220;L&#8217;ensenyament de la llengua en situacions pluriling\u00fces&#8221;<\/strong><br \/>\nEntitat finan\u00e7adora: Generalitat de Catalunya. CIRIT (1997XT 00011).<\/p>\n<p class=\"rtejustify\">&nbsp;<\/p>\n<p class=\"rtejustify\">Entitats participants: Universitat de Barcelona, Universitat Aut\u00f2noma de Barcelona, Universitat Jaume I (Castell\u00f3), Universitat de Val\u00e8ncia, Universitat de Tarragona, Universitat de les Illes Balears, Universidad de Ginebra.<\/p>\n<p class=\"rtejustify\">Durada: 29-5-1997 \/ 30-5-1999.<\/p>\n<p class=\"rtejustify\">Quantitat &nbsp;de la subvenci\u00f3: 1.000.000 ptes.<\/p>\n<p class=\"rtejustify\">Investigador\/a responsable: Anna Camps Mund\u00f3.<\/p>\n<hr \/>\n<p class=\"rtejustify\"><strong>Ensenyar i aprendre gram\u00e0tica a l\u2019educaci\u00f3 secund\u00e0ria obligat\u00f2ria. Projecte de realitzaci\u00f3 d\u2019una obra pedag\u00f2gica<\/strong><br \/>\nEntitat finan\u00e7adora: &nbsp;Fundaci\u00f3 Enciclop\u00e8dia Catalana.<\/p>\n<p class=\"rtejustify\">&nbsp;<\/p>\n<p class=\"rtejustify\">Durada: 01-12-1999 \/ 11-12-1999.<\/p>\n<p class=\"rtejustify\">Quantitat de la subvenci\u00f3: 2.000.000 ptes.<\/p>\n<p class=\"rtejustify\">Investigador\/a Responsable: Anna Camps Mund\u00f3.<\/p>\n<p class=\"rtejustify\">Noms dels investigadors\/es: Marta Milian Gubern, Teres Ribas Seix, Oriol Guasch Boy\u00e9.<\/p>\n<hr \/>\n<p class=\"rtejustify\"><strong>Lingua: Language Alive<\/strong><br \/>\nEntitat finan\u00e7adora: Comissi\u00f3 Europea &nbsp;(Socrates Project TM-253020-NL-LA).<\/p>\n<p class=\"rtejustify\">&nbsp;<\/p>\n<p class=\"rtejustify\">Durada: 01-10-1995 \/ &nbsp;01-10-1998.<\/p>\n<p class=\"rtejustify\">Quantitat &nbsp;de la subvenci\u00f3: 95.000 ECU.<\/p>\n<p class=\"rtejustify\">Investigador\/a responsable: Rijlaarsdam, G., University of Amsterdam.<\/p>\n<hr \/>\n<p class=\"rtejustify\"><strong>La actividad metaling\u00fc\u00edstica en el aprendizaje de la lengua escrita<\/strong><br \/>\nEntitat finan\u00e7adora: Direcci\u00f3n General de Ense\u00f1anza Superior. Subdirecci\u00f3n General de Formaci\u00f3n y Promoci\u00f3n del Conocimiento. (Ministerio de Educaci\u00f3n y Cultura) DGES PB96-1218. (Resoluci\u00f3 1997-11-17).<\/p>\n<p class=\"rtejustify\">&nbsp;<\/p>\n<p class=\"rtejustify\">Entitats participants: Departament de Did\u00e0ctica de la Llengua i de la Literatura i de las Ci\u00e8ncies Socials de la UAB.<\/p>\n<p class=\"rtejustify\">Durada: 1-12-1997 \/ 1-12-2000. &nbsp; &nbsp;&nbsp;<\/p>\n<hr \/>\n<p class=\"rtejustify\"><strong>Evoluci\u00f3 de les estrat\u00e8gies ortogr\u00e0fiques dels nens de primer de prim\u00e0ria<\/strong><br \/>\nEntitat finan\u00e7adora: Vicerectorat d\u2019investigaci\u00f3 de la UAB.<\/p>\n<p class=\"rtejustify\">&nbsp;<\/p>\n<p class=\"rtejustify\">Durada: 29-09-1994 \/ 29-09-1996.<\/p>\n<p class=\"rtejustify\">Quantitat &nbsp;de la subvenci\u00f3: 600.000 ptes<\/p>\n<p class=\"rtejustify\">Investigador\/a responsable: Montserrat Bigas.<\/p>\n<p class=\"rtejustify\">Noms dels investigadors\/es:. Anna Camps, Montserrat Fons, Anna Mackay, Montserrat Font.<\/p>\n<hr \/>\n<p class=\"rtejustify\"><strong>La evaluaci\u00f3n del aprendizaje de la composici\u00f3n escrita en situaci\u00f3n escolar: elaboraci\u00f3n de instrumentos de evaluaci\u00f3n de los procesos, de los conocimientos referidos a procedimientos y conceptos, y de los productos ling\u00fc\u00edsticos elaborados<\/strong><br \/>\nEntitat finan\u00e7adora: CIDE del Ministerio de Educaci\u00f3n y Ciencia (Concurso nacional de proyectos de investigaci\u00f3n educativa de 1993: Resoluci\u00f3n de 26-IV-93\/ BOE 15-V)<\/p>\n<p class=\"rtejustify\">&nbsp;<\/p>\n<p class=\"rtejustify\">El treball va rebre una Menci\u00f3 Honor\u00edfica en la modalitat d\u2019Investigaci\u00f3n Educativa dels Premios Nacionales de Investigaci\u00f3n Educativa 1996 del MEC.<\/p>\n<p class=\"rtejustify\">Durada: 26-04-1993 \/ 30-05-1996.<\/p>\n<p class=\"rtejustify\">Quantitat &nbsp;de la subvenci\u00f3: 1.310.000 ptes<\/p>\n<hr \/>\n<p class=\"rtejustify\"><strong>Procesos de composici\u00f3n escrita en segunda lengua y programas de inmersi\u00f3n (EMER1995-20)<\/strong><br \/>\nEntitat finan\u00e7adora: Comissi\u00f3 Interdepartamental de Recerca i Innovaci\u00f3 Tecnol\u00f2gica (CIRIT).<\/p>\n<p class=\"rtejustify\">&nbsp;<\/p>\n<p class=\"rtejustify\">Durada: 01-01-1995 \/ 31-12-1996.<\/p>\n<p class=\"rtejustify\">Quantitat &nbsp;de la subvenci\u00f3: 40.000 ptes.<\/p>\n<p class=\"rtejustify\">Investigador\/a responsable: Oriol Guasch Boy\u00e9.<\/p>\n<p class=\"rtejustify\">Noms dels Investigadors\/es: Teresa Ribas Seix, Marta Milian Gubern.<\/p>\n<hr \/>\n<p class=\"rtejustify\"><strong>Programa per al millorament de la llengua escrita (EMER 1988-006)<\/strong><br \/>\nEntitat finan\u00e7adora: Vicerectorat d\u2019investigaci\u00f3 i ICE de la UAB.<\/p>\n<p class=\"rtejustify\">&nbsp;<\/p>\n<p class=\"rtejustify\">Durada: 1988 \/ 1989.<\/p>\n<p class=\"rtejustify\">Quantitat &nbsp;de la subvenci\u00f3: 100.000 ptes<\/p>\n<p class=\"rtejustify\">Investigador\/a responsable: Anna Camps Mund\u00f3.<\/p>\n<p class=\"rtejustify\">Noms dels Investigador\/es: Marta Milian, Teresa Ribas, Oriol Guasch, Xavier Luna, Montserrat Bigas, Merc\u00e8 Clariana.<\/p>\n<hr \/>\n","protected":false},"excerpt":{"rendered":"<p>La incidencia de la reflexi\u00f3n sobre la lengua en la construcci\u00f3n de la competencia escrita Entitat finan\u00e7adora: Mineco Durada: 01-01-2012 \/ 30-06-2015 Quantitat de la subvenci\u00f3: 65.945 \u20ac Investigadora responsable: Teresa Ribas Seix Xarxa Incentivadora de Recerca Educativa: Educaci\u00f3 ling\u00fc\u00edstica i liter\u00e0ria en entorns de pluriling\u00fcisme (Xarxa Llera) (2006XIRE-00001) (2008XIRE-00003) Entitat finan\u00e7adora: DURSI \/ Departament [&hellip;]<\/p>\n","protected":false},"author":20,"featured_media":0,"parent":0,"menu_order":0,"comment_status":"closed","ping_status":"closed","template":"","meta":{"footnotes":""},"class_list":["post-79","page","type-page","status-publish","hentry"],"_links":{"self":[{"href":"https:\/\/webs.uab.cat\/greal\/wp-json\/wp\/v2\/pages\/79","targetHints":{"allow":["GET"]}}],"collection":[{"href":"https:\/\/webs.uab.cat\/greal\/wp-json\/wp\/v2\/pages"}],"about":[{"href":"https:\/\/webs.uab.cat\/greal\/wp-json\/wp\/v2\/types\/page"}],"author":[{"embeddable":true,"href":"https:\/\/webs.uab.cat\/greal\/wp-json\/wp\/v2\/users\/20"}],"replies":[{"embeddable":true,"href":"https:\/\/webs.uab.cat\/greal\/wp-json\/wp\/v2\/comments?post=79"}],"version-history":[{"count":0,"href":"https:\/\/webs.uab.cat\/greal\/wp-json\/wp\/v2\/pages\/79\/revisions"}],"wp:attachment":[{"href":"https:\/\/webs.uab.cat\/greal\/wp-json\/wp\/v2\/media?parent=79"}],"curies":[{"name":"wp","href":"https:\/\/api.w.org\/{rel}","templated":true}]}}