{"id":80,"date":"2017-11-30T14:19:08","date_gmt":"2017-11-30T14:19:08","guid":{"rendered":"https:\/\/webs.uab.cat\/greal\/treballsdirigits\/"},"modified":"2017-11-30T14:19:08","modified_gmt":"2017-11-30T14:19:08","slug":"treballsdirigits","status":"publish","type":"page","link":"https:\/\/webs.uab.cat\/greal\/treballsdirigits\/","title":{"rendered":"Treballs dirigits"},"content":{"rendered":"<p>*Escriptura a la universitat i construcci\u00f3 de la identitat acad\u00e8mica. An\u00e0lisi d&#8217;una intervenci\u00f3 did\u00e0ctica a 1r curs<br \/>\nAny: 2014<\/p>\n<p>Autora: Jordina Coromina<\/p>\n<p>Directora: Marta Milian<\/p>\n<p>M\u00e0ster Oficial de Recerca en Did\u00e0ctica de la Llengua i la Literatura (Departament de Did\u00e0ctica de la Llengua i la Literatura i les Ci\u00e8ncies Socials, UAB)<\/p>\n<hr \/>\n<p>*La gesti\u00f3 del contingut en l&#8217;escriptura de textos informatius en una aula de primer cicle d&#8217;E.S.O.<br \/>\nAny: 2014<\/p>\n<p>Autora: Aina Reig&nbsp;<\/p>\n<p>Directora: Marta Milian<\/p>\n<p>M\u00e0ster Oficial de Recerca en Did\u00e0ctica de la Llengua i la Literatura (Departament de Did\u00e0ctica de la Llengua i la Literatura i les Ci\u00e8ncies Socials, UAB)<\/p>\n<hr \/>\n<p>*escripturacurr\u00edculum de l\u2019educaci\u00f3 obligat\u00f2riatext<br \/>\nEl tractament integrat del verb a les assignatures de llengua catalana i llengua castellana a 2n d&#8217;ESO (Treball final de m\u00e0ster)<br \/>\nAny: 2013<\/p>\n<p>Autora: Marina Casadell\u00e0<\/p>\n<p>Director: Oriol Guasch<\/p>\n<hr \/>\n<p>*ensenyament de la llenguaaprenentatge de la llenguasecund\u00e0ria<br \/>\nAn\u00e1lisis comparativo de la comprensi\u00f3n lectora en dos grupos de 2\u00ba de ESO (Treball final de m\u00e0ster)<br \/>\nAny: 2013<\/p>\n<p>Autora: Olga Mar\u00eda Ruiz Oteiza<\/p>\n<p>Directora: Carmen Rodr\u00edguez Gonzalo<\/p>\n<p>\n*Aproximaci\u00f3n a los errores ortogr\u00e1ficos en Secundaria. An\u00e1lisis de dos pruebas escritas en 1\u00ba y 4\u00ba de ESO (Treball final de m\u00e0ster)<br \/>\nAny: 2013<\/p>\n<p>Autora: Paula Ruiz Ruiz<\/p>\n<p>Directora: Carmen Rodr\u00edguez Gonzalo<\/p>\n<p>&nbsp;<\/p>\n<p>&nbsp;<\/p>\n<p>*El humor como hilo conductor en narraciones para ni\u00f1os<br \/>\nAny: 2013<\/p>\n<p>Autora: Carmenza Acu\u00f1a<\/p>\n<p>Directora: Marta Milian<\/p>\n<p>M\u00e0ster &nbsp;en Literatura Infantil i Juvenil<\/p>\n<p>\n*El humor como hilo conductor en narraciones para ni\u00f1os (Treball final de m\u00e0ster)<br \/>\nAny: 2013<\/p>\n<p>Autora: Carmenza Acu\u00f1a<\/p>\n<p>Directora: Marta Milian<\/p>\n<p>\n*Els valors del subjuntiu. Un estudi de cas sobre l&#8217;activitat metaling\u00fc\u00edstica dels estudiants de secund\u00e0ria a partir del contrast modal (Tesi doctoral)<br \/>\nAny: 2013<\/p>\n<p>Autora: Carme Dur\u00e1n Rivas<\/p>\n<p>Directora: Teresa Ribas, Anna Camps<\/p>\n<p>\n*Estudio sobre la escritura de palabras hom\u00f3fonas en 2\u00ba de ESO (Treball final de m\u00e0ster)<br \/>\nAny: 2013<\/p>\n<p>Autor: Roberto Engu\u00eddanos<\/p>\n<p>Directora: Carmen Rodr\u00edguez Gonzalo<\/p>\n<p>\n*Infancia y p\u00e9rdida. Madres mediadoras y \u00e1lbumes ilustrados o c\u00f3mo explicar lo inefable (Treball final de m\u00e1ster)<br \/>\nAny: 2013<\/p>\n<p>Autora: Isabel P\u00e9rez Forneas<\/p>\n<p>Directora: Marta Milian<br \/>\n&nbsp;<\/p>\n<p>*Infancia y p\u00e9rdida: Madres mediadoras y \u00e1lbumes ilustrados, o c\u00f3mo explicar lo inefable<br \/>\nAny: 2013<\/p>\n<p>Autora: Isabel P\u00e9rez Forneas<\/p>\n<p>Directora: Marta Milian<\/p>\n<p>M\u00e0ster &nbsp;en Literatura Infantil i Juvenil<\/p>\n<p>&nbsp;<\/p>\n<p>*Influencia interling\u00fc\u00edstica entre lenguas afines. El italiano LE de biling\u00fces catal\u00e1n\/castellano (Tesis doctoral)<br \/>\nAny: 2013<\/p>\n<p>Autora: Aurelia Lumbau<\/p>\n<p>Directora: Marilisa Birello, Elisa Rosado<\/p>\n<p>*La competencia socioling\u00fc\u00edstica en los manuales de Espa\u00f1ol como lengua extranjera<br \/>\nAny: 2013<\/p>\n<p>Autora: Estela V\u00e1zquez Garc\u00eda<\/p>\n<p>Directora: Carmen Rodr\u00edguez Gonzalo<\/p>\n<p>*La reflexi\u00f3n metaling\u00fc\u00edstica sobre el orden oracional en espa\u00f1ol. Una investigaci\u00f3n sobre alumnos de 4\u00ba de ESO, 2\u00ba de Bachillerato y 3\u00ba de Grado en Estudios Hisp\u00e1nicos (Treball final de m\u00e0ster)<br \/>\nAny: 2013&nbsp;<\/p>\n<p>Autora: Raquel Bad\u00eda Iborra<\/p>\n<p>Directora: Carmen Rodr\u00edguez Gonzalo, M\u00aa Jos\u00e9 Garc\u00eda Folgado<\/p>\n<p>*Las dificultades de aprendizaje del chino de los espa\u00f1oles adultos. Un an\u00e1lisis de errores en la escritura (Treball final de m\u00e0ster)<br \/>\nAny: 2013<\/p>\n<p>Autora: Yuling Li<\/p>\n<p>Directora: Carmen Rodr\u00edguez Gonzalo, M\u00aa Dolores Garc\u00eda Pastor<\/p>\n<p>&nbsp;<\/p>\n<p>*Leer im\u00e1genes: construyendo caminos en el desarrollo de la argumentaci\u00f3n en la primera infancia<br \/>\nAny: 2013<\/p>\n<p>Autora: Yeimi Arango<\/p>\n<p>Directora: Marta Milian<\/p>\n<p>M\u00e0ster en Literatura Infantil i Juvenil<\/p>\n<p>&nbsp;<br \/>\n*Leer im\u00e1genes: construyendo caminos en el desarrollo de la argumentaci\u00f3n en la primera infancia (Treball final de m\u00e0ster)<br \/>\nAny: 2013<\/p>\n<p>Autora: Yeimi Arango<\/p>\n<p>Directora: Marta Milian<\/p>\n<p>*Los modelos de g\u00e9nero discursivo en la planificaci\u00f3n y revisi\u00f3n textual. An\u00e1lisis del uso de modelos en alumnos de 3\u00ba ESO (Tesis doctoral)<br \/>\nAny: En curso<\/p>\n<p>Autora: Victoria Abad Beltr\u00e1n<\/p>\n<p>Directora: Carmen Rodr\u00edguez Gonzalo<\/p>\n<p>*Los ni\u00f1os, la poes\u00eda y la escuela: lo dicho, lo olvidado, lo irrefutable<br \/>\nAny: 2013<\/p>\n<p>Autora: Diego Lebro<\/p>\n<p>Directora: Marta Milian<\/p>\n<p>M\u00e0ster en Literatura Infantil i Juvenil<\/p>\n<p>*Observaci\u00f3n del proceso de composici\u00f3n escrita de 3 alumnos (Treball final de m\u00e0ster)<br \/>\nAny: 2013<br \/>\nAutora: Maria S\u00e1nchez G\u00fcerri<\/p>\n<p>Directora: Rosa Gil, Marta Milian<\/p>\n<p>*Planteando problemas de gram\u00e1tica a los alumnos de 2\u00ba de Filolog\u00eda (Treball final de m\u00e0ster)<br \/>\nAny: 2013<\/p>\n<p>Autora: M\u00aa Amparo Mart\u00edn Jim\u00e9nez<\/p>\n<p>Directora: Carmen Rodr\u00edguez Gonzalo&nbsp;<\/p>\n<p>*Reflexi\u00f3 cr\u00edtica d\u2019una unitat did\u00e0ctica desenvolupada a l\u2019ESO, centrada en la lectura i l\u2019escriptura (Treball final de m\u00e0ster)<br \/>\nAny: 2013<\/p>\n<p>Autora: Carme Capel<\/p>\n<p>Directora: Marta Milian<\/p>\n<p>&nbsp;<br \/>\n*Saberes y actitudes de las familias en la Biblioteca Municipal Os Rosales en relaci\u00f3n a la lectura en las primeras edades (0 a 3 a\u00f1os)<br \/>\nAny: 2013<\/p>\n<p>Autora: Ver\u00f3nica Sabajanes<\/p>\n<p>Directora: Marta Milian<\/p>\n<p>M\u00e0ster &nbsp;en Literatura Infantil i Juvenil<\/p>\n<p>*Una aproximaci\u00f3n a las creencias del profesorado de ciencias naturales y de ciencias sociales sobre las tareas de escritura en ESO (Treball final de m\u00e0ster)<br \/>\nAny: 2013<\/p>\n<p>Autor: Santiago Fabregat<\/p>\n<p>Director: Xavier Fontich<\/p>\n<p>*&#8221;The secret Diary of&#8230;&#8221; La teoria de g\u00e8nere i d&#8217;activitat per avaluar la compet\u00e8ncia comunicativa escrita. Estudi de cas (Treball final de m\u00e0ster)<br \/>\nAny: 2009<\/p>\n<p>Autora: Berta de Dios Garcia<\/p>\n<p>Directora: Teresa Ribas Seix<\/p>\n<p>*An\u00e0lisi de l&#8217;actuaci\u00f3 discursiva oral d&#8217;un mestre novell en una classe de llengua catalana de 4rt de prim\u00e0ria: la gesti\u00f3 de l&#8217;aula i la construcci\u00f3 del coneixement (Treball final de m\u00e0ster)<br \/>\nAny: 2008<\/p>\n<p>Autora: Maria Casas Deseuras<\/p>\n<p>Directora: Marta Milian Gubern<\/p>\n<p>*An\u00e0lisi del processos de comprensi\u00f3 lectora en una seq\u00fc\u00e8ncia did\u00e0ctica (Treball final de m\u00e0ster)<br \/>\nAny: 2010<\/p>\n<p>Autora: Rosa Belana Vallcaneras<\/p>\n<p>Directora: Teresa Ribas Seix<\/p>\n<p>*An\u00e1lisis de los resultados de la aplicaci\u00f3n de una secuencia did\u00e1ctica sobre el g\u00e9nero &#8220;F\u00e1bula&#8221; (Treball de recerca)<br \/>\nAny: 1999<\/p>\n<p>Autora: Paulina de Jes\u00fas V\u00e9lez<\/p>\n<p>Directora: Anna Camps Mund\u00f3<\/p>\n<p>*An\u00e1lisis del libro de texto y su uso en la pr\u00e1ctica docente<br \/>\nAny: 2012<br \/>\n&nbsp;<br \/>\nAutora: Margarita M\u00e1rmol Lucas.<\/p>\n<p>Directora: Carmen Rodr\u00edguez Gonzalo.<\/p>\n<p>*Analizando la sintaxis<br \/>\nAny: 2012<br \/>\n&nbsp;<br \/>\nAutora: J\u00falia Mart\u00ednez Aquino.<br \/>\n&nbsp;<br \/>\nDirectora: Carmen Rodr\u00edguez Gonzalo.<\/p>\n<p>*Aproximaci\u00f3 a les conceptualitzacions gramaticals d&#8217;alumnes de secund\u00e0ria a prop\u00f2sit de les classes de mots (Treball de recerca)<br \/>\nAny: 2007<\/p>\n<p>Autor: Jaume Maci\u00e0 Guil\u00e0<\/p>\n<p>Directora: Anna Camps Mund\u00f3<\/p>\n<p>*Aproximaci\u00f3n a un modelo de evaluaci\u00f3n formativa del resumen del texto narrativo en ingl\u00e9s: la secuencia did\u00e1ctica y la cooperaci\u00f3n (Tesi doctoral)<br \/>\nAny: 2009<\/p>\n<p>Autora: Generosa Lid\u00f3n Barber\u00e1 La\u00ednez<\/p>\n<p>Directora: Marta Milian Gubern<\/p>\n<p>*Capacitat de lectura i interpretaci\u00f3 de textos a l&#8217;educaci\u00f3 infantil (Treball de recerca)<br \/>\nAny: 1998<\/p>\n<p>Autora: Maria Soliva Garriga<\/p>\n<p>Directora: Anna Camps Mund\u00f3<\/p>\n<p>*Caracter\u00edsticas de textos argumentativos en Secundaria y Universidad: an\u00e1lisis comparativo en educaci\u00f3n privada mexicana (Treball final de m\u00e0ster)<br \/>\nAny: 2008<\/p>\n<p>Autora: Ana Graciela Silas Casillas<\/p>\n<p>Directora: Teresa Ribas Seix<\/p>\n<p>*Concepciones de un profesor acerca de la ense\u00f1anza de la lengua escrita (Treball final de m\u00e0ster)<br \/>\nAny: 2008<\/p>\n<p>Autor: Mart\u00edn Harrod C\u00e1rdenas Parra<\/p>\n<p>Director: Oriol Guasch Boy\u00e9<\/p>\n<p>*Conceptos gramaticales en alumnos de 4\u00ba de ESO: El Sujeto (Treball de recerca)<br \/>\nAny: 2000<\/p>\n<p>Autora: Gema Notario Herrero<\/p>\n<p>Directora: Anna Camps Mund\u00f3<\/p>\n<p>*Dificultades en la composici\u00f3n de textos descriptivos (Treball final de m\u00e0ster)<br \/>\nAny: 2013 Autora: Paula Mendoza Directora: Carmen Rodr\u00edguez Gonzalo<\/p>\n<p>*Dos interpretaciones diferentes del curr\u00edculum del \u00e1rea de lengua: En primer y segundo a\u00f1o de primaria (Treball final de m\u00e0ster)<br \/>\nAny: 2010<\/p>\n<p>Autora: Carla Alejandra Calisto Alegr\u00eda<\/p>\n<p>Directora: Montserrat Bigas Salvador<\/p>\n<p>*El an\u00e1lisis de dos concepciones y dos pr\u00e1cticas diferentes y simult\u00e1neas en la ense\u00f1anza de la lengua escrita en aulas de parvulario de 5 a\u00f1os (Treball final de m\u00e0ster)<br \/>\nAny: 2010<\/p>\n<p>Autora: M\u00f3nica Beatriz Novoa Solla<\/p>\n<p>Directora: Montserrat Bigas Salvador<\/p>\n<p>*El comentario ling\u00fc\u00edstico de textos como mediador del aprendizaje en las tareas de escritura (Treball final de m\u00e0ster)<br \/>\nAny: 2010<\/p>\n<p>Autora: Immaculada L\u00f3pez P\u00e9rez<\/p>\n<p>Directora: Marta Milian Gubern<\/p>\n<p>*El efecto de la instrucci\u00f3n en el desarrollo de las estrategias de cortes\u00eda verbal en cartas de opini\u00f3n a un peri\u00f3dico en el marco de la investigaci\u00f3n en acci\u00f3n de una secuencia did\u00e1ctica -alumnos de \u00faltimo curso de EOI- (Tesi doctoral)<br \/>\nAny: 2007<\/p>\n<p>Autora: Inmaculada Gar\u00edn Mart\u00ednez<\/p>\n<p>Directora: Marta Milian Gubern<\/p>\n<p>*El llenguatge interior dels aprenents adults d&#8217;angl\u00e8s com a llengua estrangera: Caracter\u00edstiques ling\u00fc\u00edstiques i funcions (Treball de recerca)<br \/>\nAny: 2000<\/p>\n<p>Autor: Xavier Guti\u00e9rrez Zaragoza<\/p>\n<p>Director: Oriol Guasch Boy\u00e9<\/p>\n<p>*El Plan de fomento lector y su aplicaci\u00f3n en el IES Henri Matisse<br \/>\nAny: 2012<br \/>\n&nbsp;<br \/>\nAutora: Empar Maria Mart\u00ed Granell<br \/>\n&nbsp;<br \/>\nDirectora: Carmen Rodr\u00edguez Gonzalo<\/p>\n<p>*El Programa PASE: consecuencias de su desaparici\u00f3n en un centro de Secundaria. Un estudio de casos<br \/>\nAny: 2012<br \/>\n&nbsp;<br \/>\nAutora: Carolina Lorca Palau.<\/p>\n<p>Directora: Carmen Rodr\u00edguez Gonzalo.<\/p>\n<p>*Els processos de composici\u00f3 escrita dels alumnes d&#8217;ESO de proced\u00e8ncia marroquina d&#8217;incorporaci\u00f3 tardana. Un estudi de casos (Treball de recerca)<br \/>\nAny: 2003<\/p>\n<p>Autora: Roser Carles i Colom<\/p>\n<p>Director: Oriol Guasch Boy\u00e9<\/p>\n<p>*Escribir para leer. Leer para comunicar. C\u00f3mo hacer un reportaje period\u00edstico para televisi\u00f3n.<br \/>\nAny: 2012<br \/>\n&nbsp;<br \/>\nAutor: Jorge Carrascosa Mart\u00ednez.<\/p>\n<p>Director: Carmen Rodr\u00edguez Gonzalo.<\/p>\n<p>*Hablando de gram\u00e1tica en 4\u00ba de ESO (Treball final de m\u00e0ster)<br \/>\nAny: 2010<\/p>\n<p>Autora: Ana Mar\u00eda Mart\u00ednez La\u00ednez<\/p>\n<p>Directora: Teresa Ribas Seix<\/p>\n<p>*Hablando de los complementos verbales con los alumnos de 3\u00ba de ESO<br \/>\nAny: 2012<br \/>\n&nbsp;<br \/>\nAutora: Amparo Mart\u00edn Jim\u00e9nez.<\/p>\n<p>Directora: Carmen Rodr\u00edguez.<\/p>\n<p>*Incid\u00e8ncia del context en la construcci\u00f3 del text escrit (Tesi doctoral)<br \/>\nAny: 1999<\/p>\n<p>Autora: Marta Milian Gubern<\/p>\n<p>Directora: Anna Camps Mund\u00f3<\/p>\n<p>*L&#8217;avaluaci\u00f3 formativa en l&#8217;ensenyament i aprenentatge de la composici\u00f3 escrita (Tesi doctoral)<br \/>\nAny: 2000<\/p>\n<p>Autora: Teresa Ribas Seix<\/p>\n<p>Directora: Anna Camps Mund\u00f3<\/p>\n<p>*L&#8217;ensenyament i l&#8217;aprenentatge de les explicacions orals a classe als estudiants de magisteri. Una seq\u00fc\u00e8ncia did\u00e0ctica (Tesi doctoral)<br \/>\nAny: 2000<\/p>\n<p>Autora: Montserrat Vil\u00e0 Santasusana<\/p>\n<p>Directora: Anna Camps Mund\u00f3<\/p>\n<p>*L&#8217;organitzaci\u00f3 i la integraci\u00f3 dels conceptes gramaticals en finalitzar 6\u00e8 de prim\u00e0ria (Treball final de m\u00e0ster)<br \/>\nAny: 2009<\/p>\n<p>Autora: Mireia Torralba Rosell\u00f3<\/p>\n<p>Directora: Marta Milian Gubern<\/p>\n<p>*La atenci\u00f3n ling\u00fc\u00edstica a los alumnos reci\u00e9n llegados al sistema educativo. El PASE, antes y despu\u00e9s<br \/>\nAny: 2012<br \/>\n&nbsp;<br \/>\nAutora: Elena Mestre Mart\u00ed.<br \/>\n&nbsp;<br \/>\nDirectora: Carmen Rodr\u00edguez Gonzalo.<\/p>\n<p>*La composici\u00f3 escrita al cicle superior de Prim\u00e0ria. Entrevistes a mestres i observacions a l&#8217;aula (Treball de recerca)<br \/>\nAny: 2008<\/p>\n<p>Autora: Montserrat Garrell Pons<\/p>\n<p>Directora: Teresa Ribas Seix<\/p>\n<p>*La construcci\u00f3 del saber metaling\u00fc\u00edstic. Estudi sobre l&#8217;aprenentatge de la gram\u00e0tica d&#8217;escolars de secund\u00e0ria en el marc d&#8217;una seq\u00fcencia did\u00e0ctica (Tesi doctoral)<br \/>\nAny: 2010<\/p>\n<p>Autor: Xavier Fontich Vicens<\/p>\n<p>Directores: Anna Camps Mund\u00f3 i Teresa Ribas Seix<\/p>\n<p>*La cr\u00edtica literaria como texto argumentativo. Una investigaci\u00f3n en el aula universitaria<br \/>\nAny: 2012<br \/>\n&nbsp;<br \/>\nAutora: Ar\u00e1nzazu Bea Reyes<br \/>\n&nbsp;<br \/>\nDirectora: Carmen Rodr\u00edguez Gonzalo<\/p>\n<p>*La escritura autobiogr\u00e1fica en el aula: una manera de aprender a narrar (Tesi doctoral)<br \/>\nAny: 1999<\/p>\n<p>Autora: Francisca P\u00e9rez Romero<\/p>\n<p>Directora: Anna Camps Mund\u00f3<\/p>\n<p>*La segmentaci\u00f3 del text escrit en infants de primer curs de prim\u00e0ria. Estudi Evolutiu (Tesi doctoral)<br \/>\nAny: 2006<\/p>\n<p>Autora: Montserrat Bigas Salvador<\/p>\n<p>Directora: Anna Camps Mund\u00f3<\/p>\n<p>*La situaci\u00f3 de l&#8217;ensenyament-aprenentatge de la composici\u00f3 escrita a les aules de llengua de secund\u00e0ria: An\u00e0lisi del que diuen que fan els docents d&#8217;una mostra de centres (Treball de recerca)<br \/>\nAny: 2007<\/p>\n<p>Autora: Pilar Adell Guti\u00e9rrez<\/p>\n<p>Directora: Teresa Ribas Seix<\/p>\n<p>*Ocurrencias discursivas del sistema comunicativo universitario en el ingreso a dos \u00e1reas de la formaci\u00f3n superior: Ingenier\u00eda y Ciencias Sociales (Treball final de m\u00e0ster)<br \/>\nAny: 2010<\/p>\n<p>Autora: Miriam Maria Rosa Casco S\u00e1nchez<\/p>\n<p>Directora: Marta Milian Gubern<\/p>\n<p>*Pluriling\u00fcisme en contextos d&#8217;immigraci\u00f3 (Treball de recerca)<br \/>\nAny: 2001<\/p>\n<p>Autora: Carme Mart\u00edn Manzano<\/p>\n<p>Directora: Anna Camps Mund\u00f3<\/p>\n<p>*Processos de composici\u00f3 escrita i programes d&#8217;immersi\u00f3: l&#8217;\u00fas de la L1 en la composici\u00f3 en L2 (Tesi doctoral)<br \/>\nAny: 1999<\/p>\n<p>Autor: Oriol Guasch Boy\u00e9<\/p>\n<p>Directora: Anna Camps Mund\u00f3<\/p>\n<p>*Programas educativos interculturales bi o pluriling\u00fces (Treball final de m\u00e0ster)<br \/>\nAny: 2008<\/p>\n<p>Autora: Judith Guadalupe Paez Paniagua<\/p>\n<p>Director: Oriol Guasch Boy\u00e9<\/p>\n<p>*Projecte Queta per al foment de l&#8217;\u00fas social del catal\u00e0. Avaluaci\u00f3 d&#8217;una experi\u00e8ncia<br \/>\nAny: 2012<br \/>\n&nbsp;<br \/>\nAutora: J\u00falia Lav\u00e8rnia Grau<br \/>\n&nbsp;<br \/>\nDirectora: Montserrat Bigas Salvador<\/p>\n<p>*Reflexi\u00f3 gramatical interling\u00fc\u00edstica sobre l&#8217;aspecte verbal a 2n d&#8217;ESO<br \/>\nAny: 2012<\/p>\n<p>Autor: N\u00faria Borr\u00e0s Cuadrat<br \/>\n&nbsp;<br \/>\nDirector: Oriol Guasch Boy\u00e9<\/p>\n<p>*Pluriling\u00fcisme en contextos d&#8217;immigraci\u00f3 (Treball de recerca)<br \/>\nAny: 2001<\/p>\n<p>Autora: Carme Mart\u00edn Manzano<\/p>\n<p>Directora: Anna Camps Mund\u00f3<\/p>\n<p>*Processos de composici\u00f3 escrita i programes d&#8217;immersi\u00f3: l&#8217;\u00fas de la L1 en la composici\u00f3 en L2 (Tesi doctoral)<br \/>\nAny: 1999<\/p>\n<p>Autor: Oriol Guasch Boy\u00e9<\/p>\n<p>Directora: Anna Camps Mund\u00f3<\/p>\n<p>*Programas educativos interculturales bi o pluriling\u00fces (Treball final de m\u00e0ster)<br \/>\nAny: 2008<\/p>\n<p>Autora: Judith Guadalupe Paez Paniagua<\/p>\n<p>Director: Oriol Guasch Boy\u00e9<\/p>\n<p>*Projecte Queta per al foment de l&#8217;\u00fas social del catal\u00e0. Avaluaci\u00f3 d&#8217;una experi\u00e8ncia<br \/>\nAny: 2012<br \/>\n&nbsp;<br \/>\nAutora: J\u00falia Lav\u00e8rnia Grau<br \/>\n&nbsp;<br \/>\nDirectora: Montserrat Bigas Salvador<\/p>\n<p>\n*Reflexi\u00f3 gramatical interling\u00fc\u00edstica sobre l&#8217;aspecte verbal a 2n d&#8217;ESO<br \/>\nAny: 2012<\/p>\n<p>Autor: N\u00faria Borr\u00e0s Cuadrat<br \/>\n&nbsp;<br \/>\nDirector: Oriol Guasch Boy\u00e9<\/p>\n<p>*Reflexiones sobre una experiencia pedag\u00f3gica: la escritura en los g\u00e9neros acad\u00e9micos (Treball de recerca)<br \/>\nAny: 2008<\/p>\n<p>Autora: Mary Edith Murillo Fern\u00e1ndez<\/p>\n<p>Directora: Teresa Ribas Seix<\/p>\n<p>*Representaciones de los estudiantes sobre la escritura en situaci\u00f3 acad\u00e9mica: Un estudio con los alumnos del Plan Com\u00fan de Formaci\u00f3n Inicials de Profesores de la UTA (Treball de recerca)<br \/>\nAny: 2002<\/p>\n<p>Autora: Patricia Uribe Guti\u00e9rrez<\/p>\n<p>Directora: Anna Camps Mund\u00f3<\/p>\n<p>*Representaciones y actitudes de adultos inmigrantes y extranjeros sobre el aprendizaje y el uso del espa\u00f1ol<br \/>\nAny: 2012<br \/>\n&nbsp;<br \/>\nAutora: Isabel Garc\u00eda Parejo<br \/>\n&nbsp;<br \/>\nDirector: Oriol Guasch Boy\u00e9<\/p>\n<p>\n*Una secuencia did\u00e1ctica de gram\u00e1tica sobre el incremento personal HU, HUE, en benasqu\u00e9s<br \/>\nAny: 2012<br \/>\n&nbsp;<br \/>\nAutor: Jos\u00e9 Antonio Saura Ram\u00ed<br \/>\n&nbsp;<br \/>\nDirector: Oriol Guasch Boy\u00e9<\/p>\n<p>*Una seq\u00fc\u00e8ncia did\u00e0ctica de gram\u00e0tica per a l&#8217;ensenyament-aprenentatge de la complementaci\u00f3 verbal a l&#8217;ESO: &#8220;La classificaci\u00f3 dels verbs segons els complements verbals (Treball de recerca)<br \/>\nAny: 2004<\/p>\n<p>Autor: Xavier Fontich Vicens<\/p>\n<p>Directora: Anna Camps Mund\u00f3<\/p>\n<p>*Una seq\u00fc\u00e8ncia did\u00e0ctica sobre la cohesi\u00f3 a partir de la revisi\u00f3 de textos redactats per alumnes de l&#8217;assignatura Llengua i Comunicaci\u00f3 I de l&#8217;Escola Superior de M\u00fasica de Catalunya (Treball de recerca)<br \/>\nAny: 2009<\/p>\n<p>Autor: Carles Ill Garcia<\/p>\n<p>Directora: Anna Camps Mund\u00f3<\/p>\n","protected":false},"excerpt":{"rendered":"<p>*Escriptura a la universitat i construcci\u00f3 de la identitat acad\u00e8mica. An\u00e0lisi d&#8217;una intervenci\u00f3 did\u00e0ctica a 1r curs Any: 2014 Autora: Jordina Coromina Directora: Marta Milian M\u00e0ster Oficial de Recerca en Did\u00e0ctica de la Llengua i la Literatura (Departament de Did\u00e0ctica de la Llengua i la Literatura i les Ci\u00e8ncies Socials, UAB) *La gesti\u00f3 del contingut [&hellip;]<\/p>\n","protected":false},"author":20,"featured_media":0,"parent":0,"menu_order":0,"comment_status":"closed","ping_status":"closed","template":"","meta":{"footnotes":""},"class_list":["post-80","page","type-page","status-publish","hentry"],"_links":{"self":[{"href":"https:\/\/webs.uab.cat\/greal\/wp-json\/wp\/v2\/pages\/80","targetHints":{"allow":["GET"]}}],"collection":[{"href":"https:\/\/webs.uab.cat\/greal\/wp-json\/wp\/v2\/pages"}],"about":[{"href":"https:\/\/webs.uab.cat\/greal\/wp-json\/wp\/v2\/types\/page"}],"author":[{"embeddable":true,"href":"https:\/\/webs.uab.cat\/greal\/wp-json\/wp\/v2\/users\/20"}],"replies":[{"embeddable":true,"href":"https:\/\/webs.uab.cat\/greal\/wp-json\/wp\/v2\/comments?post=80"}],"version-history":[{"count":0,"href":"https:\/\/webs.uab.cat\/greal\/wp-json\/wp\/v2\/pages\/80\/revisions"}],"wp:attachment":[{"href":"https:\/\/webs.uab.cat\/greal\/wp-json\/wp\/v2\/media?parent=80"}],"curies":[{"name":"wp","href":"https:\/\/api.w.org\/{rel}","templated":true}]}}