{"id":85,"date":"2017-11-30T14:35:42","date_gmt":"2017-11-30T14:35:42","guid":{"rendered":"https:\/\/webs.uab.cat\/greal\/membres-2\/"},"modified":"2022-07-26T17:18:43","modified_gmt":"2022-07-26T17:18:43","slug":"membres-2","status":"publish","type":"page","link":"https:\/\/webs.uab.cat\/greal\/membres-2\/","title":{"rendered":"Membres"},"content":{"rendered":"\n<p><strong>Equip gestor:\u00a0<\/strong><br><a href=\"https:\/\/webs.uab.cat\/greal\/birello\/\" data-type=\"page\" data-id=\"94\">Birello, Marilisa<\/a> \u00a0\u00a0<br><a href=\"https:\/\/webs.uab.cat\/greal\/publicacions-teresa-ribas-i-seix\/\" data-type=\"page\" data-id=\"119\">Ribas i Seix, Teresa<\/a> \u00a0<br><a href=\"https:\/\/webs.uab.cat\/greal\/xavier-fontich-vicens\/\" data-type=\"page\" data-id=\"126\">Fontich Vicens, Xavier<\/a> \u00a0<br><a href=\"https:\/\/webs.uab.cat\/greal\/anna-cros-alavedra\/\" data-type=\"page\" data-id=\"128\">Cros Alavedra, Anna<\/a><br><a href=\"https:\/\/webs.uab.cat\/greal\/rosa-gil-juan\/\" data-type=\"page\" data-id=\"132\">Gil Juan, Rosa<\/a>\u00a0<br><a href=\"https:\/\/webs.uab.cat\/greal\/carme-duran-rivas\/\" data-type=\"page\" data-id=\"137\">Dur\u00e1n Rivas, Carme<\/a><br><a href=\"https:\/\/webs.uab.cat\/greal\/nayme-salas\/\" data-type=\"page\" data-id=\"139\">Salas, Naym\u00e9<br>\u00a0<\/a><br><strong>Membres d&#8217;honor:\u00a0<\/strong><br><a href=\"https:\/\/webs.uab.cat\/greal\/anna-camps-i-mundo\/\" data-type=\"page\" data-id=\"143\">Camps i Mund\u00f3, Anna<\/a> \u00a0 \u00a0<br><a href=\"https:\/\/webs.uab.cat\/greal\/oriol-guasch-boye\/\" data-type=\"page\" data-id=\"151\">Guasch Boy\u00e9, Oriol <\/a>\u00a0<br><a href=\"https:\/\/webs.uab.cat\/greal\/marta-milian-gubern\/\" data-type=\"page\" data-id=\"156\">Milian Gubern, Marta <\/a>\u00a0<br><a href=\"https:\/\/webs.uab.cat\/greal\/felipe-zayas-hernando\/\" data-type=\"page\" data-id=\"161\">Zayas Hernando, Felipe<\/a> \u00a0<br><a href=\"https:\/\/webs.uab.cat\/greal\/montserrat-bigas-salvador\/\" data-type=\"page\" data-id=\"166\">Bigas Salvador, Montserrat<\/a><br>\u00a0<br><strong>Col\u00b7laboradors: \u00a0<\/strong><br><a href=\"https:\/\/webs.uab.cat\/greal\/marina-casadella\/\" data-type=\"page\" data-id=\"171\">Casadell\u00e0, Marina <\/a>\u00a0<br><a href=\"https:\/\/webs.uab.cat\/greal\/mariona-casas-i-deseures\/\" data-type=\"page\" data-id=\"176\">Casas i Deseures, Mariona<\/a> \u00a0<br><a href=\"https:\/\/webs.uab.cat\/greal\/ricardo-coronas-penarrocha\/\" data-type=\"page\" data-id=\"181\">Coronas Pe\u00f1arrocha, Ricardo<\/a>\u00a0<br><a href=\"https:\/\/webs.uab.cat\/greal\/rafel-lemus\/\" data-type=\"page\" data-id=\"183\">Lemus, Rafel<\/a><br><a href=\"https:\/\/webs.uab.cat\/greal\/carmen-rodriguez-gonzalo\/\" data-type=\"page\" data-id=\"187\">Rodr\u00edguez Gonzalo, Carmen <\/a>\u00a0<br><a href=\"https:\/\/webs.uab.cat\/greal\/marta-calaf-vinals\/\" data-type=\"page\" data-id=\"192\">Calaf Vi\u00f1als, Marta<\/a> \u00a0<br><a href=\"https:\/\/webs.uab.cat\/greal\/rosalia-delgado-giron\/\" data-type=\"page\" data-id=\"193\">Delgado Gir\u00f3n, Rosal\u00eda<\/a><br><a href=\"https:\/\/webs.uab.cat\/greal\/m-carmen-gracia-abadias\/\" data-type=\"page\" data-id=\"197\">Gracia Abad\u00edas, M. Carmen<\/a><\/p>\n\n\n\n<p><strong>Antics membres:<\/strong><br><a href=\"https:\/\/webs.uab.cat\/greal\/pilar-adell-i-gutierrez\/\" data-type=\"page\" data-id=\"202\">Adell i Guti\u00e9rrez, Pilar<\/a><br><a href=\"https:\/\/webs.uab.cat\/greal\/rosa-belana-vallcaneras\/\" data-type=\"page\" data-id=\"207\">Belana Vallcaneras, Rosa<\/a><br><a href=\"https:\/\/webs.uab.cat\/greal\/montserrat-garrell-pons\/\" data-type=\"page\" data-id=\"212\">Garrell Pons, Montserrat<\/a><br><a href=\"https:\/\/webs.uab.cat\/greal\/carles-ill-garcia\/\" data-type=\"page\" data-id=\"216\">Ill Garcia, Carles<\/a><br><a href=\"https:\/\/webs.uab.cat\/greal\/pedro-jimeno-capilla\/\" data-type=\"page\" data-id=\"221\">Jimeno Capilla, Pedro<\/a><br><a href=\"https:\/\/webs.uab.cat\/greal\/julia-lavernia-grau\/\" data-type=\"page\" data-id=\"225\">Lav\u00e8rnia Grau, J\u00falia<\/a><br><a href=\"https:\/\/webs.uab.cat\/greal\/inmaculada-lopez-perez\/\" data-type=\"page\" data-id=\"229\">L\u00f3pez P\u00e9rez, Inmaculada<\/a><br><a href=\"https:\/\/webs.uab.cat\/greal\/anna-mendez-i-navarro\/\" data-type=\"page\" data-id=\"234\">M\u00e9ndez i Navarro, Anna<\/a><br><a href=\"https:\/\/webs.uab.cat\/greal\/jordi-perez-badenes\/\" data-type=\"page\" data-id=\"238\">P\u00e9rez Badenes, Jordi<\/a><br><a href=\"https:\/\/webs.uab.cat\/greal\/lola-ribelles-buixaderas\/\" data-type=\"page\" data-id=\"243\">Ribelles Buixaderas, Lola<\/a><br><a href=\"https:\/\/webs.uab.cat\/greal\/juan-sanchez-enciso\/\" data-type=\"page\" data-id=\"245\">S\u00e1nchez-Enciso, Juan<\/a><br><a href=\"https:\/\/webs.uab.cat\/greal\/uri-ruiz-bikandi\/\" data-type=\"page\" data-id=\"249\">Ruiz Bikandi, Uri<\/a><br><a href=\"https:\/\/webs.uab.cat\/greal\/mireia-torralba-i-rosello\/\" data-type=\"page\" data-id=\"254\">Torralba i Rosell\u00f3, Mireia<\/a><br><a href=\"https:\/\/webs.uab.cat\/greal\/m-teresa-verdaguer-i-autonell\/\" data-type=\"page\" data-id=\"259\">Verdaguer i Autonell, M. Teresa\u00a0<\/a><\/p>\n","protected":false},"excerpt":{"rendered":"<p>Equip gestor:\u00a0Birello, Marilisa \u00a0\u00a0Ribas i Seix, Teresa \u00a0Fontich Vicens, Xavier \u00a0Cros Alavedra, AnnaGil Juan, Rosa\u00a0Dur\u00e1n Rivas, CarmeSalas, Naym\u00e9\u00a0Membres d&#8217;honor:\u00a0Camps i Mund\u00f3, Anna \u00a0 \u00a0Guasch Boy\u00e9, Oriol \u00a0Milian Gubern, Marta \u00a0Zayas Hernando, Felipe \u00a0Bigas Salvador, Montserrat\u00a0Col\u00b7laboradors: \u00a0Casadell\u00e0, Marina \u00a0Casas i Deseures, Mariona \u00a0Coronas Pe\u00f1arrocha, Ricardo\u00a0Lemus, RafelRodr\u00edguez Gonzalo, Carmen \u00a0Calaf Vi\u00f1als, Marta \u00a0Delgado Gir\u00f3n, Rosal\u00edaGracia Abad\u00edas, M. [&hellip;]<\/p>\n","protected":false},"author":20,"featured_media":0,"parent":0,"menu_order":0,"comment_status":"closed","ping_status":"closed","template":"","meta":{"footnotes":""},"class_list":["post-85","page","type-page","status-publish","hentry"],"_links":{"self":[{"href":"https:\/\/webs.uab.cat\/greal\/wp-json\/wp\/v2\/pages\/85","targetHints":{"allow":["GET"]}}],"collection":[{"href":"https:\/\/webs.uab.cat\/greal\/wp-json\/wp\/v2\/pages"}],"about":[{"href":"https:\/\/webs.uab.cat\/greal\/wp-json\/wp\/v2\/types\/page"}],"author":[{"embeddable":true,"href":"https:\/\/webs.uab.cat\/greal\/wp-json\/wp\/v2\/users\/20"}],"replies":[{"embeddable":true,"href":"https:\/\/webs.uab.cat\/greal\/wp-json\/wp\/v2\/comments?post=85"}],"version-history":[{"count":3,"href":"https:\/\/webs.uab.cat\/greal\/wp-json\/wp\/v2\/pages\/85\/revisions"}],"predecessor-version":[{"id":299,"href":"https:\/\/webs.uab.cat\/greal\/wp-json\/wp\/v2\/pages\/85\/revisions\/299"}],"wp:attachment":[{"href":"https:\/\/webs.uab.cat\/greal\/wp-json\/wp\/v2\/media?parent=85"}],"curies":[{"name":"wp","href":"https:\/\/api.w.org\/{rel}","templated":true}]}}