{"id":86,"date":"2017-12-04T14:07:54","date_gmt":"2017-12-04T14:07:54","guid":{"rendered":"https:\/\/webs.uab.cat\/greal\/seminaris\/"},"modified":"2017-12-04T14:07:54","modified_gmt":"2017-12-04T14:07:54","slug":"seminaris","status":"publish","type":"page","link":"https:\/\/webs.uab.cat\/greal\/seminaris\/","title":{"rendered":"Seminaris de formaci\u00f3 i assessoraments"},"content":{"rendered":"<p>\n<strong>SEMINARIS:<\/strong><\/p>\n<p class=\"rtejustify\">* Seminari &#8220;<em>An\u00e1lisis de las actividades t\u00edpicas de la ense\u00f1anza de la lengua. Un proyecto cient\u00edfico de conocimiento y de formaci\u00f3n del profesorado<\/em>&#8220;. VII Seminario 2el aula como \u00e1mbito de investigaci\u00f3n sobre el aprendizaje y la ense\u00f1anza de la lengua&#8217;.<\/p>\n<p class=\"rtejustify\">Universidad de Mondragon.<br \/>\n22 i 23 de gener de 2015.<\/p>\n<p class=\"rtejustify\">* Direcci\u00f3 del seminari de formaci\u00f3 a Ikastola Mendaro.<\/p>\n<p class=\"rtejustify\">Gipuzkoa.<br \/>\nDes 15 d&#8217;octubre fins a 10 de desembre de 2014.<\/p>\n<p class=\"rtejustify\">* Direcci\u00f3 del seminari de formaci\u00f3 &#8216;<em>Comprensi\u00f3n escrita<\/em>&#8216; E.P. Elgoibar.<\/p>\n<p class=\"rtejustify\">Elgoibar, Gipuzkoa.<br \/>\nDe 8 de gener fins a 7 de abril de 2014.<\/p>\n<p class=\"rtejustify\">* Seminari del grup GIEL (Grup d&#8217;Investigaci\u00f3 i en Ensenyamentde Lleng\u00fces) &#8216;<em>La autoconfrontaci\u00f3n como m\u00e9todo de investigaci\u00f3n<\/em>&#8216;.<\/p>\n<p class=\"rtejustify\">Universitat de Val\u00e8ncia.<br \/>\n9 d&#8217;abril de 2014.<\/p>\n<p class=\"rtejustify\">* Impartici\u00f3 del &#8216;<em>Seminari Gram\u00e1tica e escrita no primeiro ciclo do Ensino B\u00e1sico<\/em>&#8216; (6 hores).<\/p>\n<p class=\"rtejustify\">Organitzat per la Escuela Superior de Educa\u00e7ao de Santarem (ESES), Portugal.<br \/>\n21 i 22 de maig de 2014.<\/p>\n<p class=\"rtejustify\">&nbsp;<\/p>\n<p class=\"rtejustify\"><strong>ASSESSORAMENTS:<\/strong><\/p>\n<p class=\"rtejustify\">* Assessorament sobre l&#8217;expressi\u00f3 oral a l\u2019escola concertada d\u2019infantil i prim\u00e0ria Maria Auxiliadora.<\/p>\n<p class=\"rtejustify\">Terrassa.<br \/>\n2014.<\/p>\n<p class=\"rtejustify\">* Assessorament sobre l&#8217;expressi\u00f3 escrita a l\u2019escola p\u00fablica d\u2019infantil i prim\u00e0ria El Martinet.<\/p>\n<p class=\"rtejustify\">Ripollet.<br \/>\n2014.<\/p>\n<p class=\"rtejustify\">* Assessorament del seminari de trenta hores sobre Alfabetitzaci\u00f3 funcional i compet\u00e8ncies b\u00e0siques de l&#8217;\u00e0rea de llengua. Encarregat pel Departament d&#8217;Ensenyament i l&#8217;ICE de la UAB.<\/p>\n<p class=\"rtejustify\">Escola Ribo Rubeo de Rub\u00ed.<br \/>\nDe gener a juny de 2013<\/p>\n","protected":false},"excerpt":{"rendered":"<p>SEMINARIS: * Seminari &#8220;An\u00e1lisis de las actividades t\u00edpicas de la ense\u00f1anza de la lengua. Un proyecto cient\u00edfico de conocimiento y de formaci\u00f3n del profesorado&#8220;. VII Seminario 2el aula como \u00e1mbito de investigaci\u00f3n sobre el aprendizaje y la ense\u00f1anza de la lengua&#8217;. Universidad de Mondragon. 22 i 23 de gener de 2015. * Direcci\u00f3 del seminari [&hellip;]<\/p>\n","protected":false},"author":20,"featured_media":0,"parent":0,"menu_order":0,"comment_status":"closed","ping_status":"closed","template":"","meta":{"footnotes":""},"class_list":["post-86","page","type-page","status-publish","hentry"],"_links":{"self":[{"href":"https:\/\/webs.uab.cat\/greal\/wp-json\/wp\/v2\/pages\/86","targetHints":{"allow":["GET"]}}],"collection":[{"href":"https:\/\/webs.uab.cat\/greal\/wp-json\/wp\/v2\/pages"}],"about":[{"href":"https:\/\/webs.uab.cat\/greal\/wp-json\/wp\/v2\/types\/page"}],"author":[{"embeddable":true,"href":"https:\/\/webs.uab.cat\/greal\/wp-json\/wp\/v2\/users\/20"}],"replies":[{"embeddable":true,"href":"https:\/\/webs.uab.cat\/greal\/wp-json\/wp\/v2\/comments?post=86"}],"version-history":[{"count":0,"href":"https:\/\/webs.uab.cat\/greal\/wp-json\/wp\/v2\/pages\/86\/revisions"}],"wp:attachment":[{"href":"https:\/\/webs.uab.cat\/greal\/wp-json\/wp\/v2\/media?parent=86"}],"curies":[{"name":"wp","href":"https:\/\/api.w.org\/{rel}","templated":true}]}}