{"id":87,"date":"2017-12-04T14:08:43","date_gmt":"2017-12-04T14:08:43","guid":{"rendered":"https:\/\/webs.uab.cat\/greal\/presentacions\/"},"modified":"2017-12-04T14:08:43","modified_gmt":"2017-12-04T14:08:43","slug":"presentacions","status":"publish","type":"page","link":"https:\/\/webs.uab.cat\/greal\/presentacions\/","title":{"rendered":"Presentacions en congressos i confer\u00e8ncies"},"content":{"rendered":"<p>* <strong><a href=\"http:\/\/grupsderecerca.uab.cat\/greal\/ca\/content\/jornades\">Jornades<\/a><\/strong><\/p>\n<p class=\"rtejustify\">* <strong>Formaci\u00f3:<\/strong>&nbsp;Sessi\u00f3 &#8220;<em>Coneixements sobre el verb, la distinci\u00f3 temporal b\u00e0sica i els valors del temps verbal del present a l\u2019educaci\u00f3 prim\u00e0ria. Compartint algunes reflexions sobre la construcci\u00f3 del saber gramatical a la classe de llengua<\/em>&#8220;.<\/p>\n<p class=\"rtejustify\">Organitzat pel Grup de Llengua de l\u2019ICE de la UAB.<br \/>\n16 de maig de 2014<\/p>\n<p class=\"rtejustify\">* <strong>Taller<\/strong>&nbsp;&#8220;<em>Aspectos bibliogr\u00e1ficos del TFG. C\u00f3mo citar y componer la bibliograf\u00eda<\/em>&#8220;.<\/p>\n<p class=\"rtejustify\">Primeres Jornades de TFG.<br \/>\nFacultat de Magisteri-Universitat de Val\u00e8ncia, Val\u00e8ncia. 2-3 de abril de 2014.<\/p>\n<p>* <strong><a href=\"http:\/\/grupsderecerca.uab.cat\/greal\/ca\/content\/publicacions-0\">Publicacions<\/a><\/strong><\/p>\n<p>* <strong><a href=\"http:\/\/grupsderecerca.uab.cat\/greal\/ca\/content\/comunicacions\">Comunicacions<\/a><\/strong><\/p>\n<p>* <strong><a href=\"http:\/\/grupsderecerca.uab.cat\/greal\/ca\/content\/doc%C3%A8ncia\">Doc\u00e8ncia<\/a><\/strong><\/p>\n<p class=\"rtejustify\"><strong>*&nbsp;<\/strong><strong>Conferencia<\/strong>&nbsp;&#8220;<em>Razones para ense\u00f1ar gram\u00e1tica&#8221;<\/em>&nbsp;dins de les Jornadas Getxolinguae del Departament d&#8217;Educaci\u00f3 del Govern Basc.<\/p>\n<p class=\"rtejustify\">Berritzegune de Gexto, Bizkaia.<br \/>\n16 de maig de 2013.<\/p>\n<p class=\"rtejustify\">* <strong>Pon\u00e8ncia<\/strong> de 3 seminaris sobre Did\u00e0ctica de la lectura i l&#8217;escriptura a l&#8217;EI i Cicle inicial. Participaci\u00f3 conjunta amb la professora Montserrat Fons de la UB. Organitzats pels equips d&#8217;assessorament de Cant\u00e0bria a diferents equips de mestres de la prov\u00edncia.<\/p>\n<p class=\"rtejustify\">Cant\u00e0bria.<br \/>\n19-21 de febrer de 2013<\/p>\n","protected":false},"excerpt":{"rendered":"<p>* Jornades * Formaci\u00f3:&nbsp;Sessi\u00f3 &#8220;Coneixements sobre el verb, la distinci\u00f3 temporal b\u00e0sica i els valors del temps verbal del present a l\u2019educaci\u00f3 prim\u00e0ria. Compartint algunes reflexions sobre la construcci\u00f3 del saber gramatical a la classe de llengua&#8220;. Organitzat pel Grup de Llengua de l\u2019ICE de la UAB. 16 de maig de 2014 * Taller&nbsp;&#8220;Aspectos bibliogr\u00e1ficos [&hellip;]<\/p>\n","protected":false},"author":20,"featured_media":0,"parent":0,"menu_order":0,"comment_status":"closed","ping_status":"closed","template":"","meta":{"footnotes":""},"class_list":["post-87","page","type-page","status-publish","hentry"],"_links":{"self":[{"href":"https:\/\/webs.uab.cat\/greal\/wp-json\/wp\/v2\/pages\/87","targetHints":{"allow":["GET"]}}],"collection":[{"href":"https:\/\/webs.uab.cat\/greal\/wp-json\/wp\/v2\/pages"}],"about":[{"href":"https:\/\/webs.uab.cat\/greal\/wp-json\/wp\/v2\/types\/page"}],"author":[{"embeddable":true,"href":"https:\/\/webs.uab.cat\/greal\/wp-json\/wp\/v2\/users\/20"}],"replies":[{"embeddable":true,"href":"https:\/\/webs.uab.cat\/greal\/wp-json\/wp\/v2\/comments?post=87"}],"version-history":[{"count":0,"href":"https:\/\/webs.uab.cat\/greal\/wp-json\/wp\/v2\/pages\/87\/revisions"}],"wp:attachment":[{"href":"https:\/\/webs.uab.cat\/greal\/wp-json\/wp\/v2\/media?parent=87"}],"curies":[{"name":"wp","href":"https:\/\/api.w.org\/{rel}","templated":true}]}}