{"id":96,"date":"2017-12-05T12:31:08","date_gmt":"2017-12-05T12:31:08","guid":{"rendered":"https:\/\/webs.uab.cat\/greal\/2015-2\/"},"modified":"2017-12-05T12:31:08","modified_gmt":"2017-12-05T12:31:08","slug":"2015-2","status":"publish","type":"page","link":"https:\/\/webs.uab.cat\/greal\/2015-2\/","title":{"rendered":"2015"},"content":{"rendered":"<p class=\"rtejustify\">Fontich, X.; Camps, A. (2015). &nbsp;Gram\u00e1tica y escritura en la educaci\u00f3n secundaria: estudio de caso sobre los conceptos de los profesores. Tejuelo. Did\u00e1ctica de la Lengua y la Literatura. ISSN: 1988-8430<br \/>\nFabregat, S.; Fontich, X. (2015). La escritura en las \u00e1reas no ling\u00fc\u00edsticas: algunas implicaciones para la formaci\u00f3n permanente del profesorado. Lenguaje y textos. ISSN: 1133-4770.<br \/>\nFontich, X.; Vil\u00e0, M. (2015). L\u2019ensenyament de la llengua a l\u2019educaci\u00f3 secund\u00e0ria: Proposta d\u2019un marc per a la reflexi\u00f3. Dins Casals D.; Foguet F. (eds.). Raons de futur. Barcelona: Institut d\u2019Estudis Catalans.&nbsp;<\/p>\n","protected":false},"excerpt":{"rendered":"<p>Fontich, X.; Camps, A. (2015). &nbsp;Gram\u00e1tica y escritura en la educaci\u00f3n secundaria: estudio de caso sobre los conceptos de los profesores. Tejuelo. Did\u00e1ctica de la Lengua y la Literatura. ISSN: 1988-8430 Fabregat, S.; Fontich, X. (2015). La escritura en las \u00e1reas no ling\u00fc\u00edsticas: algunas implicaciones para la formaci\u00f3n permanente del profesorado. Lenguaje y textos. ISSN: [&hellip;]<\/p>\n","protected":false},"author":20,"featured_media":0,"parent":0,"menu_order":0,"comment_status":"closed","ping_status":"closed","template":"","meta":{"footnotes":""},"class_list":["post-96","page","type-page","status-publish","hentry"],"_links":{"self":[{"href":"https:\/\/webs.uab.cat\/greal\/wp-json\/wp\/v2\/pages\/96","targetHints":{"allow":["GET"]}}],"collection":[{"href":"https:\/\/webs.uab.cat\/greal\/wp-json\/wp\/v2\/pages"}],"about":[{"href":"https:\/\/webs.uab.cat\/greal\/wp-json\/wp\/v2\/types\/page"}],"author":[{"embeddable":true,"href":"https:\/\/webs.uab.cat\/greal\/wp-json\/wp\/v2\/users\/20"}],"replies":[{"embeddable":true,"href":"https:\/\/webs.uab.cat\/greal\/wp-json\/wp\/v2\/comments?post=96"}],"version-history":[{"count":0,"href":"https:\/\/webs.uab.cat\/greal\/wp-json\/wp\/v2\/pages\/96\/revisions"}],"wp:attachment":[{"href":"https:\/\/webs.uab.cat\/greal\/wp-json\/wp\/v2\/media?parent=96"}],"curies":[{"name":"wp","href":"https:\/\/api.w.org\/{rel}","templated":true}]}}