{"id":23,"date":"2023-05-08T15:09:06","date_gmt":"2023-05-08T13:09:06","guid":{"rendered":"https:\/\/webs.uab.cat\/grecs\/?page_id=23"},"modified":"2024-05-06T00:00:53","modified_gmt":"2024-05-05T22:00:53","slug":"projectes","status":"publish","type":"page","link":"https:\/\/webs.uab.cat\/grecs\/projectes\/","title":{"rendered":"Projectes"},"content":{"rendered":"\n<p><\/p>\n\n\n\n<p class=\"has-large-font-size\"><strong>Projectes amb membres del GRECS com a investigadors\/es principals<\/strong><\/p>\n\n\n\n<p><strong>Convocat\u00f2ria dels ajuts per donar suport a l&#8217;activitat cient\u00edfica dels grups de recerca de Catalunya (SGR-Cat 2021)<\/strong><\/p>\n\n\n\n<p>Nom del grup: <strong>\u00abGrup de Recerca en Guerra, Radicalisme Pol\u00edtic i Conflicte Social (GRECS)\u00bb<\/strong><\/p>\n\n\n\n<p>Refer\u00e8ncia: 2021 SGR 00045<\/p>\n\n\n\n<p>Durada: 01\/01\/2023 al 31\/12\/2024<\/p>\n\n\n\n<p>Entitat participant: Universitat Aut\u00f2noma de Barcelona, Universitat de Girona<\/p>\n\n\n\n<p>Entitat finan\u00e7adora: Departament de Recerca i Universitats, Generalitat de Catalunya<\/p>\n\n\n\n<p>Investigador responsable: Javier Rodrigo S\u00e1nchez<\/p>\n\n\n\n<p>Import concedit: 60.000,00 \u20ac<\/p>\n\n\n\n<p>_____________________________________________________________________________________<\/p>\n\n\n\n<p class=\"has-small-font-size\"><strong>T\u00edtol del projecte: \u00abWomen in Resistance. Reshaping the narratives on Female Antitotalitarian Resistance in Europe (WIRE)\u00bb<\/strong><\/p>\n\n\n\n<p>Refer\u00e8ncia: CERV-2022-CITIZENS-REM<\/p>\n\n\n\n<p>Durada: 01-01-2023 al 31-12-2024<\/p>\n\n\n\n<p>Entitats participants: Universitat Aut\u00f2noma de Barcelona, Scuola di Pace di Monte Sole, Vila Decius Association, Memorial Democr\u00e0tic de Catalunya, ASKI<\/p>\n\n\n\n<p>Entitat finan\u00e7adora: European Commission<\/p>\n\n\n\n<p>Nombre d\u2019investigadors\/es participants: +50<\/p>\n\n\n\n<p>Investigador responsable: Javier Rodrigo S\u00e1nchez<\/p>\n\n\n\n<p>Import concedit: 341.300,00 \u20ac<\/p>\n\n\n\n<p>Lloc web: <a href=\"https:\/\/webs.uab.cat\/wire\/\">The WIRE Project \u2013 Reshaping the narratives on female resistance in Europe (uab.cat)<\/a><\/p>\n\n\n\n<p>_____________________________________________________________________________________<\/p>\n\n\n\n<p><strong>T\u00edtol del projecte: \u00abResistir a la violencia en la guerra civil espa\u00f1ola y la posguerra, 1936-1952 (RESIST)\u00bb<\/strong><\/p>\n\n\n\n<p>Convocat\u00f2ria: Proyectos de Secretar\u00eda de Memoria Democr\u00e1tica<\/p>\n\n\n\n<p>Durada: 2023<\/p>\n\n\n\n<p>Entitats participants: Universitat Aut\u00f2noma de Barcelona<\/p>\n\n\n\n<p>Entitat finan\u00e7adora: Ministerio de la Presidencia, Relaciones con las Cortes y Memoria Democr\u00e1tica<\/p>\n\n\n\n<p>Nombre d\u2019investigadors\/es participants: 3<\/p>\n\n\n\n<p>Investigadors responsables: Javier Rodrigo S\u00e1nchez y David Alegre Lorenz<\/p>\n\n\n\n<p>Import concedit: 12.000 \u20ac<\/p>\n\n\n\n<p>_____________________________________________________________________________________<\/p>\n\n\n\n<p><strong>T\u00edtol del projecte: \u00abViolencia, Identidad y Conflicto en la Espa\u00f1a del siglo XX (VOICES)\u00bb<\/strong><\/p>\n\n\n\n<p>Convocat\u00f2ria: Redes de Investigaci\u00f3n 2022<\/p>\n\n\n\n<p>Durada: 01-06-2023 al 31-05-2025<\/p>\n\n\n\n<p>Entitats participants: Universitat Aut\u00f2noma de Barcelona, Universidad de Granada, Universidad de Sevilla, Universidad de Zaragoza, Universitat de Barcelona, Universitat de Girona, Universidade de Santiago, Universidad del Pa\u00eds Vasco, Universidad Complutense de Madrid<\/p>\n\n\n\n<p>Entitat finan\u00e7adora: Ministerio de Ciencia e Innovaci\u00f3n<\/p>\n\n\n\n<p>Nombre d\u2019investigadors\/es participants: 9 IPs, +50 investigadores<\/p>\n\n\n\n<p>Investigador responsable: Javier Rodrigo S\u00e1nchez<\/p>\n\n\n\n<p>Import concedit: 27.000 \u20ac<\/p>\n\n\n\n<p>Lloc web: <a href=\"https:\/\/redvoices.es\/\">Red Voices. Violencia Identidad Conflicto \/ Espa\u00f1a Siglo XX.<\/a><\/p>\n\n\n\n<p>_____________________________________________________________________________________<\/p>\n\n\n\n<p><strong>T\u00edtol del projecte: \u00abPerpetradores. Agencias, actores y beneficiarios de la violencia franquista, 1936-52 (PERPETRATE)\u00bb<\/strong><\/p>\n\n\n\n<p>Convocat\u00f2ria: Proyectos de Generaci\u00f3n de Conocimiento 2022<\/p>\n\n\n\n<p>Durada: 01-09-2023 al 31-08-2026<\/p>\n\n\n\n<p>Entitats participants: Universitat Aut\u00f2noma de Barcelona<\/p>\n\n\n\n<p>Entitat finan\u00e7adora: Ministerio de Ciencia e Innovaci\u00f3n<\/p>\n\n\n\n<p>Nombre d\u2019investigadors\/es participants: 12<\/p>\n\n\n\n<p>Investigadors responsables: Javier Rodrigo S\u00e1nchez y Miguel Alonso Ibarra<\/p>\n\n\n\n<p>Import concedit: 40.000 \u20ac<\/p>\n\n\n\n<p>_____________________________________________________________________________________<\/p>\n\n\n\n<p><strong>T\u00edtol del projecte: \u00abLa democracia y sus enemigos (1918-1931): Espa\u00f1a, la primera posguerra, la dictadura de Primo de Rivera y sus articulaciones con Italia, Portugal y Argentina\u00bb<\/strong><\/p>\n\n\n\n<p>Durada: 01\/09\/2021 al 31\/08\/2025<\/p>\n\n\n\n<p>Refer\u00e8ncia: PID2020-112800GB-C22<\/p>\n\n\n\n<p>Entitat participant: Universitat de Girona<\/p>\n\n\n\n<p>Entitat finan\u00e7adora: Ministerio de Ciencia, Innovaci\u00f3n y Universidades.<\/p>\n\n\n\n<p>Investigador responsable: Maximiliano Fuentes Codera<\/p>\n\n\n\n<p>Import concedit: 31.460,00\u20ac<\/p>\n\n\n\n<p>Lloc web: <a href=\"https:\/\/poscom.es\/democracia-y-sus-enemigos-1918-1931\/\">La democracia y sus enemigos (1918-1931): Espa\u00f1a, la primera posguerra, la dictadura de Primo de Rivera y sus articulaciones con Italia, Portugal y Argentina. | Poscom<\/a><\/p>\n\n\n\n<p>_____________________________________________________________________________________<\/p>\n\n\n\n<p><strong>T\u00edtol del projecte: \u00abMujeres entre la guerra y la paz: pacifistas y mediadoras latinoamericanas, 1898-1945\u00bb<\/strong><\/p>\n\n\n\n<p>Durada: 2023<\/p>\n\n\n\n<p>Convocat\u00f2ria: Convocatoria PAT 2023<\/p>\n\n\n\n<p>Entitats participants: Instituto Panamericano de Geograf\u00eda e Historia<\/p>\n\n\n\n<p>Entitat finan\u00e7adora: Organizaci\u00f3n de los Estados Americanos (OEA)<\/p>\n\n\n\n<p>Nombre d\u2019investigadors\/es participants: 6<\/p>\n\n\n\n<p>Investigadora responsable: Paula Bruno<\/p>\n\n\n\n<p>Import concedit: 5000 USD<\/p>\n\n\n\n<p>_____________________________________________________________________________________<\/p>\n\n\n\n<p><strong>T\u00edtol del projecte: \u00abLa violencia contra las mujeres en el marco de la Guerra contra la guerrilla en Espa\u00f1a, 1936-1952 (VOLGA)\u00bb<\/strong><\/p>\n\n\n\n<p>Convocat\u00f2ria: Beca LEONARDO<\/p>\n\n\n\n<p>Durada: 01-01-2023 al 30-06-2024<\/p>\n\n\n\n<p>Entitat finan\u00e7adora: Fundaci\u00f3n BBVA<\/p>\n\n\n\n<p>Nombre d\u2019investigadors\/es participants: 2<\/p>\n\n\n\n<p>Investigador responsable: Javier Rodrigo S\u00e1nchez<\/p>\n\n\n\n<p>Import concedit: 39.465,60 \u20ac<\/p>\n\n\n\n<p>_____________________________________________________________________________________<\/p>\n\n\n\n<p><strong>T\u00edtol del projecte: ICREA Acad\u00e8mia Grant<\/strong><\/p>\n\n\n\n<p>Convocat\u00f2ria: ICREA Acad\u00e8mia 2019<\/p>\n\n\n\n<p>Durada: 01-01-2019 al 31-12-2024<\/p>\n\n\n\n<p>Entitat participant: Universitat Aut\u00f2noma de Barcelona<\/p>\n\n\n\n<p>Entitat finan\u00e7adora: ICREA<\/p>\n\n\n\n<p>Nombre d\u2019investigadors\/es participants: 1<\/p>\n\n\n\n<p>Investigador responsable: Javier Rodrigo S\u00e1nchez<\/p>\n\n\n\n<p>Import concedit: 200.000,00 \u20ac<\/p>\n\n\n\n<p>_____________________________________________________________________________________<\/p>\n\n\n\n<p><strong>T\u00edtol del projecte: \u00abTRANSnationalization of Memories in Argentina and Spain [transmeare in Latin: to travel across]\u00bb<\/strong><\/p>\n\n\n\n<p>Convocat\u00f2ria: Beca Postdoctoral Beatriu de Pin\u00f3s<\/p>\n\n\n\n<p>Durada: 1\/01\/2023 al 31\/012\/2025<\/p>\n\n\n\n<p>Entitat participant: Universitat Aut\u00f2noma de Barcelona<\/p>\n\n\n\n<p>Entitat finan\u00e7adora: Ag\u00e8ncia de Gesti\u00f3 d\u2019Ajuts Universitaris i de Recerca (AGAUR)<\/p>\n\n\n\n<p>Nombre d\u2019investigadors\/es participants: 1<\/p>\n\n\n\n<p>Investigador responsable: Magdalini Fytili<\/p>\n\n\n\n<p>Import concedit: 132.300,00 \u20ac<\/p>\n\n\n\n<p>_____________________________________________________________________________________<\/p>\n\n\n\n<p><strong>Convocat\u00f2ria: Beca Postdoctoral Beatriu de Pin\u00f3s<\/strong><\/p>\n\n\n\n<p>Durada: 01\/04\/2024 al 31\/03\/2027<\/p>\n\n\n\n<p>Entitat participant: Universitat de Girona<\/p>\n\n\n\n<p>Entitat finan\u00e7adora: Ag\u00e8ncia de Gesti\u00f3 d\u2019Ajuts Universitaris i de Recerca (AGAUR)<\/p>\n\n\n\n<p>Nombre d\u2019investigadors\/es participants: 1<\/p>\n\n\n\n<p>Investigador responsable: Giorgia Priorelli<\/p>\n\n\n\n<p>Import concedit: 135.000,00 \u20ac<\/p>\n\n\n\n<p>_____________________________________________________________________________________<\/p>\n\n\n\n<p><strong>Convocat\u00f2ria: Beca Postdoctoral Mar\u00eda Zambrano<\/strong><\/p>\n\n\n\n<p>Durada: 01\/04\/2024 al 31\/03\/2027<\/p>\n\n\n\n<p>Entitat participant: Universitat de Girona<\/p>\n\n\n\n<p>Entitat finan\u00e7adora: Plan de Atracci\u00f3n de Talento Internacional\u2019 \u2013 Ministerio de Universidades, Gobierno de Espa\u00f1a<\/p>\n\n\n\n<p>Nombre d\u2019investigadors\/es participants: 1<\/p>\n\n\n\n<p>Investigador responsable: Giorgia Priorelli<\/p>\n\n\n\n<p>Import concedit: 103.500,00 \u20ac<\/p>\n\n\n\n<p>_____________________________________________________________________________________<\/p>\n\n\n\n<p><strong>Convocat\u00f2ria: Beca Postdoctoral Mar\u00eda Zambrano<\/strong><\/p>\n\n\n\n<p>Entitat participant: Universitat de Girona<\/p>\n\n\n\n<p>Entitat finan\u00e7adora: Plan de Atracci\u00f3n de Talento Internacional\u2019 \u2013 Ministerio de Universidades, Gobierno de Espa\u00f1a<\/p>\n\n\n\n<p>Nombre d\u2019investigadors\/es participants: 1<\/p>\n\n\n\n<p>Investigador responsable: Leandro Losada<\/p>\n\n\n\n<p><\/p>\n\n\n\n<hr class=\"wp-block-separator has-alpha-channel-opacity\" \/>\n\n\n\n<p class=\"has-large-font-size\"><strong>Altres projectes amb participaci\u00f3 del GRECS<\/strong><\/p>\n\n\n\n<p><strong>T\u00edtol del projecte: \u00abL\u2019emigrazione fascista in Spagna (1943-1948)\u00bb<\/strong><\/p>\n\n\n\n<p>Durada: 01\/01\/2023 al 30\/06\/2024<\/p>\n\n\n\n<p>Entitats participants: Scuola Superiore di Studi Storici \u2013 Universit\u00e0 degli Studi della Repubblica di San Marino Principal<\/p>\n\n\n\n<p>Entitat finan\u00e7adora: Universit\u00e0 degli Studi della Repubblica di San Marino<\/p>\n\n\n\n<p>Investigador responsable: Luca Gorgolini<\/p>\n\n\n\n<p>Relaci\u00f3 amb el GRECS: Maximiliano Fuentes Codera (Researcher \/ Team Member); Giorgia Priorelli (Researcher\/ Team member)<\/p>\n\n\n\n<p><\/p>\n\n\n\n<p><\/p>\n\n\n\n<p><strong>T\u00edtol del projecte: \u00abThe authoritarian context of Iberian political history in the first half of the 20th century\u00bb<\/strong><\/p>\n\n\n\n<p>Durada: 01\/04\/2020 al 31\/03\/2024<\/p>\n\n\n\n<p>Entitat participant: Kwansei Gakuin University<\/p>\n\n\n\n<p>Entitat finan\u00e7adora: Japan Society for the Promotion of Science Grant Agreement ID: 19KK0329<\/p>\n\n\n\n<p>Investigador responsable: Javier Rodrigo S\u00e1nchez<\/p>\n\n\n\n<p>Relaci\u00f3 amb el GRECS: Giorgia Priorelli (Researcher\/ Team member)<\/p>\n\n\n\n<p><\/p>\n\n\n\n<p><\/p>\n\n\n\n<p><strong>T\u00edtol del projecte: \u00abHistory of Political Parties. Ideologies and debate in twentieth century Europe\u00bb<\/strong><\/p>\n\n\n\n<p>Durada: 02\/07\/2018 al 31\/12\/2023<\/p>\n\n\n\n<p>Entitat participant: International Centre on Democracy and Democratisation (ICEDD)<\/p>\n\n\n\n<p>Entitat finan\u00e7adora: LUISS Guido Carli<\/p>\n\n\n\n<p>Investigador responsable: Giovanni Orsina<\/p>\n\n\n\n<p>Relaci\u00f3 amb el GRECS: Giorgia Priorelli (Researcher\/ Team member)<\/p>\n\n\n\n<p><\/p>\n\n\n\n<p><\/p>\n\n\n\n<p><strong>T\u00edtol del projecte: \u00abUn Campus Global: universitarios, transferencias culturales y experiencias en el siglo XX\u00bb<\/strong><\/p>\n\n\n\n<p>Refer\u00e8ncia: PID2020-113106GB-I00<\/p>\n\n\n\n<p>Durada: 01\/01\/2022 al 31\/12\/2024<\/p>\n\n\n\n<p>Entitat participant: International Centre on Democracy and Democratisation (ICEDD)<\/p>\n\n\n\n<p>Entitat finan\u00e7adora: Ministerio de Ciencia e Innovaci\u00f3n<\/p>\n\n\n\n<p>Investigadora responsable: Carolina Rodr\u00edguez L\u00f3pez<\/p>\n\n\n\n<p>Relaci\u00f3 amb el GRECS: Francisco Morente (Researcher); Leandro Losada (Researcher).<\/p>\n\n\n\n<p><\/p>\n\n\n\n<p><\/p>\n\n\n\n<p><strong>T\u00edtol del projecte: \u00abObservatoire de l&#8217;extr\u00eame-droite en Espagne de 2000 \u00e0 nos jours : d\u00e9bats intellectuels, socio-politiques, artistiques et m\u00e9diatiques\u00bb<\/strong><\/p>\n\n\n\n<p>Durada: 01\/01\/2023 al 30\/06\/2024<\/p>\n\n\n\n<p>Entitat finan\u00e7adora: Maison des Sciences de l&#8217;Homme et de la Soci\u00e9t\u00e9 &#8211; Toulouse<\/p>\n\n\n\n<p>Investigadora responsable: Mar\u00eda Patricio Mulero<\/p>\n\n\n\n<p>Relaci\u00f3 amb el GRECS: Maximiliano Fuentes Codera (Researcher)<\/p>\n\n\n\n<p><\/p>\n\n\n\n<p><\/p>\n\n\n\n<p><strong>T\u00edtol del projecte: \u00abLa polarizaci\u00f3n en torno a la memoria hist\u00f3rica en Espa\u00f1a: Distribuci\u00f3n y factores que contribuyen a su intensificaci\u00f3n (POLMEMO)\u00bb<\/strong><\/p>\n\n\n\n<p>Refer\u00e8ncia: PID2020-119045RB-I00<\/p>\n\n\n\n<p>Convocat\u00f2ria: Proyectos de I+D+i\u00bb de los Programas Estatales de Generaci\u00f3n de Conocimiento y Fortalecimiento Cient\u00edfico y Tecnol\u00f3gico del Sistema de I+D+i Orientado a los Retos de la Sociedad 2020<\/p>\n\n\n\n<p>Durada: 1\/09\/2021 al 31\/08\/2024<\/p>\n\n\n\n<p>Investigadora responsable: Irene Mart\u00edn Cort\u00e9s<\/p>\n\n\n\n<p>Relaci\u00f3 amb el GRECS: Magdalini Fytili (Researcher)<\/p>\n\n\n\n<p><\/p>\n\n\n\n<p><\/p>\n\n\n\n<p><strong>T\u00edtol del projecte: \u00abLa \u201cTercera Espa\u00f1a\u201d: g\u00e9nesis y usos p\u00fablicos de un concepto pol\u00edtico (1936-2020)\u00bb<\/strong><\/p>\n\n\n\n<p>Refer\u00e8ncia: PID2020-114404GB-I00<\/p>\n\n\n\n<p>Convocat\u00f2ria: Proyectos de I+D+i\u00bb de los Programas Estatales de Generaci\u00f3n de Conocimiento y Fortalecimiento Cient\u00edfico y Tecnol\u00f3gico del Sistema de I+D+i Orientado a los Retos de la Sociedad 2020<\/p>\n\n\n\n<p>Durada: 1\/09\/2021 al 31\/08\/2024<\/p>\n\n\n\n<p>Investigadora responsable: Javier Mu\u00f1oz Soro<\/p>\n\n\n\n<p>Relaci\u00f3 amb el GRECS: Magdalini Fytili (Researcher)<\/p>\n\n\n\n<p><\/p>\n\n\n\n<p><\/p>\n\n\n\n<p><strong>T\u00edtol del projecte: \u00abMas all\u00e1 de las alambradas: Una arqueolog\u00eda comparada de los campos de concentraci\u00f3n franquistas (DES-ALAMBRAR)\u00bb<\/strong><\/p>\n\n\n\n<p>Refer\u00e8ncia: PID2021-129102NB-I00<\/p>\n\n\n\n<p>Durada: 2022-2025<\/p>\n\n\n\n<p>Entidat participant: CSIC-Incipit de Santiago de Compostela<\/p>\n\n\n\n<p>Entitat finan\u00e7adora: Agencia Estatal de Investigaci\u00f3n dentro del Programa Proyectos de Generaci\u00f3n de Conocimiento 2021.<\/p>\n\n\n\n<p>Investigador\/es responsable\/s: Alfredo Gonz\u00e1lez Ruibal y Laura Mu\u00f1oz Encinar<\/p>\n\n\n\n<p>Relaci\u00f3 amb el GRECS: David Alegre (Researcher)<\/p>\n\n\n\n<p><\/p>\n\n\n\n<p><\/p>\n\n\n\n<p><strong>T\u00edtol del projecte: \u00abEducaci\u00f3n y diplomacia. De Sarmiento a Mistral, 1842-1952\u00bb<\/strong><\/p>\n\n\n\n<p>Durada: 2022<\/p>\n\n\n\n<p>Entidat participant: Instituto Panamericano de Geograf\u00eda e Historia<\/p>\n\n\n\n<p>Entitat finan\u00e7adora: Organismo Especializado de la Organizaci\u00f3n de Estados Americanos (OEA)<\/p>\n\n\n\n<p>Investigador\/es responsable\/s: Marina Alvarado Cornejo<\/p>\n\n\n\n<p>Relaci\u00f3 amb el GRECS: Paula Bruno (Researcher)<\/p>\n\n\n\n<p><\/p>\n","protected":false},"excerpt":{"rendered":"<p>Projectes amb membres del GRECS com a investigadors\/es principals Convocat\u00f2ria dels ajuts per donar suport a l&#8217;activitat cient\u00edfica dels grups de recerca de Catalunya (SGR-Cat 2021) Nom del grup: \u00abGrup de Recerca en Guerra, Radicalisme Pol\u00edtic i Conflicte Social (GRECS)\u00bb Refer\u00e8ncia: 2021 SGR 00045 Durada: 01\/01\/2023 al 31\/12\/2024 Entitat participant: Universitat Aut\u00f2noma de Barcelona, Universitat [&hellip;]<\/p>\n","protected":false},"author":2650,"featured_media":0,"parent":0,"menu_order":0,"comment_status":"closed","ping_status":"closed","template":"sidebar.php","meta":{"footnotes":""},"class_list":["post-23","page","type-page","status-publish","hentry"],"_links":{"self":[{"href":"https:\/\/webs.uab.cat\/grecs\/wp-json\/wp\/v2\/pages\/23","targetHints":{"allow":["GET"]}}],"collection":[{"href":"https:\/\/webs.uab.cat\/grecs\/wp-json\/wp\/v2\/pages"}],"about":[{"href":"https:\/\/webs.uab.cat\/grecs\/wp-json\/wp\/v2\/types\/page"}],"author":[{"embeddable":true,"href":"https:\/\/webs.uab.cat\/grecs\/wp-json\/wp\/v2\/users\/2650"}],"replies":[{"embeddable":true,"href":"https:\/\/webs.uab.cat\/grecs\/wp-json\/wp\/v2\/comments?post=23"}],"version-history":[{"count":7,"href":"https:\/\/webs.uab.cat\/grecs\/wp-json\/wp\/v2\/pages\/23\/revisions"}],"predecessor-version":[{"id":223,"href":"https:\/\/webs.uab.cat\/grecs\/wp-json\/wp\/v2\/pages\/23\/revisions\/223"}],"wp:attachment":[{"href":"https:\/\/webs.uab.cat\/grecs\/wp-json\/wp\/v2\/media?parent=23"}],"curies":[{"name":"wp","href":"https:\/\/api.w.org\/{rel}","templated":true}]}}