{"id":27,"date":"2023-05-08T15:09:06","date_gmt":"2023-05-08T13:09:06","guid":{"rendered":"https:\/\/webs.uab.cat\/grecs\/?page_id=27"},"modified":"2024-05-19T03:17:15","modified_gmt":"2024-05-19T01:17:15","slug":"publicacions","status":"publish","type":"page","link":"https:\/\/webs.uab.cat\/grecs\/publicacions\/","title":{"rendered":"Publicacions"},"content":{"rendered":"\n<p>Tota la producci\u00f3\/investigaci\u00f3 cient\u00edfica del GRECS es pot trobar a trav\u00e9s del\u00a0<a href=\"https:\/\/portalrecerca.uab.cat\/en\/organisations\/grup-de-recerca-en-guerra-radicalisme-politic-i-conflicte-social-\" target=\"_blank\" rel=\"noreferrer noopener\">Portal de Recerca de la UAB.<\/a>\u00a0A continuaci\u00f3 trobareu dues seccions amb les publicacions principals i m\u00e9s recents:<\/p>\n\n\n\n<ul class=\"wp-block-list\">\n<li><a href=\"https:\/\/webs.uab.cat\/grecs\/llibres\/\">LLIBRES<\/a><\/li>\n\n\n\n<li><a href=\"https:\/\/webs.uab.cat\/grecs\/articles\/\">ARTICLES <\/a><\/li>\n<\/ul>\n","protected":false},"excerpt":{"rendered":"<p>Tota la producci\u00f3\/investigaci\u00f3 cient\u00edfica del GRECS es pot trobar a trav\u00e9s del\u00a0Portal de Recerca de la UAB.\u00a0A continuaci\u00f3 trobareu dues seccions amb les publicacions principals i m\u00e9s recents:<\/p>\n","protected":false},"author":2650,"featured_media":0,"parent":0,"menu_order":0,"comment_status":"closed","ping_status":"closed","template":"sidebar.php","meta":{"footnotes":""},"class_list":["post-27","page","type-page","status-publish","hentry"],"_links":{"self":[{"href":"https:\/\/webs.uab.cat\/grecs\/wp-json\/wp\/v2\/pages\/27","targetHints":{"allow":["GET"]}}],"collection":[{"href":"https:\/\/webs.uab.cat\/grecs\/wp-json\/wp\/v2\/pages"}],"about":[{"href":"https:\/\/webs.uab.cat\/grecs\/wp-json\/wp\/v2\/types\/page"}],"author":[{"embeddable":true,"href":"https:\/\/webs.uab.cat\/grecs\/wp-json\/wp\/v2\/users\/2650"}],"replies":[{"embeddable":true,"href":"https:\/\/webs.uab.cat\/grecs\/wp-json\/wp\/v2\/comments?post=27"}],"version-history":[{"count":9,"href":"https:\/\/webs.uab.cat\/grecs\/wp-json\/wp\/v2\/pages\/27\/revisions"}],"predecessor-version":[{"id":568,"href":"https:\/\/webs.uab.cat\/grecs\/wp-json\/wp\/v2\/pages\/27\/revisions\/568"}],"wp:attachment":[{"href":"https:\/\/webs.uab.cat\/grecs\/wp-json\/wp\/v2\/media?parent=27"}],"curies":[{"name":"wp","href":"https:\/\/api.w.org\/{rel}","templated":true}]}}