{"id":339,"date":"2024-04-26T12:24:04","date_gmt":"2024-04-26T10:24:04","guid":{"rendered":"https:\/\/webs.uab.cat\/grecs\/?page_id=339"},"modified":"2024-05-06T00:01:43","modified_gmt":"2024-05-05T22:01:43","slug":"seminari-permanent-del-grecs","status":"publish","type":"page","link":"https:\/\/webs.uab.cat\/grecs\/seminari-permanent-del-grecs\/","title":{"rendered":"Seminari permanent del GRECS"},"content":{"rendered":"\n<div class=\"wp-block-media-text has-media-on-the-right is-stacked-on-mobile\"><div class=\"wp-block-media-text__content\">\n<p><strong>11) &#8220;Apallissar un esquirol i assassinar el president: pistolerisme i viol\u00e8ncia sindical a l&#8217;Estat espanyol i a Europa, 1917-1923&#8221;<\/strong>, a c\u00e0rrec d&#8217;Arturo Zoffmann Rodr\u00edguez (Universitat de Girona) (12\/4\/2024)<\/p>\n<\/div><figure class=\"wp-block-media-text__media\"><img loading=\"lazy\" decoding=\"async\" width=\"724\" height=\"1024\" src=\"https:\/\/webs.uab.cat\/grecs\/wp-content\/uploads\/sites\/422\/2024\/04\/11-Arturo-724x1024.jpg\" alt=\"\" class=\"wp-image-367 size-full\" srcset=\"https:\/\/webs.uab.cat\/grecs\/wp-content\/uploads\/sites\/422\/2024\/04\/11-Arturo-724x1024.jpg 724w, https:\/\/webs.uab.cat\/grecs\/wp-content\/uploads\/sites\/422\/2024\/04\/11-Arturo-212x300.jpg 212w, https:\/\/webs.uab.cat\/grecs\/wp-content\/uploads\/sites\/422\/2024\/04\/11-Arturo-768x1086.jpg 768w, https:\/\/webs.uab.cat\/grecs\/wp-content\/uploads\/sites\/422\/2024\/04\/11-Arturo-1086x1536.jpg 1086w, https:\/\/webs.uab.cat\/grecs\/wp-content\/uploads\/sites\/422\/2024\/04\/11-Arturo-1448x2048.jpg 1448w, https:\/\/webs.uab.cat\/grecs\/wp-content\/uploads\/sites\/422\/2024\/04\/11-Arturo-1200x1698.jpg 1200w, https:\/\/webs.uab.cat\/grecs\/wp-content\/uploads\/sites\/422\/2024\/04\/11-Arturo.jpg 1587w\" sizes=\"auto, (max-width: 724px) 100vw, 724px\" \/><\/figure><\/div>\n\n\n\n<div class=\"wp-block-media-text is-stacked-on-mobile\"><figure class=\"wp-block-media-text__media\"><img loading=\"lazy\" decoding=\"async\" width=\"724\" height=\"1024\" src=\"https:\/\/webs.uab.cat\/grecs\/wp-content\/uploads\/sites\/422\/2024\/04\/10-FILATOV-724x1024.jpg\" alt=\"\" class=\"wp-image-366 size-full\" srcset=\"https:\/\/webs.uab.cat\/grecs\/wp-content\/uploads\/sites\/422\/2024\/04\/10-FILATOV-724x1024.jpg 724w, https:\/\/webs.uab.cat\/grecs\/wp-content\/uploads\/sites\/422\/2024\/04\/10-FILATOV-212x300.jpg 212w, https:\/\/webs.uab.cat\/grecs\/wp-content\/uploads\/sites\/422\/2024\/04\/10-FILATOV-768x1086.jpg 768w, https:\/\/webs.uab.cat\/grecs\/wp-content\/uploads\/sites\/422\/2024\/04\/10-FILATOV-1086x1536.jpg 1086w, https:\/\/webs.uab.cat\/grecs\/wp-content\/uploads\/sites\/422\/2024\/04\/10-FILATOV.jpg 1131w\" sizes=\"auto, (max-width: 724px) 100vw, 724px\" \/><\/figure><div class=\"wp-block-media-text__content\">\n<p><strong>10) &#8220;Las relaciones hispano-sovi\u00e9ticas despu\u00e9s de la Guerra Civil&#8221;<\/strong>, a c\u00e0rrec de Georgy Filatov (Universitat Aut\u00f2noma de Barcelona) (21\/3\/2024)<\/p>\n<\/div><\/div>\n\n\n\n<div class=\"wp-block-media-text has-media-on-the-right is-stacked-on-mobile\"><div class=\"wp-block-media-text__content\">\n<p><strong>9) &#8220;De revoluciones en Am\u00e9rica Latina: interpretaciones, contexto y debates&#8221;<\/strong>, a c\u00e0rrec de Manuel Chust (Universitat Aut\u00f2noma de Barcelona) (16\/2\/2024)<\/p>\n<\/div><figure class=\"wp-block-media-text__media\"><img loading=\"lazy\" decoding=\"async\" width=\"724\" height=\"1024\" src=\"https:\/\/webs.uab.cat\/grecs\/wp-content\/uploads\/sites\/422\/2024\/04\/9-Chust-724x1024.jpg\" alt=\"\" class=\"wp-image-365 size-full\" srcset=\"https:\/\/webs.uab.cat\/grecs\/wp-content\/uploads\/sites\/422\/2024\/04\/9-Chust-724x1024.jpg 724w, https:\/\/webs.uab.cat\/grecs\/wp-content\/uploads\/sites\/422\/2024\/04\/9-Chust-212x300.jpg 212w, https:\/\/webs.uab.cat\/grecs\/wp-content\/uploads\/sites\/422\/2024\/04\/9-Chust-768x1086.jpg 768w, https:\/\/webs.uab.cat\/grecs\/wp-content\/uploads\/sites\/422\/2024\/04\/9-Chust-1086x1536.jpg 1086w, https:\/\/webs.uab.cat\/grecs\/wp-content\/uploads\/sites\/422\/2024\/04\/9-Chust-1448x2048.jpg 1448w, https:\/\/webs.uab.cat\/grecs\/wp-content\/uploads\/sites\/422\/2024\/04\/9-Chust-1200x1698.jpg 1200w, https:\/\/webs.uab.cat\/grecs\/wp-content\/uploads\/sites\/422\/2024\/04\/9-Chust.jpg 1587w\" sizes=\"auto, (max-width: 724px) 100vw, 724px\" \/><\/figure><\/div>\n\n\n\n<div class=\"wp-block-media-text is-stacked-on-mobile\"><figure class=\"wp-block-media-text__media\"><img loading=\"lazy\" decoding=\"async\" width=\"724\" height=\"1024\" src=\"https:\/\/webs.uab.cat\/grecs\/wp-content\/uploads\/sites\/422\/2024\/04\/8-Sesma_GRECS-724x1024.jpg\" alt=\"\" class=\"wp-image-364 size-full\" srcset=\"https:\/\/webs.uab.cat\/grecs\/wp-content\/uploads\/sites\/422\/2024\/04\/8-Sesma_GRECS-724x1024.jpg 724w, https:\/\/webs.uab.cat\/grecs\/wp-content\/uploads\/sites\/422\/2024\/04\/8-Sesma_GRECS-212x300.jpg 212w, https:\/\/webs.uab.cat\/grecs\/wp-content\/uploads\/sites\/422\/2024\/04\/8-Sesma_GRECS-768x1086.jpg 768w, https:\/\/webs.uab.cat\/grecs\/wp-content\/uploads\/sites\/422\/2024\/04\/8-Sesma_GRECS-1086x1536.jpg 1086w, https:\/\/webs.uab.cat\/grecs\/wp-content\/uploads\/sites\/422\/2024\/04\/8-Sesma_GRECS-1448x2048.jpg 1448w, https:\/\/webs.uab.cat\/grecs\/wp-content\/uploads\/sites\/422\/2024\/04\/8-Sesma_GRECS-1200x1697.jpg 1200w, https:\/\/webs.uab.cat\/grecs\/wp-content\/uploads\/sites\/422\/2024\/04\/8-Sesma_GRECS-1980x2801.jpg 1980w, https:\/\/webs.uab.cat\/grecs\/wp-content\/uploads\/sites\/422\/2024\/04\/8-Sesma_GRECS-scaled.jpg 1810w\" sizes=\"auto, (max-width: 724px) 100vw, 724px\" \/><\/figure><div class=\"wp-block-media-text__content\">\n<p><strong>8) &#8220;Carl Schmitt. La delgada l\u00ednea parda&#8221;<\/strong>, a c\u00e0rrec de Nicol\u00e1s Sesma Landr\u00edn (Universitat de Girona) (22\/12\/2023)<\/p>\n<\/div><\/div>\n\n\n\n<div class=\"wp-block-media-text has-media-on-the-right is-stacked-on-mobile\"><div class=\"wp-block-media-text__content\">\n<p><strong>7) &#8220;Rep\u00fablica, Guerra y Exilio: el testimonio cultural y literario de las escritoras&#8221;<\/strong>, a c\u00e0rrec d&#8217;Angela Moro (Universitat Aut\u00f2noma de Barcelona) (28\/11\/2023)<\/p>\n<\/div><figure class=\"wp-block-media-text__media\"><img loading=\"lazy\" decoding=\"async\" width=\"724\" height=\"1024\" src=\"https:\/\/webs.uab.cat\/grecs\/wp-content\/uploads\/sites\/422\/2024\/04\/7-Moro-724x1024.jpg\" alt=\"\" class=\"wp-image-363 size-full\" srcset=\"https:\/\/webs.uab.cat\/grecs\/wp-content\/uploads\/sites\/422\/2024\/04\/7-Moro-724x1024.jpg 724w, https:\/\/webs.uab.cat\/grecs\/wp-content\/uploads\/sites\/422\/2024\/04\/7-Moro-212x300.jpg 212w, https:\/\/webs.uab.cat\/grecs\/wp-content\/uploads\/sites\/422\/2024\/04\/7-Moro-768x1086.jpg 768w, https:\/\/webs.uab.cat\/grecs\/wp-content\/uploads\/sites\/422\/2024\/04\/7-Moro-1086x1536.jpg 1086w, https:\/\/webs.uab.cat\/grecs\/wp-content\/uploads\/sites\/422\/2024\/04\/7-Moro-1448x2048.jpg 1448w, https:\/\/webs.uab.cat\/grecs\/wp-content\/uploads\/sites\/422\/2024\/04\/7-Moro-1200x1698.jpg 1200w, https:\/\/webs.uab.cat\/grecs\/wp-content\/uploads\/sites\/422\/2024\/04\/7-Moro.jpg 1587w\" sizes=\"auto, (max-width: 724px) 100vw, 724px\" \/><\/figure><\/div>\n\n\n\n<div class=\"wp-block-media-text is-stacked-on-mobile\"><figure class=\"wp-block-media-text__media\"><img loading=\"lazy\" decoding=\"async\" width=\"724\" height=\"1024\" src=\"https:\/\/webs.uab.cat\/grecs\/wp-content\/uploads\/sites\/422\/2024\/04\/6-Seminario-Begona-Barrera-724x1024.jpg\" alt=\"\" class=\"wp-image-362 size-full\" srcset=\"https:\/\/webs.uab.cat\/grecs\/wp-content\/uploads\/sites\/422\/2024\/04\/6-Seminario-Begona-Barrera-724x1024.jpg 724w, https:\/\/webs.uab.cat\/grecs\/wp-content\/uploads\/sites\/422\/2024\/04\/6-Seminario-Begona-Barrera-212x300.jpg 212w, https:\/\/webs.uab.cat\/grecs\/wp-content\/uploads\/sites\/422\/2024\/04\/6-Seminario-Begona-Barrera-768x1086.jpg 768w, https:\/\/webs.uab.cat\/grecs\/wp-content\/uploads\/sites\/422\/2024\/04\/6-Seminario-Begona-Barrera-1086x1536.jpg 1086w, https:\/\/webs.uab.cat\/grecs\/wp-content\/uploads\/sites\/422\/2024\/04\/6-Seminario-Begona-Barrera-1448x2048.jpg 1448w, https:\/\/webs.uab.cat\/grecs\/wp-content\/uploads\/sites\/422\/2024\/04\/6-Seminario-Begona-Barrera-1200x1698.jpg 1200w, https:\/\/webs.uab.cat\/grecs\/wp-content\/uploads\/sites\/422\/2024\/04\/6-Seminario-Begona-Barrera.jpg 1587w\" sizes=\"auto, (max-width: 724px) 100vw, 724px\" \/><\/figure><div class=\"wp-block-media-text__content\">\n<p><strong>6) &#8220;El falangismo en femenino: proyecto, preceptos y experiencias&#8221;<\/strong>, a c\u00e0rrec de Bego\u00f1a Barrera (Universitat Aut\u00f2noma de Barcelona) (31\/10\/2023)<\/p>\n<\/div><\/div>\n\n\n\n<div class=\"wp-block-media-text has-media-on-the-right is-stacked-on-mobile\"><div class=\"wp-block-media-text__content\">\n<p><strong>5) &#8220;La historia social en recreaci\u00f3n: caudales y contextos en la obre de Joan Serrallonga&#8221;<\/strong>, a c\u00e0rrec de Juan Sisinio P\u00e9rez Garz\u00f3n (Universitat Aut\u00f2noma de Barcelona) (27\/6\/2023)<\/p>\n<\/div><figure class=\"wp-block-media-text__media\"><img loading=\"lazy\" decoding=\"async\" width=\"724\" height=\"1024\" src=\"https:\/\/webs.uab.cat\/grecs\/wp-content\/uploads\/sites\/422\/2024\/04\/5-Serrallonga-724x1024.jpg\" alt=\"\" class=\"wp-image-361 size-full\" srcset=\"https:\/\/webs.uab.cat\/grecs\/wp-content\/uploads\/sites\/422\/2024\/04\/5-Serrallonga-724x1024.jpg 724w, https:\/\/webs.uab.cat\/grecs\/wp-content\/uploads\/sites\/422\/2024\/04\/5-Serrallonga-212x300.jpg 212w, https:\/\/webs.uab.cat\/grecs\/wp-content\/uploads\/sites\/422\/2024\/04\/5-Serrallonga-768x1086.jpg 768w, https:\/\/webs.uab.cat\/grecs\/wp-content\/uploads\/sites\/422\/2024\/04\/5-Serrallonga-1086x1536.jpg 1086w, https:\/\/webs.uab.cat\/grecs\/wp-content\/uploads\/sites\/422\/2024\/04\/5-Serrallonga-1448x2048.jpg 1448w, https:\/\/webs.uab.cat\/grecs\/wp-content\/uploads\/sites\/422\/2024\/04\/5-Serrallonga-1200x1698.jpg 1200w, https:\/\/webs.uab.cat\/grecs\/wp-content\/uploads\/sites\/422\/2024\/04\/5-Serrallonga.jpg 1587w\" sizes=\"auto, (max-width: 724px) 100vw, 724px\" \/><\/figure><\/div>\n\n\n\n<div class=\"wp-block-media-text is-stacked-on-mobile\"><figure class=\"wp-block-media-text__media\"><img loading=\"lazy\" decoding=\"async\" width=\"724\" height=\"1024\" src=\"https:\/\/webs.uab.cat\/grecs\/wp-content\/uploads\/sites\/422\/2024\/04\/4-Seminari-girona-724x1024.jpg\" alt=\"\" class=\"wp-image-358 size-full\" srcset=\"https:\/\/webs.uab.cat\/grecs\/wp-content\/uploads\/sites\/422\/2024\/04\/4-Seminari-girona-724x1024.jpg 724w, https:\/\/webs.uab.cat\/grecs\/wp-content\/uploads\/sites\/422\/2024\/04\/4-Seminari-girona-212x300.jpg 212w, https:\/\/webs.uab.cat\/grecs\/wp-content\/uploads\/sites\/422\/2024\/04\/4-Seminari-girona-768x1086.jpg 768w, https:\/\/webs.uab.cat\/grecs\/wp-content\/uploads\/sites\/422\/2024\/04\/4-Seminari-girona-1086x1536.jpg 1086w, https:\/\/webs.uab.cat\/grecs\/wp-content\/uploads\/sites\/422\/2024\/04\/4-Seminari-girona-1448x2048.jpg 1448w, https:\/\/webs.uab.cat\/grecs\/wp-content\/uploads\/sites\/422\/2024\/04\/4-Seminari-girona-1200x1698.jpg 1200w, https:\/\/webs.uab.cat\/grecs\/wp-content\/uploads\/sites\/422\/2024\/04\/4-Seminari-girona.jpg 1587w\" sizes=\"auto, (max-width: 724px) 100vw, 724px\" \/><\/figure><div class=\"wp-block-media-text__content\">\n<p><strong>4) &#8220;Fascismos pasados, presentes y futuros&#8221;<\/strong>, a c\u00e0rrec de Federico Finchelstein (Universitat de Girona) (22\/6\/2023)<\/p>\n<\/div><\/div>\n\n\n\n<div class=\"wp-block-media-text has-media-on-the-right is-stacked-on-mobile\"><div class=\"wp-block-media-text__content\">\n<p><strong>3) &#8220;Els camps de concentraci\u00f3 franquistes: un estat de la q\u00fcesti\u00f3&#8221;<\/strong>, a c\u00e0rrec d&#8217;Oriol Due\u00f1as Iturbe (Universitat de Girona) (25\/4\/2023)<\/p>\n<\/div><figure class=\"wp-block-media-text__media\"><img loading=\"lazy\" decoding=\"async\" width=\"724\" height=\"1024\" src=\"https:\/\/webs.uab.cat\/grecs\/wp-content\/uploads\/sites\/422\/2024\/04\/3-Seminari-Oriol-Duenas-724x1024.jpg\" alt=\"\" class=\"wp-image-356 size-full\" srcset=\"https:\/\/webs.uab.cat\/grecs\/wp-content\/uploads\/sites\/422\/2024\/04\/3-Seminari-Oriol-Duenas-724x1024.jpg 724w, https:\/\/webs.uab.cat\/grecs\/wp-content\/uploads\/sites\/422\/2024\/04\/3-Seminari-Oriol-Duenas-212x300.jpg 212w, https:\/\/webs.uab.cat\/grecs\/wp-content\/uploads\/sites\/422\/2024\/04\/3-Seminari-Oriol-Duenas-768x1086.jpg 768w, https:\/\/webs.uab.cat\/grecs\/wp-content\/uploads\/sites\/422\/2024\/04\/3-Seminari-Oriol-Duenas-1086x1536.jpg 1086w, https:\/\/webs.uab.cat\/grecs\/wp-content\/uploads\/sites\/422\/2024\/04\/3-Seminari-Oriol-Duenas-1448x2048.jpg 1448w, https:\/\/webs.uab.cat\/grecs\/wp-content\/uploads\/sites\/422\/2024\/04\/3-Seminari-Oriol-Duenas-1200x1698.jpg 1200w, https:\/\/webs.uab.cat\/grecs\/wp-content\/uploads\/sites\/422\/2024\/04\/3-Seminari-Oriol-Duenas.jpg 1587w\" sizes=\"auto, (max-width: 724px) 100vw, 724px\" \/><\/figure><\/div>\n\n\n\n<div class=\"wp-block-media-text is-stacked-on-mobile\"><figure class=\"wp-block-media-text__media\"><img loading=\"lazy\" decoding=\"async\" width=\"724\" height=\"1024\" src=\"https:\/\/webs.uab.cat\/grecs\/wp-content\/uploads\/sites\/422\/2024\/04\/2-Seminari-Arnau-724x1024.jpg\" alt=\"\" class=\"wp-image-350 size-full\" srcset=\"https:\/\/webs.uab.cat\/grecs\/wp-content\/uploads\/sites\/422\/2024\/04\/2-Seminari-Arnau-724x1024.jpg 724w, https:\/\/webs.uab.cat\/grecs\/wp-content\/uploads\/sites\/422\/2024\/04\/2-Seminari-Arnau-212x300.jpg 212w, https:\/\/webs.uab.cat\/grecs\/wp-content\/uploads\/sites\/422\/2024\/04\/2-Seminari-Arnau-768x1086.jpg 768w, https:\/\/webs.uab.cat\/grecs\/wp-content\/uploads\/sites\/422\/2024\/04\/2-Seminari-Arnau-1086x1536.jpg 1086w, https:\/\/webs.uab.cat\/grecs\/wp-content\/uploads\/sites\/422\/2024\/04\/2-Seminari-Arnau-1448x2048.jpg 1448w, https:\/\/webs.uab.cat\/grecs\/wp-content\/uploads\/sites\/422\/2024\/04\/2-Seminari-Arnau-1200x1698.jpg 1200w, https:\/\/webs.uab.cat\/grecs\/wp-content\/uploads\/sites\/422\/2024\/04\/2-Seminari-Arnau.jpg 1587w\" sizes=\"auto, (max-width: 724px) 100vw, 724px\" \/><\/figure><div class=\"wp-block-media-text__content\">\n<p><strong>2) &#8220;Campesinas, enlaces y guerrilleras a trav\u00e9s de los sumarios de guerra en Andaluc\u00eda (1936-1952)&#8221;<\/strong>, a c\u00e0rrec d&#8217;Arnau Fern\u00e1ndez Pasalodos (Universitat Aut\u00f2noma de Barcelona) (21\/4\/2023)<\/p>\n<\/div><\/div>\n\n\n\n<div class=\"wp-block-media-text has-media-on-the-right is-stacked-on-mobile\"><div class=\"wp-block-media-text__content\">\n<p><strong>1) &#8220;Estudis sobre el comunisme. La IC en temps de Lenin, la q\u00fcesti\u00f3 nacional, el PCE&#8221;<\/strong>, a c\u00e0rrec de Jos\u00e9 Luis Mart\u00edn Ramos (Universitat Aut\u00f2noma de Barcelona) (8\/2\/2023) <\/p>\n<\/div><figure class=\"wp-block-media-text__media\"><img loading=\"lazy\" decoding=\"async\" width=\"724\" height=\"1024\" src=\"https:\/\/webs.uab.cat\/grecs\/wp-content\/uploads\/sites\/422\/2024\/04\/1-La-questio-nacional-el-PCE-i-la-Internacional-Comunista-en-temps-de-Lenin-1-724x1024.jpg\" alt=\"\" class=\"wp-image-346 size-full\" srcset=\"https:\/\/webs.uab.cat\/grecs\/wp-content\/uploads\/sites\/422\/2024\/04\/1-La-questio-nacional-el-PCE-i-la-Internacional-Comunista-en-temps-de-Lenin-1-724x1024.jpg 724w, https:\/\/webs.uab.cat\/grecs\/wp-content\/uploads\/sites\/422\/2024\/04\/1-La-questio-nacional-el-PCE-i-la-Internacional-Comunista-en-temps-de-Lenin-1-212x300.jpg 212w, https:\/\/webs.uab.cat\/grecs\/wp-content\/uploads\/sites\/422\/2024\/04\/1-La-questio-nacional-el-PCE-i-la-Internacional-Comunista-en-temps-de-Lenin-1-768x1086.jpg 768w, https:\/\/webs.uab.cat\/grecs\/wp-content\/uploads\/sites\/422\/2024\/04\/1-La-questio-nacional-el-PCE-i-la-Internacional-Comunista-en-temps-de-Lenin-1-1086x1536.jpg 1086w, https:\/\/webs.uab.cat\/grecs\/wp-content\/uploads\/sites\/422\/2024\/04\/1-La-questio-nacional-el-PCE-i-la-Internacional-Comunista-en-temps-de-Lenin-1-1448x2048.jpg 1448w, https:\/\/webs.uab.cat\/grecs\/wp-content\/uploads\/sites\/422\/2024\/04\/1-La-questio-nacional-el-PCE-i-la-Internacional-Comunista-en-temps-de-Lenin-1-1200x1698.jpg 1200w, https:\/\/webs.uab.cat\/grecs\/wp-content\/uploads\/sites\/422\/2024\/04\/1-La-questio-nacional-el-PCE-i-la-Internacional-Comunista-en-temps-de-Lenin-1.jpg 1587w\" sizes=\"auto, (max-width: 724px) 100vw, 724px\" \/><\/figure><\/div>\n","protected":false},"excerpt":{"rendered":"<p>11) &#8220;Apallissar un esquirol i assassinar el president: pistolerisme i viol\u00e8ncia sindical a l&#8217;Estat espanyol i a Europa, 1917-1923&#8221;, a c\u00e0rrec d&#8217;Arturo Zoffmann Rodr\u00edguez (Universitat de Girona) (12\/4\/2024) 10) &#8220;Las relaciones hispano-sovi\u00e9ticas despu\u00e9s de la Guerra Civil&#8221;, a c\u00e0rrec de Georgy Filatov (Universitat Aut\u00f2noma de Barcelona) (21\/3\/2024) 9) &#8220;De revoluciones en Am\u00e9rica Latina: interpretaciones, contexto [&hellip;]<\/p>\n","protected":false},"author":2899,"featured_media":0,"parent":0,"menu_order":0,"comment_status":"closed","ping_status":"closed","template":"sidebar.php","meta":{"footnotes":""},"class_list":["post-339","page","type-page","status-publish","hentry"],"_links":{"self":[{"href":"https:\/\/webs.uab.cat\/grecs\/wp-json\/wp\/v2\/pages\/339","targetHints":{"allow":["GET"]}}],"collection":[{"href":"https:\/\/webs.uab.cat\/grecs\/wp-json\/wp\/v2\/pages"}],"about":[{"href":"https:\/\/webs.uab.cat\/grecs\/wp-json\/wp\/v2\/types\/page"}],"author":[{"embeddable":true,"href":"https:\/\/webs.uab.cat\/grecs\/wp-json\/wp\/v2\/users\/2899"}],"replies":[{"embeddable":true,"href":"https:\/\/webs.uab.cat\/grecs\/wp-json\/wp\/v2\/comments?post=339"}],"version-history":[{"count":6,"href":"https:\/\/webs.uab.cat\/grecs\/wp-json\/wp\/v2\/pages\/339\/revisions"}],"predecessor-version":[{"id":368,"href":"https:\/\/webs.uab.cat\/grecs\/wp-json\/wp\/v2\/pages\/339\/revisions\/368"}],"wp:attachment":[{"href":"https:\/\/webs.uab.cat\/grecs\/wp-json\/wp\/v2\/media?parent=339"}],"curies":[{"name":"wp","href":"https:\/\/api.w.org\/{rel}","templated":true}]}}