{"id":545,"date":"2024-05-19T01:46:03","date_gmt":"2024-05-18T23:46:03","guid":{"rendered":"https:\/\/webs.uab.cat\/grecs\/?page_id=545"},"modified":"2024-05-28T16:48:18","modified_gmt":"2024-05-28T14:48:18","slug":"llibres","status":"publish","type":"page","link":"https:\/\/webs.uab.cat\/grecs\/llibres\/","title":{"rendered":"Llibres"},"content":{"rendered":"\n<hr class=\"wp-block-separator has-alpha-channel-opacity\" \/>\n\n\n\n<div class=\"wp-block-media-text alignfull is-stacked-on-mobile is-vertically-aligned-center\" style=\"grid-template-columns:48% auto\"><figure class=\"wp-block-media-text__media\"><img loading=\"lazy\" decoding=\"async\" width=\"236\" height=\"332\" src=\"https:\/\/webs.uab.cat\/grecs\/wp-content\/uploads\/sites\/422\/2023\/12\/edition-140865-236x333-1.jpg\" alt=\"\" class=\"wp-image-283 size-full\" srcset=\"https:\/\/webs.uab.cat\/grecs\/wp-content\/uploads\/sites\/422\/2023\/12\/edition-140865-236x333-1.jpg 236w, https:\/\/webs.uab.cat\/grecs\/wp-content\/uploads\/sites\/422\/2023\/12\/edition-140865-236x333-1-213x300.jpg 213w\" sizes=\"auto, (max-width: 236px) 100vw, 236px\" \/><\/figure><div class=\"wp-block-media-text__content\">\n<h1 class=\"wp-block-heading has-larger-font-size\"><em>LOS PERDEDORES DE TODAS LAS GUERRAS<\/em>.<\/h1>\n\n\n\n<h2 class=\"wp-block-heading has-normal-font-size\"><em>Refugio, exilio y desplazamiento forzoso: Espa\u00f1a y Europa (1912-1951)<\/em>, Granada: Comares, 2023, 184 pp.    <\/h2>\n\n\n\n<h2 class=\"wp-block-heading has-small-font-size\">Javier Rodrigo&nbsp;y Magdalini Fytili&nbsp;(eds.) <\/h2>\n\n\n\n<p class=\"has-text-align-left\">Durante el \u00faltimo siglo, millones de personas fueron desplazadas como resultado de la violencia y la persecuci\u00f3n. El exilio republicano de Espa\u00f1a, las expulsiones de la segunda posguerra mundial y las migraciones forzadas en la ex Yugoslavia o en la antigua Uni\u00f3n Sovi\u00e9tica son ejemplos de estos desplazamientos forzosos relacionados con guerras civiles, disoluciones estatales, dictaduras, limpiezas \u00e9tnicas o genocidios. En buena medida, el XX es el siglo de los refugiados, y parece que el XXI no lo va a ser menos. Este libro aporta r\u00e9gimen de historicidad al fen\u00f3meno de las personas refugiadas, echando atr\u00e1s la mirada hacia la primera mitad del siglo XX. Y lo hace desde la privilegiada atalaya que proporciona el desplazamiento forzoso y el exilio espa\u00f1oles, una de las m\u00e1s importantes migraciones forzosas masivas del siglo XX europeo. El de la huida de la guerra, el refugio y la expulsi\u00f3n de personas de sus hogares es un fen\u00f3meno que est\u00e1 lejos de haberse terminado. Es m\u00e1s: puede que estemos viviendo su desgraciada segunda juventud, despu\u00e9s de la de 1945.<\/p>\n<\/div><\/div>\n\n\n\n<hr class=\"wp-block-separator has-alpha-channel-opacity is-style-default\" \/>\n\n\n\n<div class=\"wp-block-media-text alignfull is-stacked-on-mobile is-vertically-aligned-center\"><figure class=\"wp-block-media-text__media\"><img loading=\"lazy\" decoding=\"async\" width=\"690\" height=\"1024\" src=\"https:\/\/webs.uab.cat\/grecs\/wp-content\/uploads\/sites\/422\/2024\/05\/9788418752759-690x1024.jpg\" alt=\"\" class=\"wp-image-572 size-full\" srcset=\"https:\/\/webs.uab.cat\/grecs\/wp-content\/uploads\/sites\/422\/2024\/05\/9788418752759-690x1024.jpg 690w, https:\/\/webs.uab.cat\/grecs\/wp-content\/uploads\/sites\/422\/2024\/05\/9788418752759-202x300.jpg 202w, https:\/\/webs.uab.cat\/grecs\/wp-content\/uploads\/sites\/422\/2024\/05\/9788418752759-768x1139.jpg 768w, https:\/\/webs.uab.cat\/grecs\/wp-content\/uploads\/sites\/422\/2024\/05\/9788418752759-1035x1536.jpg 1035w, https:\/\/webs.uab.cat\/grecs\/wp-content\/uploads\/sites\/422\/2024\/05\/9788418752759-1380x2048.jpg 1380w, https:\/\/webs.uab.cat\/grecs\/wp-content\/uploads\/sites\/422\/2024\/05\/9788418752759-1200x1780.jpg 1200w, https:\/\/webs.uab.cat\/grecs\/wp-content\/uploads\/sites\/422\/2024\/05\/9788418752759-1980x2938.jpg 1980w, https:\/\/webs.uab.cat\/grecs\/wp-content\/uploads\/sites\/422\/2024\/05\/9788418752759-scaled.jpg 1726w\" sizes=\"auto, (max-width: 690px) 100vw, 690px\" \/><\/figure><div class=\"wp-block-media-text__content\">\n<h1 class=\"wp-block-heading has-larger-font-size\"><em>POSGUERRAS CIVILES EUROPEAS, 1939-1950<\/em>.<\/h1>\n\n\n\n<h2 class=\"wp-block-heading has-normal-font-size\"><em>Una historia comparada<\/em>, Madrid: Marcial Pons, 2023, 418 pp.<\/h2>\n\n\n\n<h2 class=\"wp-block-heading has-small-font-size\">Javier Rodrigo (ed.)<\/h2>\n\n\n\n<p>\u00bfC\u00f3mo finaliza una guerra civil? \u00bfC\u00f3mo se proyecta la guerra interna en el per\u00edodo posterior? \u00bfExiste un tipo espec\u00edfico de posguerra para las guerras civiles? \u00bfQu\u00e9 es, en suma, una posguerra civil? Estas son algunas de las preguntas que quieren responder los autores. Para ello, transitan aqu\u00ed por procesos de reconstrucci\u00f3n nacional, pol\u00edtica y simb\u00f3lica, de desmovilizaci\u00f3n, violencia e incluso de mantenimiento de guerras irregulares de diferente intensidad en los contextos de posguerra en Espa\u00f1a, Italia, Grecia, Yugoslavia, Ruman\u00eda y Ucrania, adem\u00e1s de ofrecer una visi\u00f3n general de todo el continente europeo. Su intenci\u00f3n principal es problematizar el concepto mismo de \u00abposguerra\u00bb y observar sus especificidades cuando lo que finaliza es una guerra interna. En \u00faltima instancia, el libro trata, mirando a Europa desde Espa\u00f1a, de c\u00f3mo se desmantela una guerra civil.<\/p>\n<\/div><\/div>\n\n\n\n<hr class=\"wp-block-separator has-alpha-channel-opacity\" \/>\n\n\n\n<div class=\"wp-block-media-text alignfull is-stacked-on-mobile is-vertically-aligned-center\"><figure class=\"wp-block-media-text__media\"><img loading=\"lazy\" decoding=\"async\" width=\"348\" height=\"522\" src=\"https:\/\/webs.uab.cat\/grecs\/wp-content\/uploads\/sites\/422\/2024\/05\/maxiii-2.jpg\" alt=\"\" class=\"wp-image-615 size-full\" srcset=\"https:\/\/webs.uab.cat\/grecs\/wp-content\/uploads\/sites\/422\/2024\/05\/maxiii-2.jpg 348w, https:\/\/webs.uab.cat\/grecs\/wp-content\/uploads\/sites\/422\/2024\/05\/maxiii-2-200x300.jpg 200w\" sizes=\"auto, (max-width: 348px) 100vw, 348px\" \/><\/figure><div class=\"wp-block-media-text__content\">\n<h1 class=\"wp-block-heading has-larger-font-size\"><em>THE FLU PANDEMIC OF 1918-1919.<\/em><\/h1>\n\n\n\n<h2 class=\"wp-block-heading has-normal-font-size\"><strong><em>A Political and Cultural Approach from a COVID World<\/em><\/strong>, Londres: 2023, 192 pp.<\/h2>\n\n\n\n<h2 class=\"wp-block-heading has-small-font-size\">Maximiliano Fuentes<\/h2>\n\n\n\n<p>Within the framework of a global political and sanitarian crisis that broke out in March 2020, this book proposes a new contemporary look at the great pandemic of the 20th century, the Spanish flu of 1918-1919. Based on its impact in Spain, the book offers a comparative and transatlantic perspective focused on the political and cultural impact of the pandemic in Europe and Latin America. The book focuses on three aspects: the overwhelming presence of influenza between 1918 and 1920, its oblivion and its political and cultural traces in the interwar decades and even more, and its reappearance in the face of the COVID-19. These three aspects are interconnected through a comparative analysis of the crisis of liberalism and democracy of the 1920s and 1930s and the current populist wave that is affecting the world. As such, this book is of great value to those interested in social and medical history across Europe and Latin America through offering a fresh outlook on the effects of the pandemic of the 20<sup>th<\/sup>&nbsp;century in the wake of the COVID pandemic that swept across the world.<\/p>\n<\/div><\/div>\n\n\n\n<div class=\"wp-block-media-text alignfull is-stacked-on-mobile is-vertically-aligned-center\"><figure class=\"wp-block-media-text__media\"><img loading=\"lazy\" decoding=\"async\" width=\"360\" height=\"520\" src=\"https:\/\/webs.uab.cat\/grecs\/wp-content\/uploads\/sites\/422\/2024\/05\/9781350230408.jpg\" alt=\"\" class=\"wp-image-583 size-full\" srcset=\"https:\/\/webs.uab.cat\/grecs\/wp-content\/uploads\/sites\/422\/2024\/05\/9781350230408.jpg 360w, https:\/\/webs.uab.cat\/grecs\/wp-content\/uploads\/sites\/422\/2024\/05\/9781350230408-208x300.jpg 208w\" sizes=\"auto, (max-width: 360px) 100vw, 360px\" \/><\/figure><div class=\"wp-block-media-text__content\">\n<h1 class=\"wp-block-heading has-larger-font-size\">CAP\u00cdTULO<\/h1>\n\n\n\n<h2 class=\"wp-block-heading has-normal-font-size\">\u00abPeople on the move Refugees and exiles in the Spanish Civil War\u00bb, en Antonio Cazorla et al The\u00a0<em>Bloomsbory Handbook of the Spanish Civil<\/em>, Londres, Bloomsbury, 2023, pp. 167-184.<\/h2>\n\n\n\n<h2 class=\"wp-block-heading has-small-font-size\">Javier Rodrigo y David Alegre<\/h2>\n\n\n\n<h2 class=\"wp-block-heading has-normal-font-size\">\u00abMaterial Conditions\u00bb, en Antonio Cazorla et al The\u00a0<em>Bloomsbory Handbook of the Spanish Civil<\/em>, Londres, Bloomsbury, 2023, pp. 167-184.<\/h2>\n\n\n\n<h2 class=\"wp-block-heading has-small-font-size\">Joan Serrallonga, Just Casas y Manuel&nbsp;Santirso<\/h2>\n\n\n\n<p>In 25 innovative thematic essays,&nbsp;<em>The Bloomsbury Handbook of the Spanish Civil War<\/em>&nbsp;sees an interdisciplinary team of scholars examine a conflict that, more than 80 years after its conclusion, continues to generate both scholarly and public controversy. Split into four main sections covering Military and Diplomatic Issues, Society and Culture, Politics, and Debates, the volume offers a number of unique features. It is unprecedented in its comprehensiveness and includes chapters on topics that are rarely, if ever, explored in the literature of the field: humanitarianism, children and families, material conditions, the decimation of elites, archives and sources, archaeological approaches, digital approaches, public history, and cultural studies approaches. Instead of discussing each of the two warring sides, Republicans and Francoists, separately, as is so often the case, the book&#8217;s thematic structure means that these opposing forces are examined together, facilitating comparison and fresh understanding in numerous areas of study. Contributors from the UK, the USA, Canada, Spain and Denmark also analyse the major controversies and disputes surrounding each topic as part of a detailed exploration of one of the seminal events of the 20th century.<\/p>\n<\/div><\/div>\n\n\n\n<hr class=\"wp-block-separator has-alpha-channel-opacity\" \/>\n\n\n\n<div class=\"wp-block-media-text alignfull is-stacked-on-mobile\" style=\"grid-template-columns:47% auto\"><figure class=\"wp-block-media-text__media\"><img loading=\"lazy\" decoding=\"async\" width=\"661\" height=\"1024\" src=\"https:\/\/webs.uab.cat\/grecs\/wp-content\/uploads\/sites\/422\/2024\/05\/leira-661x1024.jpeg\" alt=\"\" class=\"wp-image-630 size-full\" srcset=\"https:\/\/webs.uab.cat\/grecs\/wp-content\/uploads\/sites\/422\/2024\/05\/leira-661x1024.jpeg 661w, https:\/\/webs.uab.cat\/grecs\/wp-content\/uploads\/sites\/422\/2024\/05\/leira-194x300.jpeg 194w, https:\/\/webs.uab.cat\/grecs\/wp-content\/uploads\/sites\/422\/2024\/05\/leira-768x1190.jpeg 768w, https:\/\/webs.uab.cat\/grecs\/wp-content\/uploads\/sites\/422\/2024\/05\/leira-991x1536.jpeg 991w, https:\/\/webs.uab.cat\/grecs\/wp-content\/uploads\/sites\/422\/2024\/05\/leira-1322x2048.jpeg 1322w, https:\/\/webs.uab.cat\/grecs\/wp-content\/uploads\/sites\/422\/2024\/05\/leira-1200x1859.jpeg 1200w, https:\/\/webs.uab.cat\/grecs\/wp-content\/uploads\/sites\/422\/2024\/05\/leira-scaled.jpeg 1652w\" sizes=\"auto, (max-width: 661px) 100vw, 661px\" \/><\/figure><div class=\"wp-block-media-text__content\">\n<h1 class=\"wp-block-heading has-larger-font-size\">CAP\u00cdTULO<\/h1>\n\n\n\n<h2 class=\"wp-block-heading has-normal-font-size\">\u201cNi con la reina ni con los pretendientes: desertores, pr\u00f3fugos e indultados (1833-1850)\u201d, en Leira Casti\u00f1eira, Francisco (ed.),&nbsp;<em>El pacifismo en Espa\u00f1a desde 1808 hasta el \u201cNO a la Guerra\u201d de Iraq<\/em>, Madrid, Akal, 2023, pp. 89-113.<\/h2>\n\n\n\n<h2 class=\"wp-block-heading has-small-font-size\">Manuel Santirso<\/h2>\n\n\n\n<p>El \u00abNo a la Guerra\u00bb inund\u00f3 las calles y se despleg\u00f3 en los balcones. Durante el primer trimestre de 2003, las capitales de nuestro pa\u00eds fueron testigos de repetidas manifestaciones en contra de la invasi\u00f3n de Iraq por parte de Estados Unidos, con la colaboraci\u00f3n de Reino Unido y Espa\u00f1a, y en contra de las mentiras vertidas por los gobiernos de estos pa\u00edses. Pero \u00bfc\u00f3mo se fue generando el pacifismo en nuestra contemporaneidad? Prestigiosos intelectuales de diversas disciplinas se han reunido para debatir sobre los conceptos que vertebran este libro: el antibelicismo, el antimilitarismo y el pacifismo. El objetivo es trazar una l\u00ednea de continuidad en la formaci\u00f3n del rechazo a la violencia en nuestra historia contempor\u00e1nea, teniendo en cuenta los diversos contextos sociales, pol\u00edticos y culturales. Desde los desertores de la Guerra de la Independencia, pasando por los pr\u00f3fugos de las Carlistas, el proceso de recluta forzosa de la Guerra Civil, los objetores de conciencia, el papel del feminismo y de las mujeres contra la violencia, el \u00abBasta ya\u00bb a ETA o el movimiento anti-OTAN, hasta la condena a la invasi\u00f3n de Iraq, podremos desvelar c\u00f3mo hemos construido ese sentimiento que nos llev\u00f3 a gritar \u00abNo a la Guerra\u00bb.<\/p>\n<\/div><\/div>\n\n\n\n<hr class=\"wp-block-separator has-alpha-channel-opacity\" \/>\n\n\n\n<div class=\"wp-block-media-text alignfull is-stacked-on-mobile is-vertically-aligned-center\"><figure class=\"wp-block-media-text__media\"><img loading=\"lazy\" decoding=\"async\" width=\"662\" height=\"1000\" src=\"https:\/\/webs.uab.cat\/grecs\/wp-content\/uploads\/sites\/422\/2024\/05\/image-1.jpeg\" alt=\"Ellos, los fascistas: La banalizaci\u00f3n del fascismo y la crisis de la democracia (Deusto)\" class=\"wp-image-560 size-full\" srcset=\"https:\/\/webs.uab.cat\/grecs\/wp-content\/uploads\/sites\/422\/2024\/05\/image-1.jpeg 662w, https:\/\/webs.uab.cat\/grecs\/wp-content\/uploads\/sites\/422\/2024\/05\/image-1-199x300.jpeg 199w\" sizes=\"auto, (max-width: 662px) 100vw, 662px\" \/><\/figure><div class=\"wp-block-media-text__content\">\n<h1 class=\"wp-block-heading has-larger-font-size\"><em>ELLOS, LOS FASCISTAS<\/em>.<\/h1>\n\n\n\n<h2 class=\"wp-block-heading has-normal-font-size\"><em>La banalizaci\u00f3n del fascismo y la crisis de la democracia<\/em>, Barcelona: Deusto, 2022, 220 pp.<\/h2>\n\n\n\n<h2 class=\"wp-block-heading has-small-font-size\">Javier Rodrigo y Maximiliano Fuentes<\/h2>\n\n\n\n<p>En los \u00faltimos a\u00f1os ha tenido lugar un resurgir y una popularizaci\u00f3n del t\u00e9rmino \u00abfascista\u00bb para conceptualizar fen\u00f3menos pol\u00edticos m\u00e1s bien recientes, como el crecimiento de los partidos de ultraderecha y la consagraci\u00f3n de las \u00abdemocracias iliberales\u00bb. Sin embargo, lo que un d\u00eda fue un adjetivo calificativo que designaba una realidad muy concreta de la Europa de entreguerras, hoy en d\u00eda se emplea como ep\u00edteto descalificativo de forma muy laxa y para denigrar al adversario pol\u00edtico. En este libro, dos historiadores expertos en las guerras y dictaduras del siglo pasado desgranan las nuevas narrativas que estructuran el debate pol\u00edtico contempor\u00e1neo y estudian si la revitalizaci\u00f3n de los fen\u00f3menos pol\u00edticos nacionalistas y xen\u00f3fobos se corresponde realmente con el contexto originario en el que ten\u00eda sentido usar el t\u00e9rmino fascista. <em>Ellos, los fascistas<\/em> proporciona al lector no especializado herramientas anal\u00edticas y conceptuales desde la historiograf\u00eda y la ciencia pol\u00edtica para entender qu\u00e9 fue realmente el fascismo y si es posible que vuelva a tener lugar en nuestra \u00e9poca. Una obra imprescindible para diseccionar y comprender el concepto de moda en Espa\u00f1a y Europa durante la \u00faltima d\u00e9cada, y para estar vacunados frente al empleo torticero de la terminolog\u00eda pol\u00edtica.<\/p>\n<\/div><\/div>\n\n\n\n<hr class=\"wp-block-separator has-alpha-channel-opacity\" \/>\n\n\n\n<div class=\"wp-block-media-text alignfull is-stacked-on-mobile is-vertically-aligned-center\"><figure class=\"wp-block-media-text__media\"><img loading=\"lazy\" decoding=\"async\" width=\"675\" height=\"1000\" src=\"https:\/\/webs.uab.cat\/grecs\/wp-content\/uploads\/sites\/422\/2024\/05\/image-3.jpeg\" alt=\"General\u00edsimo: Las vidas de Francisco Franco, 1892-2020 (Ensayo)\" class=\"wp-image-564 size-full\" srcset=\"https:\/\/webs.uab.cat\/grecs\/wp-content\/uploads\/sites\/422\/2024\/05\/image-3.jpeg 675w, https:\/\/webs.uab.cat\/grecs\/wp-content\/uploads\/sites\/422\/2024\/05\/image-3-203x300.jpeg 203w\" sizes=\"auto, (max-width: 675px) 100vw, 675px\" \/><\/figure><div class=\"wp-block-media-text__content\">\n<h1 class=\"wp-block-heading has-larger-font-size\"><em>GENERAL\u00cdSIMO<\/em>.<\/h1>\n\n\n\n<h2 class=\"wp-block-heading has-normal-font-size\"><em>Las vidas de Francisco Franco, 1892-2020<\/em>, Barcelona: Galaxia Gutenberg, 2022, 494 pp.<\/h2>\n\n\n\n<h2 class=\"wp-block-heading has-small-font-size\">Javier Rodrigo<\/h2>\n\n\n\n<p>Paquito, Comandant\u00edn, Caudillo, General\u00edsimo, Su Excelencia el Jefe del Estado&#8230; Esas y otras denominaciones acompa\u00f1aron a lo largo de toda su vida a Francisco Franco Bahamonde. Seg\u00fan sus bi\u00f3grafos y propagandistas, el inmortal, heroico y providencial hombre enviado por Dios para salvar a Espa\u00f1a, el defensor de la patria, santificado hasta el punto de que, a su muerte, la gente le dejar\u00eda peticiones manuscritas de milagros en el ata\u00fad. O, en su reverso tenebroso, representado desde el antifranquismo, el ser t\u00edmido, reprimido y taimado, el cruel, traidor, d\u00e9spota y despiadado Criminal\u00edsimo. Con este libro, Javier Rodrigo no pretende volver a reconstruir el periplo vital de Franco, sino recorrer su vida a partir de sus denominaciones: de c\u00f3mo lo llamaron, y de c\u00f3mo se autodenomin\u00f3. El resultado es una reconstrucci\u00f3n a veces turbadora y siempre fascinante de los mitos adheridos a su biograf\u00eda. Un recorrido desde el mito del guerrero tocado por Dios, inmortal e invencible, hasta la caricatura presente, convertido en carne de meme, pasando por su proyecci\u00f3n narrativa como salvador de la patria, pacificador nacional, buen dictador, abuelo feliz, protodem\u00f3crata, hombre excepcional e irrepetible. <em>General\u00edsimo<\/em> habla de las vidas, reales o inventadas, del dictador. Pero, sobre todo, habla de nuestra historia y nuestro presente. <\/p>\n<\/div><\/div>\n\n\n\n<p><\/p>\n","protected":false},"excerpt":{"rendered":"<p>LOS PERDEDORES DE TODAS LAS GUERRAS. Refugio, exilio y desplazamiento forzoso: Espa\u00f1a y Europa (1912-1951), Granada: Comares, 2023, 184 pp. Javier Rodrigo&nbsp;y Magdalini Fytili&nbsp;(eds.) Durante el \u00faltimo siglo, millones de personas fueron desplazadas como resultado de la violencia y la persecuci\u00f3n. El exilio republicano de Espa\u00f1a, las expulsiones de la segunda posguerra mundial y las [&hellip;]<\/p>\n","protected":false},"author":2899,"featured_media":0,"parent":0,"menu_order":0,"comment_status":"closed","ping_status":"closed","template":"sidebar.php","meta":{"footnotes":""},"class_list":["post-545","page","type-page","status-publish","hentry"],"_links":{"self":[{"href":"https:\/\/webs.uab.cat\/grecs\/wp-json\/wp\/v2\/pages\/545","targetHints":{"allow":["GET"]}}],"collection":[{"href":"https:\/\/webs.uab.cat\/grecs\/wp-json\/wp\/v2\/pages"}],"about":[{"href":"https:\/\/webs.uab.cat\/grecs\/wp-json\/wp\/v2\/types\/page"}],"author":[{"embeddable":true,"href":"https:\/\/webs.uab.cat\/grecs\/wp-json\/wp\/v2\/users\/2899"}],"replies":[{"embeddable":true,"href":"https:\/\/webs.uab.cat\/grecs\/wp-json\/wp\/v2\/comments?post=545"}],"version-history":[{"count":23,"href":"https:\/\/webs.uab.cat\/grecs\/wp-json\/wp\/v2\/pages\/545\/revisions"}],"predecessor-version":[{"id":646,"href":"https:\/\/webs.uab.cat\/grecs\/wp-json\/wp\/v2\/pages\/545\/revisions\/646"}],"wp:attachment":[{"href":"https:\/\/webs.uab.cat\/grecs\/wp-json\/wp\/v2\/media?parent=545"}],"curies":[{"name":"wp","href":"https:\/\/api.w.org\/{rel}","templated":true}]}}