{"id":101,"date":"2018-09-04T12:57:27","date_gmt":"2018-09-04T12:57:27","guid":{"rendered":"https:\/\/webs.uab.cat\/gredics\/antoni-santisteban-fernandez\/"},"modified":"2018-09-04T12:57:27","modified_gmt":"2018-09-04T12:57:27","slug":"antoni-santisteban-fernandez","status":"publish","type":"page","link":"https:\/\/webs.uab.cat\/gredics\/antoni-santisteban-fernandez\/","title":{"rendered":"Antoni Santisteban Fern\u00e1ndez"},"content":{"rendered":"<h1 class=\"rtecenter\"><img loading=\"lazy\" decoding=\"async\" alt=\"\" height=\"328\" src=\"https:\/\/i.imgur.com\/bBRjmxN.png\" width=\"493\" \/><\/h1>\n<h1 class=\"rtecenter\"><span style=\"font-family:times new roman,times,serif\">Antoni Santisteban Fern\u00e1ndez<\/span><\/h1>\n<hr \/>\n<table align=\"center\" border=\"4\" cellpadding=\"1\" cellspacing=\"1\" style=\"width:706px\">\n<tbody>\n<tr>\n<td class=\"rtecenter\" style=\"width:181px\">\n<p class=\"rteright\">&nbsp;<\/p>\n<p class=\"rteright\">C\u00e0rrec<\/p>\n<p class=\"rteright\">Despatx<\/p>\n<p class=\"rteright\">Tel\u00e8fon<\/p>\n<p class=\"rteright\">Correu electr\u00f2nic<\/p>\n<p class=\"rteright\">Google acad\u00e8mic<\/p>\n<p class=\"rteright\">Research gate<\/p>\n<p class=\"rteright\">Dialnet<\/p>\n<p class=\"rteright\">DDD<\/p>\n<p class=\"rteright\">ORDCID<\/p>\n<\/td>\n<td class=\"rtecenter\" style=\"width:509px\">\n<p class=\"rteleft\">&nbsp;<\/p>\n<p class=\"rteleft\">Coordinador del grup. Titular d&#8217;universitat.<\/p>\n<p class=\"rteleft\">G5-105<\/p>\n<p class=\"rteleft\">(+34) 93 581 26 52<\/p>\n<p class=\"rteleft\">antoni.santisteban@uab.cat<\/p>\n<p class=\"rteleft\"><a href=\"https:\/\/scholar.google.es\/citations?user=TvmTqPAAAAAJ&amp;hl=ca&amp;oi=sra\" target=\"_blank\" rel=\"noopener\">https:\/\/scholar.google.es\/citations?user=TvmTqPAAAAAJ&amp;hl=ca&amp;oi=sra<\/a><\/p>\n<p class=\"rteleft\"><a href=\"https:\/\/www.researchgate.net\/profile\/Antoni_Santisteban\" target=\"_blank\" rel=\"noopener\">https:\/\/www.researchgate.net\/profile\/Antoni_Santisteban<\/a><\/p>\n<p class=\"rteleft\"><a href=\"https:\/\/dialnet.unirioja.es\/servlet\/autor?codigo=2399879\" target=\"_blank\" rel=\"noopener\">https:\/\/dialnet.unirioja.es\/servlet\/autor?codigo=2399879<\/a><\/p>\n<p class=\"rteleft\"><a href=\"https:\/\/goo.gl\/kxvQ39\" target=\"_blank\" rel=\"noopener\">https:\/\/goo.gl\/kxvQ39<\/a><\/p>\n<p class=\"rteleft\"><a href=\"https:\/\/orcid.org\/0000-0001-7978-5186\" target=\"_blank\" rel=\"noopener\">https:\/\/orcid.org\/0000-0001-7978-5186<\/a><\/p>\n<\/td>\n<\/tr>\n<\/tbody>\n<\/table>\n<p class=\"rtecenter\">\n&nbsp;<\/p>\n","protected":false},"excerpt":{"rendered":"<p>Antoni Santisteban Fern\u00e1ndez &nbsp; C\u00e0rrec Despatx Tel\u00e8fon Correu electr\u00f2nic Google acad\u00e8mic Research gate Dialnet DDD ORDCID &nbsp; Coordinador del grup. Titular d&#8217;universitat. G5-105 (+34) 93 581 26 52 antoni.santisteban@uab.cat https:\/\/scholar.google.es\/citations?user=TvmTqPAAAAAJ&amp;hl=ca&amp;oi=sra https:\/\/www.researchgate.net\/profile\/Antoni_Santisteban https:\/\/dialnet.unirioja.es\/servlet\/autor?codigo=2399879 https:\/\/goo.gl\/kxvQ39 https:\/\/orcid.org\/0000-0001-7978-5186 &nbsp;<\/p>\n","protected":false},"author":20,"featured_media":0,"parent":0,"menu_order":0,"comment_status":"closed","ping_status":"closed","template":"","meta":{"footnotes":""},"class_list":["post-101","page","type-page","status-publish","hentry"],"_links":{"self":[{"href":"https:\/\/webs.uab.cat\/gredics\/wp-json\/wp\/v2\/pages\/101","targetHints":{"allow":["GET"]}}],"collection":[{"href":"https:\/\/webs.uab.cat\/gredics\/wp-json\/wp\/v2\/pages"}],"about":[{"href":"https:\/\/webs.uab.cat\/gredics\/wp-json\/wp\/v2\/types\/page"}],"author":[{"embeddable":true,"href":"https:\/\/webs.uab.cat\/gredics\/wp-json\/wp\/v2\/users\/20"}],"replies":[{"embeddable":true,"href":"https:\/\/webs.uab.cat\/gredics\/wp-json\/wp\/v2\/comments?post=101"}],"version-history":[{"count":0,"href":"https:\/\/webs.uab.cat\/gredics\/wp-json\/wp\/v2\/pages\/101\/revisions"}],"wp:attachment":[{"href":"https:\/\/webs.uab.cat\/gredics\/wp-json\/wp\/v2\/media?parent=101"}],"curies":[{"name":"wp","href":"https:\/\/api.w.org\/{rel}","templated":true}]}}