{"id":105,"date":"2018-09-05T12:35:54","date_gmt":"2018-09-05T12:35:54","guid":{"rendered":"https:\/\/webs.uab.cat\/gredics\/breo-tosar-bacarizo\/"},"modified":"2018-09-05T12:35:54","modified_gmt":"2018-09-05T12:35:54","slug":"breo-tosar-bacarizo","status":"publish","type":"page","link":"https:\/\/webs.uab.cat\/gredics\/breo-tosar-bacarizo\/","title":{"rendered":"Breo Tosar Bacarizo"},"content":{"rendered":"<p style=\"text-align:center\"><img loading=\"lazy\" decoding=\"async\" alt=\"\" height=\"200\" src=\"https:\/\/0.academia-photos.com\/30356266\/10414277\/11620964\/s200_breo.tosar.jpg\" width=\"200\" \/><\/p>\n<h1 class=\"rtecenter\">Breo Tosar Bacarizo<\/h1>\n<hr \/>\n<table align=\"center\" border=\"3\" cellpadding=\"1\" cellspacing=\"1\" style=\"width:614px\">\n<tbody>\n<tr>\n<td class=\"rtecenter\" style=\"width:181px\">\n<p class=\"rteright\">C\u00e0rrec<\/p>\n<p class=\"rteright\">Despatx<\/p>\n<p class=\"rteright\">Tel\u00e8fon<\/p>\n<p class=\"rteright\">Correu electr\u00f2nic<\/p>\n<p class=\"rteright\">Dialnet<\/p>\n<p class=\"rteright\">DDD<\/p>\n<p class=\"rteright\">ORCID<\/p>\n<\/td>\n<td class=\"rtecenter\" style=\"width: 416px;\">\n<p class=\"rteleft\">Membre del grup. Professor associat.&nbsp;<\/p>\n<p class=\"rteleft\">G5-105<\/p>\n<p class=\"rteleft\">(+34) 93 581 26 52<\/p>\n<p class=\"rteleft\">breogan.tosar@uab.cat<\/p>\n<p class=\"rteleft\"><a href=\"https:\/\/dialnet.unirioja.es\/servlet\/autor?codigo=3699937\" target=\"_blank\" rel=\"noopener\">https:\/\/dialnet.unirioja.es\/servlet\/autor?codigo=3699937<\/a><\/p>\n<p class=\"rteleft\"><a href=\"https:\/\/ja.cat\/2zpkF\" target=\"_blank\" rel=\"noopener\">https:\/\/ja.cat\/2zpkF<\/a><\/p>\n<p class=\"rteleft\"><a href=\"https:\/\/orcid.org\/0000-0002-1885-6638\" target=\"_blank\" rel=\"noopener\">https:\/\/orcid.org\/0000-0002-1885-6638<\/a><\/p>\n<\/td>\n<\/tr>\n<\/tbody>\n<\/table>\n<p class=\"rtecenter\">\n&nbsp;<\/p>\n<p>&nbsp;<\/p>\n","protected":false},"excerpt":{"rendered":"<p>Breo Tosar Bacarizo C\u00e0rrec Despatx Tel\u00e8fon Correu electr\u00f2nic Dialnet DDD ORCID Membre del grup. Professor associat.&nbsp; G5-105 (+34) 93 581 26 52 breogan.tosar@uab.cat https:\/\/dialnet.unirioja.es\/servlet\/autor?codigo=3699937 https:\/\/ja.cat\/2zpkF https:\/\/orcid.org\/0000-0002-1885-6638 &nbsp; &nbsp;<\/p>\n","protected":false},"author":20,"featured_media":0,"parent":0,"menu_order":0,"comment_status":"closed","ping_status":"closed","template":"","meta":{"footnotes":""},"class_list":["post-105","page","type-page","status-publish","hentry"],"_links":{"self":[{"href":"https:\/\/webs.uab.cat\/gredics\/wp-json\/wp\/v2\/pages\/105","targetHints":{"allow":["GET"]}}],"collection":[{"href":"https:\/\/webs.uab.cat\/gredics\/wp-json\/wp\/v2\/pages"}],"about":[{"href":"https:\/\/webs.uab.cat\/gredics\/wp-json\/wp\/v2\/types\/page"}],"author":[{"embeddable":true,"href":"https:\/\/webs.uab.cat\/gredics\/wp-json\/wp\/v2\/users\/20"}],"replies":[{"embeddable":true,"href":"https:\/\/webs.uab.cat\/gredics\/wp-json\/wp\/v2\/comments?post=105"}],"version-history":[{"count":0,"href":"https:\/\/webs.uab.cat\/gredics\/wp-json\/wp\/v2\/pages\/105\/revisions"}],"wp:attachment":[{"href":"https:\/\/webs.uab.cat\/gredics\/wp-json\/wp\/v2\/media?parent=105"}],"curies":[{"name":"wp","href":"https:\/\/api.w.org\/{rel}","templated":true}]}}