{"id":109,"date":"2018-09-05T12:53:15","date_gmt":"2018-09-05T12:53:15","guid":{"rendered":"https:\/\/webs.uab.cat\/gredics\/joan-llusa-serra\/"},"modified":"2022-07-22T15:26:05","modified_gmt":"2022-07-22T15:26:05","slug":"joan-llusa-serra","status":"publish","type":"page","link":"https:\/\/webs.uab.cat\/gredics\/joan-llusa-serra\/","title":{"rendered":"Joan Llus\u00e0 Serra"},"content":{"rendered":"<h1 class=\"rtecenter\"><img loading=\"lazy\" decoding=\"async\" class=\" size-full wp-image-106\" alt=\"joan.png\" height=\"301\" src=\"https:\/\/webs.uab.cat\/gredics\/wp-content\/uploads\/sites\/63\/2018\/09\/joan.png\" width=\"410\" srcset=\"https:\/\/webs.uab.cat\/gredics\/wp-content\/uploads\/sites\/63\/2018\/09\/joan.png 800w, https:\/\/webs.uab.cat\/gredics\/wp-content\/uploads\/sites\/63\/2018\/09\/joan-300x220.png 300w, https:\/\/webs.uab.cat\/gredics\/wp-content\/uploads\/sites\/63\/2018\/09\/joan-768x564.png 768w\" sizes=\"auto, (max-width: 410px) 100vw, 410px\" \/><\/h1>\n<h1 class=\"rtecenter\"><span style=\"font-family:times new roman,times,serif\">Joan Llus\u00e0 Serra<\/span><\/h1>\n<hr>\n<table align=\"center\" border=\"3\" cellpadding=\"1\" cellspacing=\"1\" style=\"width:548px\">\n<tbody>\n<tr>\n<td class=\"rtecenter\" style=\"width:181px\">\n<p class=\"rteright\">&nbsp;<\/p>\n<p class=\"rteright\">C\u00e0rrec<\/p>\n<p class=\"rteright\">Despatx<\/p>\n<p class=\"rteright\">Tel\u00e8fon<\/p>\n<p class=\"rteright\">Correu electr\u00f2nic<\/p>\n<p class=\"rteright\">Dialnet<\/p>\n<p class=\"rteright\">DDD<\/p>\n<p class=\"rteright\">ORCID<\/p>\n<\/td>\n<td class=\"rtecenter\" style=\"width: 350px;\">\n<p class=\"rteleft\">&nbsp;<\/p>\n<p class=\"rteleft\">Membre del grup. Professor Associat.<\/p>\n<p class=\"rteleft\">G5-137<\/p>\n<p class=\"rteleft\">93 581 27 09<\/p>\n<p class=\"rteleft\">juan.llusa@uab.cat<\/p>\n<p class=\"rteleft\"><a href=\"https:\/\/dialnet.unirioja.es\/servlet\/autor?codigo=2418502\" target=\"_blank\" rel=\"noopener\">https:\/\/dialnet.unirioja.es\/servlet\/autor?codigo=2418502<\/a><\/p>\n<p class=\"rteleft\"><a href=\"https:\/\/goo.gl\/jV65FW\" target=\"_blank\" rel=\"noopener\">https:\/\/goo.gl\/jV65FW<\/a><\/p>\n<p class=\"rteleft\"><a href=\"https:\/\/orcid.org\/0000-0001-5589-8020\" target=\"_blank\" rel=\"noopener\">https:\/\/orcid.org\/0000-0001-5589-8020<\/a><\/p>\n<\/td>\n<\/tr>\n<\/tbody>\n<\/table>\n<p class=\"rtecenter\">\n&nbsp;<\/p>\n","protected":false},"excerpt":{"rendered":"<p>Joan Llus\u00e0 Serra &nbsp; C\u00e0rrec Despatx Tel\u00e8fon Correu electr\u00f2nic Dialnet DDD ORCID &nbsp; Membre del grup. Professor Associat. G5-137 93 581 27 09 juan.llusa@uab.cat https:\/\/dialnet.unirioja.es\/servlet\/autor?codigo=2418502 https:\/\/goo.gl\/jV65FW https:\/\/orcid.org\/0000-0001-5589-8020 &nbsp;<\/p>\n","protected":false},"author":20,"featured_media":0,"parent":0,"menu_order":0,"comment_status":"closed","ping_status":"closed","template":"","meta":{"footnotes":""},"class_list":["post-109","page","type-page","status-publish","hentry"],"_links":{"self":[{"href":"https:\/\/webs.uab.cat\/gredics\/wp-json\/wp\/v2\/pages\/109","targetHints":{"allow":["GET"]}}],"collection":[{"href":"https:\/\/webs.uab.cat\/gredics\/wp-json\/wp\/v2\/pages"}],"about":[{"href":"https:\/\/webs.uab.cat\/gredics\/wp-json\/wp\/v2\/types\/page"}],"author":[{"embeddable":true,"href":"https:\/\/webs.uab.cat\/gredics\/wp-json\/wp\/v2\/users\/20"}],"replies":[{"embeddable":true,"href":"https:\/\/webs.uab.cat\/gredics\/wp-json\/wp\/v2\/comments?post=109"}],"version-history":[{"count":1,"href":"https:\/\/webs.uab.cat\/gredics\/wp-json\/wp\/v2\/pages\/109\/revisions"}],"predecessor-version":[{"id":475,"href":"https:\/\/webs.uab.cat\/gredics\/wp-json\/wp\/v2\/pages\/109\/revisions\/475"}],"wp:attachment":[{"href":"https:\/\/webs.uab.cat\/gredics\/wp-json\/wp\/v2\/media?parent=109"}],"curies":[{"name":"wp","href":"https:\/\/api.w.org\/{rel}","templated":true}]}}