{"id":110,"date":"2018-09-05T16:16:10","date_gmt":"2018-09-05T16:16:10","guid":{"rendered":"https:\/\/webs.uab.cat\/gredics\/gustavo-gonzalez-valencia\/"},"modified":"2018-09-05T16:16:10","modified_gmt":"2018-09-05T16:16:10","slug":"gustavo-gonzalez-valencia","status":"publish","type":"page","link":"https:\/\/webs.uab.cat\/gredics\/gustavo-gonzalez-valencia\/","title":{"rendered":"Gustavo Gonz\u00e1lez Valencia"},"content":{"rendered":"<h1 class=\"rtecenter\"><img loading=\"lazy\" decoding=\"async\" alt=\"\" height=\"258\" src=\"https:\/\/0.academia-photos.com\/1145228\/1505816\/17364493\/s200_gustavo.gonz_lez_valencia.jpg\" width=\"258\" \/><\/h1>\n<h1 class=\"rtecenter\">Gustavo Gonz\u00e1lez Valencia<\/h1>\n<hr \/>\n<table align=\"center\" border=\"3\" cellpadding=\"1\" cellspacing=\"1\" style=\"width:584px\">\n<tbody>\n<tr>\n<td class=\"rtecenter\" style=\"width:181px\">\n<p class=\"rteright\">C\u00e0rrec<\/p>\n<p class=\"rteright\">Despatx<\/p>\n<p class=\"rteright\">Tel\u00e8fon<\/p>\n<p class=\"rteright\">Correu electr\u00f2nic<\/p>\n<p class=\"rteright\">Google acad\u00e8mic<\/p>\n<p class=\"rteright\">Research gate<\/p>\n<p class=\"rteright\">Dialnet<\/p>\n<p class=\"rteright\">DDD<\/p>\n<p class=\"rteright\">ORCID<\/p>\n<\/td>\n<td class=\"rtecenter\" style=\"width: 386px;\">\n<p class=\"rteleft\">Membre del grup. Professor lector.<\/p>\n<p class=\"rteleft\">G5-105<\/p>\n<p class=\"rteleft\">(+34) 93 581 26 52<\/p>\n<p class=\"rteleft\">gustavo.gonzalez@uab.cat<\/p>\n<p class=\"rteleft\"><a href=\"https:\/\/scholar.google.es\/citations?user=UiDzNcMAAAAJ&amp;hl=ca\" target=\"_blank\" rel=\"noopener\">https:\/\/scholar.google.es\/citations?user=UiDzNcMAAAAJ&amp;hl=ca<\/a><\/p>\n<p class=\"rteleft\"><a href=\"https:\/\/www.researchgate.net\/profile\/Gustavo_Gonzalez-Valencia\" target=\"_blank\" rel=\"noopener\">https:\/\/www.researchgate.net\/profile\/Gustavo_Gonzalez-Valencia<\/a><\/p>\n<p class=\"rteleft\"><a href=\"https:\/\/dialnet.unirioja.es\/servlet\/autor?codigo=2531960\" target=\"_blank\" rel=\"noopener\">https:\/\/dialnet.unirioja.es\/servlet\/autor?codigo=2531960<\/a><\/p>\n<p class=\"rteleft\"><a href=\"https:\/\/goo.gl\/5ex2A2\" target=\"_blank\" rel=\"noopener\">https:\/\/goo.gl\/5ex2A2<\/a><\/p>\n<p class=\"rteleft\"><a href=\"https:\/\/orcid.org\/0000-0001-8718-417X\" target=\"_blank\" rel=\"noopener\">https:\/\/orcid.org\/0000-0001-8718-417X<\/a><\/p>\n<\/td>\n<\/tr>\n<\/tbody>\n<\/table>\n<p class=\"rtecenter\">\n&nbsp;<\/p>\n","protected":false},"excerpt":{"rendered":"<p>Gustavo Gonz\u00e1lez Valencia C\u00e0rrec Despatx Tel\u00e8fon Correu electr\u00f2nic Google acad\u00e8mic Research gate Dialnet DDD ORCID Membre del grup. Professor lector. G5-105 (+34) 93 581 26 52 gustavo.gonzalez@uab.cat https:\/\/scholar.google.es\/citations?user=UiDzNcMAAAAJ&amp;hl=ca https:\/\/www.researchgate.net\/profile\/Gustavo_Gonzalez-Valencia https:\/\/dialnet.unirioja.es\/servlet\/autor?codigo=2531960 https:\/\/goo.gl\/5ex2A2 https:\/\/orcid.org\/0000-0001-8718-417X &nbsp;<\/p>\n","protected":false},"author":20,"featured_media":0,"parent":0,"menu_order":0,"comment_status":"closed","ping_status":"closed","template":"","meta":{"footnotes":""},"class_list":["post-110","page","type-page","status-publish","hentry"],"_links":{"self":[{"href":"https:\/\/webs.uab.cat\/gredics\/wp-json\/wp\/v2\/pages\/110","targetHints":{"allow":["GET"]}}],"collection":[{"href":"https:\/\/webs.uab.cat\/gredics\/wp-json\/wp\/v2\/pages"}],"about":[{"href":"https:\/\/webs.uab.cat\/gredics\/wp-json\/wp\/v2\/types\/page"}],"author":[{"embeddable":true,"href":"https:\/\/webs.uab.cat\/gredics\/wp-json\/wp\/v2\/users\/20"}],"replies":[{"embeddable":true,"href":"https:\/\/webs.uab.cat\/gredics\/wp-json\/wp\/v2\/comments?post=110"}],"version-history":[{"count":0,"href":"https:\/\/webs.uab.cat\/gredics\/wp-json\/wp\/v2\/pages\/110\/revisions"}],"wp:attachment":[{"href":"https:\/\/webs.uab.cat\/gredics\/wp-json\/wp\/v2\/media?parent=110"}],"curies":[{"name":"wp","href":"https:\/\/api.w.org\/{rel}","templated":true}]}}