{"id":111,"date":"2018-09-06T09:38:46","date_gmt":"2018-09-06T09:38:46","guid":{"rendered":"https:\/\/webs.uab.cat\/gredics\/maria-ballbe-martinez\/"},"modified":"2018-09-06T09:38:46","modified_gmt":"2018-09-06T09:38:46","slug":"maria-ballbe-martinez","status":"publish","type":"page","link":"https:\/\/webs.uab.cat\/gredics\/maria-ballbe-martinez\/","title":{"rendered":"Maria Ballb\u00e9 Mart\u00ednez"},"content":{"rendered":"<h1 class=\"rtecenter\"><img decoding=\"async\" alt=\"\" src=\"data:image\/jpeg;base64,\/9j\/4AAQSkZJRgABAQAAAQABAAD\/2wCEAAkGBxITEhUTEhIVFRUVGBgWFxcVFRUVFxcXFRgXFxUVFRgYHSggGBolHRUYITEhJSkrLi4uFx8zODMtNygtLisBCgoKDg0OGxAQGi0lHSUtLS0tLS0tLS0tLS0tLS0tLS0tLS0tLSstKy0tLS0tLS0tLS0rLS0tLS03LS0rLTctN\/\/AABEIAOEA4QMBIgACEQEDEQH\/xAAcAAABBQEBAQAAAAAAAAAAAAAFAAEDBAYCBwj\/xABCEAABAwEFBQcBBQUIAQUAAAABAAIRAwQFEiExBkFRYXETIjKBkaGxwUJystHwIzNSYuEHFCQ0c4Ki8eIXQ5Kzwv\/EABkBAAMBAQEAAAAAAAAAAAAAAAABAgMEBf\/EACQRAAICAwACAQQDAAAAAAAAAAABAhEDITESQQQiMlFhEzOB\/9oADAMBAAIRAxEAPwD15JMkVJsJMnTIEJJJKUwEkkkgBJkk0ooBFJIlcPfGZS4KjolVbVbWMEucAFl9qtsqdnaYMnQczyXlV537arXLiS2nw+AfyWTl+DRQPVLy\/tBsVMx20n+UF3vohX\/qVQJ0dHEx8Lx600yDmfqoGu\/WidWFH0LdW1tCvk14nhMH0R+lamnRw9V803e408UySD5jzRy7dqK7HRjMbgSfdGxeJ9AB66lYjZba3tYZVgO3Gdei2NOpKpOyGiZMmlJWI6SXMpSlQDpJJIASSSUpUAydNCSVjLKdcpKih5SlMkgQ6SZMgB0pTFJMBEpkiuSUAM98CVltor5AY4k90cNXHcByRC+7UZFNp1zdyHBYe8XOtNUU6fhaYad0jN9Q8gPchc+Wfo1hH2zI24do91a0GGN1+jGjigF57QvecFBoY0ZDKT1z3o7tNQ7WsLPSyYzL8yeZRm4dkmADLqljSq2aNXpHnjKdpfriKsULJUnvN817Cy4KYGgSdctP+EKnkQfxnlVtp4e9Bz15KnTqNJgOz4Feq2y4mERAheZ7UXE+i8uaO6nGVilFo0N0McRGhGhXpWyF7mrTLXnv0zB5g6O89\/NeR7EXniPZPOcd09N3VbW6bT2Fqa45NqDA7zOXuPdQm4yoiStHp7XLqVXouUsroRiSSkuJTyqEdJJpSlIDpJcpJDHSTSklQyzKUrmU6Yx5SXKSYh5STJ5SASZJMmAlFXqhrSTuCkJQXaO0RTwjVxDfXVTJ0hxVszd7204CR46pgdEros4p0X1OWBvP+I+ZQ22VC+tA0bDG9ScI9pK0F6NDKTaY0A+FxS2dKRjLpss1HvIzLj7GFsrIwNbks9dLMp45+ua0VEZLatGiRMSoyncVDUcl4hY1VyAX1ZG1GkEIxUcqNcJuJLZ5Ha6Js1oa4ZQZ916La3CpQFQcJPLis1trYu6XcFoNlTjswad7R8Qib4zKunpNzWrtKNN\/FonrvREOWX2KrfsSw6scQtICt4u0YNbJgU8qOV0CqJO5Slcp5QwOklzKdSAkkpTIsZZTyuU8oGJOmlKUwHSXMpJgOmKSYpgcuKye09o\/aNG5jS\/z0HwtU8rC3\/Vl9U82sHlmfclY5Xo0xrZQ2fpYqzSd0uP09gUV2hr7uUeqh2epw1z+OnwPZB9rqrHS178M7wYPlzzXOlZsXrugAIwypkvMLPaqzT\/h7SKgb9l5zg6Ba64L1qVRFWngeOBkHoujwQ1I0DnqJz1zWMBBbyvbshoXHgEJA2F3uCq1GrKG\/rW8wyk1o4vKuWcWs951Zn3QJCTiT5FfaunNN3RWdjB\/h6f3QFRvm0F9N4c3C4TI3ciOSubHPig0cGj2DVEloGarZ5+Gs8fxCfNpg\/IK1TSsVQq4K7Xbj+X69Fr6bsgtcfDnl0sArsFQtK6BWhBNKeVGCnBSA7TyuJTykA8pJpSQBaTrlKUyjpMmTpgJKUyRQAkxKZMSmBHXfAJ4BYC3DEPvPcVtrzqRTd0WPYyQ3\/cfcLDK\/RtjRZpd1gaOvosHtbQNW0NxML2NzLQd\/TfqtvXqR5ISyzYiXcVEXs08bR5rQuWr2gIpuAxZkCAATw3ZLd3Gx7XZzAcACcpafyRMWTl6q5ZLLn0W0paFGFMJ2wDs55LC3u+pqwTJiYmOZ5Lc2793HJAG0lEHvZUkecX3Z6rXwH1CCG5gEAz4ugE+ytWMWimKbmVHPxCXtdnhOgg9Ny9ANjJ+yuG3dyVzkqM1B3ZnbcS6kXEbl1slX7uHhiHuR9Ffv1mGk4IBsjX70cnfiKwfC5I2NrdGB3CPnNaq768sHp6LJ2kyz190Xuqt3fQ+q0xM55mja9SAodSrK2yot6MywCugVECuwUgJAU8rgFPKQx5STSkkBclKVzKeUyh0pTSmQIclKUyaVSARKaUxTFAA6\/Xfsys3RENCP367unos658U\/X5XNl6bw4VbTUmRxVmx0xCEutI7UM4tLh\/tI\/NXm2mApxm64EHwN6loOEZICKhqO\/l+f6Igy0mmAIlvHeFbQk\/yE7ee4OiDU3AHNSWm9WlDn1C8RED3KfiKTNFTeIyUFoegdK1OYYJyU7rVO9DSCwRtZXw0XlZLZKqQ7mZ+UU2+tcUgP4nf1QbZQS8nm0ep\/ok19JEnuj0SoZYOqIXa7IIc\/wAKvXfoEYumMwuxytUqiotKlaV1IxCtN6maUOo1FcpvUsZYBTyowV1KgDqUyaUkAXJTyuZSlBY8pSmTSmB1KZMkmgEmJSXLigALf78uqzld0Ux0RraR+g5T8rM3pVimB0XJkezohwE2qvhtVCftNqN84B+iLVWZZLFbV2kt7Ko3Vrg4eW5a+7ra2rTbUYcnCf6Jx0ky79FihaadMjG4N4SrFW\/LKRGInoFTtNgZVaWvE8ORVdpAEPpNqgEaRiAAjMHVWqNYRtcse0W2gDIdPkZXNO9qB+36gqJ5socf8O7dHcy\/oqVS0GpFNtMMBbhI1JG\/TQK9CeO+Rf8AoSo2qnVJwODgDBI4jcpHCE9lszabA1oiOCitNSM1m2ZGK29reBvMn0EfVTbF0pI\/1Gj0koDf9r7a0GPC3ujy1PqtVsYyAD\/NP\/ElW9Roy7Js1ZfLXHn9XIhYTkEJpH9m7z+SiF1VJaFOJ\/URMLMKlaVAxSgrpXDInY5WqNRUmlTU3JMAkxykBVSk9WGlQxnadRykkBfSlcykmUOkmSlMB5TSmlMSiwHlcuKYvVW1WtoBzzSbQ0jP39Ulx9PoszfD+6jl5VZWdvQ5Ljm\/qOmJmNo6OKmORVTY2+DRf2T\/AAPzH8rvyKL29ktWQs7YrN5E\/K6IK40RLUrPZLMQRkqt4WSTIlp4t39eKH3HbcMT4fhaf+8MI3LPaZtGTW0ZSpZ6h+27yaArFjsoZoNdSdSi1euyclVq12q2EskpdZFVfCyG1l74WFjD3nZE8B+aMXlayZjRYW\/Hy5EYmUnoqXdZySOfwFv7hp4Q7kCfYhZ+5bFnJGTQB6CT7x6LS3e7KoeAA9TKU3bJjGkErP4CP5XH6rvZ2tII4QorL4eoPwqFx2jDUHMQfoVnCVMJK0za0ypQoKRUwXamcxI0qVpUIK7BSAtU3Kyx6otKsU3KWMtYklDiSSoApKeVylKZY8ppTSgG0999iMDSA905n7LR4j+uISbpAglbb2p08iZdwlUKl8kiR8H6rAUL6LnPg4QPN5ne47uirvvl+cY\/\/lJ6lQ1Jlxo3VovN8alC\/wC\/Ekkg5DehV23lWcRiAc2Jl2o89wRGvaBllErCVp7NVXoVSoSATvzQe9HItVQK93LPrKQPtJ7hWUaJrea0Vrq9w9PyQa76E1J5z6rpgTJbNhYNFeAMZEhQ2FmQV3sVQWU6mIfaKhwzqVfdZ5XLqAATVE2BbeYCx1oZjrAcSB+a2V6aFZu7KE1Q48T75BT5DaNBQphrIG\/\/ALn1Utkf3anMt+CobQ6B7D9eS5sTvGOY9hH66rJspIPUHQAgraZa8kaAotTf3Qs\/UvLA4nPU6Qd53FSk3wm6N3ddqD2gok1yw9238wnhz09QfzWkst6NO8LohkrUjGUPaC4KkBVVlWVM0rW7MidpUrHKu0qRpSYyftElFiSS0AdlKUyYplnNerhBK8q2hvBj6j8ThnG85NB7oy0k5xzC3m1ltFKzvcTEiPXX2lePWDFVdUBAxOlxkAtEEEN6ACEkrYy9dlGnFR5IbJEkYjoIGsZ6aIrYadIjEGkidSAJPADOT1Quy1WxmDgmGje48ANw4lWbbeIpAtMGoRAY3Rg4cuPEpSu6Q1wLPtgyYxgOeckwSNOp+FNZTieTlhbllx5LP3PUc4l28acpMNHLj5LS0AGty0GQ581hkSiXF2Kq7VZ286ozKN2h8N5wsbtHbAxpbvWUE2zS6RSq2nGS0H9Sil1WOCsMyu5rsQMHVbK4do6TobVIY7LM+E+e7zXY4NcMo5E3s19kpq7gUFkc0gFpBB3gyrjSpTLoj7NVrS3JEFUtEJNhRn7xZIKFWSjhPqUYvGsxoJc4NHMwgtjtrHuIYZjfGWah3RSontR8I5T6rmxZHqU9v8YjkPRKgPCVmUgpj7qyFvrd4meJ9D\/VaV1TIrHXkYLgN5OvNaYOmOTQhby090a58B\/2rNC+6gI7uYOoP0IQSoSMki9w3ldTin1HPbR6HcW14kNqd0nedD+s1urJag8SDIXgVOqd+fXcvSdjqtQUi\/FLMeEA6xAMzvGaxlHw2uFr6zftKkaVRstoDgCrTXKk7VkVRNiTLiUkwo0UpSuZTEoNDA\/2qWzu0aOKO0eAZMCJEk8BkvPboLu2dUByaQQeLuHpryRv+1m147S1gOTcvQCfcoHYRAJ0aGnCDwG8xvOXqqjpCasv2y24A+o2BUEhpGlNpiGgH7R4rL0bU4S4kuk6zmSeamtdZzAS8ZVu9zAbkD5hVLubiflOEZu4Afr5TSSQm7NlcdchrXOGEEyAJJcTIaByiTK1XayOTcvRY26LWajxuwgnoBAHoPhayzGRO4aeW8rjzu2bwWireVowMLjqc\/yH64rzq+7TNQtO7XqtpaH9sXGe6HMYP91RoJ84WJvCyF1oqAZgPIJ3CMiOqv462RldIgfZ5z3ASSq9SqAIaPPirFvq5lu4acFWZTkTpnHU8AF2v9HMWLDXczNrnN+65zfg5ojWvu0tblWqDnjd+aH0m+y7fSkEJ+CopNhChtbaozru9GH1Jala76tTxnXcW8i1v4ACgos5zn+i4fQI3qPD9D82WTUk5Eud\/Ec8jvzRrZdvfI4ALP2GpDs9CFo9mjm90bgPOVll+0vG7YVtre\/0wqezsybyJSvXxg8Wt9wpKndpk8MR+PzXHZ1FOpUhh8\/hYuvVLnnn7LYWjJr\/AD9oH0WPbqT6eR0XRh9mOUhFMuPypaj2tADTPEwmtlSeI9pUD2EagjqIXUcwi7giLKjgxsOccojSOhQ9lImMjmYGXqi1GmW+IZfoJDTN\/sbe5qMbiOeh6hbCm9eV3BacDsshqPI5+y9IsVbE0HiudadGktqwhiSUeJJaEmolRV6ga0uOjQT6ZruUF2vtgpWSq6YkBg\/3kD4lSWeW7SsFU9o7xSc+GLxH2VSyW9tNwcQHQIGXAQ3yUl72gdk4jjCrV6QrUw5phzG4XtJDcQb4XNG8xlHRWq4w\/aBl6sNUiAXOcT68eQVJ9nLCGATvPONPJSsqPFQh+WRiWnSRmQOKrVLW4PJny3K3RmafZ6jhxYoGLM78LRmZ\/W5a2yv\/AGIOmJuLo0nJYq6auJldzpw4Q3LgTDoP3QfVa+wVMdAHiwgDhwHll6LhzLdnTB6IbssZ7IQBIfTmY+zVk6rPWm76uOo\/BMvceEy4xE5aRvWko2ksIExi7Qj\/AGua74JWVtdueYxOc4AwQSYncY03Lb46admeSmBL7ZheJaQcwd2f6KGStRb6YqUqReO9345NBhsneNfRAqtFxMAZAwDEDgupr2YNEFKph35HUK2LS05SVD\/cXcvVJ9heN3PI6dUbQiZxUFYErqgQci6ekq3TswPH0VdHYMb\/AEWt2VoktPAR6kkoN\/cGkyDEcfdbDZWmMOWQkb9w1+q5vkWommLpNe9AyByYB7qW9WYaZ6gerv8AxV6rSxVQSPCJ8wI+qq3mQ4xwe2f10Xnp2dQGvpmGk87zI9XgLEknIcfqVutqO7SM6nCBzJLnf\/lY+lTgmdW6dV2\/HVowy9Iw3CNM+MTH5qCvXLtZPVFKVCRJ8uXCUJtB7x9PRbmLD1mtLHUKbGt7zCZc7fJxEDlJ65LiqcWR0QgVnNEaa+6kbaskJD8rDd3vEs5xPQr0O4a37NvT9D5Xktltrg4EAZEZlel7MWgPpNcD\/F+I\/mssi3ZSejS4klDKSViNiSsP\/axePZWVgETUqRnoMILp9h6rbleX\/wBtZJbZhwNQ\/hE\/riiO2WzANtZdTc07iCD13KqLUMImfLiCo7POF8CYEu6SPRQNeJ0karoi\/RlILNt\/avEjTTPMiDA9lFWDXugtgneNR1AOa5slBvaNMgZiMx8KW96IBkzO4yJy5BS0NOyewYi2pRGtQGN2kRn5H0WzuUkUTIiC4+UNIWBui8DRe2oRijSd2RB+V6UysHU2uy7wJ9WlcuZG8GmgO+2TGebS\/wB8A+q6um5BUaS\/w1dM84AEgc+fI8UDFXuH75+Wz8eyJ3VeDowYw0tzpF2ENnMlrjG\/ERPILaMX46JTXlsq304NrPaBDWHCBwa0ANA9J81krdaMTyUevWx2txIqMMZw4uDXbsiSe9ruyz1Vm6Nk21CDUDxnmMmyOEwfb2WjmkjPwbegTcVz1KrXPY1p3DEMQ4TEGcyB68E17sNGp2ZklpIO4E5ZtGrehXo0ts9INZhAaI1JDeH3ncua8\/2oPaVXVGtyIE8e6PEeZj4ShKTd+ipxUVXsDsrd6QB6QidFh1id\/DyCGWNsuE7kcpsPGR5eq2jwxK1JpJznrvA3grb3DRw0xzMeW\/2lZKlQJqZAnT13LcUWhjADoxsEnyLj6hcfy5ao6MS9kvawdNcVRx4AeEeZP\/EofROIiTm6piI5ACB6CfNcVLXFOpVcfFAH3W6AdTkuLtf43OjuEzwBLWzHuuRR1ZuDdtrQO43eST6ZA+5WXOcdPdXdqrWH1oH2Q0eZlxP\/AC9lxSwADEWjzkr0MKqCs5cjtnZqnAZ3b0JpbyRPDqVevGu3BDSCOSHUNQFRJefEYSJQ+qIMDcprTUAMDPeSq5fKEJssWStDhP8A1zW82DceyfwxuA8w0rzxm8\/rNeh7Aj\/Dz\/O74aFM9jizW40lHKSjxCzckrH7a3Ky1Pph0nACIBjxnMzyj2WuleX3ztS2leVdlVzzS7rIaScLmsZ3gBzkHqppvhtFq9kY2OotoVGQ7PvFzoB7slokaeQ4rzRtnc5+FjS4nQNGIn0Xrd+3nZuydTpvaKr6buzxuLZBLmzidl9kwhGyNqEdjSeyWSahZTAaXOgMAdq4AA578s4RCUkm2VOEZOkY23XTVoYXVx2echuTnEjPMAwNEVt9nZUaCeEg8JUm2FjL7QAHHwtxDMxmcTuQjNV7DXFRgjcSPKe77ELWMrVmTj4ugIbA8PwxkN8ZRxWxuiu9lEMObZ7vEZZxyJHuhpwuneOWn6yRCwXgxoc19MOBbkdCIGkjcpyRtDhpgi2gAlgJOJ7jI3Z6ey4e0hv2o5DODuRG23uym7FRosLxJDny4N4wMs8t8ruy3lVq1Axxk1DLszwnedB9FcHJLhMoq+gayX3WpHuVC0DKJxCTrkclZG1doecJqEDQFoaDqN4CDtdLiWwIJI4TmBqrllpiBOog5D9DerpMnyaCVS0uIAc4mBAkyGqja7N2jQJwxmPzMqwOu7f8pnv0A3+gjVaaItsG07FHPnB9kRs7YEZ70g8DTP0SLjMfmpv8FV+Qtc1MF07miec\/Z\/PyVu8LXMM3fvKh5aMaOOk+Q4ocLU2k3CdBLn8XHIYfdrfVK0sdVDHCe+6ax\/ga2N25oDvZcM1cjojwgv8Atrf2VOYGTiOnhb8+gVy76mGygnWtVPUjKfYFZx7X2i0dwZkYgCQMoxQOJg+y0lex92lSxkGnTMw0kh9SG4oGR1cnKKSSBNvZlKr2VKj3uMAuMdN3spX0RGWQjeI1HPVadmydOlS7U98iCO9mc+WQHr1Wdt9UOBLJDQQHNJxCDo4EjLMRHRbxknwzlFroHqHduXErqoZK4VoxYl22N64UgbOiAHNTKAI+q9E2GEWZvNzvlebubC9J2J\/yrOrvxFRMpGilOuZSUjNluXgu1P8AnrV\/q1fxlJJLGXIFXp\/7f+kz6o5sH+8qfcH4gkkql9oY\/wCxBXaTxv8A9N34HrNXR+6d1PwEkkQ4Vk+4u0vAei4s+7o74KSS0kQU7Z9rzRW5fGf9Gr+BJJU\/tEugA+N3VvyiVP6D5SSREhnb\/wAk79T936uTpKiY9I6fgH64runqkko9FvpFePhd1H4ij9z\/ALu0\/dd\/9SZJc0jeILo+Ozfeb8LR2nxHp9SnSWc+lx4Xdov8s77o+QvOaX7mr0p\/iSSWuLgsvQdU3LlJJbo5WIKdnhCSSGETmrqOi9A2S\/y7fNJJZyKQZSSSUAf\/2Q==\" \/><\/h1>\n<h1 class=\"rtecenter\">Maria Ballb\u00e9 Mart\u00ednez<\/h1>\n<hr \/>\n<table align=\"center\" border=\"3\" cellpadding=\"1\" cellspacing=\"1\" style=\"width:558px\">\n<tbody>\n<tr>\n<td class=\"rtecenter\" style=\"width:181px\">\n<p class=\"rteright\">&nbsp;<\/p>\n<p class=\"rteright\">C\u00e0rrec<\/p>\n<p class=\"rteright\">Despatx<\/p>\n<p class=\"rteright\">Tel\u00e8fon<\/p>\n<p class=\"rteright\">Correu electr\u00f2nic<\/p>\n<p class=\"rteright\">Web personal<\/p>\n<p class=\"rteright\">Dialnet<\/p>\n<p class=\"rteright\">&nbsp;<\/p>\n<\/td>\n<td class=\"rtecenter\" style=\"width: 360px;\">\n<p class=\"rteleft\">&nbsp;<\/p>\n<p class=\"rteleft\">Membre del grup. T\u00e8cnica d&#8217;investigaci\u00f3.&nbsp;<\/p>\n<p class=\"rteleft\">G5-137<\/p>\n<p class=\"rteleft\">93 581 27 09<\/p>\n<p class=\"rteleft\">maria.ballbe@uab.cat<\/p>\n<p class=\"rteleft\"><a href=\"http:\/\/ballbemaria.wixsite.com\/ballbemaria\/blog\" target=\"_blank\" rel=\"noopener\">http:\/\/ballbemaria.wixsite.com\/ballbemaria\/blog<\/a><\/p>\n<p class=\"rteleft\"><a href=\"https:\/\/dialnet.unirioja.es\/servlet\/autor?codigo=3927470\" target=\"_blank\" rel=\"noopener\">https:\/\/dialnet.unirioja.es\/servlet\/autor?codigo=3927470<\/a><\/p>\n<p class=\"rteleft\">&nbsp;<\/p>\n<\/td>\n<\/tr>\n<\/tbody>\n<\/table>\n<p class=\"rtecenter\">\n&nbsp;<\/p>\n","protected":false},"excerpt":{"rendered":"<p>Maria Ballb\u00e9 Mart\u00ednez &nbsp; C\u00e0rrec Despatx Tel\u00e8fon Correu electr\u00f2nic Web personal Dialnet &nbsp; &nbsp; Membre del grup. T\u00e8cnica d&#8217;investigaci\u00f3.&nbsp; G5-137 93 581 27 09 maria.ballbe@uab.cat http:\/\/ballbemaria.wixsite.com\/ballbemaria\/blog https:\/\/dialnet.unirioja.es\/servlet\/autor?codigo=3927470 &nbsp; &nbsp;<\/p>\n","protected":false},"author":20,"featured_media":0,"parent":0,"menu_order":0,"comment_status":"closed","ping_status":"closed","template":"","meta":{"footnotes":""},"class_list":["post-111","page","type-page","status-publish","hentry"],"_links":{"self":[{"href":"https:\/\/webs.uab.cat\/gredics\/wp-json\/wp\/v2\/pages\/111","targetHints":{"allow":["GET"]}}],"collection":[{"href":"https:\/\/webs.uab.cat\/gredics\/wp-json\/wp\/v2\/pages"}],"about":[{"href":"https:\/\/webs.uab.cat\/gredics\/wp-json\/wp\/v2\/types\/page"}],"author":[{"embeddable":true,"href":"https:\/\/webs.uab.cat\/gredics\/wp-json\/wp\/v2\/users\/20"}],"replies":[{"embeddable":true,"href":"https:\/\/webs.uab.cat\/gredics\/wp-json\/wp\/v2\/comments?post=111"}],"version-history":[{"count":0,"href":"https:\/\/webs.uab.cat\/gredics\/wp-json\/wp\/v2\/pages\/111\/revisions"}],"wp:attachment":[{"href":"https:\/\/webs.uab.cat\/gredics\/wp-json\/wp\/v2\/media?parent=111"}],"curies":[{"name":"wp","href":"https:\/\/api.w.org\/{rel}","templated":true}]}}