{"id":116,"date":"2018-09-06T10:27:09","date_gmt":"2018-09-06T10:27:09","guid":{"rendered":"https:\/\/webs.uab.cat\/gredics\/mariona-massip-sabater\/"},"modified":"2022-07-22T15:26:25","modified_gmt":"2022-07-22T15:26:25","slug":"mariona-massip-sabater","status":"publish","type":"page","link":"https:\/\/webs.uab.cat\/gredics\/mariona-massip-sabater\/","title":{"rendered":"Mariona Massip Sabater"},"content":{"rendered":"<h1 class=\"rtecenter\"><img loading=\"lazy\" decoding=\"async\" class=\" size-full wp-image-113\" alt=\"massip_fotografia20024.jpg\" height=\"292\" src=\"https:\/\/webs.uab.cat\/gredics\/wp-content\/uploads\/sites\/63\/2018\/09\/massip_fotografia20024.jpg\" width=\"362\" srcset=\"https:\/\/webs.uab.cat\/gredics\/wp-content\/uploads\/sites\/63\/2018\/09\/massip_fotografia20024.jpg 745w, https:\/\/webs.uab.cat\/gredics\/wp-content\/uploads\/sites\/63\/2018\/09\/massip_fotografia20024-300x242.jpg 300w\" sizes=\"auto, (max-width: 362px) 100vw, 362px\" \/><\/h1>\n<h1 class=\"rtecenter\">Mariona Massip Sabater<\/h1>\n<hr>\n<table align=\"center\" border=\"3\" cellpadding=\"1\" cellspacing=\"1\" style=\"width:544px\">\n<tbody>\n<tr>\n<td class=\"rtecenter\" style=\"width:191px\">\n<p class=\"rteright\">C\u00e0rrec<\/p>\n<p class=\"rteright\">Despatx<\/p>\n<p class=\"rteright\">Tel\u00e8fon<\/p>\n<p class=\"rteright\">Correu electr\u00f2nic<\/p>\n<p class=\"rteright\">Dialnet<\/p>\n<p class=\"rteright\">DDD<\/p>\n<\/td>\n<td class=\"rtecenter\" style=\"width: 336px;\">\n<p class=\"rteleft\">Membre del grup. Becaria PIF i professora associada.&nbsp;<\/p>\n<p class=\"rteleft\">G5-137<\/p>\n<p class=\"rteleft\">93 581 27 09<\/p>\n<p class=\"rteleft\">mariona.massip@uab.cat<\/p>\n<p class=\"rteleft\"><a href=\"https:\/\/dialnet.unirioja.es\/servlet\/autor?codigo=4332578\" target=\"_blank\" rel=\"noopener\">https:\/\/dialnet.unirioja.es\/servlet\/autor?codigo=4332578<\/a><\/p>\n<p class=\"rteleft\"><a href=\"https:\/\/goo.gl\/ifVxrF\" target=\"_blank\" rel=\"noopener\">https:\/\/goo.gl\/ifVxrF<\/a><\/p>\n<\/td>\n<\/tr>\n<\/tbody>\n<\/table>\n<p class=\"rtecenter\">\n&nbsp;<\/p>\n","protected":false},"excerpt":{"rendered":"<p>Mariona Massip Sabater C\u00e0rrec Despatx Tel\u00e8fon Correu electr\u00f2nic Dialnet DDD Membre del grup. Becaria PIF i professora associada.&nbsp; G5-137 93 581 27 09 mariona.massip@uab.cat https:\/\/dialnet.unirioja.es\/servlet\/autor?codigo=4332578 https:\/\/goo.gl\/ifVxrF &nbsp;<\/p>\n","protected":false},"author":20,"featured_media":0,"parent":0,"menu_order":0,"comment_status":"closed","ping_status":"closed","template":"","meta":{"footnotes":""},"class_list":["post-116","page","type-page","status-publish","hentry"],"_links":{"self":[{"href":"https:\/\/webs.uab.cat\/gredics\/wp-json\/wp\/v2\/pages\/116","targetHints":{"allow":["GET"]}}],"collection":[{"href":"https:\/\/webs.uab.cat\/gredics\/wp-json\/wp\/v2\/pages"}],"about":[{"href":"https:\/\/webs.uab.cat\/gredics\/wp-json\/wp\/v2\/types\/page"}],"author":[{"embeddable":true,"href":"https:\/\/webs.uab.cat\/gredics\/wp-json\/wp\/v2\/users\/20"}],"replies":[{"embeddable":true,"href":"https:\/\/webs.uab.cat\/gredics\/wp-json\/wp\/v2\/comments?post=116"}],"version-history":[{"count":1,"href":"https:\/\/webs.uab.cat\/gredics\/wp-json\/wp\/v2\/pages\/116\/revisions"}],"predecessor-version":[{"id":476,"href":"https:\/\/webs.uab.cat\/gredics\/wp-json\/wp\/v2\/pages\/116\/revisions\/476"}],"wp:attachment":[{"href":"https:\/\/webs.uab.cat\/gredics\/wp-json\/wp\/v2\/media?parent=116"}],"curies":[{"name":"wp","href":"https:\/\/api.w.org\/{rel}","templated":true}]}}