{"id":117,"date":"2018-09-13T16:20:03","date_gmt":"2018-09-13T16:20:03","guid":{"rendered":"https:\/\/webs.uab.cat\/gredics\/laura-girbau-casajoana\/"},"modified":"2018-09-13T16:20:03","modified_gmt":"2018-09-13T16:20:03","slug":"laura-girbau-casajoana","status":"publish","type":"page","link":"https:\/\/webs.uab.cat\/gredics\/laura-girbau-casajoana\/","title":{"rendered":"Laura Girbau Casajoana"},"content":{"rendered":"<p style=\"text-align:center\"><a href=\"https:\/\/ibb.co\/d2v4VU\"><img loading=\"lazy\" decoding=\"async\" alt=\"laura\" height=\"389\" src=\"https:\/\/preview.ibb.co\/ki99x9\/laura.jpg\" width=\"339\" \/><\/a><\/p>\n<h1 class=\"rtecenter\">Laura Girbau Casajoana<\/h1>\n<hr \/>\n<table align=\"center\" border=\"3\" cellpadding=\"1\" cellspacing=\"1\" style=\"width:487px\">\n<tbody>\n<tr>\n<td class=\"rtecenter\" style=\"width:106px\">\n<p class=\"rteright\">&nbsp;<\/p>\n<p class=\"rteright\">C\u00e0rrec<\/p>\n<p class=\"rteright\">Despatx<\/p>\n<p class=\"rteright\">Tel\u00e8fon<\/p>\n<p class=\"rteright\">Correu electr\u00f2nic<\/p>\n<p class=\"rteright\">Google acad\u00e8mic<\/p>\n<p class=\"rteright\">DDD<\/p>\n<p class=\"rteright\">&nbsp;<\/p>\n<\/td>\n<td class=\"rtecenter\" style=\"width: 363px;\">\n<p class=\"rteleft\">&nbsp;<\/p>\n<p class=\"rteleft\">Membre del grup. Professora associada.<\/p>\n<p class=\"rteleft\">G5-137<\/p>\n<p class=\"rteleft\">93 581 27 09<\/p>\n<p class=\"rteleft\">laura.girbau@uab.cat<\/p>\n<p class=\"rteleft\"><a href=\"https:\/\/scholar.google.es\/citations?user=5aExmP8AAAAJ&amp;hl=ca\" target=\"_blank\" rel=\"noopener\"><span style=\"color:#0000FF\">https:\/\/scholar.google.es\/citations?user=5aExmP8AAAAJ&amp;hl=ca<\/span><\/a><\/p>\n<p class=\"rteleft\"><a href=\"https:\/\/goo.gl\/nQHSbj\" target=\"_blank\" rel=\"noopener\"><span style=\"color:#0000FF\">https:\/\/goo.gl\/nQHSbj<\/span><\/a><\/p>\n<p class=\"rteleft\">&nbsp;<\/p>\n<\/td>\n<\/tr>\n<\/tbody>\n<\/table>\n<p class=\"rtecenter\">\n&nbsp;<\/p>\n","protected":false},"excerpt":{"rendered":"<p>Laura Girbau Casajoana &nbsp; C\u00e0rrec Despatx Tel\u00e8fon Correu electr\u00f2nic Google acad\u00e8mic DDD &nbsp; &nbsp; Membre del grup. Professora associada. G5-137 93 581 27 09 laura.girbau@uab.cat https:\/\/scholar.google.es\/citations?user=5aExmP8AAAAJ&amp;hl=ca https:\/\/goo.gl\/nQHSbj &nbsp; &nbsp;<\/p>\n","protected":false},"author":20,"featured_media":0,"parent":0,"menu_order":0,"comment_status":"closed","ping_status":"closed","template":"","meta":{"footnotes":""},"class_list":["post-117","page","type-page","status-publish","hentry"],"_links":{"self":[{"href":"https:\/\/webs.uab.cat\/gredics\/wp-json\/wp\/v2\/pages\/117","targetHints":{"allow":["GET"]}}],"collection":[{"href":"https:\/\/webs.uab.cat\/gredics\/wp-json\/wp\/v2\/pages"}],"about":[{"href":"https:\/\/webs.uab.cat\/gredics\/wp-json\/wp\/v2\/types\/page"}],"author":[{"embeddable":true,"href":"https:\/\/webs.uab.cat\/gredics\/wp-json\/wp\/v2\/users\/20"}],"replies":[{"embeddable":true,"href":"https:\/\/webs.uab.cat\/gredics\/wp-json\/wp\/v2\/comments?post=117"}],"version-history":[{"count":0,"href":"https:\/\/webs.uab.cat\/gredics\/wp-json\/wp\/v2\/pages\/117\/revisions"}],"wp:attachment":[{"href":"https:\/\/webs.uab.cat\/gredics\/wp-json\/wp\/v2\/media?parent=117"}],"curies":[{"name":"wp","href":"https:\/\/api.w.org\/{rel}","templated":true}]}}