{"id":121,"date":"2018-10-11T16:07:44","date_gmt":"2018-10-11T16:07:44","guid":{"rendered":"https:\/\/webs.uab.cat\/gredics\/que-investigamos\/"},"modified":"2022-12-05T15:55:26","modified_gmt":"2022-12-05T15:55:26","slug":"que-investigamos","status":"publish","type":"page","link":"https:\/\/webs.uab.cat\/gredics\/que-investigamos\/","title":{"rendered":"\u00bfQU\u00c9 INVESTIGAMOS?"},"content":{"rendered":"<p style=\"text-align:center\"><img loading=\"lazy\" decoding=\"async\" class=\" size-full wp-image-118\" alt=\"my_post.jpg\" height=\"151\" src=\"https:\/\/webs.uab.cat\/gredics\/wp-content\/uploads\/sites\/63\/2018\/10\/my_post.jpg\" width=\"451\" srcset=\"https:\/\/webs.uab.cat\/gredics\/wp-content\/uploads\/sites\/63\/2018\/10\/my_post.jpg 800w, https:\/\/webs.uab.cat\/gredics\/wp-content\/uploads\/sites\/63\/2018\/10\/my_post-300x100.jpg 300w, https:\/\/webs.uab.cat\/gredics\/wp-content\/uploads\/sites\/63\/2018\/10\/my_post-768x256.jpg 768w\" sizes=\"auto, (max-width: 451px) 100vw, 451px\" \/><\/p>\n<p class=\"rtecenter\"><span style=\"font-size:18px\"><strong>Projecte EDU2016 80145-P<\/strong><\/span><\/p>\n<p class=\"rtecenter\"><span style=\"font-size:18px\"><strong>Ense\u00f1ar y aprender a interpretar problemas y conflictos contempor\u00e1neos <\/strong><\/span><\/p>\n<p class=\"rtecenter\"><span style=\"font-size:18px\"><strong>\u00bfQu\u00e9 aportan las ciencias sociales a la formaci\u00f3n de una ciudadan\u00eda global cr\u00edtica?&nbsp;<\/strong><\/span><\/p>\n<p class=\"rtecenter\">&nbsp;<\/p>\n<p class=\"rtecenter\"><span style=\"color:#0000FF\"><strong>Introducci\u00f3n &#8211; \u00bfQu\u00e9 investigamos?<\/strong><\/span><\/p>\n<p class=\"rtejustify\">En primer lugar, pretendemos conocer qu\u00e9 problemas y conflictos contempor\u00e1neos trata el profesorado en sus clases y c\u00f3mo lo hace; en especial, c\u00f3mo ense\u00f1a a interpretar la informaci\u00f3n sobre cuestiones socialmente vivas para que el alumnado pueda actuar en consecuencia, seg\u00fan una literacidad cr\u00edtica.<\/p>\n<p class=\"rtejustify\">Quisi\u00e9ramos saber qu\u00e9 y c\u00f3mo el profesorado ense\u00f1a a interpretar temas controvertidos como el de los refugiados y refugiadas en Europa, los muros en el mundo, el racismo, la pobreza, etc. Desde una perspectiva temporal, espacial, conceptual, sociol\u00f3gica, pretendemos investigar qu\u00e9 pasa en las clases de ciencias sociales, geograf\u00eda e historia en la educaci\u00f3n secundaria obligatoria, a trav\u00e9s de cuestionarios y entrevistas al profesorado, y observaciones de su pr\u00e1ctica. Pretendemos realizar con el profesorado colaborador un proceso de reflexi\u00f3n sobre la pr\u00e1ctica, que ayude a mejorar la ense\u00f1anza y a producir innovaciones educativas.<\/p>\n<p class=\"rtejustify\">La investigaci\u00f3n sobre la pr\u00e1ctica del profesorado, debe ayudarnos a definir cu\u00e1les son y cu\u00e1les deber\u00edan ser las aportaciones que la ense\u00f1anza de las ciencias sociales, la geograf\u00eda y la historia pueden hacer a la formaci\u00f3n de una ciudadan\u00eda cr\u00edtica, con una conciencia global. Es evidente que la situaci\u00f3n actual nos exige, al profesorado de ciencias sociales, un esfuerzo para repensar el conocimiento hist\u00f3rico, geogr\u00e1fico y social en general, con una concepci\u00f3n diferente y diversa de la temporalidad hist\u00f3rica plural, y con una visi\u00f3n del territorio que nos permita establecer las conexiones necesarias de interdependencia.<\/p>\n<p class=\"rtejustify\">En la segunda fase pretendemos realizar una propuesta de ense\u00f1anza para la interpretaci\u00f3n de problemas y conflictos contempor\u00e1neos, basada en: a) la literacidad cr\u00edtica, para diferenciar hechos de opiniones, argumentar la veracidad y la fiabilidad de las fuentes, distinguir la ideolog\u00eda de la informaci\u00f3n, identificar silencios, todo con el objetivo de tomar decisiones responsables; b) la concepci\u00f3n de una ciudadan\u00eda cr\u00edtica con conciencia global; c) la educaci\u00f3n para la justicia social y para hacer visibles a personas invisibles; d) la participaci\u00f3n democr\u00e1tica comprometida y responsable para el cambio social.<\/p>\n<p class=\"rtejustify\">Nuestro prop\u00f3sito es elaborar una serie de criterios para que el alumnado aprenda a interpretar problemas y conflictos contempor\u00e1neos. Se investigar\u00e1 la pr\u00e1ctica del profesorado de ciencias sociales a trav\u00e9s de la observaci\u00f3n de sus clases. En este sentido, la participaci\u00f3n de los docentes colaboradores en el desarrollo de la investigaci\u00f3n es muy importante, de tal manera que pretendemos compartir con ellos el proceso de indagaci\u00f3n y de discusi\u00f3n de los datos, y colaborar en un proceso conjunto de reflexi\u00f3n sobre la pr\u00e1ctica educativa.&nbsp;<\/p>\n<p class=\"rtejustify\">En s\u00edntesis, queremos investigar qu\u00e9 y c\u00f3mo ense\u00f1a el profesorado a interpretar los problemas y conflictos contempor\u00e1neos. Y queremos construir una propuesta que d\u00e9 respuesta a las necesidades de una ciudadan\u00eda global, que desarrolle la literacidad cr\u00edtica para tener argumentos de acci\u00f3n social, para comprometerse con la justicia social y para hacer visibles a las personas invisibles.<\/p>\n","protected":false},"excerpt":{"rendered":"<p>Projecte EDU2016 80145-P Ense\u00f1ar y aprender a interpretar problemas y conflictos contempor\u00e1neos \u00bfQu\u00e9 aportan las ciencias sociales a la formaci\u00f3n de una ciudadan\u00eda global cr\u00edtica?&nbsp; &nbsp; Introducci\u00f3n &#8211; \u00bfQu\u00e9 investigamos? En primer lugar, pretendemos conocer qu\u00e9 problemas y conflictos contempor\u00e1neos trata el profesorado en sus clases y c\u00f3mo lo hace; en especial, c\u00f3mo ense\u00f1a a [&hellip;]<\/p>\n","protected":false},"author":20,"featured_media":791,"parent":0,"menu_order":0,"comment_status":"closed","ping_status":"closed","template":"","meta":{"footnotes":""},"class_list":["post-121","page","type-page","status-publish","has-post-thumbnail","hentry"],"_links":{"self":[{"href":"https:\/\/webs.uab.cat\/gredics\/wp-json\/wp\/v2\/pages\/121","targetHints":{"allow":["GET"]}}],"collection":[{"href":"https:\/\/webs.uab.cat\/gredics\/wp-json\/wp\/v2\/pages"}],"about":[{"href":"https:\/\/webs.uab.cat\/gredics\/wp-json\/wp\/v2\/types\/page"}],"author":[{"embeddable":true,"href":"https:\/\/webs.uab.cat\/gredics\/wp-json\/wp\/v2\/users\/20"}],"replies":[{"embeddable":true,"href":"https:\/\/webs.uab.cat\/gredics\/wp-json\/wp\/v2\/comments?post=121"}],"version-history":[{"count":1,"href":"https:\/\/webs.uab.cat\/gredics\/wp-json\/wp\/v2\/pages\/121\/revisions"}],"predecessor-version":[{"id":556,"href":"https:\/\/webs.uab.cat\/gredics\/wp-json\/wp\/v2\/pages\/121\/revisions\/556"}],"wp:featuredmedia":[{"embeddable":true,"href":"https:\/\/webs.uab.cat\/gredics\/wp-json\/wp\/v2\/media\/791"}],"wp:attachment":[{"href":"https:\/\/webs.uab.cat\/gredics\/wp-json\/wp\/v2\/media?parent=121"}],"curies":[{"name":"wp","href":"https:\/\/api.w.org\/{rel}","templated":true}]}}