{"id":127,"date":"2018-10-11T16:48:47","date_gmt":"2018-10-11T16:48:47","guid":{"rendered":"https:\/\/webs.uab.cat\/gredics\/referencias-bibliograficas\/"},"modified":"2018-10-11T16:48:47","modified_gmt":"2018-10-11T16:48:47","slug":"referencias-bibliograficas","status":"publish","type":"page","link":"https:\/\/webs.uab.cat\/gredics\/referencias-bibliograficas\/","title":{"rendered":"REFERENCIAS BIBLIOGR\u00c1FICAS"},"content":{"rendered":"<p class=\"rtecenter\"><span style=\"color:#0000FF\"><strong>Referencias bibliogr\u00e1ficas<\/strong><\/span><\/p>\n<p class=\"rtejustify\">ANDREOTTI, V. (2006). Soft versus critical global citizenship education.&nbsp;<em>Policy &amp; Practice-A Development<\/em>, 3:, 40\u201351.<\/p>\n<p class=\"rtejustify\">ANNETTE, J. (2003). Community, politics and citizenship education. In A. Lockyer, B. Crick and J. Annette (Eds)&nbsp;<em>Education for Democratic Citizenship: Issues of Theory and Practice<\/em>&nbsp;(pp.139\u2013148). (Aldershot, Ashgate)., 139\u2013148.<\/p>\n<p class=\"rtejustify\">ARTHUR, J., DAVIES, I., &amp; HAHN, C. (eds.). (2008).&nbsp;<em>Sage handbook of education for citizenship and democracy<\/em>. London: Sage.<\/p>\n<p class=\"rtejustify\">BOLGATZ, J. &amp; COLLEARY, K. (2008): What color was Joan of Arc&#8217;s hair?: Developing critical literacy through historical thinking skills. En Wallowitz, L. (ed.):&nbsp;<em>Critical Literacy as Resistance. Teaching for Social Justice across the secondary curriculum<\/em>. New York: Peter Lang.<\/p>\n<p class=\"rtejustify\">BROMLEY, P. (2009). Cosmopolitanism in civic education: Exploring cross-national trends, 1970\u20132008.&nbsp;<em>Current Issues in Comparative Education<\/em>, 12(1):, 33\u201344.<\/p>\n<p class=\"rtejustify\">CARR, C. (2007). Educational policy and the social justice dilema. Claire, H. And Holden, C. (ed.),&nbsp;<em>The challenge of teaching controversial issues&nbsp;<\/em>(pp.15-25). London: Trentham Books.<\/p>\n<p class=\"rtejustify\">CORTINA, A. (2003).&nbsp;<em>Ciudadanos del mundo: Hacia una teor\u00eda de la ciudadan\u00eda<\/em>. Madrid. Alianza.<\/p>\n<p class=\"rtejustify\">DAVIES, I. (2006). Global citizenship: abstraction or framework for action?&nbsp;<em>Educational Review<\/em>, 58(1):, 5\u201325.<\/p>\n<p class=\"rtejustify\">DAVIES, I. et al (2015).&nbsp;<em>Education, globalization and the nation<\/em>. Basingstoke, Palgrave Macmillan.<\/p>\n<p class=\"rtejustify\">DAVIES, I., EVANS, M., &amp; REID, A. (2005). Globalising citizenship education? A critique of \u201cglobal education\u201d and \u201ccitizenship education.\u201d&nbsp;<em>British Journal of Educational Studies<\/em>, 53(1), 66\u201389.<\/p>\n<p class=\"rtejustify\">DELANTY, G. (2007). Models of Citizenship\u202f: Defining European Identity and Citizenship, (October 2013), 37\u201341.<\/p>\n<p class=\"rtejustify\">EVANS, R. W.; NEWMANN, F.M.; SAXE, D.W. (1996). Defining Issues-Centered Education. Evans, R.W.\/Saxe, D. W. (ed.).&nbsp;<em>Handbook On Teaching Social Issues<\/em>. Washington: National Council for the Social Studies (NCSS), 2-5.<\/p>\n<p class=\"rtejustify\">FANGHANEL, J., &amp; COUSIN, G. (2012). \u201cWorldly\u201d pedagogy: a way of conceptualising teaching towards global citizenship.&nbsp;<em>Teaching in Higher Education<\/em>, 17(1):, 39\u201350.<\/p>\n<p class=\"rtejustify\">FREIRE, F. &amp; MACEDO, D. (1989):&nbsp;<em>Alfabetizaci\u00f3n. Lectura de la palabra y lectura de la realidad<\/em>. Barcelona: Paidos.<\/p>\n<p class=\"rtejustify\">HAIGH, M. (2014). From Internationalisation to Education for Global Citizenship: a Multi\u2010Layered History.&nbsp;<em>Higher Education Quarterly<\/em>, 68(1):, 6\u201327.<\/p>\n<p class=\"rtejustify\">HERN\u00c1NDEZ CARRETERO, A.; GARCI\u0301A RUI\u0301Z, C.; DE LA MONTAN\u0303A, J.L. (2015).&nbsp;<em>Una ensen\u0303anza de las ciencias sociales para el futuro: recursos para trabajar la invisibilidad de personas, lugares y tema\u0301ticas<\/em>. C\u00e1ceres: AUPDCS\/ Universidad de Extremadura.<\/p>\n<p class=\"rtejustify\">ISIN, E. F., &amp; TURNER, B. S. (eds.). (2002).&nbsp;<em>Handbook of citizenship studies<\/em>. New York: Sage<\/p>\n<p class=\"rtejustify\">JANOSKI, T., &amp; GRAN, B. (2002). Political citizenship: Foundations of rights. In Isin, E. F., &amp; Turner, B. S. (eEds.). (2002).&nbsp;<em>Handbook of citizenship studies<\/em>&nbsp;(pp. 13-52). New York: Sage., pp. 13-52<\/p>\n<p class=\"rtejustify\">KELLNER, D. &amp; SHARE, J. (2007): Critical media literacy is not an option.&nbsp;<em>Learning Inquiry<\/em>, 1, 59\u201369.<\/p>\n<p class=\"rtejustify\">KNOBEL, M. (2007): Foreword. En PATEL, L.&nbsp; &amp;&nbsp; BEAN, T. (eds.)&nbsp;<em>Critical Literacy. Context, research and practice in the K-12 classroom<\/em>. Thousand Oaks: SAGE.<\/p>\n<p class=\"rtejustify\">KYMLICKA, W. &amp; NORMAN, W. (1994). Return of the citizen: A survey of recent work on citizenship theory.&nbsp;<em>Ethics<\/em>, 104 (2):, 352-381.<\/p>\n<p class=\"rtejustify\">LANKSHEAR, C. &amp; MCLAREN, P. (1993):&nbsp;<em>Critical Literacy. Politics, praxis, and the postmodern.<\/em>&nbsp;New York: State University of New York Press.<\/p>\n<p class=\"rtejustify\">LEGARDEZ, A. (2003). L\u2019enseignement des questions sociales et historiques, socialement vives.&nbsp;<em>Le Cartable de Clio<\/em>&nbsp;n\u00ba 3, 245-253.<\/p>\n<p class=\"rtejustify\">LE ROUX, A. (coord.) (2004).&nbsp;<em>Enseigner l\u2019histoire-g\u00e9ographie par le probl\u00e8me?<\/em>&nbsp;Paris: L\u2019Harmattan<\/p>\n<p class=\"rtejustify\">MAHLSTEDT, A. (2003).&nbsp;<em>Global citizenship education in practice: an exploration of teachers in the United World Colleges<\/em>. Monograph, Retrieved from&nbsp;<a href=\"http:\/\/www.channelingreality.com\/Niwa\/Documents\/Mahlstedt_Global_Citizenship_United_World_Colleges.pdf\">http:\/\/www.channelingreality.com\/Niwa\/Documents\/Mahlstedt_Global_Citizen&#8230;<\/a><\/p>\n<p class=\"rtejustify\">McDANIEL, C. (2004). \u201cCritical literacy: A questioning stance and the possibility for change.\u201d&nbsp;<em>Reading Teacher<\/em>, 57. pp. 472-484.<\/p>\n<p class=\"rtejustify\">McLAUGHLINY, M. &amp; DeVOOGD, G.(2004): Critical literacy as comprehension: a critical stance.&nbsp;<em>Journal of Adolescent &amp; Adult Literacy<\/em>, 48 (1), 52\u201362.<\/p>\n<p class=\"rtejustify\">MULCAHY, C. (2008):&nbsp;<em>Marginalized Literacies: Critical Literacy in the Language Arts Classroom.<\/em>&nbsp;New York: Information Age Publishing Inc.<\/p>\n<p class=\"rtejustify\">OSLER, A., &amp; STARKEY, H. (2003). Learning for cosmopolitan citizenship: theoretical debates and young people\u2019s experiences.&nbsp;<em>Educational Review<\/em>, 55(3),: 243\u2013254.<\/p>\n<p class=\"rtejustify\">OXLEY, L. and MORRIS, P. (2013) \u2018Global Citizenship: A Typology for Distinguishing its Multiple Conceptions.\u2019&nbsp;<em>British Journal of Educational Studies<\/em>, 61(3): pp. 301\u2013325.<\/p>\n<p class=\"rtejustify\">PAG\u00c8S,J.;SANTISTEBAN,A.(coords.) (2011).&nbsp;<em>Les q\u00fcestions socialment vives i l\u2019ensenyament de les ci\u00e8ncies socials<\/em>. Barcelona: Servei de Publicacions de la Universitat Aut\u00f2noma de Barcelona. Col. Documents, 97.<\/p>\n<p class=\"rtejustify\">PAG\u00c8S, J. &amp; SANTISTEBAN, A. (2014). Una mirada del pasado al futuro en la did\u00e1ctica de las ciencias sociales. Pag\u00e8s, J.; Santisteban, A. (eds.).&nbsp;<em>Una mirada al pasado y un proyecto de futuro. Investigaci\u00f3n e innovaci\u00f3n en did\u00e1ctica de las ciencias sociales<\/em>&nbsp;(pp. 17-39). Barcelona: Servicio de Publicaciones de la UAB \/ AUPDCS. Vol. 1, 17-39.<\/p>\n<p class=\"rtejustify\">PENNISI, A. (2008): Visual critical literacy: resistance, activism, and agency in collaborative art making. En WALLOWITZ, L. (ed.):&nbsp;<em>Critical Literacy as Resistance. Teaching for Social Justice across the secondary curriculum.<\/em>&nbsp;New York: Peter Lang.<\/p>\n<p class=\"rtejustify\">Petrone, R., &amp; Borsheim, C. (2008). \u201cIt just seems to be more intelligent\u201d: Critical Literacy in the English classroom. In L. Wallowitz (Ed.),&nbsp;<em>Critical Literacy as Resistance. Teaching for Social Justice across the secondary curriculum<\/em>&nbsp;(pp. 179\u2013206). New York: Peter Lang.<\/p>\n<p class=\"rtejustify\">RAUNER, M. (1999). UNESCO as an organizational carrier of civic education Infor- mation, International&nbsp;<em>Journal of Educational Development<\/em>, 19:, 91-\u2013100.<\/p>\n<p class=\"rtejustify\">ROSS, W. (2004). Social studies and critical thinking. In J. Kincheloe &amp; D. Weil (Eds.),&nbsp;<em>Critical thinking and learning. An Encyclopedia for parents and teachers<\/em>&nbsp;(pp. 383\u2013388). Westport: Greenwood Press.<\/p>\n<p class=\"rtejustify\">ROSS, E. W. (2013). Spectacle, critical pedagogy, and critical social studies education. In J. J. D\u00edaz Matarranz, A. Santisteban, &amp; \u00c1. Cascarejo Garc\u00e9s (Eds.),&nbsp;<em>Medios de comunicaci\u00f3n y pensamiento cr\u00edtico\u202f: nuevas formas de interacci\u00f3n social<\/em>&nbsp;(pp. 19\u201343). Alcal\u00e1 de Henares\u202f: Universidad de Alcal\u00e1.<\/p>\n<p class=\"rtejustify\">ROSS, A. &amp; McCRARY, N.E. (ed.) (2014).&nbsp;<em>Working for Social Justice Inside and Outside the Classroom. A Community of Students, Teachers, Researchers, and Activists.<\/em>&nbsp;New York: Peter Lang.<\/p>\n<p class=\"rtejustify\">SANTISTEBAN, A. (2015). La formacio\u0301n del profesorado para hacer visible lo invisible. Herna\u0301ndez Carretero, A.M.; Garci\u0301a Rui\u0301z, C.R.; De la Montan\u0303a, J.L. (eds.).&nbsp;<em>Una ensen\u0303anza de las ciencias sociales para el futuro: recursos para trabajar la invisibilidad de personas, lugares y tema\u0301ticas<\/em>, Ca\u0301ceres: Universidad de Extremadura\/AUPDCS, 383-393. Disponible en&nbsp;&nbsp;<a href=\"http:\/\/dialnet.unirioja.es\/servlet\/articulo?codigo=5088152\">http:\/\/dialnet.unirioja.es\/servlet\/articulo?codigo=5088152<\/a><\/p>\n<p class=\"rtejustify\">SANTISTEBAN, A.; PAG\u00c8S, J. (2009). Una propuesta conceptual para la investigaci\u00f3n en educaci\u00f3n para la ciudadan\u00eda.&nbsp;<em>Educaci\u00f3n y Pedagog\u00eda,&nbsp;<\/em>53, 15-31. Medell\u00edn. Universidad de Antioqu\u00eda, Facultad de Educaci\u00f3n (Colombia).<\/p>\n<p class=\"rtejustify\">SANTISTEBAN, A.; TOSAR, B; IZQUIERDO,A.; LLUS\u00c0,J.; CANALS,R.; GONZ\u00c1LEZ,N.; PAG\u00c8S,J. (2016). La literacidad cr\u00edtica de la informaci\u00f3n sobre los refugiados y refugiadas: construyendo la ciudadan\u00eda global desde la ense\u00f1anza de las ciencias sociales<strong>.&nbsp;<\/strong>Garc\u00eda Ruiz,C.R.; Arroyo,A.; Andreu,B. (eds.),&nbsp;<em>Deconstruir la alteridad desde&nbsp; la did\u00e1ctica de las ciencias sociales: educar para una ciudadan\u00eda global&nbsp;<\/em>(pp. 550-560). Las Palmas de Gran Canaria: Universidad de Las Palmas y AUPDCS.<\/p>\n<p class=\"rtejustify\">SEARLE (1998):&nbsp;<em>None but our words\u202f: critical literacy in classroom and community<\/em>. Philadelphia: Open University Press.<\/p>\n<p class=\"rtejustify\">SHOR, I. (1999):&nbsp;<em>Critical Literacy in Action. Writing words, changing worlds<\/em>. Portsmouth: Boynton.<\/p>\n<p class=\"rtejustify\">SHULTZ, L. (2007). Educating for Global Citizenship : Conflicting Agendas and Understandings.&nbsp;<em>The Alberta Journal of Educational Research<\/em>, 53(3):, 248\u2013258.<\/p>\n<p class=\"rtejustify\">SKLAIR, L. (1999). Competing conceptions of globalization.&nbsp;<em>Journal of World-Systems Research<\/em>, 2:, 143\u2013163.<\/p>\n<p class=\"rtejustify\">SOARES, L. &amp; WOOD, K. (2010). A Critical Literacy Perspective for Teaching and Learning Social Studies.&nbsp;<em>Reading Teacher<\/em>, 63(6), 486\u2013494.<\/p>\n<p class=\"rtejustify\">SPRING, J. (2004).&nbsp;<em>How educational ideologies are shaping global society<\/em>. Mahwah, NJ: LEA.<\/p>\n<p class=\"rtejustify\">STROMQUIST, N. P. (2009). Teorizando la Ciudadan\u00eda Global : Discursos , Desaf\u00edos e Implicaciones para la Educaci\u00f3n Teorizando la Ciudadan\u00eda Global : Discursos , Desaf\u00edos e Implicaciones para la Educaci\u00f3n.&nbsp;<em>Revista Interamericana de Educaci\u00f3on para la Democracia,<\/em>&nbsp;2(1):, 6-\u201331.<\/p>\n<p class=\"rtejustify\">TORRES, C. A. (2015). Global Citizenship and Global Universities .&nbsp;<em>The Age of Global Interdependence and Cosmopolitanism,&nbsp;<\/em>50(3): , pp. 262-279.<\/p>\n<p class=\"rtejustify\">TULCHIN, J.B. (1987). M\u00e1s all\u00e1 de los hechos hist\u00f3ricos : sobre la ense\u00f1anza del pensamiento cr\u00edtico.&nbsp;<em>Revista de Educaci\u00f3n<\/em>, 282, 235-253.<\/p>\n<p class=\"rtejustify\">TULLY, J. (2014). On global citizenship. Green Teacher. London: Bloomsbury.<\/p>\n<p class=\"rtejustify\">VAN DIJK, T. A. (1993). Principles of Critical Discourse Analysis,&nbsp;<em>Discours &amp; Society<\/em>. 4 (2), 249-283.<\/p>\n<p class=\"rtejustify\">VAN DIJK, T. A. (1999).&nbsp;<em>Ideologi\u0301<\/em>a. Barcelona: Gedisa.<\/p>\n<p class=\"rtejustify\">VEUGELERS, W. (2010). The moral and the political in global citizenship: Appreciating differences in education.&nbsp;<em>Globalisation, Societies and Education<\/em>,9 (3-4):, 473-485.<\/p>\n<p class=\"rtejustify\">WALLOWITZ, L. (ed.) (2008).&nbsp;<em>Critical Literacy as Resistance. Teaching for Social Justice across the secondary curriculum<\/em>. New York: Peter Lang.<\/p>\n<p class=\"rtejustify\">WODAK, R.; MEYER, M. (2003). M\u00e9todos de an\u00e1lisis cr\u00edtico del discurso. Barcelona: Gedisa.<\/p>\n<p class=\"rtejustify\">WOLK, S. (2003): Teaching for Critical Literacy in Social Studies.&nbsp;<em>The Social Studies<\/em>, 94, 101\u2013106.<\/p>\n<p class=\"rtejustify\">ZAHABIOUN, S., YOUSSEFY, A., YARMOHAMMADIAN, M. H., &amp; KESHTIARAY, N. (2013). Global Citizenship Education and Its Implications for Curriculum Goals at the Age of Globalization.&nbsp;<em>International Education Studies<\/em>, 6(1):, 105\u2013 206.<\/p>\n","protected":false},"excerpt":{"rendered":"<p>Referencias bibliogr\u00e1ficas ANDREOTTI, V. (2006). Soft versus critical global citizenship education.&nbsp;Policy &amp; Practice-A Development, 3:, 40\u201351. ANNETTE, J. (2003). Community, politics and citizenship education. In A. Lockyer, B. Crick and J. Annette (Eds)&nbsp;Education for Democratic Citizenship: Issues of Theory and Practice&nbsp;(pp.139\u2013148). (Aldershot, Ashgate)., 139\u2013148. ARTHUR, J., DAVIES, I., &amp; HAHN, C. (eds.). (2008).&nbsp;Sage handbook of [&hellip;]<\/p>\n","protected":false},"author":20,"featured_media":0,"parent":0,"menu_order":0,"comment_status":"closed","ping_status":"closed","template":"","meta":{"footnotes":""},"class_list":["post-127","page","type-page","status-publish","hentry"],"_links":{"self":[{"href":"https:\/\/webs.uab.cat\/gredics\/wp-json\/wp\/v2\/pages\/127","targetHints":{"allow":["GET"]}}],"collection":[{"href":"https:\/\/webs.uab.cat\/gredics\/wp-json\/wp\/v2\/pages"}],"about":[{"href":"https:\/\/webs.uab.cat\/gredics\/wp-json\/wp\/v2\/types\/page"}],"author":[{"embeddable":true,"href":"https:\/\/webs.uab.cat\/gredics\/wp-json\/wp\/v2\/users\/20"}],"replies":[{"embeddable":true,"href":"https:\/\/webs.uab.cat\/gredics\/wp-json\/wp\/v2\/comments?post=127"}],"version-history":[{"count":0,"href":"https:\/\/webs.uab.cat\/gredics\/wp-json\/wp\/v2\/pages\/127\/revisions"}],"wp:attachment":[{"href":"https:\/\/webs.uab.cat\/gredics\/wp-json\/wp\/v2\/media?parent=127"}],"curies":[{"name":"wp","href":"https:\/\/api.w.org\/{rel}","templated":true}]}}