{"id":140,"date":"2018-10-19T10:28:43","date_gmt":"2018-10-19T10:28:43","guid":{"rendered":"https:\/\/webs.uab.cat\/gredics\/carles-anguera\/"},"modified":"2023-04-11T11:12:34","modified_gmt":"2023-04-11T11:12:34","slug":"carles-anguera","status":"publish","type":"page","link":"https:\/\/webs.uab.cat\/gredics\/carles-anguera\/","title":{"rendered":"Carles Anguera"},"content":{"rendered":"<h1 class=\"rtecenter\"><\/h1>\n<h1 class=\"rtecenter\">Carles Anguera Cerarols<\/h1>\n<hr \/>\n<table style=\"width: 635px\" border=\"3\" cellspacing=\"1\" cellpadding=\"1\" align=\"center\">\n<tbody>\n<tr>\n<td class=\"rtecenter\" style=\"width: 215px\">\n<p class=\"rteright\">C\u00e0rrec<\/p>\n<p class=\"rteright\">Despatx<\/p>\n<p class=\"rteright\">Tel\u00e8fon<\/p>\n<p class=\"rteright\">Correu electr\u00f2nic<\/p>\n<p class=\"rteright\">Dialnet<\/p>\n<p class=\"rteright\">DDD<\/p>\n<p class=\"rteright\">ORDCID<\/p>\n<p class=\"rteright\">RESEARCHER ID<\/p>\n<\/td>\n<td class=\"rtecenter\" style=\"width: 403px\">\n<p class=\"rteleft\">Membre del grup. Professor associat.<\/p>\n<p class=\"rteleft\">G5-137<\/p>\n<p class=\"rteleft\">93 581 27 09<\/p>\n<p class=\"rteleft\">carles.anguera@uab.cat<\/p>\n<p class=\"rteleft\"><a href=\"https:\/\/dialnet.unirioja.es\/servlet\/autor?codigo=3087366\" target=\"_blank\" rel=\"noopener\">https:\/\/dialnet.unirioja.es\/servlet\/autor?codigo=3087366<\/a><\/p>\n<p class=\"rteleft\"><a href=\"https:\/\/goo.gl\/B4CpzP\" target=\"_blank\" rel=\"noopener\">https:\/\/goo.gl\/B4CpzP<\/a><\/p>\n<p class=\"rteleft\"><a href=\"https:\/\/orcid.org\/0000-0002-5722-1619\" target=\"_blank\" rel=\"noopener\">https:\/\/orcid.org\/0000-0002-5722-1619<\/a><\/p>\n<p class=\"rteleft\">\u00a0<a href=\"http:\/\/www.researcherid.com\/rid\/H-7973-2015\" target=\"_blank\" rel=\"noopener\">H-7973-2015<\/a><\/p>\n<\/td>\n<\/tr>\n<\/tbody>\n<\/table>\n<p class=\"rtecenter\">\n","protected":false},"excerpt":{"rendered":"<p>Carles Anguera Cerarols C\u00e0rrec Despatx Tel\u00e8fon Correu electr\u00f2nic Dialnet DDD ORDCID RESEARCHER ID Membre del grup. Professor associat. G5-137 93 581 27 09 carles.anguera@uab.cat https:\/\/dialnet.unirioja.es\/servlet\/autor?codigo=3087366 https:\/\/goo.gl\/B4CpzP https:\/\/orcid.org\/0000-0002-5722-1619 \u00a0H-7973-2015<\/p>\n","protected":false},"author":20,"featured_media":0,"parent":0,"menu_order":0,"comment_status":"closed","ping_status":"closed","template":"","meta":{"footnotes":""},"class_list":["post-140","page","type-page","status-publish","hentry"],"_links":{"self":[{"href":"https:\/\/webs.uab.cat\/gredics\/wp-json\/wp\/v2\/pages\/140","targetHints":{"allow":["GET"]}}],"collection":[{"href":"https:\/\/webs.uab.cat\/gredics\/wp-json\/wp\/v2\/pages"}],"about":[{"href":"https:\/\/webs.uab.cat\/gredics\/wp-json\/wp\/v2\/types\/page"}],"author":[{"embeddable":true,"href":"https:\/\/webs.uab.cat\/gredics\/wp-json\/wp\/v2\/users\/20"}],"replies":[{"embeddable":true,"href":"https:\/\/webs.uab.cat\/gredics\/wp-json\/wp\/v2\/comments?post=140"}],"version-history":[{"count":1,"href":"https:\/\/webs.uab.cat\/gredics\/wp-json\/wp\/v2\/pages\/140\/revisions"}],"predecessor-version":[{"id":854,"href":"https:\/\/webs.uab.cat\/gredics\/wp-json\/wp\/v2\/pages\/140\/revisions\/854"}],"wp:attachment":[{"href":"https:\/\/webs.uab.cat\/gredics\/wp-json\/wp\/v2\/media?parent=140"}],"curies":[{"name":"wp","href":"https:\/\/api.w.org\/{rel}","templated":true}]}}