{"id":141,"date":"2018-10-19T10:29:06","date_gmt":"2018-10-19T10:29:06","guid":{"rendered":"https:\/\/webs.uab.cat\/gredics\/edda-sant\/"},"modified":"2018-10-19T10:29:06","modified_gmt":"2018-10-19T10:29:06","slug":"edda-sant","status":"publish","type":"page","link":"https:\/\/webs.uab.cat\/gredics\/edda-sant\/","title":{"rendered":"Edda Sant"},"content":{"rendered":"<h1 class=\"rtecenter\"><img loading=\"lazy\" decoding=\"async\" alt=\"\" height=\"249\" src=\"https:\/\/webcdn.mmu.ac.uk\/profiles\/img\/profile-images\/Edda-Sant-Obiols-crop-145x145-55783cac8b690-1.jpg\" width=\"249\" \/><\/h1>\n<h1 class=\"rtecenter\">Edda Sant Obiols<\/h1>\n<table align=\"center\" border=\"3\" cellpadding=\"1\" cellspacing=\"1\" style=\"width:641px\">\n<tbody>\n<tr>\n<td class=\"rtecenter\" style=\"width:181px\">\n<p class=\"rteright\">C\u00e0rrec<\/p>\n<p class=\"rteright\">Tel\u00e8fon<\/p>\n<p class=\"rteright\">Correu electr\u00f2nic<\/p>\n<p class=\"rteright\">Google acad\u00e8mic<\/p>\n<p class=\"rteright\">Researchgate<\/p>\n<p class=\"rteright\">Dialnet<\/p>\n<p class=\"rteright\">ORCID<\/p>\n<\/td>\n<td class=\"rtecenter\" style=\"width: 443px;\">\n<p class=\"rteleft\">Membre del grup. Senior Lecturer a la Manchester Metropolitan University<\/p>\n<p class=\"rteleft\">&nbsp;+44 (0)161 247 2067<\/p>\n<p class=\"rteleft\"><a href=\"mailto:e.sant@mmu.ac.uk\">e.sant@mmu.ac.uk<\/a>&nbsp;<\/p>\n<p class=\"rteleft\"><a href=\"https:\/\/scholar.google.es\/citations?user=N1rRjLkAAAAJ&amp;hl=ca&amp;oi=sra\" target=\"_blank\" rel=\"noopener\">https:\/\/scholar.google.es\/citations?user=N1rRjLkAAAAJ&amp;hl=ca&amp;oi=sra<\/a><\/p>\n<p class=\"rteleft\"><a href=\"https:\/\/www.researchgate.net\/profile\/Edda_Sant\" target=\"_blank\" rel=\"noopener\">https:\/\/www.researchgate.net\/profile\/Edda_Sant<\/a><\/p>\n<p class=\"rteleft\"><a href=\"https:\/\/dialnet.unirioja.es\/servlet\/autor?codigo=2981426\" target=\"_blank\" rel=\"noopener\">https:\/\/dialnet.unirioja.es\/servlet\/autor?codigo=2981426<\/a><\/p>\n<p class=\"rteleft\">&nbsp;<a href=\"https:\/\/orcid.org\/0000-0002-7907-5907\" target=\"_blank\" rel=\"noopener\">https:\/\/orcid.org\/0000-0002-7907-5907<\/a><\/p>\n<\/td>\n<\/tr>\n<\/tbody>\n<\/table>\n<p class=\"rtecenter\">\n&nbsp;<\/p>\n","protected":false},"excerpt":{"rendered":"<p>Edda Sant Obiols C\u00e0rrec Tel\u00e8fon Correu electr\u00f2nic Google acad\u00e8mic Researchgate Dialnet ORCID Membre del grup. Senior Lecturer a la Manchester Metropolitan University &nbsp;+44 (0)161 247 2067 e.sant@mmu.ac.uk&nbsp; https:\/\/scholar.google.es\/citations?user=N1rRjLkAAAAJ&amp;hl=ca&amp;oi=sra https:\/\/www.researchgate.net\/profile\/Edda_Sant https:\/\/dialnet.unirioja.es\/servlet\/autor?codigo=2981426 &nbsp;https:\/\/orcid.org\/0000-0002-7907-5907 &nbsp;<\/p>\n","protected":false},"author":20,"featured_media":0,"parent":0,"menu_order":0,"comment_status":"closed","ping_status":"closed","template":"","meta":{"footnotes":""},"class_list":["post-141","page","type-page","status-publish","hentry"],"_links":{"self":[{"href":"https:\/\/webs.uab.cat\/gredics\/wp-json\/wp\/v2\/pages\/141","targetHints":{"allow":["GET"]}}],"collection":[{"href":"https:\/\/webs.uab.cat\/gredics\/wp-json\/wp\/v2\/pages"}],"about":[{"href":"https:\/\/webs.uab.cat\/gredics\/wp-json\/wp\/v2\/types\/page"}],"author":[{"embeddable":true,"href":"https:\/\/webs.uab.cat\/gredics\/wp-json\/wp\/v2\/users\/20"}],"replies":[{"embeddable":true,"href":"https:\/\/webs.uab.cat\/gredics\/wp-json\/wp\/v2\/comments?post=141"}],"version-history":[{"count":0,"href":"https:\/\/webs.uab.cat\/gredics\/wp-json\/wp\/v2\/pages\/141\/revisions"}],"wp:attachment":[{"href":"https:\/\/webs.uab.cat\/gredics\/wp-json\/wp\/v2\/media?parent=141"}],"curies":[{"name":"wp","href":"https:\/\/api.w.org\/{rel}","templated":true}]}}