{"id":142,"date":"2018-10-19T10:29:24","date_gmt":"2018-10-19T10:29:24","guid":{"rendered":"https:\/\/webs.uab.cat\/gredics\/francisco-gil\/"},"modified":"2018-10-19T10:29:24","modified_gmt":"2018-10-19T10:29:24","slug":"francisco-gil","status":"publish","type":"page","link":"https:\/\/webs.uab.cat\/gredics\/francisco-gil\/","title":{"rendered":"Francisco Gil"},"content":{"rendered":"<h1 class=\"rtecenter\"><img loading=\"lazy\" decoding=\"async\" alt=\"\" height=\"220\" src=\"https:\/\/i.imgur.com\/5eumElj.jpg\" width=\"220\" \/><\/h1>\n<h1 class=\"rtecenter\">Francisco Gil Carmona<\/h1>\n<table align=\"center\" border=\"3\" cellpadding=\"1\" cellspacing=\"1\" style=\"width:572px\">\n<tbody>\n<tr>\n<td class=\"rtecenter\" style=\"width:181px\">\n<p class=\"rteright\">C\u00e0rrec<\/p>\n<p class=\"rteright\">Despatx<\/p>\n<p class=\"rteright\">Tel\u00e8fon<\/p>\n<p class=\"rteright\">Correu electr\u00f2nic<\/p>\n<p class=\"rteright\">Dialnet<\/p>\n<p class=\"rteright\">ORCID<\/p>\n<\/td>\n<td class=\"rtecenter\" style=\"width: 374px;\">\n<p class=\"rteleft\">Membre del grup. Professor associat.<\/p>\n<p class=\"rteleft\">G5-105<\/p>\n<p class=\"rteleft\">(+34) 93 581 26 52<\/p>\n<p class=\"rteleft\">francisco.gil@uab.cat<\/p>\n<p class=\"rteleft\"><a href=\"https:\/\/dialnet.unirioja.es\/servlet\/autor?codigo=4484744\" target=\"_blank\" rel=\"noopener\">https:\/\/dialnet.unirioja.es\/servlet\/autor?codigo=4484744<\/a><\/p>\n<p class=\"rteleft\"><a href=\"https:\/\/orcid.org\/0000-0001-5964-0967\" target=\"_blank\" rel=\"noopener\">https:\/\/orcid.org\/0000-0001-5964-0967<\/a><\/p>\n<\/td>\n<\/tr>\n<\/tbody>\n<\/table>\n<p class=\"rtecenter\">\n&nbsp;<\/p>\n","protected":false},"excerpt":{"rendered":"<p>Francisco Gil Carmona C\u00e0rrec Despatx Tel\u00e8fon Correu electr\u00f2nic Dialnet ORCID Membre del grup. Professor associat. G5-105 (+34) 93 581 26 52 francisco.gil@uab.cat https:\/\/dialnet.unirioja.es\/servlet\/autor?codigo=4484744 https:\/\/orcid.org\/0000-0001-5964-0967 &nbsp;<\/p>\n","protected":false},"author":20,"featured_media":0,"parent":0,"menu_order":0,"comment_status":"closed","ping_status":"closed","template":"","meta":{"footnotes":""},"class_list":["post-142","page","type-page","status-publish","hentry"],"_links":{"self":[{"href":"https:\/\/webs.uab.cat\/gredics\/wp-json\/wp\/v2\/pages\/142","targetHints":{"allow":["GET"]}}],"collection":[{"href":"https:\/\/webs.uab.cat\/gredics\/wp-json\/wp\/v2\/pages"}],"about":[{"href":"https:\/\/webs.uab.cat\/gredics\/wp-json\/wp\/v2\/types\/page"}],"author":[{"embeddable":true,"href":"https:\/\/webs.uab.cat\/gredics\/wp-json\/wp\/v2\/users\/20"}],"replies":[{"embeddable":true,"href":"https:\/\/webs.uab.cat\/gredics\/wp-json\/wp\/v2\/comments?post=142"}],"version-history":[{"count":0,"href":"https:\/\/webs.uab.cat\/gredics\/wp-json\/wp\/v2\/pages\/142\/revisions"}],"wp:attachment":[{"href":"https:\/\/webs.uab.cat\/gredics\/wp-json\/wp\/v2\/media?parent=142"}],"curies":[{"name":"wp","href":"https:\/\/api.w.org\/{rel}","templated":true}]}}