{"id":143,"date":"2018-10-19T10:29:41","date_gmt":"2018-10-19T10:29:41","guid":{"rendered":"https:\/\/webs.uab.cat\/gredics\/montserrat-yuste\/"},"modified":"2018-10-19T10:29:41","modified_gmt":"2018-10-19T10:29:41","slug":"montserrat-yuste","status":"publish","type":"page","link":"https:\/\/webs.uab.cat\/gredics\/montserrat-yuste\/","title":{"rendered":"Montserrat Yuste"},"content":{"rendered":"<h1 class=\"rtecenter\"><img loading=\"lazy\" decoding=\"async\" alt=\"\" height=\"340\" src=\"https:\/\/www.uab.cat\/servlet\/BlobServer?blobtable=Imatge&amp;blobcol=urlimg&amp;blobheader=image\/gif&amp;blobkey=id&amp;blobwhere=1345664959846&amp;blobnocache=true%22\" width=\"264\" \/><\/h1>\n<h1 class=\"rtecenter\">Montserrat Yuste Munt\u00e9<\/h1>\n<table align=\"center\" border=\"3\" cellpadding=\"1\" cellspacing=\"1\" style=\"width:739px\">\n<tbody>\n<tr>\n<td class=\"rtecenter\" style=\"width:181px\">\n<p class=\"rteright\">C\u00e0rrec<\/p>\n<p class=\"rteright\">Correu electr\u00f2nic<\/p>\n<p class=\"rteright\">Google acad\u00e8mic<\/p>\n<p class=\"rteright\">Dialnet<\/p>\n<p class=\"rteright\">ORCID<\/p>\n<\/td>\n<td class=\"rtecenter\" style=\"width:542px\">\n<p class=\"rteleft\">Membre del grup. Professora de secund\u00e0ria.&nbsp;<\/p>\n<p class=\"rteleft\">montseym@gmail.com<\/p>\n<p class=\"rteleft\"><a href=\"https:\/\/scholar.google.es\/citations?user=sbMAqnYAAAAJ&amp;hl=ca&amp;oi=sra\" target=\"_blank\" rel=\"noopener\">https:\/\/scholar.google.es\/citations?user=sbMAqnYAAAAJ&amp;hl=ca&amp;oi=sra<\/a><\/p>\n<p class=\"rteleft\"><a href=\"https:\/\/dialnet.unirioja.es\/servlet\/autor?codigo=3156662\" target=\"_blank\" rel=\"noopener\">https:\/\/dialnet.unirioja.es\/servlet\/autor?codigo=3156662<\/a><\/p>\n<p class=\"rteleft\"><a href=\"https:\/\/orcid.org\/0000-0002-8702-9580\" target=\"_blank\" rel=\"noopener\">https:\/\/orcid.org\/0000-0002-8702-9580<\/a><\/p>\n<\/td>\n<\/tr>\n<\/tbody>\n<\/table>\n<p class=\"rtecenter\">\n&nbsp;<\/p>\n","protected":false},"excerpt":{"rendered":"<p>Montserrat Yuste Munt\u00e9 C\u00e0rrec Correu electr\u00f2nic Google acad\u00e8mic Dialnet ORCID Membre del grup. Professora de secund\u00e0ria.&nbsp; montseym@gmail.com https:\/\/scholar.google.es\/citations?user=sbMAqnYAAAAJ&amp;hl=ca&amp;oi=sra https:\/\/dialnet.unirioja.es\/servlet\/autor?codigo=3156662 https:\/\/orcid.org\/0000-0002-8702-9580 &nbsp;<\/p>\n","protected":false},"author":20,"featured_media":0,"parent":0,"menu_order":0,"comment_status":"closed","ping_status":"closed","template":"","meta":{"footnotes":""},"class_list":["post-143","page","type-page","status-publish","hentry"],"_links":{"self":[{"href":"https:\/\/webs.uab.cat\/gredics\/wp-json\/wp\/v2\/pages\/143","targetHints":{"allow":["GET"]}}],"collection":[{"href":"https:\/\/webs.uab.cat\/gredics\/wp-json\/wp\/v2\/pages"}],"about":[{"href":"https:\/\/webs.uab.cat\/gredics\/wp-json\/wp\/v2\/types\/page"}],"author":[{"embeddable":true,"href":"https:\/\/webs.uab.cat\/gredics\/wp-json\/wp\/v2\/users\/20"}],"replies":[{"embeddable":true,"href":"https:\/\/webs.uab.cat\/gredics\/wp-json\/wp\/v2\/comments?post=143"}],"version-history":[{"count":0,"href":"https:\/\/webs.uab.cat\/gredics\/wp-json\/wp\/v2\/pages\/143\/revisions"}],"wp:attachment":[{"href":"https:\/\/webs.uab.cat\/gredics\/wp-json\/wp\/v2\/media?parent=143"}],"curies":[{"name":"wp","href":"https:\/\/api.w.org\/{rel}","templated":true}]}}