{"id":144,"date":"2018-10-19T10:29:56","date_gmt":"2018-10-19T10:29:56","guid":{"rendered":"https:\/\/webs.uab.cat\/gredics\/roser-canals\/"},"modified":"2018-10-19T10:29:56","modified_gmt":"2018-10-19T10:29:56","slug":"roser-canals","status":"publish","type":"page","link":"https:\/\/webs.uab.cat\/gredics\/roser-canals\/","title":{"rendered":"Roser Canals"},"content":{"rendered":"<h1 class=\"rtecenter\"><img loading=\"lazy\" decoding=\"async\" alt=\"\" height=\"359\" src=\"https:\/\/i.imgur.com\/BVTXDbh.png\" width=\"402\" \/><\/h1>\n<h1 class=\"rtecenter\">Roser Canals Cabau<\/h1>\n<table align=\"center\" border=\"3\" cellpadding=\"1\" cellspacing=\"1\" style=\"width:544px\">\n<tbody>\n<tr>\n<td class=\"rtecenter\" style=\"width:181px\">\n<p class=\"rteright\">C\u00e0rrec<\/p>\n<p class=\"rteright\">Despatx<\/p>\n<p class=\"rteright\">Tel\u00e8fon<\/p>\n<p class=\"rteright\">Correu electr\u00f2nic<\/p>\n<p class=\"rteright\">Dialnet<\/p>\n<\/td>\n<td class=\"rtecenter\" style=\"width: 346px;\">\n<p class=\"rteleft\">Membre del grup. Professora associada.<\/p>\n<p class=\"rteleft\">G5-137<\/p>\n<p class=\"rteleft\">93 581 27 09<\/p>\n<p class=\"rteleft\">Roser.Canals@uab.cat<\/p>\n<p class=\"rteleft\"><a href=\"https:\/\/dialnet.unirioja.es\/servlet\/autor?codigo=178613\" target=\"_blank\" rel=\"noopener\">https:\/\/dialnet.unirioja.es\/servlet\/autor?codigo=178613<\/a><\/p>\n<\/td>\n<\/tr>\n<\/tbody>\n<\/table>\n<p class=\"rtecenter\">\n&nbsp;<\/p>\n","protected":false},"excerpt":{"rendered":"<p>Roser Canals Cabau C\u00e0rrec Despatx Tel\u00e8fon Correu electr\u00f2nic Dialnet Membre del grup. Professora associada. G5-137 93 581 27 09 Roser.Canals@uab.cat https:\/\/dialnet.unirioja.es\/servlet\/autor?codigo=178613 &nbsp;<\/p>\n","protected":false},"author":20,"featured_media":0,"parent":0,"menu_order":0,"comment_status":"closed","ping_status":"closed","template":"","meta":{"footnotes":""},"class_list":["post-144","page","type-page","status-publish","hentry"],"_links":{"self":[{"href":"https:\/\/webs.uab.cat\/gredics\/wp-json\/wp\/v2\/pages\/144","targetHints":{"allow":["GET"]}}],"collection":[{"href":"https:\/\/webs.uab.cat\/gredics\/wp-json\/wp\/v2\/pages"}],"about":[{"href":"https:\/\/webs.uab.cat\/gredics\/wp-json\/wp\/v2\/types\/page"}],"author":[{"embeddable":true,"href":"https:\/\/webs.uab.cat\/gredics\/wp-json\/wp\/v2\/users\/20"}],"replies":[{"embeddable":true,"href":"https:\/\/webs.uab.cat\/gredics\/wp-json\/wp\/v2\/comments?post=144"}],"version-history":[{"count":0,"href":"https:\/\/webs.uab.cat\/gredics\/wp-json\/wp\/v2\/pages\/144\/revisions"}],"wp:attachment":[{"href":"https:\/\/webs.uab.cat\/gredics\/wp-json\/wp\/v2\/media?parent=144"}],"curies":[{"name":"wp","href":"https:\/\/api.w.org\/{rel}","templated":true}]}}