{"id":146,"date":"2018-10-19T12:39:11","date_gmt":"2018-10-19T12:39:11","guid":{"rendered":"https:\/\/webs.uab.cat\/gredics\/jaume-montsalvatge\/"},"modified":"2018-10-19T12:39:11","modified_gmt":"2018-10-19T12:39:11","slug":"jaume-montsalvatge","status":"publish","type":"page","link":"https:\/\/webs.uab.cat\/gredics\/jaume-montsalvatge\/","title":{"rendered":"Jaume Montsalvatge"},"content":{"rendered":"<h1 class=\"rtecenter\"><img loading=\"lazy\" decoding=\"async\" alt=\"\" height=\"254\" src=\"https:\/\/i.imgur.com\/lZsoVwk.png\" width=\"189\" \/><\/h1>\n<h1 class=\"rtecenter\">Jaume Montsalvatge<\/h1>\n<hr \/>\n<table align=\"center\" border=\"3\" cellpadding=\"1\" cellspacing=\"1\">\n<tbody>\n<tr>\n<td>\n<p>C\u00e0rrec<\/p>\n<p>Despatx<\/p>\n<p>Tel\u00e8fon<\/p>\n<p>Correu electr\u00f2nic<\/p>\n<\/td>\n<td>\n<p>Professor&nbsp;associat<\/p>\n<p>G5-139<\/p>\n<p>93 581 32 04<\/p>\n<p>Jaume.Montsalvatge@uab.cat<\/p>\n<\/td>\n<\/tr>\n<\/tbody>\n<\/table>\n","protected":false},"excerpt":{"rendered":"<p>Jaume Montsalvatge C\u00e0rrec Despatx Tel\u00e8fon Correu electr\u00f2nic Professor&nbsp;associat G5-139 93 581 32 04 Jaume.Montsalvatge@uab.cat<\/p>\n","protected":false},"author":20,"featured_media":0,"parent":0,"menu_order":0,"comment_status":"closed","ping_status":"closed","template":"","meta":{"footnotes":""},"class_list":["post-146","page","type-page","status-publish","hentry"],"_links":{"self":[{"href":"https:\/\/webs.uab.cat\/gredics\/wp-json\/wp\/v2\/pages\/146","targetHints":{"allow":["GET"]}}],"collection":[{"href":"https:\/\/webs.uab.cat\/gredics\/wp-json\/wp\/v2\/pages"}],"about":[{"href":"https:\/\/webs.uab.cat\/gredics\/wp-json\/wp\/v2\/types\/page"}],"author":[{"embeddable":true,"href":"https:\/\/webs.uab.cat\/gredics\/wp-json\/wp\/v2\/users\/20"}],"replies":[{"embeddable":true,"href":"https:\/\/webs.uab.cat\/gredics\/wp-json\/wp\/v2\/comments?post=146"}],"version-history":[{"count":0,"href":"https:\/\/webs.uab.cat\/gredics\/wp-json\/wp\/v2\/pages\/146\/revisions"}],"wp:attachment":[{"href":"https:\/\/webs.uab.cat\/gredics\/wp-json\/wp\/v2\/media?parent=146"}],"curies":[{"name":"wp","href":"https:\/\/api.w.org\/{rel}","templated":true}]}}