{"id":148,"date":"2018-10-19T12:39:35","date_gmt":"2018-10-19T12:39:35","guid":{"rendered":"https:\/\/webs.uab.cat\/gredics\/jordi-nomen\/"},"modified":"2018-10-19T12:39:35","modified_gmt":"2018-10-19T12:39:35","slug":"jordi-nomen","status":"publish","type":"page","link":"https:\/\/webs.uab.cat\/gredics\/jordi-nomen\/","title":{"rendered":"Jordi Nomen"},"content":{"rendered":"<h1 class=\"rtecenter\"><img loading=\"lazy\" decoding=\"async\" alt=\"\" height=\"338\" src=\"https:\/\/i.imgur.com\/VQc5eH2.jpg\" width=\"271\" \/><\/h1>\n<h1 class=\"rtecenter\">Jordi Nomen<\/h1>\n<hr \/>\n<table align=\"center\" border=\"3\" cellpadding=\"1\" cellspacing=\"1\">\n<tbody>\n<tr>\n<td>\n<p>C\u00e0rrec<\/p>\n<p>Despatx<\/p>\n<p>Tel\u00e8fon<\/p>\n<p>Correu electr\u00f2nic<\/p>\n<\/td>\n<td>\n<p>Professor&nbsp;associat<\/p>\n<p>G5-105<\/p>\n<p>93 581 26 52<\/p>\n<p>Jordi.Nomen@uab.cat<\/p>\n<\/td>\n<\/tr>\n<\/tbody>\n<\/table>\n","protected":false},"excerpt":{"rendered":"<p>Jordi Nomen C\u00e0rrec Despatx Tel\u00e8fon Correu electr\u00f2nic Professor&nbsp;associat G5-105 93 581 26 52 Jordi.Nomen@uab.cat<\/p>\n","protected":false},"author":20,"featured_media":0,"parent":0,"menu_order":0,"comment_status":"closed","ping_status":"closed","template":"","meta":{"footnotes":""},"class_list":["post-148","page","type-page","status-publish","hentry"],"_links":{"self":[{"href":"https:\/\/webs.uab.cat\/gredics\/wp-json\/wp\/v2\/pages\/148","targetHints":{"allow":["GET"]}}],"collection":[{"href":"https:\/\/webs.uab.cat\/gredics\/wp-json\/wp\/v2\/pages"}],"about":[{"href":"https:\/\/webs.uab.cat\/gredics\/wp-json\/wp\/v2\/types\/page"}],"author":[{"embeddable":true,"href":"https:\/\/webs.uab.cat\/gredics\/wp-json\/wp\/v2\/users\/20"}],"replies":[{"embeddable":true,"href":"https:\/\/webs.uab.cat\/gredics\/wp-json\/wp\/v2\/comments?post=148"}],"version-history":[{"count":0,"href":"https:\/\/webs.uab.cat\/gredics\/wp-json\/wp\/v2\/pages\/148\/revisions"}],"wp:attachment":[{"href":"https:\/\/webs.uab.cat\/gredics\/wp-json\/wp\/v2\/media?parent=148"}],"curies":[{"name":"wp","href":"https:\/\/api.w.org\/{rel}","templated":true}]}}