{"id":152,"date":"2018-10-19T12:40:22","date_gmt":"2018-10-19T12:40:22","guid":{"rendered":"https:\/\/webs.uab.cat\/gredics\/marta-baque\/"},"modified":"2018-10-19T12:40:22","modified_gmt":"2018-10-19T12:40:22","slug":"marta-baque","status":"publish","type":"page","link":"https:\/\/webs.uab.cat\/gredics\/marta-baque\/","title":{"rendered":"Marta Baqu\u00e9"},"content":{"rendered":"<h1 class=\"rtecenter\"><img loading=\"lazy\" decoding=\"async\" alt=\"\" height=\"300\" src=\"https:\/\/i.imgur.com\/f23rExk.jpg\" width=\"300\" \/><\/h1>\n<h1 class=\"rtecenter\">Marta Baqu\u00e9<\/h1>\n<hr \/>\n<table align=\"center\" border=\"3\" cellpadding=\"1\" cellspacing=\"1\" style=\"width:485px\">\n<tbody>\n<tr>\n<td class=\"rtecenter\" style=\"width:181px\">\n<p class=\"rteright\">C\u00e0rrec<\/p>\n<p class=\"rteright\">Despatx<\/p>\n<p class=\"rteright\">Tel\u00e8fon<\/p>\n<p class=\"rteright\">Correu electr\u00f2nic<\/p>\n<\/td>\n<td class=\"rtecenter\" style=\"width: 286px;\">\n<p class=\"rteleft\">Professora associada<\/p>\n<p class=\"rteleft\">G5-105<\/p>\n<p class=\"rteleft\">93 581 26 52<\/p>\n<p class=\"rteleft\">Marta.Baque@uab.cat<\/p>\n<\/td>\n<\/tr>\n<\/tbody>\n<\/table>\n<p class=\"rtecenter\">\n&nbsp;<\/p>\n","protected":false},"excerpt":{"rendered":"<p>Marta Baqu\u00e9 C\u00e0rrec Despatx Tel\u00e8fon Correu electr\u00f2nic Professora associada G5-105 93 581 26 52 Marta.Baque@uab.cat &nbsp;<\/p>\n","protected":false},"author":20,"featured_media":0,"parent":0,"menu_order":0,"comment_status":"closed","ping_status":"closed","template":"","meta":{"footnotes":""},"class_list":["post-152","page","type-page","status-publish","hentry"],"_links":{"self":[{"href":"https:\/\/webs.uab.cat\/gredics\/wp-json\/wp\/v2\/pages\/152","targetHints":{"allow":["GET"]}}],"collection":[{"href":"https:\/\/webs.uab.cat\/gredics\/wp-json\/wp\/v2\/pages"}],"about":[{"href":"https:\/\/webs.uab.cat\/gredics\/wp-json\/wp\/v2\/types\/page"}],"author":[{"embeddable":true,"href":"https:\/\/webs.uab.cat\/gredics\/wp-json\/wp\/v2\/users\/20"}],"replies":[{"embeddable":true,"href":"https:\/\/webs.uab.cat\/gredics\/wp-json\/wp\/v2\/comments?post=152"}],"version-history":[{"count":0,"href":"https:\/\/webs.uab.cat\/gredics\/wp-json\/wp\/v2\/pages\/152\/revisions"}],"wp:attachment":[{"href":"https:\/\/webs.uab.cat\/gredics\/wp-json\/wp\/v2\/media?parent=152"}],"curies":[{"name":"wp","href":"https:\/\/api.w.org\/{rel}","templated":true}]}}