{"id":153,"date":"2018-10-19T12:40:36","date_gmt":"2018-10-19T12:40:36","guid":{"rendered":"https:\/\/webs.uab.cat\/gredics\/merce-andreu\/"},"modified":"2018-10-19T12:40:36","modified_gmt":"2018-10-19T12:40:36","slug":"merce-andreu","status":"publish","type":"page","link":"https:\/\/webs.uab.cat\/gredics\/merce-andreu\/","title":{"rendered":"Merc\u00e8 Andreu"},"content":{"rendered":"<h1 class=\"rtecenter\"><img loading=\"lazy\" decoding=\"async\" alt=\"\" height=\"312\" src=\"https:\/\/i.imgur.com\/NjIaP94.png\" width=\"212\" \/><\/h1>\n<h1 class=\"rtecenter\">Merc\u00e8 Andreu<\/h1>\n<hr \/>\n<table align=\"center\" border=\"3\" cellpadding=\"1\" cellspacing=\"1\">\n<tbody>\n<tr>\n<td>\n<p>C\u00e0rrec<\/p>\n<p>Despatx<\/p>\n<p>Tel\u00e8fon<\/p>\n<p>Correu electr\u00f2nic<\/p>\n<\/td>\n<td>\n<p>Professora vinculada<\/p>\n<p>G5-139<\/p>\n<p>93 581 32 04<\/p>\n<p>Merce.Andreu@uab.cat<\/p>\n<\/td>\n<\/tr>\n<\/tbody>\n<\/table>\n","protected":false},"excerpt":{"rendered":"<p>Merc\u00e8 Andreu C\u00e0rrec Despatx Tel\u00e8fon Correu electr\u00f2nic Professora vinculada G5-139 93 581 32 04 Merce.Andreu@uab.cat<\/p>\n","protected":false},"author":20,"featured_media":0,"parent":0,"menu_order":0,"comment_status":"closed","ping_status":"closed","template":"","meta":{"footnotes":""},"class_list":["post-153","page","type-page","status-publish","hentry"],"_links":{"self":[{"href":"https:\/\/webs.uab.cat\/gredics\/wp-json\/wp\/v2\/pages\/153","targetHints":{"allow":["GET"]}}],"collection":[{"href":"https:\/\/webs.uab.cat\/gredics\/wp-json\/wp\/v2\/pages"}],"about":[{"href":"https:\/\/webs.uab.cat\/gredics\/wp-json\/wp\/v2\/types\/page"}],"author":[{"embeddable":true,"href":"https:\/\/webs.uab.cat\/gredics\/wp-json\/wp\/v2\/users\/20"}],"replies":[{"embeddable":true,"href":"https:\/\/webs.uab.cat\/gredics\/wp-json\/wp\/v2\/comments?post=153"}],"version-history":[{"count":0,"href":"https:\/\/webs.uab.cat\/gredics\/wp-json\/wp\/v2\/pages\/153\/revisions"}],"wp:attachment":[{"href":"https:\/\/webs.uab.cat\/gredics\/wp-json\/wp\/v2\/media?parent=153"}],"curies":[{"name":"wp","href":"https:\/\/api.w.org\/{rel}","templated":true}]}}