{"id":155,"date":"2019-01-25T18:51:34","date_gmt":"2019-01-25T18:51:34","guid":{"rendered":"https:\/\/webs.uab.cat\/gredics\/especialitat-e5-didactica-de-les-ciencies-socials\/"},"modified":"2022-07-22T16:42:15","modified_gmt":"2022-07-22T16:42:15","slug":"especialitat-e5-didactica-de-les-ciencies-socials","status":"publish","type":"page","link":"https:\/\/webs.uab.cat\/gredics\/especialitat-e5-didactica-de-les-ciencies-socials\/","title":{"rendered":"Especialitat E5 &#8211; Did\u00e0ctica de les Ci\u00e8ncies Socials"},"content":{"rendered":"\n<p>&nbsp;<\/p>\n\n\n\n<figure class=\"wp-block-image is-resized\"><img loading=\"lazy\" decoding=\"async\" src=\"https:\/\/i.imgur.com\/xWIrIA6.png\" alt=\"\" width=\"699\" height=\"143\"\/><\/figure>\n\n\n\n<p>Especialitat E5 &#8211; Did\u00e0ctica de les Ci\u00e8ncies Socials<\/p>\n\n\n\n<p>Coordinaci\u00f3:&nbsp;<strong>Antoni Santisteban Fern\u00e1ndez (<a href=\"mailto:antoni.santisteban@uab.cat\">antoni.santisteban@uab.cat<\/a>)<\/strong><\/p>\n\n\n\n<p>L&#8217;especialitat de Did\u00e0ctica de les Ci\u00e8ncies Socials del M\u00e0ster Universitari de Recerca en Educaci\u00f3 se centra en la recerca de l&#8217;ensenyament i de l&#8217;aprenentatge de<strong>l pensament social, hist\u00f2ric i geogr\u00e0fic i educaci\u00f3 per a la ciutadania. <\/strong>Aquesta l\u00ednia de recerca es concreta en:<\/p>\n\n\n\n<p>L&#8217;ensenyament de la hist\u00f2ria i de la hist\u00f2ria de l&#8217;art, la formaci\u00f3 de la temporalitat, la mem\u00f2ria i la consci\u00e8ncia hist\u00f2rica. L&#8217;aprenentatge de conceptes socials i hist\u00f2rics i la construcci\u00f3 de narracions i relats. El patrimoni cultural. Les compet\u00e8ncies socials i ciutadanes. L&#8217;educaci\u00f3 per a la ciutadania, l&#8217;educaci\u00f3 pol\u00edtica i l&#8217;ensenyament i l&#8217;aprenentatge del dret i de la just\u00edcia. L&#8217;ensenyament i l&#8217;aprenentatge dels drets humans i de la seva evoluci\u00f3 hist\u00f2rica. Els problemes socials rellevants i les q\u00fcestions socialment vives en l&#8217;ensenyament i l&#8217;aprenentatge de les ci\u00e8ncies socials. L&#8217;an\u00e0lisi de la pr\u00e0ctica educativa i la formaci\u00f3 inicial i cont\u00ednua del professorat de ci\u00e8ncies socials, geografia, hist\u00f2ria i educaci\u00f3 per a la ciutadania. La relaci\u00f3 teoria i pr\u00e0ctica en la formaci\u00f3 del professorat de ci\u00e8ncies socials. Les representacions socials de l&#8217;ensenyament i l&#8217;aprenentatge de les ci\u00e8ncies socials dels futurs docents.<\/p>\n\n\n\n<p>Assignatures obligat\u00f2ries de l\u2019especialitat:<\/p>\n\n\n\n<ul class=\"wp-block-list\"><li class=\"rtejustify\">La Recerca en l&#8217;\u00c0mbit de l&#8217;Educaci\u00f3 per a una Ciutadania Democr\u00e0tica<\/li><li class=\"rtejustify\">La Recerca sobre l&#8217;Ensenyament del Temps Hist\u00f2ric, l&#8217;Espai Geogr\u00e0fic i la Formaci\u00f3 del Pensament Social<\/li><li class=\"rtejustify\">Perspectives i Tend\u00e8ncies en la Recerca sobre la Construcci\u00f3 del Coneixement Social<\/li><\/ul>\n\n\n\n<p>Docents de did\u00e0ctica de les ci\u00e8ncies socials en el m\u00e0ster:<\/p>\n\n\n\n<p><a href=\"https:\/\/grupsderecerca.uab.cat\/gredics\/node\/145\">&#8211; <\/a><a href=\"https:\/\/webs.uab.cat\/gredics\/antoni-santisteban-fernandez\/\" data-type=\"page\" data-id=\"101\" target=\"_blank\" rel=\"noreferrer noopener\">Antoni Santisteban<\/a><a href=\"https:\/\/grupsderecerca.uab.cat\/gredics\/node\/145\">:<\/a> Coordinador\u00a0<\/p>\n\n\n\n<p><a href=\"https:\/\/grupsderecerca.uab.cat\/gredics\/node\/149\">&#8211; <\/a><a href=\"http:\/\/grupsderecerca.uab.cat\/gredics\/node\/149\">Breogan <\/a><a href=\"https:\/\/webs.uab.cat\/gredics\/breo-tosar-bacarizo\/\" data-type=\"page\" data-id=\"105\">Tosar<\/a><a href=\"https:\/\/grupsderecerca.uab.cat\/gredics\/node\/149\">\u00a0Bacarizo<\/a><\/p>\n\n\n\n<p><a href=\"https:\/\/webs.uab.cat\/gredics\/carles-anguera\/\" data-type=\"page\" data-id=\"140\">&#8211; Carles Anguera\u00a0Cerarols<\/a><\/p>\n\n\n\n<p><a href=\"https:\/\/webs.uab.cat\/gredics\/francisco-gil\/\" data-type=\"page\" data-id=\"142\">&#8211; Francisco Gil\u00a0Carmona<\/a><\/p>\n\n\n\n<p><a href=\"https:\/\/webs.uab.cat\/gredics\/gustavo-gonzalez-valencia\/\" data-type=\"page\" data-id=\"110\">&#8211; Gustavo Gonz\u00e1lez Valencia<\/a><\/p>\n\n\n\n<p><a href=\"https:\/\/webs.uab.cat\/gredics\/joan-llusa-serra\/\" data-type=\"page\" data-id=\"109\">&#8211; Joan Llus\u00e0 Serra<\/a><\/p>\n\n\n\n<p><a href=\"https:\/\/webs.uab.cat\/gredics\/neus-gonzalez-monfort\/\" data-type=\"page\" data-id=\"102\">&#8211; Neus Gonz\u00e1lez-Monfort<\/a><\/p>\n\n\n\n<p><a href=\"https:\/\/webs.uab.cat\/gredics\/roser-canals\/\" data-type=\"page\" data-id=\"144\">&#8211; Roser Canals\u00a0Cabau<\/a><\/p>\n\n\n\n<p><iframe loading=\"lazy\" src=\"https:\/\/e.issuu.com\/anonymous-embed.html?u=gredics&amp;d=gredics\" width=\"500\" height=\"500\" frameborder=\"0\" scrolling=\"no\"><\/iframe><\/p>\n\n\n\n<figure class=\"wp-block-image is-resized\"><img loading=\"lazy\" decoding=\"async\" src=\"https:\/\/i.imgur.com\/1bvL2c3.png\" alt=\"\" width=\"696\" height=\"491\"\/><\/figure>\n","protected":false},"excerpt":{"rendered":"<p>&nbsp; Especialitat E5 &#8211; Did\u00e0ctica de les Ci\u00e8ncies Socials Coordinaci\u00f3:&nbsp;Antoni Santisteban Fern\u00e1ndez (antoni.santisteban@uab.cat) L&#8217;especialitat de Did\u00e0ctica de les Ci\u00e8ncies Socials del M\u00e0ster Universitari de Recerca en Educaci\u00f3 se centra en la recerca de l&#8217;ensenyament i de l&#8217;aprenentatge del pensament social, hist\u00f2ric i geogr\u00e0fic i educaci\u00f3 per a la ciutadania. Aquesta l\u00ednia de recerca es concreta [&hellip;]<\/p>\n","protected":false},"author":20,"featured_media":0,"parent":0,"menu_order":0,"comment_status":"closed","ping_status":"closed","template":"","meta":{"footnotes":""},"class_list":["post-155","page","type-page","status-publish","hentry"],"_links":{"self":[{"href":"https:\/\/webs.uab.cat\/gredics\/wp-json\/wp\/v2\/pages\/155","targetHints":{"allow":["GET"]}}],"collection":[{"href":"https:\/\/webs.uab.cat\/gredics\/wp-json\/wp\/v2\/pages"}],"about":[{"href":"https:\/\/webs.uab.cat\/gredics\/wp-json\/wp\/v2\/types\/page"}],"author":[{"embeddable":true,"href":"https:\/\/webs.uab.cat\/gredics\/wp-json\/wp\/v2\/users\/20"}],"replies":[{"embeddable":true,"href":"https:\/\/webs.uab.cat\/gredics\/wp-json\/wp\/v2\/comments?post=155"}],"version-history":[{"count":1,"href":"https:\/\/webs.uab.cat\/gredics\/wp-json\/wp\/v2\/pages\/155\/revisions"}],"predecessor-version":[{"id":594,"href":"https:\/\/webs.uab.cat\/gredics\/wp-json\/wp\/v2\/pages\/155\/revisions\/594"}],"wp:attachment":[{"href":"https:\/\/webs.uab.cat\/gredics\/wp-json\/wp\/v2\/media?parent=155"}],"curies":[{"name":"wp","href":"https:\/\/api.w.org\/{rel}","templated":true}]}}