{"id":167,"date":"2019-10-25T16:55:18","date_gmt":"2019-10-25T16:55:18","guid":{"rendered":"https:\/\/webs.uab.cat\/gredics\/la-unio-europea-que-es-i-que-fa-2009sgr468\/"},"modified":"2019-10-25T16:55:18","modified_gmt":"2019-10-25T16:55:18","slug":"la-unio-europea-que-es-i-que-fa-2009sgr468","status":"publish","type":"page","link":"https:\/\/webs.uab.cat\/gredics\/la-unio-europea-que-es-i-que-fa-2009sgr468\/","title":{"rendered":"La Uni\u00f3 Europea: Qu\u00e8 \u00e9s i qu\u00e8 fa? (2009SGR468)"},"content":{"rendered":"<p class=\"rtecenter\"><strong>Avaluaci\u00f3 dels materials did\u00e0ctics<\/strong><strong> <em>&#8220;La Uni\u00f3 Europea: Qu\u00e8 \u00e9s i qu\u00e8 fa?&#8221;<\/em>, <\/strong>realitzat per la Comissi\u00f3 Europea Representaci\u00f3 a Barcelona<\/p>\n<p class=\"rtecenter\"><strong>GREDICS (2009SGR468)<\/strong><\/p>\n<p class=\"rtecenter\">Gener-juliol 2010<\/p>\n<p class=\"rtecenter\"><a href=\"http:\/\/uab-my.sharepoint.com\/:f:\/g\/personal\/1545407_uab_cat\/EuET-kyP1lVNhvwByyduFhkBS4gEokaFuLaSnWMaSTARZw\" target=\"_blank\" rel=\"noopener\">Materials did\u00e0ctics i informes finals<\/a><\/p>\n<p class=\"rtecenter\"><img loading=\"lazy\" decoding=\"async\" class=\" size-full wp-image-164\" alt=\"\" height=\"259\" src=\"https:\/\/webs.uab.cat\/gredics\/wp-content\/uploads\/sites\/63\/2019\/10\/portada_ue_page-0001_opt.jpg\" width=\"183\" srcset=\"https:\/\/webs.uab.cat\/gredics\/wp-content\/uploads\/sites\/63\/2019\/10\/portada_ue_page-0001_opt.jpg 400w, https:\/\/webs.uab.cat\/gredics\/wp-content\/uploads\/sites\/63\/2019\/10\/portada_ue_page-0001_opt-212x300.jpg 212w\" sizes=\"auto, (max-width: 183px) 100vw, 183px\" \/><\/p>\n<p><strong>Els sup\u00f2sits de partida<\/strong> <em>(plantejats per la Comissi\u00f3 Europea \u2013 Representaci\u00f3 a Barcelona)<\/em><\/p>\n<p>Tenint en compte el context que des de la pr\u00f2pia Comissi\u00f3 Europea \u2013 Representaci\u00f3 a Barcelona contempla, i com s\u2019apunta en el document n\u00fam 1 per una banda, molts docents no tenen una comprensi\u00f3 clara de qu\u00e8 \u00e9s la Uni\u00f3 Europea o del que fa, que els materials did\u00e0ctics existents a la no sempre estan orientats a donar resposta a aquestes q\u00fcestion ni sempre s\u00f3n adequats per a \u00fas a l&#8217;aula; a m\u00e9s, cal tenir en compte que els docents que vulguin fer el seu propi material did\u00e0ctic sobre q\u00fcestions relatives a la UE tenen for\u00e7a dificultats per fer front a de l&#8217;enorme quantitat d&#8217;informaci\u00f3 que hi ha disponible. I per una altra, malgrat que la UE sigui un contingut obligatori de curr\u00edculum escolar a Catalunya i de les Illes Balears, els alumnes no sempre acaben l\u2019escoralitat obligat\u00f2ria amb una idea clara del qu\u00e8 \u00e9s i del que fa la Uni\u00f3 Europea.<\/p>\n<p>Partint d\u2019aquests sup\u00f2sits, l\u2019estudi que es pret\u00e9n fer vols ser una valoraci\u00f3 dels propis&nbsp; materials <em>&#8220;La Uni\u00f3 Europea: Qu\u00e8 \u00e9s i qu\u00e8 fa?&#8221;<\/em> i de la seva implementaci\u00f3 a les aules d\u2019ESO, a partir de l\u2019an\u00e0lisi de la proposta did\u00e0ctica, d\u2019entrevistar a alguns professors-es que l\u2019hagin utilitzada i de preguntar als alumnes que els hagin treballat qu\u00e8 en saben de la UE despr\u00e9s d\u2019haver-la treballada a l\u2019aula.<\/p>\n<p>Certament, \u00e9s molt necessari que els joves siguin capa\u00e7os de comprendre i contextualitzar la informaci\u00f3 que reben sobre la UE trav\u00e9s dels mitjans de comunicaci\u00f3, i d&#8217;adoptar una postura cr\u00edtica i expressar opinions sobre el que la UE \u00e9s i el que fa. Nom\u00e9s aix\u00ed podran exercir com a ciutadans i ciutadanes de ple dret.<\/p>\n<p>&nbsp;<\/p>\n<p>\u00c9s per aix\u00f2, que els <strong>objectius principals<\/strong> d\u2019aquest estudi pretenen ser:<\/p>\n<p>(a) Analitzar la correspond\u00e8ncia dels materials <em>&#8220;La Uni\u00f3 Europea: Qu\u00e8 \u00e9s i qu\u00e8 fa?&#8221; <\/em>amb el curr\u00edculum existent a Catalunya i a les Illes Balears.<\/p>\n<p>(b) Valorar la idone\u00eftat del disseny did\u00e0ctic dels materials <em>&#8220;La Uni\u00f3 Europea: Qu\u00e8 \u00e9s i qu\u00e8 fa?&#8221; <\/em>per als alumnes d\u2019educaci\u00f3 secund\u00e0ria, a partir de l\u2019an\u00e0lisi de la seq\u00fcenciaci\u00f3 de les activitats d\u2019ensenyament-aprenentatge-avaluaci\u00f3.<\/p>\n<p>(c) Identificar i valorar els usos did\u00e0ctics que el professorat de secund\u00e0ria en fa dels materials a les aules.<\/p>\n<p>(d) Analitzar els resultats d\u2019aprenentatge dels alumnes d\u2019educaci\u00f3 secund\u00e0ria que han utilitzat els materials.<\/p>\n<p>(e) Fer propostes de millora, si s\u2019escau, en funci\u00f3 dels resultats obtinguts (potencialitats i mancances) i del model d\u2019ensenyament-aprenentatge-avaluaci\u00f3 que el grup de recerca proposa.<\/p>\n<p>&nbsp;<\/p>\n<p>Els <strong>instruments<\/strong> que es dissenyaran i s\u2019utilitzaran per desenvolupar els objectius d\u2019aquest estudi s\u00f3n els seg\u00fcents:<\/p>\n<ul>\n<li>\u201cAn\u00e0lisi del contingut\u201d dels materials did\u00e0ctics i comparaci\u00f3 amb el curr\u00edculum &gt;&gt; objectiu (a)<\/li>\n<li>\u201cAn\u00e0lisi de la seq\u00fc\u00e8ncia did\u00e0ctica\u201d dels materials did\u00e0ctics i comparaci\u00f3 amb els principis de la teoria de l\u2019elaboraci\u00f3 de l\u2019aprenentatge &gt;&gt; objectiu (b)<\/li>\n<li>\u201cEntrevistes semiestructurades\u201d a alguns professors i professores que hagin implementat els materials did\u00e0ctics a les seves classes &gt;&gt; objectiu (c)<\/li>\n<li>\u201cQ\u00fcestionari amb preguntes obertes i tancades\u201d a alguns grups d\u2019alumnes que hagin treballat els materials did\u00e0ctics &gt;&gt; objectiu (d)<\/li>\n<\/ul>\n","protected":false},"excerpt":{"rendered":"<p>Avaluaci\u00f3 dels materials did\u00e0ctics &#8220;La Uni\u00f3 Europea: Qu\u00e8 \u00e9s i qu\u00e8 fa?&#8221;, realitzat per la Comissi\u00f3 Europea Representaci\u00f3 a Barcelona GREDICS (2009SGR468) Gener-juliol 2010 Materials did\u00e0ctics i informes finals Els sup\u00f2sits de partida (plantejats per la Comissi\u00f3 Europea \u2013 Representaci\u00f3 a Barcelona) Tenint en compte el context que des de la pr\u00f2pia Comissi\u00f3 Europea \u2013 [&hellip;]<\/p>\n","protected":false},"author":20,"featured_media":164,"parent":0,"menu_order":0,"comment_status":"closed","ping_status":"closed","template":"","meta":{"footnotes":""},"class_list":["post-167","page","type-page","status-publish","has-post-thumbnail","hentry"],"_links":{"self":[{"href":"https:\/\/webs.uab.cat\/gredics\/wp-json\/wp\/v2\/pages\/167","targetHints":{"allow":["GET"]}}],"collection":[{"href":"https:\/\/webs.uab.cat\/gredics\/wp-json\/wp\/v2\/pages"}],"about":[{"href":"https:\/\/webs.uab.cat\/gredics\/wp-json\/wp\/v2\/types\/page"}],"author":[{"embeddable":true,"href":"https:\/\/webs.uab.cat\/gredics\/wp-json\/wp\/v2\/users\/20"}],"replies":[{"embeddable":true,"href":"https:\/\/webs.uab.cat\/gredics\/wp-json\/wp\/v2\/comments?post=167"}],"version-history":[{"count":0,"href":"https:\/\/webs.uab.cat\/gredics\/wp-json\/wp\/v2\/pages\/167\/revisions"}],"wp:featuredmedia":[{"embeddable":true,"href":"https:\/\/webs.uab.cat\/gredics\/wp-json\/wp\/v2\/media\/164"}],"wp:attachment":[{"href":"https:\/\/webs.uab.cat\/gredics\/wp-json\/wp\/v2\/media?parent=167"}],"curies":[{"name":"wp","href":"https:\/\/api.w.org\/{rel}","templated":true}]}}