{"id":169,"date":"2020-09-29T10:11:56","date_gmt":"2020-09-29T10:11:56","guid":{"rendered":"https:\/\/webs.uab.cat\/gredics\/disco\/"},"modified":"2020-09-29T10:11:56","modified_gmt":"2020-09-29T10:11:56","slug":"disco","status":"publish","type":"page","link":"https:\/\/webs.uab.cat\/gredics\/disco\/","title":{"rendered":"DISCO"},"content":{"rendered":"<p class=\"rtejustify\"><span style=\"font-size:16px\">We intend to promote knowledge exchange between EDCD-TEP Project partners on how the democratic culture dimension is deeply related with teacher training policy and\/or practice in the partner countries. Thus, we define two specific objectives for this International Seminar:&nbsp;<\/span><\/p>\n<p class=\"rtejustify\"><span style=\"font-size:16px\">(i) define the concept of &#8220;good practices&#8221; in the promotion of competences in education for a democratic culture in training programs for primary teachers.<\/span><\/p>\n<p class=\"rtejustify\"><span style=\"font-size:16px\">(ii) define criteria to analyse the educational policies for a democratic culture, in different levels (national, institutional, and teachers\u2019 practices).<\/span><\/p>\n<table border=\"4\" cellpadding=\"1\" cellspacing=\"1\" style=\"width:496px\">\n<tbody>\n<tr>\n<td style=\"width:474px\">\n<p class=\"rtecenter\"><span style=\"font-size:20px\">&nbsp;<strong>Iniciem&nbsp;un nou projecte<\/strong><\/span><\/p>\n<p class=\"rtecenter\"><span style=\"font-size:28px\"><a href=\"https:\/\/grupsderecerca.uab.cat\/gredics\/node\/189\"><strong>DISCO &#8211; Embedding a Democratic Culture Dimension in Teacher Education Programmes (EDCD-TEP)<\/strong>&nbsp;<\/a><\/span><\/p>\n<p><strong>&nbsp;<img loading=\"lazy\" decoding=\"async\" alt=\"\" height=\"146\" src=\"https:\/\/i.imgur.com\/jhp6BxP.png\" width=\"460\" \/><\/strong><\/p>\n<p>&nbsp;<\/p>\n<p>L\u2019objectiu d\u2019aquest projecte \u00e9s dissenyar un marc per incorporar les Compet\u00e8ncies per a la Cultura Democr\u00e0tica als Programes d\u2019Educaci\u00f3 Prim\u00e0ria del Professorat als pa\u00efsos socis (Espanya, Portugal i el Regne Unit) i a tota Europa.<\/p>\n<\/td>\n<\/tr>\n<\/tbody>\n<\/table>\n","protected":false},"excerpt":{"rendered":"<p>We intend to promote knowledge exchange between EDCD-TEP Project partners on how the democratic culture dimension is deeply related with teacher training policy and\/or practice in the partner countries. Thus, we define two specific objectives for this International Seminar:&nbsp; (i) define the concept of &#8220;good practices&#8221; in the promotion of competences in education for a [&hellip;]<\/p>\n","protected":false},"author":20,"featured_media":0,"parent":0,"menu_order":0,"comment_status":"closed","ping_status":"closed","template":"","meta":{"footnotes":""},"class_list":["post-169","page","type-page","status-publish","hentry"],"_links":{"self":[{"href":"https:\/\/webs.uab.cat\/gredics\/wp-json\/wp\/v2\/pages\/169","targetHints":{"allow":["GET"]}}],"collection":[{"href":"https:\/\/webs.uab.cat\/gredics\/wp-json\/wp\/v2\/pages"}],"about":[{"href":"https:\/\/webs.uab.cat\/gredics\/wp-json\/wp\/v2\/types\/page"}],"author":[{"embeddable":true,"href":"https:\/\/webs.uab.cat\/gredics\/wp-json\/wp\/v2\/users\/20"}],"replies":[{"embeddable":true,"href":"https:\/\/webs.uab.cat\/gredics\/wp-json\/wp\/v2\/comments?post=169"}],"version-history":[{"count":0,"href":"https:\/\/webs.uab.cat\/gredics\/wp-json\/wp\/v2\/pages\/169\/revisions"}],"wp:attachment":[{"href":"https:\/\/webs.uab.cat\/gredics\/wp-json\/wp\/v2\/media?parent=169"}],"curies":[{"name":"wp","href":"https:\/\/api.w.org\/{rel}","templated":true}]}}