{"id":170,"date":"2020-09-29T11:53:41","date_gmt":"2020-09-29T11:53:41","guid":{"rendered":"https:\/\/webs.uab.cat\/gredics\/espai-joan-pages\/"},"modified":"2020-09-29T11:53:41","modified_gmt":"2020-09-29T11:53:41","slug":"espai-joan-pages","status":"publish","type":"page","link":"https:\/\/webs.uab.cat\/gredics\/espai-joan-pages\/","title":{"rendered":"Espai Joan Pag\u00e8s"},"content":{"rendered":"<p class=\"rtecenter\"><span style=\"font-size:18px\"><strong>JOAN PAG\u00c8S BLANCH<\/strong><\/span><\/p>\n<p style=\"text-align:center\"><a href=\"https:\/\/grupsderecerca.uab.cat\/gredics\/node\/144\"><img loading=\"lazy\" decoding=\"async\" alt=\"\" height=\"200\" src=\"https:\/\/i.imgur.com\/3Hf6T5X.jpg\" width=\"252\" \/><\/a><\/p>\n<table border=\"3\" cellpadding=\"1\" cellspacing=\"1\" style=\"width:783px\">\n<tbody>\n<tr>\n<td>&nbsp;<\/td>\n<td style=\"width:485px\">&nbsp;<\/td>\n<\/tr>\n<tr>\n<td>\n<p>&nbsp;<\/p>\n<p><iframe loading=\"lazy\" frameborder=\"0\" height=\"215\" scrolling=\"no\" src=\"https:\/\/youtube.com\/embed\/p_7Tv9XKm2c\" width=\"270\"><\/iframe><\/p>\n<\/td>\n<td style=\"width:485px\">\n<p>Entrevista Joan Pag\u00e8s Blanch [12\/05\/2020]<\/p>\n<p class=\"rtecenter\"><strong>Covid-19:&nbsp;Entrevista com o professor Joan Pag\u00e9s (Barcelona\/Espanha)&nbsp;<\/strong><\/p>\n<p class=\"rtejustify\">El programa \u201cCovid-19 en el Mundo\u201d trae en esta edici\u00f3n, informaci\u00f3n sobre pandemias a lo largo de la historia y un an\u00e1lisis de la situaci\u00f3n en Espa\u00f1a y Europa frente a este tipo de pandemias en el pasado. Nuestro invitado, el profesor e investigador Joan Pag\u00e8s Blanch, tambi\u00e9n informa sobre la situaci\u00f3n actual de la pandemia Covid-19 en Espa\u00f1a y c\u00f3mo se est\u00e1n implementando restricciones y precauciones en este momento.<\/p>\n<p class=\"rtejustify\">TV Olhos D\u2019\u00c1gua &#8211; TV Uefs. (2020, 12 mayo).&nbsp;<em>Covid-19 pelo mundo: entrevista com o professor Joan Pag\u00e9s (Barcelona\/Espanha)<\/em>&nbsp;[V\u00eddeo]. YouTube. https:\/\/www.youtube.com\/watch?v=p_7Tv9XKm2c<\/p>\n<\/td>\n<\/tr>\n<tr>\n<td>\n<p>&nbsp;<\/p>\n<p><iframe loading=\"lazy\" frameborder=\"0\" height=\"215\" scrolling=\"no\" src=\"https:\/\/youtube.com\/embed\/DcF5wTGZo_U\" width=\"270\"><\/iframe><\/p>\n<\/td>\n<td style=\"width:485px\">\n<p>Entrevista Joan Pag\u00e8s Blanch [13\/01\/2020]<\/p>\n<p class=\"rtecenter\"><strong>\u201cPerspectiva de la ense\u00f1anza de la historia en la actualidad\u201d<\/strong><\/p>\n<p class=\"rtejustify\">En el marco del II simposio nacional y I encuentro internacional \u201cAproximaciones multidisciplinarias e interdisciplinarias a la historia de la educaci\u00f3n y la educaci\u00f3n hist\u00f3rica\u201d, llevado a cabo en enero de 2020 en la ciudad de Quer\u00e9taro, se realiz\u00f3 la presente entrevista al Dr. Joan Pag\u00e9s Blanch, profesor investigador de la Universidad Aut\u00f3noma de Barcelona, quien ha destacado como una de las figuras m\u00e1s importantes en la investigaci\u00f3n de la ense\u00f1anza de las ciencias sociales y las humanidades.<\/p>\n<p class=\"rtejustify\">COLCISOH AC. (2020, 4 junio).&nbsp;<em>Entrevista a Joan Pag\u00e9s \u00abPerspectiva de la ense\u00f1anza de la historia en la actualidad\u00bb<\/em>&nbsp;[V\u00eddeo]. YouTube. https:\/\/www.youtube.com\/watch?v=DcF5wTGZo_U<\/p>\n<\/td>\n<\/tr>\n<tr>\n<td><iframe loading=\"lazy\" frameborder=\"0\" height=\"215\" scrolling=\"no\" src=\"https:\/\/youtube.com\/embed\/t7XRmEp01LU\" width=\"270\"><\/iframe><\/td>\n<td style=\"width:485px\">\n<p>Ponencia Dr. Joan Pag\u00e8s y Dra. Martha Cec\u00edlia [05\/&#8217;9\/2019]&nbsp;<\/p>\n<p class=\"rtecenter\"><strong>XXV Simposium Internacional de Did\u00e1ctica de las Ciencias Sociales. &nbsp; Ponencia Mixta <\/strong><\/p>\n<p class=\"rtejustify\"><span style=\"font-family:arial,helvetica,sans-serif\">Ponencia \u201cLa formaci\u00f3n del profesorado en Did\u00e1ctica de las Ciencias Sociales: aportaciones interdisciplinares\u201d a cargo del Dr. Joan Pag\u00e8s, de la Universitat Aut\u00f2noma de Barcelona y de la Dra. Martha Cec\u00edlia Guti\u00e9rrez, de la Universidad Tecnol\u00f3gica de Pereira.&nbsp;<\/span><\/p>\n<p><span style=\"font-family:arial,helvetica,sans-serif\">Audiovisuals Fac. Ci\u00e8ncies de l\u2019Educaci\u00f3 UAB. (2019, 5 septiembre). <em>XXV Simposium Internacional de&nbsp;<\/em><\/span><span style=\"font-family:arial,helvetica,sans-serif\"><em>Did\u00e1ctica de las Ciencias Sociales. Ponencia Mixta del \u00c1mbito 3<\/em> [V\u00eddeo]. YouTube.https:\/\/www.youtube.com\/watch?v=t7XRmEp01LU<\/span><\/p>\n<\/td>\n<\/tr>\n<tr>\n<td>\n<p>&nbsp;<\/p>\n<p><iframe loading=\"lazy\" frameborder=\"0\" height=\"215\" scrolling=\"no\" src=\"https:\/\/youtube.com\/embed\/-8IyF5mcJeQ\" width=\"270\"><\/iframe><\/p>\n<\/td>\n<td style=\"width:485px\">\n<p>&nbsp;<\/p>\n<p>Seminario con el profesor Joan Pag\u00e8s Blanch&nbsp; [06\/08\/2019]<\/p>\n<p class=\"rtecenter\"><strong>Relaciones entre la investigaci\u00f3n, la pr\u00e1ctica docente y la formaci\u00f3n del profesorado.<\/strong><\/p>\n<p>En esta oportunidad el profesor e investigador nos habl\u00f3 sobre las relaciones entre la investigaci\u00f3n, la pr\u00e1ctica docente y la formaci\u00f3n del profesorado.<\/p>\n<p class=\"rtejustify\">Facultad de Educaci\u00f3n &#8211; Universidad de Antioquia. (2019, 6 agosto).&nbsp;<em>Seminario con el profesor Joan Pages Blanch<\/em>&nbsp;[V\u00eddeo]. YouTube. https:\/\/www.youtube.com\/watch?v=-8IyF5mcJeQ<\/p>\n<\/td>\n<\/tr>\n<tr>\n<td>\n<p>&nbsp;<\/p>\n<p>&nbsp;<\/p>\n<p>&nbsp;<\/p>\n<p><iframe loading=\"lazy\" frameborder=\"0\" height=\"215\" scrolling=\"no\" src=\"https:\/\/youtube.com\/embed\/cMfclMys6hw\" width=\"270\"><\/iframe><\/p>\n<\/td>\n<td style=\"width:485px\">\n<p>Congreso Colombiano de Historia; Ponencia de Joan Pag\u00e8s Blanch [31\/05\/2018]<\/p>\n<p class=\"rtecenter\">\u00bf<strong>Qu\u00e9 ocurre en el mundo, qu\u00e9 historia ense\u00f1amos en la juventud a las escuelas? <\/strong><\/p>\n<p class=\"rtecenter\"><strong>Reflexiones para adecuar la ense\u00f1anza de la historia a la realidad. Por Joan Pag\u00e9s Blanch, Universidad Aut\u00f3noma de Barcelona, Espa\u00f1a.<\/strong><\/p>\n<p class=\"rtejustify\">El XVIII Congreso Colombiano de Historia organizado por la Asociaci\u00f3n Colombiana de Historiadores (ACH) integra en su Comit\u00e9 Acad\u00e9mico profesores e investigadores vinculados a las instituciones aliadas en Medell\u00edn. Pensar la Historia y Memoria en el Mundo Actual es el reto reflexivo de los ponentes, panelistas y conferenciantes nacionales e internacionales de este congreso y una motivaci\u00f3n comprensiva para todos los asistentes.<\/p>\n<p class=\"rtejustify\">Departamento Historia UN. (2018, 31 mayo).&nbsp;<em>\u00bfQu\u00e9 ocurre en el mundo, qu\u00e9 historia ense\u00f1amos en la juventud a las escuelas? Por Joan Pag\u00e9s Blanch<\/em>&nbsp;[V\u00eddeo]. YouTube. https:\/\/www.youtube.com\/watch?v=cMfclMys6hw<\/p>\n<\/td>\n<\/tr>\n<tr>\n<td>\n<p>&nbsp;<\/p>\n<p><iframe loading=\"lazy\" frameborder=\"0\" height=\"215\" scrolling=\"no\" src=\"https:\/\/youtube.com\/embed\/5uzqCUeICMQ\" width=\"270\"><\/iframe><\/p>\n<\/td>\n<td style=\"width:485px\">\n<p class=\"rtejustify\">Confer\u00e8ncia XV Jornades Internacionals de Recerca en Did\u00e0ctica de les ci\u00e8ncies socials [16\/02\/2018]<\/p>\n<p class=\"rtecenter\"><strong>\u201cQuin professorat, quina ciutadania, quin futur?\u201d<\/strong><\/p>\n<p class=\"rtejustify\">Confer\u00e8ncia \u201cQuin professorat, quina ciutadania, quin futur? Els reptes de l\u2019ensenyament de les Ci\u00e8ncies Socials, la Geografia i la Hist\u00f2ria a c\u00e0rrec del profesor Joan Pag\u00e8s (Universitat Aut\u00f2noma de Barcelona).<\/p>\n<p class=\"rtejustify\">Audiovisuals Fac. Ci\u00e8ncies de l\u2019Educaci\u00f3 UAB. (2018, 16 febrer).&nbsp;<em>XV Jornades Internacionals de Recerca en Did\u00e0ctica de les Ci\u00e8ncies Socials &#8211; Joan Pag\u00e8s<\/em>&nbsp;[V\u00eddeo]. YouTube. <a href=\"https:\/\/www.youtube.com\/watch?v=LKMNdHRpiPs\">https:\/\/www.youtube.com\/watch?v=LKMNdHRpiPs<\/a><\/p>\n<\/td>\n<\/tr>\n<tr>\n<td>\n<p>&nbsp;<\/p>\n<p><iframe loading=\"lazy\" frameborder=\"0\" height=\"215\" scrolling=\"no\" src=\"https:\/\/youtube.com\/embed\/sHRw03xa3kg\" width=\"270\"><\/iframe><\/p>\n<\/td>\n<td style=\"width:485px\">\n<p>&nbsp;<\/p>\n<p>Conferencia Joan Pag\u00e8s Blanch [17\/09\/2018]<\/p>\n<p class=\"rtecenter\"><strong>\u00bfPara qu\u00e9 y qu\u00e9 ense\u00f1ar de ciencias sociales hoy? Los retos de la Did\u00e1ctica de las ciencias sociales ante los problemas del mundo.<\/strong><\/p>\n<p class=\"rtejustify\">Videoconferencia en l\u00ednea ofrecida por la Universidad Tecnol\u00f3gica de Pereira en colaboraci\u00f3n con Joan Pag\u00e8s, sobre los retos de las ciencias sociales en el mundo actual. &nbsp;<\/p>\n<p class=\"rtejustify\">Univirtualutp. (2018, 17 septiembre).&nbsp;<em>Conferencia: Joan Pag\u00e9s Blanch<\/em>&nbsp;[V\u00eddeo]. YouTube. https:\/\/www.youtube.com\/watch?v=sHRw03xa3kg<\/p>\n<\/td>\n<\/tr>\n<tr>\n<td>\n<p>&nbsp;<\/p>\n<p><iframe loading=\"lazy\" frameborder=\"0\" height=\"215\" scrolling=\"no\" src=\"https:\/\/youtube.com\/embed\/6-ElGmnpp8w\" width=\"270\"><\/iframe><\/p>\n<\/td>\n<td style=\"width:485px\">\n<p>&nbsp;<\/p>\n<p>Entrevista Joan Pag\u00e9s Blanch (Docente visitante Universidad Nacional de Colombia) [22\/03\/2018]<\/p>\n<p class=\"rtecenter\"><strong>Seminario sobre la pr\u00e1ctica de la ense\u00f1anza en la historia: Universidad Nacional de Colombia<\/strong><\/p>\n<p class=\"rtejustify\">En el marco del Proyecto de Internacionalizaci\u00f3n de los Programas Acad\u00e9micos de la Sede, liderado por la Direcci\u00f3n Acad\u00e9mica, se presenta la experiencia del profesor visitante a la Facultad de Ciencias Humanas y Econ\u00f3micas, doctor Joan Pag\u00e9s Blanch de la Universidad Aut\u00f3noma de Barcelona.<\/p>\n<\/td>\n<\/tr>\n<tr>\n<td>\n<p>&nbsp;<\/p>\n<p><iframe loading=\"lazy\" frameborder=\"0\" height=\"215\" scrolling=\"no\" src=\"https:\/\/youtube.com\/embed\/k9oQW1d-tc0\" width=\"270\"><\/iframe><\/p>\n<\/td>\n<td style=\"width:485px\">\n<p>&nbsp;<\/p>\n<p>Entrevista Joan Pag\u00e8s Blanch [17\/08\/2015]<\/p>\n<p class=\"rtecenter\"><strong>\u00bfC\u00f3mo debe ser la ense\u00f1anza de la historia?<\/strong><\/p>\n<p class=\"rtejustify\">Entrevista a Joan Pag\u00e8s des del Canal de la Facultad de Filosofia y Humanidades (UAH) donde se exponen diversas ideas sobre la importancia de ense\u00f1ar historia. \u00bfC\u00f3mo se ense\u00f1a actualmente? \u00bfY c\u00f3mo se deber\u00eda ense\u00f1ar?<\/p>\n<p class=\"rtejustify\"><em>Universidad Alberto Hurtado. (2015, 17 agosto).&nbsp;\u00bfC\u00f3mo debe ser la ensen\u00f1anza de la historia?&nbsp;[V\u00eddeo]. YouTube. https:\/\/www.youtube.com\/watch?v=k9oQW1d-tc0<\/em><\/p>\n<\/td>\n<\/tr>\n<\/tbody>\n<\/table>\n<p>&nbsp;<\/p>\n","protected":false},"excerpt":{"rendered":"<p>JOAN PAG\u00c8S BLANCH &nbsp; &nbsp; &nbsp; Entrevista Joan Pag\u00e8s Blanch [12\/05\/2020] Covid-19:&nbsp;Entrevista com o professor Joan Pag\u00e9s (Barcelona\/Espanha)&nbsp; El programa \u201cCovid-19 en el Mundo\u201d trae en esta edici\u00f3n, informaci\u00f3n sobre pandemias a lo largo de la historia y un an\u00e1lisis de la situaci\u00f3n en Espa\u00f1a y Europa frente a este tipo de pandemias en el [&hellip;]<\/p>\n","protected":false},"author":20,"featured_media":0,"parent":0,"menu_order":0,"comment_status":"closed","ping_status":"closed","template":"","meta":{"footnotes":""},"class_list":["post-170","page","type-page","status-publish","hentry"],"_links":{"self":[{"href":"https:\/\/webs.uab.cat\/gredics\/wp-json\/wp\/v2\/pages\/170","targetHints":{"allow":["GET"]}}],"collection":[{"href":"https:\/\/webs.uab.cat\/gredics\/wp-json\/wp\/v2\/pages"}],"about":[{"href":"https:\/\/webs.uab.cat\/gredics\/wp-json\/wp\/v2\/types\/page"}],"author":[{"embeddable":true,"href":"https:\/\/webs.uab.cat\/gredics\/wp-json\/wp\/v2\/users\/20"}],"replies":[{"embeddable":true,"href":"https:\/\/webs.uab.cat\/gredics\/wp-json\/wp\/v2\/comments?post=170"}],"version-history":[{"count":0,"href":"https:\/\/webs.uab.cat\/gredics\/wp-json\/wp\/v2\/pages\/170\/revisions"}],"wp:attachment":[{"href":"https:\/\/webs.uab.cat\/gredics\/wp-json\/wp\/v2\/media?parent=170"}],"curies":[{"name":"wp","href":"https:\/\/api.w.org\/{rel}","templated":true}]}}