{"id":171,"date":"2020-11-18T10:26:08","date_gmt":"2020-11-18T10:26:08","guid":{"rendered":"https:\/\/webs.uab.cat\/gredics\/que-investigamos-2\/"},"modified":"2020-11-18T10:26:08","modified_gmt":"2020-11-18T10:26:08","slug":"que-investigamos-2","status":"publish","type":"page","link":"https:\/\/webs.uab.cat\/gredics\/que-investigamos-2\/","title":{"rendered":"\u00bfQU\u00c9 INVESTIGAMOS?"},"content":{"rendered":"<p style=\"text-align:center\"><img loading=\"lazy\" decoding=\"async\" alt=\"\" height=\"361\" src=\"https:\/\/lh3.googleusercontent.com\/pw\/ACtC-3cmSW3YCadlhDfZWSg4m2fLMbg80EEd1MxiSYtUxLD3LSKBazHp0CV4UBflmw1iqqfwYjrwLNNwQ4E1TAJiGUwmd9VwllL3fi9z8HtlTGkFcmqj-J3s5aAUsU8AxxHA8jyYFhHJ-VsrHGCp2Pl543xh1Q=w800-h267-no?authuser=0\" width=\"1078\" \/><\/p>\n<p class=\"rtecenter\">&nbsp;<\/p>\n<p class=\"rtecenter\"><span style=\"font-size:18px\"><strong>Projecte PID2019-107383RB-100<\/strong><\/span><\/p>\n<p class=\"rtecenter\"><span style=\"font-size:18px\"><strong>Educaci\u00f3n para el futuro y esperanza en la democracia. <\/strong><\/span><\/p>\n<p class=\"rtecenter\"><span style=\"font-size:18px\"><strong>Repensar la ense\u00f1anza de las ciencias sociales en tiempos de cambio (EpF+ED)<\/strong><\/span><\/p>\n<p class=\"rtejustify\">&nbsp;<\/p>\n<p class=\"rtecenter\"><span style=\"color:#0000FF\"><strong>Introducci\u00f3n \u2013 \u00bfQu\u00e9 investigamos?<\/strong><\/span><\/p>\n<p class=\"rtejustify\">Proponemos una investigaci\u00f3n centrada en la Educaci\u00f3n para el Futuro y la esperanza en la democracia, repensando de nuevo la ense\u00f1anza de las ciencias sociales en tiempos de cambio. Una investigaci\u00f3n dirigida a la educaci\u00f3n primaria, al alumnado y al profesorado, y a estudiantes universitarios en formaci\u00f3n inicial del Grado de Educaci\u00f3n Primaria. Teniendo en cuenta que la etapa de educaci\u00f3n primaria ha sido objeto de muy pocas investigaciones en el \u00e1rea de los estudios sociales y en las l\u00edneas de formaci\u00f3n ciudadana que se pretenden indagar. Esta investigaci\u00f3n tiene 4 ejes de trabajo interrelacionados: 1) imaginar, 2) interpretar, 3) valorar y 4) actuar.<\/p>\n<p class=\"rtejustify\"><strong>a) Imaginar<\/strong>. La Prospectiva sobre el futuro desde el conocimiento del pasado y desde par\u00e1metros de sostenibilidad y justicia social.<\/p>\n<p class=\"rtejustify\"><strong>b) Interpretar<\/strong>. La Literacidad Cr\u00edtica Digital para interpretar de manera cr\u00edtica las informaciones de los medios digitales y construir contrarelatos.<\/p>\n<p class=\"rtejustify\"><strong>c) Valorar<\/strong>. La Educaci\u00f3n para una Ciudadan\u00eda Global, con especial atenci\u00f3n a la diversidad cultural y a la perspectiva de g\u00e9nero.<\/p>\n<p class=\"rtejustify\"><strong>d) Actuar<\/strong>. El desarrollo de la Esperanza en la Democracia y el aprendizaje de la participaci\u00f3n ante problemas sociales relevantes.<\/p>\n<p class=\"rtejustify\">&nbsp;<\/p>\n<p class=\"rtejustify\">Este proyecto se plantea dos de los ocho retos de la sociedad identificados en la Estrategia Espa\u00f1ola de Ciencia y Tecnolog\u00eda y de Innovaci\u00f3n y en el Plan Estatal de I+D+i. En primer lugar el reto n\u00famero 6: Ciencias sociales y humanidades y ciencia con y para la sociedad. En segundo lugar el reto n\u00famero 7: Econom\u00eda, sociedad y cultura digitales.<\/p>\n<p class=\"rtejustify\">El planteamiento de una investigaci\u00f3n sobre la Educaci\u00f3n para el Futuro y la Esperanza en la Democracia, concretada en la prospectiva, la educaci\u00f3n para la ciudadan\u00eda global, la literacidad cr\u00edtica digital y la acci\u00f3n social, se relaciona con los retos de Horizonte 2020, y los objetivos de la Estrategia Espa\u00f1ola de Ciencia y Tecnolog\u00eda y de Innovaci\u00f3n 2013-2020 en el apartado de \u201ccambios e innovaciones sociales\u201d, donde se lee \u201cLos procesos sociales constituyen un factor crucial en el proceso de innovaci\u00f3n, tanto como agente activo del mismo como veh\u00edculo de los valores (&#8230;). La investigaci\u00f3n en Ciencias Sociales y Humanidades ha de contribuir al dise\u00f1o de soluciones que conduzcan a una sociedad innovadora, inclusiva y responsable en un contexto de cambio y transformaci\u00f3n sin precedentes.<\/p>\n<p class=\"rtejustify\">&nbsp;<\/p>\n<p class=\"rtejustify\">&nbsp;<\/p>\n","protected":false},"excerpt":{"rendered":"<p>&nbsp; Projecte PID2019-107383RB-100 Educaci\u00f3n para el futuro y esperanza en la democracia. Repensar la ense\u00f1anza de las ciencias sociales en tiempos de cambio (EpF+ED) &nbsp; Introducci\u00f3n \u2013 \u00bfQu\u00e9 investigamos? Proponemos una investigaci\u00f3n centrada en la Educaci\u00f3n para el Futuro y la esperanza en la democracia, repensando de nuevo la ense\u00f1anza de las ciencias sociales en [&hellip;]<\/p>\n","protected":false},"author":20,"featured_media":0,"parent":0,"menu_order":0,"comment_status":"closed","ping_status":"closed","template":"","meta":{"footnotes":""},"class_list":["post-171","page","type-page","status-publish","hentry"],"_links":{"self":[{"href":"https:\/\/webs.uab.cat\/gredics\/wp-json\/wp\/v2\/pages\/171","targetHints":{"allow":["GET"]}}],"collection":[{"href":"https:\/\/webs.uab.cat\/gredics\/wp-json\/wp\/v2\/pages"}],"about":[{"href":"https:\/\/webs.uab.cat\/gredics\/wp-json\/wp\/v2\/types\/page"}],"author":[{"embeddable":true,"href":"https:\/\/webs.uab.cat\/gredics\/wp-json\/wp\/v2\/users\/20"}],"replies":[{"embeddable":true,"href":"https:\/\/webs.uab.cat\/gredics\/wp-json\/wp\/v2\/comments?post=171"}],"version-history":[{"count":0,"href":"https:\/\/webs.uab.cat\/gredics\/wp-json\/wp\/v2\/pages\/171\/revisions"}],"wp:attachment":[{"href":"https:\/\/webs.uab.cat\/gredics\/wp-json\/wp\/v2\/media?parent=171"}],"curies":[{"name":"wp","href":"https:\/\/api.w.org\/{rel}","templated":true}]}}