{"id":185,"date":"2020-11-22T23:06:00","date_gmt":"2020-11-22T23:06:00","guid":{"rendered":"https:\/\/webs.uab.cat\/gredics\/investigadors-es\/"},"modified":"2022-07-22T15:22:54","modified_gmt":"2022-07-22T15:22:54","slug":"investigadors-es","status":"publish","type":"page","link":"https:\/\/webs.uab.cat\/gredics\/investigadors-es\/","title":{"rendered":"Investigadors i investigadores"},"content":{"rendered":"\n<p>&nbsp;<\/p>\n\n\n\n<ul class=\"wp-block-list\"><li><a href=\"https:\/\/webs.uab.cat\/gredics\/antoni-santisteban-fernandez\/\" data-type=\"page\" data-id=\"101\">Antoni Santisteban Fern\u00e1ndez&nbsp;<\/a><\/li><li><a href=\"https:\/\/webs.uab.cat\/gredics\/breo-tosar-bacarizo\/\" data-type=\"page\" data-id=\"105\">Breo Tosar Bacarizo&nbsp;<\/a><\/li><li><a href=\"https:\/\/webs.uab.cat\/gredics\/carles-anguera\/\" data-type=\"page\" data-id=\"140\">Carles Anguera&nbsp;<\/a><\/li><li><a href=\"https:\/\/webs.uab.cat\/gredics\/edda-sant\/\" data-type=\"page\" data-id=\"141\">Edda Sant&nbsp;<\/a><\/li><li><a href=\"https:\/\/webs.uab.cat\/gredics\/francisco-gil\/\" data-type=\"page\" data-id=\"142\">Francisco Gil&nbsp;<\/a><\/li><li><a href=\"https:\/\/webs.uab.cat\/gredics\/gustavo-gonzalez-valencia\/\" data-type=\"page\" data-id=\"110\">Gustavo Gonz\u00e1lez Valencia&nbsp;<\/a><\/li><li><a href=\"https:\/\/webs.uab.cat\/gredics\/joan-llusa-serra\/\" data-type=\"page\" data-id=\"109\">Joan Llus\u00e0 Serra&nbsp;<\/a><\/li><li><a href=\"https:\/\/webs.uab.cat\/gredics\/jordi-castellvi-mata\/\" data-type=\"page\" data-id=\"104\">Jordi Castellv\u00ed Mata&nbsp;<\/a><\/li><li><a href=\"https:\/\/webs.uab.cat\/gredics\/maria-ballbe-martinez\/\" data-type=\"page\" data-id=\"111\">Maria Ballb\u00e9 Mart\u00ednez&nbsp;<\/a><\/li><li><a href=\"https:\/\/webs.uab.cat\/gredics\/mariona-massip-sabater\/\" data-type=\"page\" data-id=\"116\">Mariona Massip Sabater&nbsp;<\/a><\/li><li><a href=\"https:\/\/webs.uab.cat\/gredics\/montserrat-yuste\/\" data-type=\"page\" data-id=\"143\">Montserrat Yuste<\/a><\/li><li><a href=\"https:\/\/webs.uab.cat\/gredics\/neus-gonzalez-monfort\/\" data-type=\"page\" data-id=\"102\">Neus Gonz\u00e1lez Monfort&nbsp;<\/a><\/li><li><a href=\"https:\/\/webs.uab.cat\/gredics\/roser-canals\/\" data-type=\"page\" data-id=\"144\">Roser Canals&nbsp;<\/a><\/li><li><a href=\"https:\/\/webs.uab.cat\/gredics\/sandra-muzzi\/\" data-type=\"page\" data-id=\"112\">Sandra Muzzi&nbsp;<\/a><\/li><\/ul>\n","protected":false},"excerpt":{"rendered":"<p>&nbsp; Antoni Santisteban Fern\u00e1ndez&nbsp; Breo Tosar Bacarizo&nbsp; Carles Anguera&nbsp; Edda Sant&nbsp; Francisco Gil&nbsp; Gustavo Gonz\u00e1lez Valencia&nbsp; Joan Llus\u00e0 Serra&nbsp; Jordi Castellv\u00ed Mata&nbsp; Maria Ballb\u00e9 Mart\u00ednez&nbsp; Mariona Massip Sabater&nbsp; Montserrat Yuste Neus Gonz\u00e1lez Monfort&nbsp; Roser Canals&nbsp; Sandra Muzzi&nbsp;<\/p>\n","protected":false},"author":20,"featured_media":0,"parent":0,"menu_order":0,"comment_status":"closed","ping_status":"closed","template":"","meta":{"footnotes":""},"class_list":["post-185","page","type-page","status-publish","hentry"],"_links":{"self":[{"href":"https:\/\/webs.uab.cat\/gredics\/wp-json\/wp\/v2\/pages\/185","targetHints":{"allow":["GET"]}}],"collection":[{"href":"https:\/\/webs.uab.cat\/gredics\/wp-json\/wp\/v2\/pages"}],"about":[{"href":"https:\/\/webs.uab.cat\/gredics\/wp-json\/wp\/v2\/types\/page"}],"author":[{"embeddable":true,"href":"https:\/\/webs.uab.cat\/gredics\/wp-json\/wp\/v2\/users\/20"}],"replies":[{"embeddable":true,"href":"https:\/\/webs.uab.cat\/gredics\/wp-json\/wp\/v2\/comments?post=185"}],"version-history":[{"count":2,"href":"https:\/\/webs.uab.cat\/gredics\/wp-json\/wp\/v2\/pages\/185\/revisions"}],"predecessor-version":[{"id":459,"href":"https:\/\/webs.uab.cat\/gredics\/wp-json\/wp\/v2\/pages\/185\/revisions\/459"}],"wp:attachment":[{"href":"https:\/\/webs.uab.cat\/gredics\/wp-json\/wp\/v2\/media?parent=185"}],"curies":[{"name":"wp","href":"https:\/\/api.w.org\/{rel}","templated":true}]}}