{"id":191,"date":"2020-11-26T10:51:54","date_gmt":"2020-11-26T10:51:54","guid":{"rendered":"https:\/\/webs.uab.cat\/gredics\/proyecto-educacion-financiera\/"},"modified":"2020-11-26T10:51:54","modified_gmt":"2020-11-26T10:51:54","slug":"proyecto-educacion-financiera","status":"publish","type":"page","link":"https:\/\/webs.uab.cat\/gredics\/proyecto-educacion-financiera\/","title":{"rendered":"PROYECTO: EDUCACI\u00d3N FINANCIERA"},"content":{"rendered":"<table border=\"4\" cellpadding=\"1\" cellspacing=\"1\">\n<tbody>\n<tr>\n<td>\n<p><img loading=\"lazy\" decoding=\"async\" alt=\"\" height=\"605\" src=\"https:\/\/i.imgur.com\/yZ6FB4E.jpg\" width=\"1337\" \/><\/p>\n<p class=\"rteright\"><strong><span style=\"font-size:26px\"><span style=\"color:#FF8C00\">EL CONCEPTO DE PLANIFICACI\u00d3N EN LA EDUCACI\u00d3N FINANCIERA: CLAVE DE B\u00d3VEDA PARA LA SALUD FINANCIERA.<\/span><\/span><\/strong><\/p>\n<p class=\"rteright\"><span style=\"font-size:20px\"><strong><em>Construcci\u00f3n de un indicador para detectar el grado de desarrollo de la competencia financiera y la percepci\u00f3n de la necesidad de planificaci\u00f3n de los estudiantes universitarios<\/em><\/strong><\/span><\/p>\n<\/td>\n<\/tr>\n<\/tbody>\n<\/table>\n<p class=\"rtecenter\"><span style=\"color:#000000\"><strong><span style=\"background-color:#FFFFE0\">ENCUESTA DIRIGIDA A ESTUDIANTES DE PRIMERO DE GRADO<\/span><\/strong><span style=\"background-color:#FFFFE0\">:&nbsp;<\/span><a href=\"https:\/\/forms.office.com\/Pages\/ResponsePage.aspx?id=ZIkmiiJuMUGGnbMXOwYDwlIxLaCAdARCvRfNGYRZBqZUMkdEWVJGRk5VV0VYN0YySlVJOFpFNTU5SC4u\"><strong><span style=\"background-color:#FFFFE0\">https:\/\/ja.cat\/educaciofinanceraGIEEF<\/span><\/strong><\/a><\/span><strong>&nbsp; &nbsp; &nbsp; &nbsp; &nbsp; &nbsp; &nbsp; &nbsp; &nbsp; &nbsp; &nbsp;<\/strong><\/p>\n<p class=\"rtejustify\">El objeto de la investigaci\u00f3n es doble: <strong>a) evaluar el grado de desarrollo de la competencia financiera y b) la percepci\u00f3n de la necesidad de planificaci\u00f3n financiera <\/strong>que tienen los estudiantes universitarios de primer a\u00f1o de carrera.<\/p>\n<p class=\"rtejustify\">La investigaci\u00f3n se centra <strong>en el dise\u00f1o de un indicador a trav\u00e9s de una encuesta <\/strong>que muestre el nivel de competencia financiera, as\u00ed como la percepci\u00f3n de la necesidad de planificaci\u00f3n financiera con el que se ha ingresado en la universidad.<\/p>\n<p class=\"rtejustify\">Nuestra hip\u00f3tesis es que aquellos estudiantes con un mayor grado de planificaci\u00f3n financiera coincidir\u00e1n con quienes muestran un mayor nivel de educaci\u00f3n financiera.<\/p>\n<p class=\"rtejustify\">&nbsp;<\/p>\n<p class=\"rtejustify\">&nbsp;<\/p>\n","protected":false},"excerpt":{"rendered":"<p>EL CONCEPTO DE PLANIFICACI\u00d3N EN LA EDUCACI\u00d3N FINANCIERA: CLAVE DE B\u00d3VEDA PARA LA SALUD FINANCIERA. Construcci\u00f3n de un indicador para detectar el grado de desarrollo de la competencia financiera y la percepci\u00f3n de la necesidad de planificaci\u00f3n de los estudiantes universitarios ENCUESTA DIRIGIDA A ESTUDIANTES DE PRIMERO DE GRADO:&nbsp;https:\/\/ja.cat\/educaciofinanceraGIEEF&nbsp; &nbsp; &nbsp; &nbsp; &nbsp; &nbsp; &nbsp; [&hellip;]<\/p>\n","protected":false},"author":20,"featured_media":0,"parent":0,"menu_order":0,"comment_status":"closed","ping_status":"closed","template":"","meta":{"footnotes":""},"class_list":["post-191","page","type-page","status-publish","hentry"],"_links":{"self":[{"href":"https:\/\/webs.uab.cat\/gredics\/wp-json\/wp\/v2\/pages\/191","targetHints":{"allow":["GET"]}}],"collection":[{"href":"https:\/\/webs.uab.cat\/gredics\/wp-json\/wp\/v2\/pages"}],"about":[{"href":"https:\/\/webs.uab.cat\/gredics\/wp-json\/wp\/v2\/types\/page"}],"author":[{"embeddable":true,"href":"https:\/\/webs.uab.cat\/gredics\/wp-json\/wp\/v2\/users\/20"}],"replies":[{"embeddable":true,"href":"https:\/\/webs.uab.cat\/gredics\/wp-json\/wp\/v2\/comments?post=191"}],"version-history":[{"count":0,"href":"https:\/\/webs.uab.cat\/gredics\/wp-json\/wp\/v2\/pages\/191\/revisions"}],"wp:attachment":[{"href":"https:\/\/webs.uab.cat\/gredics\/wp-json\/wp\/v2\/media?parent=191"}],"curies":[{"name":"wp","href":"https:\/\/api.w.org\/{rel}","templated":true}]}}