{"id":195,"date":"2020-11-27T18:04:41","date_gmt":"2020-11-27T18:04:41","guid":{"rendered":"https:\/\/webs.uab.cat\/gredics\/projecte-educant-en-la-igualtat\/"},"modified":"2022-07-23T23:03:47","modified_gmt":"2022-07-23T23:03:47","slug":"projecte-educant-en-la-igualtat","status":"publish","type":"page","link":"https:\/\/webs.uab.cat\/gredics\/projecte-educant-en-la-igualtat\/","title":{"rendered":"PROJECTE: EDUCANT EN LA IGUALTAT"},"content":{"rendered":"\n<h2 class=\"wp-block-heading\">Educant en la igualtat: XXV Audi\u00e8ncia P\u00fablica a les noies i als nois de Barcelona<\/h2>\n\n\n\n<p><em>L\u2019Audi\u00e8ncia P\u00fablica als Nois i Noies de Barcelona \u00e9s un proc\u00e9s participatiu en qu\u00e8 s\u2019escolta la veu de les i els joves de la ciutat, les seves opinions, els seus problemes i les seves esperances. Per\u00f2, sobretot, l\u2019Audi\u00e8ncia P\u00fablica \u00e9s una oportunitat per construir un futur diferent a la ciutat, per treballar per a la just\u00edcia social i per a la igualtat.<\/em><\/p>\n\n\n\n<figure class=\"wp-block-table\"><table><tbody><tr><td>\n<figure><img loading=\"lazy\" decoding=\"async\" src=\"https:\/\/i.imgur.com\/AeP3451.jpg\" alt=\"\" width=\"938\" height=\"1326\"><\/figure><p style=\"text-align: center;\"><\/p>\n<\/td><\/tr><tr><td>\n<p class=\"rtejustify\">L\u2019Audi\u00e8ncia P\u00fablica a les Noies i els Nois de Barcelona \u00e9s una forma de <strong>participaci\u00f3<\/strong>, a trav\u00e9s de la qual la ciutadania infantil i adolescent de la ciutat d\u2019entre 11 i 17 anys (escolaritzada a sis\u00e8 de prim\u00e0ria, i a secund\u00e0ria i batxillerat, tamb\u00e9 d\u2019educaci\u00f3 especial) fa propostes a l\u2019equip de govern de la ciutat i a les regidores i regidors de cada districte. D\u2019aquesta manera, la ciutat dona veu a la ciutadania m\u00e9s jove i educa en la pr\u00e0ctica de la participaci\u00f3 c\u00edvica. Despr\u00e9s d\u2019un proc\u00e9s col\u00b7lectiu de reflexi\u00f3, presenten les seves conclusions en actes d\u2019audi\u00e8ncia p\u00fablica presidits per les regidories de districte i per l\u2019alcaldessa.<\/p>\n<p class=\"rtejustify\">Es potencia la participaci\u00f3 de les noies i els nois en un proc\u00e9s ciutad\u00e0 pol\u00edtic educatiu per exercir els <strong>seus drets i deures com a ciutadanes i ciutadans de Barcelona. <\/strong>Amb una mirada feminista, aquest curs 2019-2020, la tem\u00e0tica de qu\u00e8 tracta la XXV Audi\u00e8ncia P\u00fablica a les Noies i els Nois \u00e9s &#8220;Educant en la igualtat&#8221;.<\/p>\n<p class=\"rtejustify\">Per mitj\u00e0 del programa es desenvolupen activitats als deu districtes municipals i activitats d\u2019\u00e0mbit de ciutat. Durant tot el proc\u00e9s, el professorat rep l\u2019assessorament t\u00e8cnic necessari. Les noies i els nois participants argumenten i debaten amb l\u2019objectiu de consensuar les propostes i els compromisos.<\/p>\n<\/td><\/tr><\/tbody><\/table><\/figure>\n\n\n\n<figure class=\"wp-block-table\"><table><tbody><tr><td>\n<figure><img loading=\"lazy\" decoding=\"async\" src=\"https:\/\/i.imgur.com\/IIQyxsR.png\" alt=\"\" width=\"502\" height=\"781\"><\/figure><p style=\"text-align: center;\"><\/p>\n<p>&nbsp;<\/p>\n<\/td><\/tr><\/tbody><\/table><\/figure>\n\n\n\n<figure class=\"wp-block-table\"><table><tbody><tr><td>\n<figure><a href=\"https:\/\/ajuntament.barcelona.cat\/educacio\/sites\/default\/files\/xxvaudiencia_publica_dossierprofessorat.pdf\" target=\"_blank\" rel=\"noopener\"><img loading=\"lazy\" decoding=\"async\" src=\"https:\/\/i.imgur.com\/Uzf4shz.png\" alt=\"\" width=\"315\" height=\"223\"><\/a><\/figure><p><\/p>\n<\/td><td>\n<p class=\"rtejustify\"><strong><span style=\"color: #a52a2a;\">Educant en la igualtat:&nbsp;<\/span><\/strong><span style=\"font-size: 14px;\"><strong><span style=\"color: #a52a2a;\">XXV Audi\u00e8ncia P\u00fablica a les noies i als nois de Barcelona<\/span><\/strong><span style=\"color: #0000ff;\"><strong>&nbsp;<\/strong><\/span><\/span><\/p>\n<p class=\"rtejustify\"><a href=\"https:\/\/ajuntament.barcelona.cat\/educacio\/sites\/default\/files\/xxvaudiencia_publica_dossierprofessorat.pdf\"><em><strong>Dossier del professorat&nbsp;<\/strong><\/em><\/a><\/p>\n<\/td><\/tr><\/tbody><\/table><\/figure>\n\n\n\n<figure class=\"wp-block-table\"><table><tbody><tr><td>\n<figure><img loading=\"lazy\" decoding=\"async\" src=\"https:\/\/i.imgur.com\/oe8u6p5.png\" alt=\"\" width=\"318\" height=\"224\"><\/figure><p><\/p>\n<\/td><td>\n<p class=\"rtejustify\"><a href=\"https:\/\/ajuntament.barcelona.cat\/educacio\/sites\/default\/files\/xxvaudiencia_publica_dossieralumnat.pdf\" target=\"_blank\" rel=\"noopener\"><strong><span style=\"color: #a52a2a;\">Educant en la igualtat:&nbsp;<\/span><\/strong><span style=\"font-size: 14px;\"><strong><span style=\"color: #a52a2a;\">XXV Audi\u00e8ncia P\u00fablica a les noies i als nois de Barcelona<\/span><\/strong><span style=\"color: #0000ff;\"><strong>&nbsp;<\/strong><\/span><\/span><\/a><\/p>\n<p class=\"rtejustify\"><a href=\"https:\/\/ajuntament.barcelona.cat\/educacio\/sites\/default\/files\/xxvaudiencia_publica_dossieralumnat.pdf\" target=\"_blank\" rel=\"noopener\"><em><strong>Dossier de l&#8217;alumnat<\/strong><\/em><\/a><\/p>\n<\/td><\/tr><\/tbody><\/table><\/figure>\n\n\n\n<p><strong><span style=\"color: #0000ff;\">Membres de l&#8217;equip:<\/span><\/strong><\/p>\n\n\n\n<figure class=\"wp-block-table\"><table><tbody><tr><td><strong><em>Autoria:<\/em><\/strong><\/td><\/tr><tr><td><a href=\"https:\/\/grupsderecerca.uab.cat\/gredics\/node\/154\">Mariona Massip<\/a><\/td><\/tr><tr><td><a href=\"https:\/\/grupsderecerca.uab.cat\/gredics\/node\/145\">Antoni Santisteban<\/a><\/td><\/tr><tr><td><strong><em>Col\u00b7laboren<\/em><\/strong><\/td><\/tr><tr><td><a href=\"https:\/\/grupsderecerca.uab.cat\/gredics\/node\/155\">Laura Girbau<\/a><\/td><\/tr><tr><td><a href=\"https:\/\/grupsderecerca.uab.cat\/gredics\/node\/153\">Sandra Muzzi<\/a><\/td><\/tr><\/tbody><\/table><\/figure>\n","protected":false},"excerpt":{"rendered":"<p>Educant en la igualtat: XXV Audi\u00e8ncia P\u00fablica a les noies i als nois de Barcelona L\u2019Audi\u00e8ncia P\u00fablica als Nois i Noies de Barcelona \u00e9s un proc\u00e9s participatiu en qu\u00e8 s\u2019escolta la veu de les i els joves de la ciutat, les seves opinions, els seus problemes i les seves esperances. Per\u00f2, sobretot, l\u2019Audi\u00e8ncia P\u00fablica \u00e9s [&hellip;]<\/p>\n","protected":false},"author":20,"featured_media":0,"parent":0,"menu_order":0,"comment_status":"closed","ping_status":"closed","template":"","meta":{"footnotes":""},"class_list":["post-195","page","type-page","status-publish","hentry"],"_links":{"self":[{"href":"https:\/\/webs.uab.cat\/gredics\/wp-json\/wp\/v2\/pages\/195","targetHints":{"allow":["GET"]}}],"collection":[{"href":"https:\/\/webs.uab.cat\/gredics\/wp-json\/wp\/v2\/pages"}],"about":[{"href":"https:\/\/webs.uab.cat\/gredics\/wp-json\/wp\/v2\/types\/page"}],"author":[{"embeddable":true,"href":"https:\/\/webs.uab.cat\/gredics\/wp-json\/wp\/v2\/users\/20"}],"replies":[{"embeddable":true,"href":"https:\/\/webs.uab.cat\/gredics\/wp-json\/wp\/v2\/comments?post=195"}],"version-history":[{"count":1,"href":"https:\/\/webs.uab.cat\/gredics\/wp-json\/wp\/v2\/pages\/195\/revisions"}],"predecessor-version":[{"id":610,"href":"https:\/\/webs.uab.cat\/gredics\/wp-json\/wp\/v2\/pages\/195\/revisions\/610"}],"wp:attachment":[{"href":"https:\/\/webs.uab.cat\/gredics\/wp-json\/wp\/v2\/media?parent=195"}],"curies":[{"name":"wp","href":"https:\/\/api.w.org\/{rel}","templated":true}]}}