{"id":202,"date":"2020-12-01T18:18:04","date_gmt":"2020-12-01T18:18:04","guid":{"rendered":"https:\/\/webs.uab.cat\/gredics\/bibliographic-references\/"},"modified":"2020-12-01T18:18:04","modified_gmt":"2020-12-01T18:18:04","slug":"bibliographic-references","status":"publish","type":"page","link":"https:\/\/webs.uab.cat\/gredics\/bibliographic-references\/","title":{"rendered":"Bibliographic references"},"content":{"rendered":"<p class=\"rtecenter\"><span style=\"color:#0000FF\"><strong>Bibliographic references<\/strong><\/span><\/p>\n<p class=\"rtejustify\">AMSLER, S. S. (2015).\u202f<em>The education of radical democracy<\/em>. Routledge.&nbsp;<\/p>\n<p class=\"rtejustify\">ANGUERA, C. &amp;&nbsp;SANTISTEBAN, A. (2016). Images of The Future: Perspectives of Students from Barcelona.&nbsp;<em>Journal of Futures Studies<\/em>, September, 21(1): 1\u201318.&nbsp;<\/p>\n<p class=\"rtejustify\">ASMONTI, L. (2013).&nbsp;From Athens to Athens. Europe, crisis, and democracy: Suggestions for a debate. In Demetriou, K. N. (Ed.),&nbsp;<em>Democracy in transition: Political participation in the European Union<\/em>&nbsp;(pp.\u202f135\u2013160).\u202fNew York, NY:\u202fSpringer.&nbsp;<\/p>\n<p class=\"rtejustify\">AVERY. P. &amp; BARTON, K. (2017).&nbsp;Exemplars from the Field of Social Studies Education Research. In:&nbsp;<em>The Wiley Handbook of Social Studies Research.<\/em>&nbsp;(pp. 168-188). United States of America: John Wiley &amp; Sons, Inc.&nbsp;<\/p>\n<p>BRITISH BROADCASTING CORPORATION. (2017). 50 grand challenges for the 21st Century. Retrieved from:&nbsp;<a href=\"http:\/\/www.bbc.com\/future\/story\/20170331-50-grand-challenges-for-the-21st-century\" target=\"_blank\" rel=\"noopener\">http:\/\/www.bbc.com\/future\/story\/20170331-50-grand-challenges-for-the-21st-century<\/a>&nbsp;<\/p>\n<p class=\"rtejustify\">BROWN, W. (2014).\u202f<em>Walled states, waning sovereignty<\/em>.&nbsp;Mit&nbsp;Press.&nbsp;<\/p>\n<p class=\"rtejustify\">CAMMAERTS, B.,&nbsp;BRUTER, M.,&nbsp;BANAJI, S., HARRISON, S., &amp; ANSTEAD, N. (2014). The myth of youth apathy: Young Europeans\u2019 critical attitudes toward democratic life.\u202f<em>American Behavioral Scientist<\/em>,\u202f<em>58<\/em>(5), 645-664.&nbsp;<\/p>\n<p class=\"rtejustify\">COUNCIL OF EUROPE (2014).&nbsp;<em>Bookmarks. A manual for combating hate speech online through human rights education<\/em>. No Hate Speech Movement. Council of Europe: European Youth Centre Strasbourg.&nbsp;<\/p>\n<p class=\"rtejustify\">COUNCIL OF EUROPE. (2016).&nbsp;<em>Ecri&nbsp;General&nbsp;Policyrecommendation&nbsp;No. 15&nbsp;Oncombating&nbsp;Hate Speech<\/em>. Strasbourg: Council of Europe&nbsp;<\/p>\n<p class=\"rtejustify\">COUNCIL OF EUROPE. (2018).&nbsp;<em>Reference framework of competences for democratic culture<\/em>.&nbsp;Volume 1<strong>.&nbsp;<\/strong>Context, concepts and model. Council of Europe.&nbsp;<\/p>\n<p class=\"rtejustify\">COUNCIL OF EUROPE. (2019B).&nbsp;Future of the Council of Europe \u2013 restoring confidence in democratic institutions from the local level up.&nbsp;Retrieved from: https:\/\/www.coe.int\/en\/web\/portal\/-\/future-of-the-council-of-europe-restoring-confidence-in-democratic-institutions-from-the-local-level-up&nbsp;<\/p>\n<p class=\"rtejustify\">DAVIES, I., HO, L. C.,&nbsp;KIWAN, D., PECK, C. L., PETERSON, A., SANT, E., &amp;&nbsp;WAGHID, Y. (EDS.). (2018).\u202f<em>The Palgrave handbook of global citizenship and education<\/em>. Palgrave Macmillan.&nbsp;<\/p>\n<p class=\"rtejustify\">DEWEY, J. (1995).&nbsp;<em>Democracia y educaci\u00f3n: Una introducci\u00f3n a la filosof\u00eda de la educaci\u00f3n<\/em>. Madrid: Morata (edici\u00f3n original de 1916).&nbsp;<\/p>\n<p class=\"rtejustify\">DEWEY, J. (2002).&nbsp;<em>C\u00f3mo pensamos: Nueva exposici\u00f3n de la relaci\u00f3n entre pensamiento y proceso educativo<\/em>.&nbsp;Barcelona:&nbsp;Paid\u00f3s&nbsp;(edici\u00f3n&nbsp;original de 1910).&nbsp;<\/p>\n<p class=\"rtejustify\">EUROPEAN&nbsp;COMMISION. (2018).&nbsp;<em>Eurobarometer<\/em>.&nbsp;Retrieved from:<\/p>\n<p class=\"rtejustify\">http:\/\/ec.europa.eu\/commfrontoffice\/publicopinion\/index.cfm\/Survey\/getSurveyDetail\/instruments\/STANDARD\/yearFrom\/1974\/yearTo\/2018\/surveyKy\/2215&nbsp;<\/p>\n<p class=\"rtejustify\">EUROPEAN&nbsp;COMMISION. (2018B). Recognizing the diversity of styles of youthparticipation.&nbsp;<em>Partispace&nbsp;Policy brief no. 2<\/em>.&nbsp;Retrieved from:&nbsp;<a href=\"http:\/\/partispace.eu\/cms\/wpcontent\/uploads\/2018\/07\/PARTISPACE-Policy-brief-2-recognize-diversity.pdf\">http:\/\/partispace.eu\/cms\/wpcontent\/uploads\/2018\/07\/PARTISPACE-Policy-brief-2-recognize-diversity.pdf<\/a>&nbsp;&nbsp;<\/p>\n<p class=\"rtejustify\">FACER, K. (2013). The problem of the future and the possibilities of the present in education research.\u202f<em>International Journal of Educational Research<\/em>,\u202f<em>61<\/em>, 135-143.&nbsp;<\/p>\n<p class=\"rtejustify\">FREIRE, P. (1970).&nbsp;<em>Pedagog\u00eda&nbsp;del&nbsp;Oprimido<\/em>.&nbsp;Montevideo: Tierra Nueva.&nbsp;<\/p>\n<p class=\"rtejustify\">FREIRE, P. (1974).&nbsp;<em>Education for Critical Consciousness<\/em>. New York: Continuum&nbsp;<\/p>\n<p class=\"rtejustify\">HESS, D. (2008). Democratic Education to Reduce the Divide. Social Education, 72(7), pp 373\u2013376&nbsp;<\/p>\n<p class=\"rtejustify\">HESS, D. (2009).&nbsp;<em>Controversy in the classroom: The democratic power of discussion<\/em>. New York: Routledge.&nbsp;<\/p>\n<p class=\"rtejustify\">HICKS, D. (2011). The future only arrives when things look dangerous: Reflections on futures education in the UK.&nbsp;<em>Futures<\/em>, 44, 4-13. Article in press:&nbsp;doi: 10.1016\/j.futures.2011.08.002.&nbsp;<\/p>\n<p class=\"rtejustify\">HICKS, D., &amp; HOLDEN, C. (2007). Remembering the future: what do children&nbsp;think?.\u202f<em>Environmental Education Research<\/em>,\u202f<em>13<\/em>(4), 501-512.&nbsp;<\/p>\n<p class=\"rtejustify\">INAYATULLAH, S. (2006). Alternative futures of a challenged democracy.\u202f<em>Democracy and Futures<\/em>, 113-127.&nbsp;<\/p>\n<p class=\"rtejustify\">LANKSHEAR, C. &amp;&nbsp;MCLAREN, P. (1993):&nbsp;<em>Critical Literacy. Politics, praxis, and the postmodern.&nbsp;<\/em>New York: State University of New York Press.&nbsp;<\/p>\n<p class=\"rtejustify\">LEIVISK\u00c4, A. (2018). The Issue of \u2018Radical Otherness\u2019 in Contemporary Theories of Democracy and Citizenship Education.\u202f<em>Journal of Philosophy of Education<\/em>,\u202f<em>52<\/em>(3), 498-514.&nbsp;<\/p>\n<p class=\"rtejustify\">MCCORMACK, O., &amp; O\u2019FLAHERTY, J. (2010). An examination of pre-service teachers&#8217; attitudes towards the inclusion of development education into Irish post-primary schools.\u202f<em>Teaching and teacher education<\/em>,\u202f<em>26<\/em>(6), 1332-1339.&nbsp;<\/p>\n<p class=\"rtejustify\">OGILVY, J. (2010).&nbsp;Strategy and intentionality.&nbsp;<em>World Futures<\/em>&nbsp;66 (2):73-102&nbsp;<\/p>\n<p class=\"rtejustify\">PAGES&nbsp;&amp; SANTISTEBAN. (2011).&nbsp;<em>Les&nbsp;q\u00fcestions&nbsp;socialment&nbsp;vives i&nbsp;l\u2019ensenyament&nbsp;de les&nbsp;ci\u00e8ncies&nbsp;socials<\/em>.&nbsp;Bellaterra:&nbsp;Servei&nbsp;de&nbsp;Publicacions.&nbsp;<\/p>\n<p class=\"rtejustify\">PANGRACIO, L. (2016).&nbsp;Reconceptualising&nbsp;critical&nbsp;digital&nbsp;literacy.&nbsp;<em>Discourse: Studies in the Cultural Politics of Education<\/em>, 37.&nbsp;&nbsp;<\/p>\n<p class=\"rtejustify\">SANTISTEBAN, A.;&nbsp;ANGUERA, A. (2013).&nbsp;Las im\u00e1genes del futuro en los medios de comunicaci\u00f3n y su influencia en la ense\u00f1anza de las ciencias sociales. En D\u00edaz&nbsp;Matarranz, J.J.; Santisteban, A.; Cascajero, A. (eds.).&nbsp;<em>Medios de comunicaci\u00f3n y pensamiento cr\u00edtico. Nuevas formas de interacci\u00f3n social<\/em>, (pp. 253-267).&nbsp;Alcal\u00e1: Universidad de&nbsp;Alcal\u00e1\/AUPDCS.&nbsp;<\/p>\n<p class=\"rtejustify\">PARKER, W. C. (2010). Listening to strangers: Classroom discussion in democratic education.\u202f<em>Teachers College Record<\/em>,\u202f<em>112<\/em>(11), 2815-2832.&nbsp;<\/p>\n<p class=\"rtejustify\">RUNCIMAN, D. (2018).\u202f<em>How democracy ends<\/em>. Basic Books.&nbsp;<\/p>\n<p class=\"rtejustify\">SANT, E.&nbsp;&amp;&nbsp;GONZ\u00c1LEZ-VALENCIA, G. (2018).&nbsp;Global Citizenship Education in Latin America. In Davies, I., Ho, L.,&nbsp;Kiwan, D., Peck, C., Peterson, A., Sant, E. and&nbsp;Waghid, Y. (Eds.)&nbsp;<em>The Palgrave&nbsp;Handbook of Global Citizenship and Education&nbsp;<\/em>(pp. 67\u201382).<\/p>\n<p class=\"rtejustify\">London: Palgrave Macmillan.&nbsp;<a href=\"https:\/\/doi.org\/10.1057\/978-1-137-59733-5_5\" target=\"_blank\" rel=\"noopener\">https:\/\/doi.org\/10.1057\/978-1-137-59733-5_5<\/a>&nbsp;&nbsp;<\/p>\n<p class=\"rtejustify\">SANT, E., &amp; DAVIES, I. (2018). Promoting participation at a time of social and political turmoil: what is the impact of children\u2019s and young people\u2019s city&nbsp;councils?.\u202f<em>Cambridge Journal of Education<\/em>,\u202f<em>48<\/em>(3), 371-387.&nbsp;<\/p>\n<p class=\"rtejustify\">SANT, E., &amp; DAVIES, I. (2018). Promoting participation at a time of social and political turmoil: what is the impact of children\u2019s and young people\u2019s city&nbsp;councils?.\u202f<em>Cambridge Journal of Education<\/em>,\u202f<em>48<\/em>(3), 371-387.&nbsp;<\/p>\n<p class=\"rtejustify\">SARDAR, Z. (2010). Welcome to&nbsp;postnormal&nbsp;times.&nbsp;<em>Futures<\/em>. 42: 435-444&nbsp;<\/p>\n<p class=\"rtejustify\">SCHULZ, W.,&nbsp;AINLEY, J.,&nbsp;FRAILLON, J.,&nbsp;LOSITO, B.,&nbsp;AGRUSTI, G., &amp; FRIEDMAN, T. (2018).\u202f<em>Becoming citizens in a changing world: IEA International Civic and Citizenship Education Study 2016 international report<\/em>. Springer.&nbsp;<\/p>\n<p class=\"rtejustify\">STARKEY, H., &amp; OSLER, A. (2008). Education for cosmopolitan citizenship.&nbsp;Bundeszentrale&nbsp;f r&nbsp;politische&nbsp;Bildung&nbsp;(BPB)(German Federal Agency for Civic Education).&nbsp;<\/p>\n<p class=\"rtejustify\">TORMEY, S. (2015).&nbsp;<em>The end of representative politics<\/em>.&nbsp;Cambridge:&nbsp;Simon&nbsp;Tormey&nbsp;<\/p>\n<p class=\"rtejustify\">TUTIAUX-GUILLON, N. (2011). Les&nbsp;q\u00fcestions&nbsp;socialment&nbsp;vives, un repte per a la&nbsp;hist\u00f2ria&nbsp;i la&nbsp;geografia&nbsp;escolars. In&nbsp;Pages&nbsp;&amp; Santisteban.&nbsp;<em>Les&nbsp;q\u00fcestions&nbsp;socialment&nbsp;vives i&nbsp;l\u2019ensenyament&nbsp;de les&nbsp;ci\u00e8ncies&nbsp;socials<\/em>. (pp. 25-44)&nbsp;Bellaterra:&nbsp;Servei&nbsp;de&nbsp;Publicacions.&nbsp;<\/p>\n<p class=\"rtejustify\">UNITED&nbsp;NATIONS&nbsp;(N.D.).&nbsp;Global Issues Overview.&nbsp;Retrieved from:&nbsp;<a href=\"https:\/\/www.un.org\/en\/sections\/issues-depth\/global-issues-overview\/\" target=\"_blank\" rel=\"noopener\">https:\/\/www.un.org\/en\/sections\/issues-depth\/global-issues-overview\/<\/a>&nbsp;<\/p>\n<p class=\"rtejustify\">WALLOWITZ, L. (ED.) (2008).&nbsp;<em>Critical Literacy as Resistance. Teaching for Social Justice across the secondary curriculum<\/em>. New York: Peter Lang.&nbsp;<\/p>\n","protected":false},"excerpt":{"rendered":"<p>Bibliographic references AMSLER, S. S. (2015).\u202fThe education of radical democracy. Routledge.&nbsp; ANGUERA, C. &amp;&nbsp;SANTISTEBAN, A. (2016). Images of The Future: Perspectives of Students from Barcelona.&nbsp;Journal of Futures Studies, September, 21(1): 1\u201318.&nbsp; ASMONTI, L. (2013).&nbsp;From Athens to Athens. Europe, crisis, and democracy: Suggestions for a debate. In Demetriou, K. N. (Ed.),&nbsp;Democracy in transition: Political participation in [&hellip;]<\/p>\n","protected":false},"author":20,"featured_media":0,"parent":0,"menu_order":0,"comment_status":"closed","ping_status":"closed","template":"","meta":{"footnotes":""},"class_list":["post-202","page","type-page","status-publish","hentry"],"_links":{"self":[{"href":"https:\/\/webs.uab.cat\/gredics\/wp-json\/wp\/v2\/pages\/202","targetHints":{"allow":["GET"]}}],"collection":[{"href":"https:\/\/webs.uab.cat\/gredics\/wp-json\/wp\/v2\/pages"}],"about":[{"href":"https:\/\/webs.uab.cat\/gredics\/wp-json\/wp\/v2\/types\/page"}],"author":[{"embeddable":true,"href":"https:\/\/webs.uab.cat\/gredics\/wp-json\/wp\/v2\/users\/20"}],"replies":[{"embeddable":true,"href":"https:\/\/webs.uab.cat\/gredics\/wp-json\/wp\/v2\/comments?post=202"}],"version-history":[{"count":0,"href":"https:\/\/webs.uab.cat\/gredics\/wp-json\/wp\/v2\/pages\/202\/revisions"}],"wp:attachment":[{"href":"https:\/\/webs.uab.cat\/gredics\/wp-json\/wp\/v2\/media?parent=202"}],"curies":[{"name":"wp","href":"https:\/\/api.w.org\/{rel}","templated":true}]}}