{"id":203,"date":"2020-12-01T18:22:29","date_gmt":"2020-12-01T18:22:29","guid":{"rendered":"https:\/\/webs.uab.cat\/gredics\/team-members\/"},"modified":"2020-12-01T18:22:29","modified_gmt":"2020-12-01T18:22:29","slug":"team-members","status":"publish","type":"page","link":"https:\/\/webs.uab.cat\/gredics\/team-members\/","title":{"rendered":"TEAM MEMBERS"},"content":{"rendered":"<p class=\"rtecenter\">&nbsp;<\/p>\n<p class=\"rtecenter\"><strong><span style=\"color:#0000FF\">Team Members&nbsp;<\/span><\/strong><\/p>\n<table border=\"1\" cellpadding=\"1\" cellspacing=\"1\" style=\"width:624px\">\n<tbody>\n<tr>\n<td class=\"rtecenter\" style=\"width:167px\"><img loading=\"lazy\" decoding=\"async\" alt=\"\" height=\"145\" src=\"https:\/\/i.imgur.com\/I5OvvYW.png\" width=\"145\" \/><\/td>\n<td class=\"rtecenter\" style=\"width:188px\">\n<p>&nbsp;<\/p>\n<p><a href=\"https:\/\/www.eselx.ipl.pt\/eselx\/estrutura\/organizacao-cientifico-pedagogica\/docentes\/alfredo-gomes-dias\">Alfredo Gomes Dias<\/a><\/p>\n<\/td>\n<td class=\"rtecenter\" style=\"width:251px\">\n<p>&nbsp;<\/p>\n<p>Profesor asociado de la Escuela Superior de Educaci\u00f3n de Lisboa&nbsp;<\/p>\n<\/td>\n<\/tr>\n<tr>\n<td style=\"width:167px\">\n<p><img loading=\"lazy\" decoding=\"async\" alt=\"\" height=\"151\" src=\"https:\/\/i.imgur.com\/xpEwTDr.jpg\" width=\"151\" \/><\/p>\n<\/td>\n<td class=\"rtecenter\" style=\"width:188px\">\n<p>&nbsp;<\/p>\n<p><a href=\"https:\/\/grupsderecerca.uab.cat\/gredics\/node\/145\">Antoni Santisteban Fern\u00e1ndez&nbsp;<\/a><\/p>\n<\/td>\n<td class=\"rtecenter\" style=\"width:251px\">\n<p>&nbsp;<\/p>\n<p>Profesor titular de la Univesidad Aut\u00f3noma de Barcelona&nbsp;<\/p>\n<\/td>\n<\/tr>\n<tr>\n<td class=\"rtecenter\" style=\"width:167px\"><img loading=\"lazy\" decoding=\"async\" alt=\"\" height=\"145\" src=\"https:\/\/i.imgur.com\/MT3TWZ3.jpg\" width=\"145\" \/><\/td>\n<td style=\"width:188px\">\n<p class=\"rtecenter\">&nbsp;<\/p>\n<p class=\"rtecenter\"><a href=\"https:\/\/www2.mmu.ac.uk\/cyes\/staff\/profile\/index.php?profile_id=1296\">Edda Sant Obiols&nbsp;<\/a><\/p>\n<\/td>\n<td style=\"width:251px\">\n<p class=\"rtecenter\">&nbsp;<\/p>\n<p class=\"rtecenter\">Senior Lecturer de Manchester Metropolitan University<\/p>\n<\/td>\n<\/tr>\n<tr>\n<td class=\"rtecenter\" style=\"width:167px\"><img loading=\"lazy\" decoding=\"async\" alt=\"\" height=\"149\" src=\"https:\/\/i.imgur.com\/mzcRDuX.jpg\" width=\"149\" \/><\/td>\n<td style=\"width:188px\">\n<p class=\"rtecenter\">&nbsp;<\/p>\n<p class=\"rtecenter\"><a href=\"https:\/\/grupsderecerca.uab.cat\/gredics\/node\/151\">Gustavo Gonz\u00e1lez Valencia&nbsp;<\/a><\/p>\n<\/td>\n<td style=\"width:251px\">\n<p class=\"rtecenter\">&nbsp;<\/p>\n<p class=\"rtecenter\">Profesor lector de la Universidad Aut\u00f3noma de Barcelona<\/p>\n<\/td>\n<\/tr>\n<tr>\n<td class=\"rtecenter\" style=\"width:167px\"><img loading=\"lazy\" decoding=\"async\" alt=\"\" height=\"140\" src=\"https:\/\/i.imgur.com\/tP8dTjk.png\" width=\"140\" \/><\/td>\n<td class=\"rtecenter\" style=\"width:188px\">\n<p>&nbsp;<\/p>\n<p><a href=\"https:\/\/www.mmu.ac.uk\/stepd\/staff\/profile\/index.php?id=2187\">Jonas Thiel&nbsp;<\/a><\/p>\n<\/td>\n<td class=\"rtecenter\" style=\"width:251px\">\n<p>&nbsp;<\/p>\n<p>Senior Lecturer (primary) de Manchester Metropolitan University&nbsp;<\/p>\n<\/td>\n<\/tr>\n<tr>\n<td class=\"rtecenter\" style=\"width:167px\"><img loading=\"lazy\" decoding=\"async\" alt=\"\" height=\"138\" src=\"https:\/\/i.imgur.com\/4kGatlr.jpg\" width=\"138\" \/><\/td>\n<td class=\"rtecenter\" style=\"width:188px\">\n<p>&nbsp;<\/p>\n<p>&nbsp;<\/p>\n<p><a href=\"https:\/\/grupsderecerca.uab.cat\/gredics\/node\/148\">Jordi Castellv\u00ed Mata<\/a><\/p>\n<\/td>\n<td class=\"rtecenter\" style=\"width:251px\">\n<p>&nbsp;<\/p>\n<p>&nbsp;Profesor de la Universitad Internacional de la Rioja<\/p>\n<\/td>\n<\/tr>\n<tr>\n<td class=\"rtecenter\" style=\"width:167px\"><img loading=\"lazy\" decoding=\"async\" alt=\"\" height=\"139\" src=\"https:\/\/i.imgur.com\/XhMmItd.png\" width=\"139\" \/><\/td>\n<td style=\"width:188px\">\n<p class=\"rtecenter\">&nbsp;<\/p>\n<p class=\"rtecenter\">&nbsp;<\/p>\n<p class=\"rtecenter\"><a href=\"https:\/\/www.eselx.ipl.pt\/eselx\/estrutura\/organizacao-cientifico-pedagogica\/docentes\/maria-joao-hortas\">Maria Joao Hortas<\/a><\/p>\n<\/td>\n<td style=\"width:251px\">\n<p class=\"rtecenter\">&nbsp;<\/p>\n<p class=\"rtecenter\">Profesora adjunta de la Universidad de Lisboa&nbsp;<\/p>\n<\/td>\n<\/tr>\n<tr>\n<td class=\"rtecenter\" style=\"width:167px\"><img loading=\"lazy\" decoding=\"async\" alt=\"\" height=\"148\" src=\"https:\/\/i.imgur.com\/KJKfGZp.png\" width=\"148\" \/><\/td>\n<td class=\"rtecenter\" style=\"width:188px\">\n<p>&nbsp;<\/p>\n<p>&nbsp;<\/p>\n<p><a href=\"https:\/\/grupsderecerca.uab.cat\/gredics\/node\/154\">Mariona Massip Sabater<\/a><\/p>\n<p>&nbsp;<\/p>\n<\/td>\n<td class=\"rtecenter\" style=\"width:251px\">\n<p>&nbsp;<\/p>\n<p>Profesora agregada de la Universidad Aut\u00f3noma de Barcelona&nbsp;<\/p>\n<\/td>\n<\/tr>\n<tr>\n<td style=\"width:167px\"><img loading=\"lazy\" decoding=\"async\" alt=\"\" height=\"138\" src=\"https:\/\/i.imgur.com\/Qmn0FWv.png\" width=\"138\" \/><\/td>\n<td style=\"width:188px\">\n<p class=\"rtecenter\">&nbsp;<\/p>\n<p class=\"rtecenter\">&nbsp;<\/p>\n<p class=\"rtecenter\"><a href=\"https:\/\/grupsderecerca.uab.cat\/gredics\/node\/146\">Neus Gonz\u00e1lez-Monfort<\/a><\/p>\n<\/td>\n<td class=\"rtecenter\" style=\"width:251px\">\n<p>&nbsp;<\/p>\n<p>Profesora agregada de la Universidad Aut\u00f3noma de Barcelona<\/p>\n<\/td>\n<\/tr>\n<\/tbody>\n<\/table>\n","protected":false},"excerpt":{"rendered":"<p>&nbsp; Team Members&nbsp; &nbsp; Alfredo Gomes Dias &nbsp; Profesor asociado de la Escuela Superior de Educaci\u00f3n de Lisboa&nbsp; &nbsp; Antoni Santisteban Fern\u00e1ndez&nbsp; &nbsp; Profesor titular de la Univesidad Aut\u00f3noma de Barcelona&nbsp; &nbsp; Edda Sant Obiols&nbsp; &nbsp; Senior Lecturer de Manchester Metropolitan University &nbsp; Gustavo Gonz\u00e1lez Valencia&nbsp; &nbsp; Profesor lector de la Universidad Aut\u00f3noma de Barcelona [&hellip;]<\/p>\n","protected":false},"author":20,"featured_media":0,"parent":0,"menu_order":0,"comment_status":"closed","ping_status":"closed","template":"","meta":{"footnotes":""},"class_list":["post-203","page","type-page","status-publish","hentry"],"_links":{"self":[{"href":"https:\/\/webs.uab.cat\/gredics\/wp-json\/wp\/v2\/pages\/203","targetHints":{"allow":["GET"]}}],"collection":[{"href":"https:\/\/webs.uab.cat\/gredics\/wp-json\/wp\/v2\/pages"}],"about":[{"href":"https:\/\/webs.uab.cat\/gredics\/wp-json\/wp\/v2\/types\/page"}],"author":[{"embeddable":true,"href":"https:\/\/webs.uab.cat\/gredics\/wp-json\/wp\/v2\/users\/20"}],"replies":[{"embeddable":true,"href":"https:\/\/webs.uab.cat\/gredics\/wp-json\/wp\/v2\/comments?post=203"}],"version-history":[{"count":0,"href":"https:\/\/webs.uab.cat\/gredics\/wp-json\/wp\/v2\/pages\/203\/revisions"}],"wp:attachment":[{"href":"https:\/\/webs.uab.cat\/gredics\/wp-json\/wp\/v2\/media?parent=203"}],"curies":[{"name":"wp","href":"https:\/\/api.w.org\/{rel}","templated":true}]}}