{"id":205,"date":"2020-12-09T10:50:21","date_gmt":"2020-12-09T10:50:21","guid":{"rendered":"https:\/\/webs.uab.cat\/gredics\/que-investigamos-3\/"},"modified":"2020-12-09T10:50:21","modified_gmt":"2020-12-09T10:50:21","slug":"que-investigamos-3","status":"publish","type":"page","link":"https:\/\/webs.uab.cat\/gredics\/que-investigamos-3\/","title":{"rendered":"\u00bfQu\u00e9 investigamos?"},"content":{"rendered":"<p class=\"rtecenter\"><span style=\"color:#0000FF\"><strong>\u00bfQu\u00e9 investigamos? &#8211;&nbsp;Introducci\u00f3n&nbsp;<\/strong><\/span><\/p>\n<p class=\"rtejustify\">El periodo de formaci\u00f3n en la universidad es el momento previo a la salida de los j\u00f3venes al mercado de trabajo. Tiene una duraci\u00f3n de alrededor de 4 a\u00f1os en el que los j\u00f3venes obtienen una formaci\u00f3n homologada que permite cierta unidad formativa entre los graduados de una misma titulaci\u00f3n de la Uni\u00f3n Europea (a partir de los cr\u00e9ditos ECTS). Es tambi\u00e9n un periodo en el que los estudiantes absorben una cantidad de informaci\u00f3n y obtienen una formaci\u00f3n que coloca los cimientos de lo que luego ser\u00e1 su vida profesional. Hasta el momento las universidades en Espa\u00f1a no se han ocupado de ofrecer formaci\u00f3n financiera en la universidad, sin embargo, si la ofrecen algunas universidades en otros pa\u00edses.&nbsp;En los \u00faltimos a\u00f1os, algunas de estas universidades han realizado estudios con objeto de medir los resultados de sus programas de educaci\u00f3n financiera.<\/p>\n<p class=\"rtejustify\">Las universidades espa\u00f1olas tienen cierto retraso respecto a universidades de otros pa\u00edses con relaci\u00f3n a desarrollar programas y actividades que ofrezcan capacitaci\u00f3n financiera a los estudiantes. Con anterioridad a la realizaci\u00f3n de estas actividades es necesario estimular los estudios que permitan conocer cu\u00e1l es la mejor manera de abordar la educaci\u00f3n financiera en la universidad. <strong>En este sentido nuestra propuesta pretende&nbsp;identificar el nivel de conocimientos financieros de los estudiantes universitarios de primer a\u00f1o y la percepci\u00f3n que sobre la necesidad de planificaci\u00f3n financiera a lo largo de la vida tienen dichos estudiantes. <\/strong><\/p>\n<p style=\"text-align:center\"><img loading=\"lazy\" decoding=\"async\" alt=\"\" height=\"232\" src=\"https:\/\/www.iivvo.com\/backend\/web\/images\/blog\/articulo_160\/1.jpg\" width=\"372\" \/><\/p>\n<p class=\"rtejustify\">Nuestra propuesta de investigaci\u00f3n se ha centrado en la <strong><em>planificaci\u00f3n<\/em><\/strong>, que definimos como la clave de b\u00f3veda para la salud financiera. En nuestro estudio, que se basar\u00e1 en el dise\u00f1o de un indicador desarrollado a trav\u00e9s de una encuesta, tambi\u00e9n tenemos inter\u00e9s en identificar cu\u00e1les son los aspectos (subjetivos y objetivos) que inciden a la hora de enfrentarse a la mejora de la competencia financiera.<\/p>\n","protected":false},"excerpt":{"rendered":"<p>\u00bfQu\u00e9 investigamos? &#8211;&nbsp;Introducci\u00f3n&nbsp; El periodo de formaci\u00f3n en la universidad es el momento previo a la salida de los j\u00f3venes al mercado de trabajo. Tiene una duraci\u00f3n de alrededor de 4 a\u00f1os en el que los j\u00f3venes obtienen una formaci\u00f3n homologada que permite cierta unidad formativa entre los graduados de una misma titulaci\u00f3n de la [&hellip;]<\/p>\n","protected":false},"author":20,"featured_media":0,"parent":0,"menu_order":0,"comment_status":"closed","ping_status":"closed","template":"","meta":{"footnotes":""},"class_list":["post-205","page","type-page","status-publish","hentry"],"_links":{"self":[{"href":"https:\/\/webs.uab.cat\/gredics\/wp-json\/wp\/v2\/pages\/205","targetHints":{"allow":["GET"]}}],"collection":[{"href":"https:\/\/webs.uab.cat\/gredics\/wp-json\/wp\/v2\/pages"}],"about":[{"href":"https:\/\/webs.uab.cat\/gredics\/wp-json\/wp\/v2\/types\/page"}],"author":[{"embeddable":true,"href":"https:\/\/webs.uab.cat\/gredics\/wp-json\/wp\/v2\/users\/20"}],"replies":[{"embeddable":true,"href":"https:\/\/webs.uab.cat\/gredics\/wp-json\/wp\/v2\/comments?post=205"}],"version-history":[{"count":0,"href":"https:\/\/webs.uab.cat\/gredics\/wp-json\/wp\/v2\/pages\/205\/revisions"}],"wp:attachment":[{"href":"https:\/\/webs.uab.cat\/gredics\/wp-json\/wp\/v2\/media?parent=205"}],"curies":[{"name":"wp","href":"https:\/\/api.w.org\/{rel}","templated":true}]}}