{"id":207,"date":"2020-12-09T11:11:25","date_gmt":"2020-12-09T11:11:25","guid":{"rendered":"https:\/\/webs.uab.cat\/gredics\/hipotesis-y-objetivos\/"},"modified":"2020-12-09T11:11:25","modified_gmt":"2020-12-09T11:11:25","slug":"hipotesis-y-objetivos","status":"publish","type":"page","link":"https:\/\/webs.uab.cat\/gredics\/hipotesis-y-objetivos\/","title":{"rendered":"Hip\u00f3tesis y objetivos"},"content":{"rendered":"<p class=\"rtecenter\"><span style=\"color:#0000FF\"><strong>Objetivo de la investigaci\u00f3n&nbsp;<\/strong><\/span><\/p>\n<p>El objeto de la investigaci\u00f3n es doble:<\/p>\n<p class=\"rtejustify\"><strong>a) Evaluar el grado de desarrollo de la competencia financiera y b) la percepci\u00f3n de la necesidad de <em>planificaci\u00f3n financiera<\/em> <\/strong>que tienen los estudiantes universitarios de primer a\u00f1o de carrera, que coincide con una etapa temprana en el ciclo de vida.<\/p>\n<p style=\"text-align:center\"><img loading=\"lazy\" decoding=\"async\" alt=\"\" height=\"156\" src=\"data:image\/jpeg;base64,\/9j\/4AAQSkZJRgABAQAAAQABAAD\/2wCEAAkGBxMTEhUTExIVFRUXFxcWGBYYGBcXGhgYFRUXFxUYFxoaHSgiGB0lGxcVIjElJykrLi4uGB8zODMtNygtLisBCgoKDg0OGhAQGi0iHyUtLS0rLSsrLSstLS0tLSstLS0rLS0tKy0tLS0uLS0tLS0tLS0tKy0tKy0tLS0tLS0tLf\/AABEIAJoBSAMBIgACEQEDEQH\/xAAcAAABBAMBAAAAAAAAAAAAAAAEAAMFBgECBwj\/xABPEAACAQIDAwgECgYHCAEFAAABAgMAEQQSIQUxQQYTIlFhcYGRMlKh0QcUI0JicrHB4fAzU4KSorIWY3ODwtLxFSRDVGSTs+LTRISUo8P\/xAAaAQEAAwEBAQAAAAAAAAAAAAAAAQIDBAUG\/8QAMhEAAgECBQEGBQIHAAAAAAAAAAECAxEEEiExQRMFUWFxscEigZGh8BQyBkNSktHh8f\/aAAwDAQACEQMRAD8A7jSpVigM0qxSoBVXduTqcXDHI6pHHG+JYsQoLqypFe+lgWdu9V6qsdV3lPhWSSLGImcxK8bjLmIjksTIq8WRlVrDUrmA10oEatI8v6JSw\/WyXSMdoBs0nhYH1hW2zmwyOUMvOzSdFpOvTRFI6KL1KOO+5NzVcVj5JdXkLjv6PgBpQx7CQd9xvBG4ivUjgLxvKX0O1Ye61ZCcssBzGIIANmGlyTqNDcnU8D41XmuNd\/54Vb+WWNM0EczhA+dk6BuDlXpk6dHTIba7xrrVLLZu77a+frQcJuLPewlRzpK\/Gj+RdOSu3jzK4cMBZnK6DMdzHXfpm07Klib76pnJ2xkZdxK9E8QVIOn54UTidtStoCFH0ffXPVjJ2d9D4ft7DSjim09Hr5d5cF240ChAV1Ol94v2dV6jzI1iLmxZntfTM7FnNt2rEnxqlGY5wd53anfcW1PjRR29MqiMhc69Fn33I4geVe92TVWTLLdc+BxQ6kqaV9tDpXJLauR+Zc9Bz0T1OeHj9vfVqn2erWuz6MD6b8D9bquPGuC4bHvzscjMWKOr6\/RYHQcN1d4GOc+jh5LdZaIf4yfZVsZFZ8y5PRwzeXK+DaPZkYJNmNzfV3PADS57K3GzYrlubW5ABJAO69t\/eab+MT\/qF8ZfcpoTE7dETIsyBS7Koyur2LsFUsujBbkC9rC9cZ0hG1MTFho+dKbiqqFUXzSMEAHULkXPUKj022WJBmhjAtbLea9xwYEAW3ar+JPKrTD5\/wBXJBJ4Rzxs38INSrIDvAPhQESZ4x6WP8M0C\/4b+2tDND83ETv9Qu\/8ikUVtGeSMrzUAkuGvYhbEWyjUWsbnW+luO6h2x84GZ4lCi5Nm6QUFulbuAa3bbfS4Klypx6RyAyyMgKjKZiik2J9G2\/x1qsYjlfhF3SFvqqx9psKL+EDB\/H5Iyj5FQMOktyc1twB7Kr0HImIelI7d1lH31V9lVak3K33R4lenTnVcrm2I5exj0IXb6zBfsvUdLy5mY2WONfNj9o+yp6DkxhV\/wCFm+sWb2XtUhBgo09CNF7lAreHYr5a+7\/wUVOkuCiYnlJiyReVluQQAqrx7tRVwwWIEiK44jXv4+2o7lrs\/PEJQOlGbn6h9Ly0PnQvJbFb4zx1Hfx9n2V5+Mwv6eeXg+2\/hhwVOVkld+n\/AEsNYNbViuQ+rNauPwfS2Eo4ZkPiQQfYBVPNW\/kamWLNxdi3huX2C\/jW+HXx3PK7ZqRWGyvdtW9Sf2LGxw0SrIUKKY91x8mxTs9Xrp\/EJNGpc4jojf8AJA\/Zc1rhsLlFkd0BLNYZSLuxZvSB4kmick\/CWMjqaM381f7q7z5E1wOKN8skiktYoACpsVJ1uN5ysbb9DTOw0+SaL9VJJGB1KHJjH\/bZKUuHlLrI0MbMpBBWVxqAwBylLXs7ceNNYWDECSYqqRiV1fMxzlSI0jNlXffINSR3GgDXYRdJ2CjdcneeodZ7BTeBRmnebIVRo0QZtGbIznNl+aLPxsewURhcAqnMSXk4u2rdoHBR2KAKLqW7gVKlSqAKlSpUAqxWaxQCpUqwGB3EUBtSpUqA578IKGBllRRZ9D1BgNNB1geyue4vHSSGxc26tw8hXZeWGCGIwsqKQXUZhrezDUX6t1cQQ9e+vVwtVyp2vsdtKby2fBYeTJEkc+GK3LKXU6dHQK+83sfk91\/RqsMnXoRpUxsDGiLERufRzZW+q4yN7DfwpvlNhTFiZFtoTm89\/wDEGrzO0adp5u89DATtNx79SPwbgSLnGlwD1EHQ+w1I7TiyyMo0F7juOvvqKNS+0XzrHJ6y2PePxvXnPWLOD+IKN6can5+bkZIuulLHfpCfWCt5ix+ynDQ+LlGZBxAIPncffXV2dLLUsfOUNpI2QV1zA7bvEhMuIc81GxC8zbpKugsubie3Tuvx3nrV1XkJii+FjHq5l8mNvZavRxyeRNd524W2ZpljwapI2V45+OrvIVNusBso0twrXbnMjDSpEEUrJCrBQBZjJEy3txsynxomeEtE6iQxllIDjepI0Yd1RuNjSRmWF+cMs2GZwouqCB0LlnGguqAWOtcMbnU7cE9tnC87h5o\/XjdfEqQKxsrF87BFL68aP+8oNGA1D7Ogmw8axCMSolwpVgrZbkqCrWGgsPS4VLKh0rmo3azHmZfqP\/KaKbFv\/wAtN5w\/\/LQO0WkeN1GHYZlZbu8YGoI+YzH2VmoO9zXMrHONl4wN8mT0hu7R7xR9qqOKR45SjaOh1twI3W+2pnBbZB0l0PrAfzD7xX0tOppqeHWp2d0SlqxWyEMLqQR1g3FK1amA3IgIIOoIII7Dvrn8qNh5ivFG0PWN6+YrodqrHLLA6LMoFx0WPYfRPnp4153adDqUsy3Xoez2LiujiMr2l68Erh5g6qw3EXraRwBcm1VjZ2OdUyg6XJ3de+tpJyd5Jr5jIffvExS0Jc4jnGCjdfz\/AAro+yksoHUBVA5K7MaRg5uFUgg6dIjhqN1dKwcVdtGGVHy\/aeIdWpa+xKYejY6EhWt8ZiCijKAXYhEB3Fjff2AAsexTWx5oRPiVS2Y2vuG8n6oGp8Ka+MufRiPe5C+wXPmBUfOzw6rHzrEXeVnVN3DXUL2AWFRCcp5Hiw8ghCnEy82mZrqFKuySMQL2YJoLa5l3Vm6li6hctHOS+rH++3+Slz8g3x3+owP82WqviNs4jO0IjAlQozWu4aB8w5yIErchlsVOo136Xah5Qyq8YmHN2HygAuWaWXmsMoGpXPZmte40BNU63gW6Zb4sYhOW+VvVYFSe4Hf4XoiouHaEMsRZiMoYowcWIdTYqVOoa\/DutTWGxxWQoA7Ja4DAmQHgLatlOur2I6zfTZO6M2rEzSprDYhXXMvaCDoQRoQRwINKpIHawTWahMXMJyy3PxdDlcj\/AIz3tzS9ag6NbeejwagFLP8AGNbkYe9hb0sQepf6v+b6vpPjZMZGuHg7sguP2gKKghN872BtYLwQdQ7es\/dWmIlTMQFDt27h1XPDuGtAR+PwnNoWVGWw+ZNIABxOXQeyoKTaErDK0rEeA87WvVpjNgQdb3uOAuLWA4D3mqFtvHcxI0eUkjUE6Cx3Htrg7QjVSTT0PT7O6bbTWpJbPxxhe4AIbosCcosToSbG1vsJrn\/KLBGHEOhvvzXNhfNqbW0te4000ovGbSkfQtYdS6D8af5UMZsNBiAFBT5FrbyQB0iO06+PbXR2PVcZdNm2MhaamudH7FaJqc5SvzsOHxHErkc\/SXom\/ipP7dVvnvOjFxbGFor6A5wPLN9i162Np5qXkY055KkZeIEWooYz5IJwD\/b+JNALdjZQSeoC58hU\/sXk5I5POjIpG6\/Svw04V4cIts7e01CdBxb14IppK1OEaQXVWLLqLI7XvoR0VNXPB8m4kOq5z1tr5DdU5hsPatqNOUJKR8pRwzi7tlB2ZsAHWQTsfVWJ0Hm4H3Ve+TuCWNCqYXEgXvrMFBJAubCfs6qkI8PUlgltXVOpKe7OmMVHYbiwZ3jBwX65JLnz5tvtqSjOJta2HT\/uP9yU7GafU1QsMLDiTvniH1YTf+KU\/ZWfiEh34qX9lYR9sZPtol5lXVmCjdckDXq1raDEK98rK1jY2INiOBtxoAU7KB9Kadv71l\/ky0NiNixEG4dvrySv\/MxqYvWjigOb8quSKsufDoqON6gWDjt+l21QTdSVYFWGhBFiO8V3jEQ1W9ucm4p9WWzcHXRh48R311UcQ4aPYxqUs2qOWpIVN1YqesEg+ynv9tTr84N9ZQfbvqY2hyOnT9GVkH7re4+dQmI2bOvpQyD9kn2iu2NaL2ZyypPlCflNPb0Yv3W\/zVodqzYgGLodMEWC9l+NzQz4Z\/1b\/ut7qm+Rux5OezNGwCqdWUjU2HHsvSrV+B68ClTtNNLkr2AwMz9FY2PhYDxOlWvY\/JIkhpjf6A3eJ41YNq7NZUlk+MCJAqnMR+jyk520FyCpB1vYqN4uKs2EwOgrw1SSPeqY+pJWWnkDbNwIUCwsBuFTMEVbxQWopI61OEUa0xtAWeBjuElj2Z43RT+8Qv7VGqtKaFXUqwuCLH88KAax+EEsbxkkB0ZCRvAZSCR261GzbHjMC4dxmRFRQdxBjAyOCvosCoIItY0Ys8kYyspktukBUAgfrLkZSOJGh3jqA\/x129GxH9WhceEjFUPlWcoX2LRlYZwWx1WQy5neQqEzO1yEBzZRYADU33XPGizsuECUuikPZpM2oORQBe+4AKN3fvpvPJ1y+Jw4+401jHlaN0u1mVluVR7ZgRpzbg8eqkaVtyzk2B4OBQVAtEXHOE6AxJJfIq3\/AOK9jdtT0W6loxcfCtkidBfWwIN78SeJO+576xHIhd8wzhhGQALMpjHqGz6HUWB305DgIGBICFBqb7hZbag+jZQBbSwFbRsjlrKTVkb4Zis4\/rY2ZvrRFFB7yr2P1FrNbYBeck54CyKvNxcLgkF3t1EqgHYt9xFKqs0irKzG8fijIWiRiiL+mlGhX+rjPrnS5+aD1kUTgsMAFOUIqi0aDci2tu9Yjy3dd9MBhVsuUWiX0F9Y3uZGvvJJJF+sk6kWkKFgTEzW1P8AqeAA4mg2wpcgsoG4gWGbTdc8O4efCpSSFW0ZQeOovTXxRQylbLYm4Gma4IsezW\/gKupWA0MOaqPwh7N+TSYb1OVvqncfA\/zVfKh9uQc4hitcuCLdQ4sewXHjYVnWXUg4s0o1OnNSOMyNTBj5zo95UdTdY8vZUlh9hzSSvHawR2UvvBymxK2366d4b1TVi2bycSJg1izDifuG4VwYelUjNS2sericTScHFO78Dn0GyppTZYzod50APefuqz7D5M5HDyNmO7KN2vXfU+yrnJgdb2qucmoL47aXZJhwPCAV7E8RKaseXKq3oHwbJSPREVR2C1GRYepTmKyIK5il76sE+L04kFHLFScKtixAuQBcgak2A7ydKFSu7f2nLh4pJFjjIRS2rMdw9VV186oi\/CViuD4Ve+KT75BXXMVs1XGtc721yWaQvbZ5JDWDhlW6846k62ucio4tcfKAHcaiz7yyaFFy8xQw4lM2HZ2kKhcmgUDfYPe9wePEUJhfhhxA9PDQt9VmXq678L0tofBz0AiG1iSCRc630NVPHcjJ45khBUl0dwdRpGUBH8YqEpBuJ0Wf4REmVRNgmPHoyjeylWG4aEMw8aK2P8IeFjBBwk0RYknIEdbZmK\/PuNDuta5NcsxGwMZHc6kDiG\/zVEx7VfNlElz1WB+zf4U+IJxZ6Dh+EvAHe8qfWhk+0Aij4uXOz2\/+shH1myfzWrzt\/tSVd4XxBFbDbR4op7iKZmTZHpeHa+Hk9CeF\/qyIfsNOPHfdrXmU7Sib0ovYDROF2jHcBGkjJIAys6ak2+aanOMp6HeG9CywDjYfm9cz+EPG4TnohhpQnQLO0TshZmbexUi56PtojZHLfDrDFFPhPjBjDASmUO5zhlY9MAi6sw9I6VRVk4qSRGVl5CoRdSCOsEEeYqFm5QLDiJIXBfoRtEkSl3JbMHUgbtym5to1LA8t9mAEczPFc5j0c2ptc9Bm6qzsrE7GE74lMUySyXzc4ZEBzZdLSKAAMq2qevHlP6GbhM3aDGYtSjBMJC4KsDaWZlYWII9BNO81P8kpS2GjDEl0BicnfniYo1\/FaWG2lA0jLGyugTOsiywsHbW8aqGzZhYakAa7602PKI3W8eIHxxzKqGInmGEah1lZSVTMVuO0mp69PvKqE+SxxrTqrUZsvbkEzNHHKpkTR479Je8b7do0qVFXTuaGQK2rFZoBnF4VZFyuLi4PcQbgjtBoPEYea1gwkHb0W8wMreS0zyoxzQxIysVBlijZwFJRZXCZrMCNGZa1fZf6zFYl\/wBtY\/8AxKtM1tQpZdSLn2dNmYl5UHAZWe2h16BPE92g0307BgyhPTmK+qY5T1W1K36\/OjE2RhjvV2+vLM\/8zmmNj\/IYyXDXPNyouIhBYnLlyxzot9wB5trf1hq6rtmqxMnsPxQMdOaZx9MBV\/i6Q8ForDbLG+XK5vcDU5QNyljrIL69KpOlUSk5O7KSm5O7FSpUqqVICPbi7jKUPESx6DvdDkHnW+O5QrDEZmyyR3AvCWlYk6ABVX76mJYVb0lB7wDUdiNgQMc2TK3rCxPhmvbwtQBQxw+dHIv7Bb+S9qymPiJtzi36ibHyOtRw2RKn6Odx2ZmP\/k5weQFYeLFgWLK4+lGj\/Y8f2UBMSyWFwLngBxPAVBbTxDg8xGb4iQAuw\/4aa7jw4hfFjfccZ5lsqKiFjYlIHBGhNxmOS9wBckgX1vUjsjZgiBJ1djdmJubnrJ3nrPHqAAAAGh2UsSBVA0Aue4WHhYWptsNU26XpgwUJuRvMad1VLknHfGbUP\/UxjygWr6yVReR5\/wB42of+tI8okqUirlYtKR6UHteCcoPi7KrXNy1t2RrWuCPTyX03BuNqam2rkxMMGS\/OpM+a9svM83pa2t+c6xa3GpNJaZSqqIA2IJGabPKjhXyAKQchW5IPQWxsy6XNgBvNyWuWGHHMIT83E4Vv3cTEaZ5KzgSY4f8AWP7YYT99OcsJP92c9TRN+7Mh+6iiJVEmTxcCojbGIyz4OxIDSyIwvobwSMLjjqtEuxqF5QPY4ZjplxKa\/WjkT\/FV8ph19SfmseFUXlBj1bGQR4ZVkmTnENyRGpkS+VmHHoXsOqiptozY1jDhGKQg5ZcSOPWkPWfpfkn4jZMWGjwqxLlVMVF3kyBoizHiTnqLBSbepEtyFM5z4ydpuIhX5OFT9Uav3saCbkXA+KnheCMxmKB1GUDLrLG2W3o+iu6uqRYaofFRBdow9UmGmXxjkiZfY7Uui6g2c3xXIKeHXCzBl\/U4gZ17lkHSX21W8LHDFLPHj8OYG5wMGy54gHRbKZANLkEi\/XXf5MJVdODAx0iEAiXDxtY6gmKR1bTjo6U0I+JHNsbyOw7R87GboFLfJlSHAF7A7uFvGq5tHY0UCwSRl5JZCjwx3BZ9zC+mi7rmuvYrkRGCXwrthXO\/IAY2+vGeifC1R3ITkjGimZ+nMC+Hub2jSB2jCIL6Do38ahpEqUt7nNeVGyJHmjIhEZkGTKGLAOqs51I10B8qhMdsWWIZmRrDeQCbd9tRXdOV2xAIo5hYczPDIfq5wkn8DtUjJsBeoVXJFaIup1Dzdg2ZyREWawubX0FF\/Lrxcd4vXY8DyXSLHTqIgElijlBC6ZlZ0kGn7B8TUrLybQ709lRlRqpM4L8bc7yjd6\/hUnsra+KV0SJnF2VQscjpe5AsArV0Lk9yYQwmN4+lDJJCbjeI3IQ+KFD41na3I0CKR4FCyqjNGRocyi41HXa3jVXC5bMUXaeHmk2oSDzcpmRQUJuhGVbAjXQDXuNekNnO2RQzZmAALWtc21NuF6pXJfZSlVnRf0qiS9tTnGbXjfWrvhoSBrpSEcqIk7j8ktvzwpygZmvrw4fSPDwp5J7DUjQangLb6uVBdu4VMRDLhSwDSRMALjMLiyuBv0a2vXUPsrlJh5MPE808SSlQJELrmEi9GQZb39INQvJHZKyyfH16CtJIYQACZIGUIGkc3Z87KJBc6AKBVySJRchQL6mwAv31DVyGk9yDj2zB80TSfUgnYfvBLe2g9rvNM+HkgwkyvDKrZnMSKY26Eym75tUJI6O9Vq10qJJBJLYrG1dtYqDEODErYcKjq4SQkKSVkzMmbVTY2y7mHUSLFhp1kUOjB0YXVlIIIO4gjfQG1NrGOSOJIjLJIrsAHiTRCoY9NgxtmXcDvqJwWExKSO8cOHw+f0l56SRS175+bEaqr9ZB143qQ2luWqlUKMNjjr8aw47Bhn+0z\/dSoSTVYrSWZV1ZgveQPtob\/asPCVW7FOc+S3oAylQR2ivzUlb+7Zfa4Aps7TP6oj60kQ\/lZqAkqVRvx2U7kj8Hdvsj++sGXEcCg\/u3P8zrQEnWpFRaYyUYmOFmRg8UkhKoykZGjUb3bfnPlUqaAadapPI\/D3k2g3XjpfYqD7qu00gUXO64HixAHtNQvJnYskHxnnCvyuJlmWxJsr2yg6b9KJ6lZRuiucp9mPJi8KI5nhcR4gq662ymHQqdCDfXuFCS7ZxmFNsXh+cj\/wCYw+oHbJHvXvGlXPGbHZsTDMGXLGkyEa3JlMViO7IfOi\/iR7KvcxcHtY5rsflDGJMVzCviZJp+cjSMEXXmIlzOx0RbqRr1UTt\/YuIkw00+Ml9BC64eK4jW1j0zvkPsq47H2EYZMS1kCyyh1C8BzSKb6b8ysfGjNr7J5\/Dyw5svOIyZrXy5ha9ri9RcsoO5XxyCwm9Ekj+pNMvsDWqK5T8kUSJSZsS6c9ArRvKWUq8yI2\/UGzHW9dEVbAAnh3UNj8JFMmRzdbq1gbaowdd3aoqLlsniDYTZyxqERQqqLBQLAAdVA8r4bYUv6kkEn\/bxEbH2A1YMw6j5GtZVVgVaPMDvBAIPeDRsRppO44TULtqNvjGCkVSQssiNYE5VkgfU23DMqeYqZBPq+Z91Isfoj2+6oNDPhUbitmM2JhnBACJNGwN7kSc2RbuZBR2f6fkP9aXgx9nuoDJiHE0LgsDFFnyXOd2kOpPSe2a1tw0v50UF6lA7\/wDSkX63A\/PfUixpJEjAqY8ynQggWI7Q1OAngo8\/dWt+1j4EfYKWX6J8T+NQDe7dQ8z7qwSfo+2teb+gv58KzkPqL+fCpA26H6PmfdTRhPUPM+6n8n0E8\/wpcz9BPz+zQDcaEbyo8z7qc0PW32e77aysZG5VH57qTN1t4Lv+81AGpAb9bexfz7aidp4JXsWaUKOjZJZIw28knIRephxp6q9XE\/nzoTGR5lItrbQdQFSQ9tCIh2ThjoYy31pJW\/mY0\/yQkKNicKxJ5mUsmYknmZ\/lI9TrYEun7FCR7XwyGz4mEHqzrfyBvWkeNVtoQSwLI4eN4JiIpAoUHnIXLlQujZ13\/wDEo7FKebkudKtQa2qDQrfLX5NIcYP\/AKWUO\/8AYyfJz37ArZ\/2BU48IOorfFYdZEaNxdXUqw6wwsR5GqVgsUY2hwZ2hOTfmEdMMqgtGjHK0kispbKjbuqidisoqW5dYktSqLPJ5W\/SYjFSd87p7IsgpUZKikrBUWyYl3KB3Ki+0KDRHxZe097MfvqPk2tnA5u4U+i5Fy\/9im9\/rGy8dRTy4wIFSxL2HRvmIF\/SduHf16C9Q2kG0gsYZPUXyFbiw6hQ7TU2ZKzdVGTrJBmem8U9o3PUrHyBplWpYv8ARsOsZf3iB99TGdy0Z3I9DfaDcebwqf8A7Jn\/APjFY2ttLEAWigcDMAXNt1tbKNRrxNNbON9o40+rHhU037pX\/wAdToXqXxY\/61oaEWjuYk5xulziaCx05wWvYb6k\/Bz5j7xQ+PJ6ALAfKL7Dfr7KIzD1mPcPcKqv3Mu\/2r5it2P5n30tPp+2sXHrP5H3VnOPXPkPdVygvB\/M++ll+gfEj3mlmHrMfD3Clp1OfMfeKAyEPBVH57qRc8WUfnvqs7Q5b4KHFDCuenuZyU5uM2JtI5bQ+e8UXHyuwJNhjMKD\/ap+FATWf6Z8APdS\/fPmPdWI5wwDCRCp3EWIPcb60PtHaEcMTyyS2RAWYgA6DqFjc0ATl+ix7z7zWQnUqj891RHJrlBDjYjLFztgxQhhYgix+abbiDv41LZR6hPeR95oDJY8WUfnvrFx6zHuHuFbAHgqj891NzzhFLPIqqoJJ0FgBck3NQDbL9AnvP4mthf6I9vurju1dv43a2IOHwRdIF3m5S639OVhqAbaKPbwB21sXG7HaKdcRnDNbS+UsBco6kkMCAdd+h3UB27P9Pyt+NDY\/Hwwrnml5tb2zO2QXO4XNhffWuxNpDEYeKdLKsiBrb7XGo4bjceFUT4bj\/u2H6QJ5\/hb9VJUg6FBIjqGQZ1OoYMGB7jm1pzm\/oD2VxPk3tSbZMkBlLNhcTGkpAuAM6gsy\/SQkXtvFuy3aYnVlDLmZWAIIJsQRcEa0Bzb4TsFLhJo9o4Y82SQkoBurEDoFl3EEAqe5eNXrk9tJMVhop0jFnW5Fxow0ZfAgion4S8OG2biOi3RCuCTxWRT199RPwMylsE6kMQkzAWNtGRG6+snzoC+83\/Vj2e6t9R6qjz91aZR6r+f\/tWQvUnnb8aAwOzpH1juH57KZdd4v9ZvuH50p9\/pNbsHH7z4U3KNNRZeC9fV\/pQEbh4lQ2VQo4WAGnDdTHKLZbYiICORkkRg6WeRFYjekhQg5GGmmo0I3UZiQQQTvPDq6qehaoBF4F8RhFyvEZ4rk54mkkkS+tmSVizgdasT9EVNx7SiMYk5xVQi4LdDzDWI8aieV7uMFM6AkooksC6lljYM6gowOqhhvrOH2RgwFkTDxHMoYOVDsQRcHM1yajYlK5javK7DJG5hmimlA6MayKbsTYXIJsBvPYDvqN5OYfCPIjSzifGljOXOdOkqGMiJWt8miSFQNfSudTerDBi1GgAA7AB9lRfLO6xR4xBdsJIJiBvMR6GIXt+TZj3qKJplpQcdyzUq0ikDAMDcEAg9YOoNKpKEUMIQGs55xvSksCQOpAdFA4DUcTc3vth8OEFlG\/UkkksetidSe+juarKw1g4yZzOMpA4SnFhp0ug3sB3kVj4yvC57gT9gqypIuqKMrFTWO9EDreMfxqT7Aac588EY+Q+00PiZfRLlEVWzXZwOBGunbffwrRJI1UUiG2A\/++bRYmwEsK30+bh0PH61C8rOUboUjwhSR2uWdrsqAaWsCAWPstuojklaSTHuCro+K6LekrBYIluDuYXBHeDVg5pOzfeyqN\/XoCb1JJG4CSVocO0qIshYZrAgaK9jbhcAG16lyx4so8PxoPFgZouiT0zv\/s36zRYB4Io8fcKrHd\/nBeWy\/OWYz\/TXy\/Gs5j6y+X\/tWel6q+f4VjKfUXz\/AAq5QwX63Xy95qifC3j8RHhkME2RC1pGVwrm\/oKtrGx6RNj83qq+gN6q+f4Vyj4QsQ2O2lBs9W6CMM5HBmGZz+zHu7SagAPIr4Oxi4RiMRJKockoqAZmX12Zwd5v4a8ath+CzAFbBZ7+tzgv37iPZVrxGMgwsQzzJFGigC5VQAosAAd\/hXP9v\/CQ0rfF9mxySSNoJCDfqvGn3tYDqoAfkHBLgtrTYFJOciysSL6CyqyNYaBukFNt9+6pv4Y9omPBCK4vNIq2Hqp02PmFHjRHIDkg2FDz4i8mJlHSJIOQE5ityekxNiT2Dq1qXwmH41tPD4NRYDm0IFvSme7nTqQKaAu\/wb7PEGz4QWszgysNL3k1F+5co8Ks9x1sfP7hWY0IAACgAAAanQbuqkSeLgeHvNSDGUeoT32+81zP4XNvt0MBCOlJlMgU6kE2jj4ekdT2W666LjcWkUbyO5yopZiOpRc7hXBcHsjGbVmnniQE5wzFmy5c18ignfZQB3AUB1jk3g8LsvCrHLiIY3PSlYsgLOd4F9SBuGnCqj8JnLDB4nD8xC7yOJFcPlIQZbg6m19CdwrOxvggc9LFTqPoxanxdh91D\/CbyawuCw0IhjAd5dWJZmKqjX1JOlyu4CoBcfgr12bD0QdZQCbbudfxqu\/DlibJho9N8j2H0Qqj+Y1bvg\/wwj2dhlOa5jDkC+nOEvw+tVB5fj41tiDDKCQvNRkfWYySnX6BHlQFv5Q8mfjGy4obrzsMMZi4HMkYBW99zC48uqoT4IeUpZTgpXYMgLRXt6Hzk1F7qdQOonqrpigjcoHj7hXGPhD2ZJs\/HpjIbKsj84ttwlGsiHsYXPbduqgL58J+KCbNn6Ru+RBcetIt+HUDQPwP4bJgMxLDnJXcWB3CyDh9E1V\/hB5R\/wC0EwcGHIYy2dkG9ZGPNqjancc9\/A11bY+AGHgigVlyxoqbt9hqd\/E3PjUgKzD1n8j\/AJaxp9M\/vD3Vvc+svl\/7VqW63Hs+80BlQfmqB2n8N9aNv06Tewe77azcHiW7vw0rJBt6i+F\/cKADnTQganeT3bh+H5LcDUS4FupR7fw7eNBJoTw93CoAeACCDqCCCOsHQiq\/yPlVMM2HldQ2FkfDksQOglmhJv1xMlT0RpiXYeFeQyvhoXkNru0aMxsLDUjqoSnYjpts4JTb41CT6quHb91Lmt129EylVgxUwIIIGHlCkEWIzSBVPnU9BAqiyqqjqAA+ynahItKpJqzK\/wAh4Zo8IsU0bpzbMkecqWMKn5EtlZrMEsp13rWanqzUlCu\/7Wmb0cFjG7WaCIf+QH2UmfGN6OChH9riWb2LG320TsTCuHklOObEqxIVbRBE1vYZBckDTU0DifieIxoT43IZ4rHmEmdVBQ5iXVdCdRcE0A9zGPtfnMFCOyOSS3iXQeytjsydsufaMgzbhFHCl9L6Zlc7u2mOU74OWWHDYmCSZiQyARysi5iVu7L0QN+\/dT0MFsascahYcPhbKgFlDSvlUDqssJ\/eoBLydgYFpJZ8QBf0ppGF1JBGRCFJBBG6nouT+DTKy4OK5trzalhficwuLedSjscl+ijZeOqq1uO64B7r9lKZrZbuF6QHDpX+aL9dARez5VGIxMGUHKY5QulgskeXd9aJvOhuUXKpMIyxlGd2GbIgBst7ZmJIA1Bt3UfJs8fGWmzFc8SRm2hOR3YdvzzuoaTk7Az85kctuJLE5tfnFzmNAPrilk5hwxs12AsAReNt4G460fp9M\/vUNKpEkSgBQM9hv3Lbs66LN\/WA8PearHd\/nCLy2j5e7NLDqf8Ai99Ky9T\/AMdbX+mPZS19ceQ99XKGpy+q3jf7zXANiRY7FYyabBA84Wdi4KjIsrG2rbtNNNdK73jG6D\/KD0W9XqNcs+A5xmxSkm+WE6X4GQHd30ARgfgrnlYSY7FljxCszt3Z3GngKv2w+T2Hwa5YI0S+9rXdvrOTc1I2Hqse+\/8AirIXqjA8vuoBZh+s8svurjfJyQYnb7yG5CyTMN97RqY0+6uzgt1AeJP3Vx\/afIbaWFxTz4IhszOVZWRWUSEkqwk042uL7uFAdQ2rtPD4dOcnYIvW5GvYoJux7AK5xtj4SJ8Q\/MbNw7An5+TNIe1UGiDta\/hW2y\/g2lmfnto4ok8UV87nsLn0R2KPGug7L2VhcImSFBGvEjNc9rNvY95oCl8q2xcOw8mKfNM7Krm9zlaXMFLDQnKApo34H8Oq7Pz5rGSWRju+acg4X3L7ak+VOL2dNA8E88aq1tQ6ZgVIZSNSbgjqoDYPKPAYSBMPhjLKqX1WOWQsWJZiSEtqSao5xXJvHDVpK6g\/oy56dTH9779K5B8IpbGbVhwaCwXJHbtks8jadSZf3avh5VTN+jwGKbtKLEPN2+6hxjMa784uz4Ve2XO8657dRMSXt2XpnXHoy36Wot7LzlFe5bIoiqhRlCqAALE2AFh1Vy\/kFs2SbaeKxk6smV5AuYZTnZrAC+\/LGLaesKtfN7Ufhg4\/2ZZD\/ERWw2VtM78fGg6kw6faxNM3gyOhHmpFfV+iZYrr9I\/vVGcothxYyB4XRulqr6XRh6LC5\/1FxQQ5OYs+ntSf9lIl\/wANbf0Z9faGMP8AfKv2KKZpdw6VNfzF8k\/dIiuRnwex4KTnpCZpQCFNlVUvoSBcksRpe+6rpl\/qx7PdVf8A6LQ8cXiz\/wDcP91Y\/opD\/wAxjP8A8ial5dwyUf63\/b\/ssNj6i+Y91ZF\/VXz\/AAqu\/wBGVHo43HL\/AHrH7VNNybAxA\/R7TxQ+vGrjx6IvTNLuHSpPaovmn7XLR0uweZ91NnL1lz1b\/wAB41U2h2tF6LYfFD6aGJvttRGzOUmKZxHNs6aI7s62kQfZYdtzUZ1s00S8LK14yjJeD9nZ\/YsMw4t4KNdfvP57aCxIIIJ3nh1e+jjbh0m4nq7zw7hQ2ITQje289gH2CtDmMwmiozQEBo2M1ACBW1aCt6AVKlSoCt8mNpxEGLD4GeCNQWGaIQoxvuFzqxonY20XYO+Jwq4TUWzSxszjiWy7racTXMuTOMkme0sjyDqdi4\/iJrpmC2NhlTMuHhDW3iNAfO1CQAbdIxRL4\/B\/F9csSDNKdNMzBjre50FSEm28O2YBZ2zCxMcGIuRw6app51TdtbQmSTKssii+4OwHkDVj2FhklHyiLJ9dQ320ICcXymjAsYJCD65gj8xJID7Ka\/pNI3oYbN\/eFv8AwpJVggwqJ6CKv1VA+ynaAjNk4ueQMZIlj1Fh0+rX00UnyFHMet7dgsPxprEHpgcLbvGuYfCU5+PKtzZYlZRwVszagcDoNeymwOkTW52PRj0ZOv6HX30WFH6v+X30Mh+Uh\/sn\/wD5UfVY7vz9kXltHy92Na+p9lK30PsrYGsmrFBt1JBGUWIIOtt\/cKqvIvkSNnyTOs2cSWVQRbIikmxN+kdd+m6pPb87rGSrMD2Ej7K4jtjaEskjLJLI4vuZ2YeRNZVavT4PSwHZzxd3mtbwud0x238ND+lxUKdl1v5XJqIPLvCsSIfjGIPVFEx9pAoH4P8AZUBiVjBEWtvKLfztV5VQNALDqGlIynJX2M60KFCbg05NeKS+ln6lRO3sbJ+h2ZIPpTyhP4dayMNtaTe2Fw4+ihkYeLG1XClVsr5bM\/1EV+2nFfJv1bX2Kl\/RbEv+m2jiG7IykI\/gU1vHyCwm+RGlPXLJJJ\/iA9lTOLkIOhPnTuGF9+vfrVulHu9yP1lbiVvK0fSwHhuT+Ei9GGFO6NAfMgmpBQg3E+F\/8OlPqgG4Ad1ZorLYwlOUtZO\/mMgDgnjp9+tb3bqA8Sfureo6SQ5yLm3fVlqVDSDxYDuAH23rS6+sT3E\/4a3ijG+wv3U5UXAxZfUJ7x\/mrYX4JbyH2U7Wsp0NAYu3UPM+6l0vo+2ot5mv6R8zTqsTxq2UB9m618j76Vm61\/dP+ahkUdQp5Yl9UeQqLA2KtxYDwt9pNN3U\/OLdm\/2LTqwr6o8hW9QBmxOgGUeF\/Abh+dKYYcF8W3\/6n89lOY0+iOtrHt76xjNENtNKkAaCxtRkVBYajo6gD61vWq1mgM0qxSoD\/9k=\" width=\"332\" \/><\/p>\n<p class=\"rtejustify\">La investigaci\u00f3n se centra en el <strong>dise\u00f1o de un indicador a trav\u00e9s de una encuesta<\/strong> que muestre el nivel de competencia financiera, as\u00ed como la percepci\u00f3n de la necesidad de planificaci\u00f3n financiera con el que se ha ingresado en la universidad.<\/p>\n<p class=\"rtecenter\">&nbsp;<\/p>\n<p class=\"rtecenter\"><span style=\"color:#0000FF\"><strong>Hip\u00f3tesis&nbsp;<\/strong><\/span><\/p>\n<p class=\"rtejustify\">Nuestra hip\u00f3tesis es que <strong>aquellos estudiantes con un mayor grado de planificaci\u00f3n financiera coincidir\u00e1n con quienes muestran un mayor nivel de educaci\u00f3n financiera.<\/strong> Pero a la vez aspiramos a que el dise\u00f1o de la encuesta permita poner de manifiesto los factores que limitan la planificaci\u00f3n financiera. Estos factores entendemos que pueden ser culturales, educativos, econ\u00f3micos, sociales o pol\u00edticos y conviene identificarlos.<\/p>\n<p class=\"rtejustify\">La competencia financiera en la educaci\u00f3n secundaria es evaluada oficialmente mediante las pruebas PISA durante 2012, 2015 y 2018, cosa que nos permite hacer una comparativa del nivel de nuestros estudiantes en comparaci\u00f3n con el resto pa\u00edses. En la \u00faltima edici\u00f3n cuyos resultados han sido publicados el pasado mes de mayo, el promedio del rendimiento de los estudiantes espa\u00f1oles est\u00e1 por debajo (492) del promedio del rendimiento medio de los estudiantes de los pa\u00edses de la OCDE (505), si bien es el sistema m\u00e1s equitativo entre chicos y chicas de los resultados. Frente a estos resultados y la corroboraci\u00f3n de los trabajos que nosotros hemos llevado a cabo con distintas muestras de estudiantes nos surge la pregunta de si los estudiantes son conscientes de los mencionados resultados.<\/p>\n<p class=\"rtejustify\">Surge, a partir de ah\u00ed el objetivo de <strong>analizar la percepci\u00f3n que los propios estudiantes<\/strong> de una de las competencias financieras como es la capacidad de planificar sus finanzas. Para dotar a las percepciones individuales de un car\u00e1cter objetivo se propone previamente e<strong>l dise\u00f1o de un indicador que permita la medici\u00f3n de tales percepciones gracias a la recogida de informaci\u00f3n a trav\u00e9s de una encuesta.&nbsp;<\/strong><\/p>\n<p class=\"rtejustify\"><img loading=\"lazy\" decoding=\"async\" alt=\"\" height=\"166\" src=\"https:\/\/i.imgur.com\/rtz35B2.jpg\" style=\"float:left\" width=\"166\" \/>La encuesta recoger\u00e1 dos aspectos:<\/p>\n<p class=\"rtejustify\"><strong>a.<\/strong> Grado de desarrollo de la competencia financiera, para ello se incluir\u00e1n las preguntas cl\u00e1sicas sobre tipos de inter\u00e9s, riesgo e inflaci\u00f3n.<\/p>\n<p class=\"rtejustify\"><strong>b.<\/strong> Percepci\u00f3n de la competencia financiera a trav\u00e9s de la planificaci\u00f3n a lo largo de la vida.<\/p>\n<div class=\"rtejustify\">&nbsp;<\/div>\n","protected":false},"excerpt":{"rendered":"<p>Objetivo de la investigaci\u00f3n&nbsp; El objeto de la investigaci\u00f3n es doble: a) Evaluar el grado de desarrollo de la competencia financiera y b) la percepci\u00f3n de la necesidad de planificaci\u00f3n financiera que tienen los estudiantes universitarios de primer a\u00f1o de carrera, que coincide con una etapa temprana en el ciclo de vida. La investigaci\u00f3n se [&hellip;]<\/p>\n","protected":false},"author":20,"featured_media":0,"parent":0,"menu_order":0,"comment_status":"closed","ping_status":"closed","template":"","meta":{"footnotes":""},"class_list":["post-207","page","type-page","status-publish","hentry"],"_links":{"self":[{"href":"https:\/\/webs.uab.cat\/gredics\/wp-json\/wp\/v2\/pages\/207","targetHints":{"allow":["GET"]}}],"collection":[{"href":"https:\/\/webs.uab.cat\/gredics\/wp-json\/wp\/v2\/pages"}],"about":[{"href":"https:\/\/webs.uab.cat\/gredics\/wp-json\/wp\/v2\/types\/page"}],"author":[{"embeddable":true,"href":"https:\/\/webs.uab.cat\/gredics\/wp-json\/wp\/v2\/users\/20"}],"replies":[{"embeddable":true,"href":"https:\/\/webs.uab.cat\/gredics\/wp-json\/wp\/v2\/comments?post=207"}],"version-history":[{"count":0,"href":"https:\/\/webs.uab.cat\/gredics\/wp-json\/wp\/v2\/pages\/207\/revisions"}],"wp:attachment":[{"href":"https:\/\/webs.uab.cat\/gredics\/wp-json\/wp\/v2\/media?parent=207"}],"curies":[{"name":"wp","href":"https:\/\/api.w.org\/{rel}","templated":true}]}}