{"id":209,"date":"2021-02-04T18:33:43","date_gmt":"2021-02-04T18:33:43","guid":{"rendered":"https:\/\/webs.uab.cat\/gredics\/entre-linies\/"},"modified":"2021-02-04T18:33:43","modified_gmt":"2021-02-04T18:33:43","slug":"entre-linies","status":"publish","type":"page","link":"https:\/\/webs.uab.cat\/gredics\/entre-linies\/","title":{"rendered":"Entre l\u00ednies"},"content":{"rendered":"<p class=\"rtecenter\"><span style=\"color:#A52A2A\"><strong><span style=\"font-size:36px\">PROJECTE &#8220;ENTRE L\u00cdNIES&#8221;<\/span><\/strong><\/span><\/p>\n<table border=\"4\" cellpadding=\"1\" cellspacing=\"1\">\n<tbody>\n<tr>\n<td>\n<p class=\"rtecenter\"><span style=\"font-size:36px\"><strong>Com distingir els llibres de text de ci\u00e8ncies socials que desenvolupen el pensament cr\u00edtic?&nbsp;<\/strong><\/span><\/p>\n<p style=\"text-align:center\"><img loading=\"lazy\" decoding=\"async\" alt=\"\" height=\"455\" src=\"https:\/\/escolapau.uab.cat\/wp-content\/uploads\/2019\/07\/Foto-llibres-de-text-1024x650.jpeg\" width=\"716\" \/><\/p>\n<p><span style=\"font-size:16px\"><strong>El projecte \u201cEntre L\u00ednies\u201d pret\u00e9n incidir en les editorials de llibres de text i en el professorat per a transversalitzar de forma m\u00e9s significativa els valors de la Just\u00edcia Global als materials did\u00e0ctics de ci\u00e8ncies socials<\/strong>.<\/span><\/p>\n<\/td>\n<\/tr>\n<\/tbody>\n<\/table>\n<p>&nbsp;<\/p>\n<p>&nbsp;<\/p>\n<p>&nbsp;<\/p>\n","protected":false},"excerpt":{"rendered":"<p>PROJECTE &#8220;ENTRE L\u00cdNIES&#8221; Com distingir els llibres de text de ci\u00e8ncies socials que desenvolupen el pensament cr\u00edtic?&nbsp; El projecte \u201cEntre L\u00ednies\u201d pret\u00e9n incidir en les editorials de llibres de text i en el professorat per a transversalitzar de forma m\u00e9s significativa els valors de la Just\u00edcia Global als materials did\u00e0ctics de ci\u00e8ncies socials. &nbsp; &nbsp; [&hellip;]<\/p>\n","protected":false},"author":20,"featured_media":0,"parent":0,"menu_order":0,"comment_status":"closed","ping_status":"closed","template":"","meta":{"footnotes":""},"class_list":["post-209","page","type-page","status-publish","hentry"],"_links":{"self":[{"href":"https:\/\/webs.uab.cat\/gredics\/wp-json\/wp\/v2\/pages\/209","targetHints":{"allow":["GET"]}}],"collection":[{"href":"https:\/\/webs.uab.cat\/gredics\/wp-json\/wp\/v2\/pages"}],"about":[{"href":"https:\/\/webs.uab.cat\/gredics\/wp-json\/wp\/v2\/types\/page"}],"author":[{"embeddable":true,"href":"https:\/\/webs.uab.cat\/gredics\/wp-json\/wp\/v2\/users\/20"}],"replies":[{"embeddable":true,"href":"https:\/\/webs.uab.cat\/gredics\/wp-json\/wp\/v2\/comments?post=209"}],"version-history":[{"count":0,"href":"https:\/\/webs.uab.cat\/gredics\/wp-json\/wp\/v2\/pages\/209\/revisions"}],"wp:attachment":[{"href":"https:\/\/webs.uab.cat\/gredics\/wp-json\/wp\/v2\/media?parent=209"}],"curies":[{"name":"wp","href":"https:\/\/api.w.org\/{rel}","templated":true}]}}